{"id":148903,"date":"2025-02-07T14:38:00","date_gmt":"2025-02-07T11:38:00","guid":{"rendered":"https:\/\/medclinics.com\/kalp-hastaligi-icin-kok-hucre-tedavisi-umut-verici-yeni-bir-cozum\/"},"modified":"2025-01-03T00:12:29","modified_gmt":"2025-01-02T21:12:29","slug":"kalp-hastaligi-icin-kok-hucre-tedavisi-umut-verici-yeni-bir-cozum","status":"publish","type":"page","link":"https:\/\/medclinics.com\/tr\/kalp-hastaligi-icin-kok-hucre-tedavisi-umut-verici-yeni-bir-cozum\/","title":{"rendered":"Kalp Hastal\u0131\u011f\u0131 i\u00e7in K\u00f6k H\u00fccre Tedavisi: Umut Verici Yeni Bir \u00c7\u00f6z\u00fcm"},"content":{"rendered":"\n<h2 class=\"wp-block-heading\">Kalp Hastal\u0131\u011f\u0131 i\u00e7in K\u00f6k H\u00fccre Tedavisinin s\u0131n\u0131rs\u0131z potansiyelini ar\u0131yorsan\u0131z, do\u011fru yere geldiniz!<\/h2>\n\n<p><br\/>Kalp hastal\u0131\u011f\u0131, kalbi etkileyen bir grup durumdur. Amerika Birle\u015fik Devletleri&#8217;nde hem erkekler hem de kad\u0131nlar i\u00e7in \u00f6nde gelen \u00f6l\u00fcm nedenidir. Kalp hastal\u0131\u011f\u0131 g\u00f6\u011f\u00fcs a\u011fr\u0131s\u0131, kalp krizi ve di\u011fer ciddi sa\u011fl\u0131k sorunlar\u0131na yol a\u00e7abilir.<\/p>\n\n<p><strong>Kalp sorunlar\u0131n\u0131n belirtileri nelerdir?<\/strong><\/p>\n\n<ul class=\"wp-block-list\">\n<li>G\u00f6\u011f\u00fcs a\u011fr\u0131s\u0131, g\u00f6\u011f\u00fcste s\u0131k\u0131\u015fma hissi, g\u00f6\u011f\u00fcste bask\u0131 ve g\u00f6\u011f\u00fcste rahats\u0131zl\u0131k hissi<\/li>\n\n\n\n<li>Nefes darl\u0131\u011f\u0131<\/li>\n\n\n\n<li>Boyun, \u00e7ene, bo\u011faz, \u00fcst kar\u0131n b\u00f6lgesi veya s\u0131rtta a\u011fr\u0131<\/li>\n\n\n\n<li>Bacaklarda veya kollarda a\u011fr\u0131, uyu\u015fma, g\u00fc\u00e7s\u00fczl\u00fck veya so\u011fukluk  <\/li>\n<\/ul>\n\n<p><strong>Kimlerin kalp hastal\u0131\u011f\u0131na yakalanma olas\u0131l\u0131\u011f\u0131 daha y\u00fcksektir?<\/strong><\/p>\n\n<ul class=\"wp-block-list\">\n<li><strong>Ya\u015f:<\/strong> Ya\u015fland\u0131k\u00e7a riskiniz artar.<\/li>\n\n\n\n<li><strong>Cinsiyet:<\/strong> Erkekler genellikle kad\u0131nlardan daha y\u00fcksek riske sahiptir.<\/li>\n\n\n\n<li><strong>Aile ge\u00e7mi\u015fi:<\/strong> Ailenizde kalp hastal\u0131\u011f\u0131 \u00f6yk\u00fcs\u00fc varsa, riskiniz \u00f6nemli \u00f6l\u00e7\u00fcde daha y\u00fcksektir.<\/li>\n\n\n\n<li><strong>T\u0131bbi durumlar:<\/strong> Y\u00fcksek tansiyon, y\u00fcksek kolesterol, diyabet, obezite ve uyku apnesi gibi baz\u0131 t\u0131bbi durumlar riski \u00f6nemli \u00f6l\u00e7\u00fcde art\u0131r\u0131r.<\/li>\n\n\n\n<li><strong>Ya\u015fam tarz\u0131 fakt\u00f6rleri:<\/strong> Sigara, a\u015f\u0131r\u0131 alkol t\u00fcketimi, sa\u011fl\u0131ks\u0131z beslenme, fiziksel hareketsizlik ve kronik stres kalp hastal\u0131\u011f\u0131 riskinin artmas\u0131na katk\u0131da bulunur.<\/li>\n<\/ul>\n\n<p>Unutmay\u0131n, risk alt\u0131nda olsan\u0131z bile bu kesinlikle kalp hastal\u0131\u011f\u0131na yakalanaca\u011f\u0131n\u0131z anlam\u0131na gelmez.<\/p>\n\n<p><strong>Riskinizi azaltmak i\u00e7in yapabilece\u011finiz \u015feyler:<\/strong><\/p>\n\n<ul class=\"wp-block-list\">\n<li><strong>Sa\u011fl\u0131kl\u0131 beslenin:<\/strong> Bol miktarda meyve, sebze ve tam tah\u0131l.<\/li>\n\n\n\n<li><strong>D\u00fczenli egzersiz yap\u0131n:<\/strong> \u00c7o\u011fu g\u00fcn en az 30 dakika aktivite yapmay\u0131 hedefleyin.<\/li>\n\n\n\n<li><strong>Sa\u011fl\u0131kl\u0131 kilonuzu koruyun:<\/strong> A\u015f\u0131r\u0131 kilolu veya obezseniz k\u00fc\u00e7\u00fck bir miktar kaybetmek bile yard\u0131mc\u0131 olabilir.<\/li>\n\n\n\n<li><strong>Sigara i\u00e7meyin:<\/strong> Sigaray\u0131 b\u0131rakmak kalbiniz i\u00e7in yapabilece\u011finiz en iyi \u015feylerden biridir.<\/li>\n\n\n\n<li><strong>Kan bas\u0131nc\u0131n\u0131z\u0131 ve kolesterol\u00fcn\u00fcz\u00fc kontrol edin:<\/strong> Y\u00fcksek seviyeleriniz varsa, bunlar\u0131 y\u00f6netmek i\u00e7in doktorunuzla birlikte \u00e7al\u0131\u015f\u0131n.<\/li>\n\n\n\n<li><strong>Stresi y\u00f6netin:<\/strong> Kan bas\u0131nc\u0131n\u0131 y\u00fckseltebilir ve riskinizi art\u0131rabilir.<\/li>\n\n\n\n<li><strong>D\u00fczenli kontroller yapt\u0131r\u0131n:<\/strong> Doktorunuz risk fakt\u00f6rlerinizi izleyebilir ve gerekli bak\u0131m\u0131 alman\u0131z\u0131 sa\u011flayabilir.<\/li>\n<\/ul>\n\n<p><strong>En yayg\u0131n kalp hastal\u0131\u011f\u0131 t\u00fcr\u00fc koroner arter hastal\u0131\u011f\u0131d\u0131r (KAH). KAH, kalbe kan sa\u011flayan arterler darald\u0131\u011f\u0131nda veya t\u0131kand\u0131\u011f\u0131nda meydana gelir. Bu durum g\u00f6\u011f\u00fcs a\u011fr\u0131s\u0131, kalp krizi ve di\u011fer ciddi sa\u011fl\u0131k sorunlar\u0131na yol a\u00e7abilir.<\/strong><\/p>\n\n<p><strong>Di\u011fer kalp hastal\u0131\u011f\u0131 t\u00fcrleri \u015funlard\u0131r:<\/strong><\/p>\n\n<ul class=\"wp-block-list\">\n<li><strong>Kalp yetmezli\u011fi:<\/strong> Bu durum, kalp v\u00fccudun ihtiya\u00e7lar\u0131n\u0131 kar\u015f\u0131lamak i\u00e7in yeterince kan pompalayamad\u0131\u011f\u0131nda ortaya \u00e7\u0131kar.<\/li>\n\n\n\n<li><strong>Aritmiler:<\/strong> Bunlar tehlikeli olabilen d\u00fczensiz kalp at\u0131\u015flar\u0131d\u0131r.<\/li>\n\n\n\n<li><strong>Kapak\u00e7\u0131k sorunlar\u0131:<\/strong> Bu, kalpteki kapak\u00e7\u0131klar d\u00fczg\u00fcn \u00e7al\u0131\u015fmad\u0131\u011f\u0131nda meydana gelir.<\/li>\n\n\n\n<li><strong>Do\u011fu\u015ftan kalp kusurlar\u0131:<\/strong> Bunlar insanlar\u0131n do\u011fu\u015ftan sahip olduklar\u0131 kalp sorunlar\u0131d\u0131r.<\/li>\n<\/ul>\n\n<p><strong>Kalp hastal\u0131\u011f\u0131, Amerika Birle\u015fik Devletleri&#8217;nde her y\u0131l yakla\u015f\u0131k 650.000 ki\u015finin \u00f6l\u00fcm\u00fcne yol a\u00e7an ba\u015fl\u0131ca \u00f6l\u00fcm nedenidir.<\/strong>  Bu hastal\u0131\u011f\u0131n tedavisi yoktur, ancak hastal\u0131\u011f\u0131 y\u00f6netmeye ve komplikasyonlar\u0131 \u00f6nlemeye yard\u0131mc\u0131 olabilecek tedaviler vard\u0131r.<\/p>\n\n<p><strong>K\u00f6k h\u00fccreler, v\u00fccuttaki herhangi bir h\u00fccre t\u00fcr\u00fcne d\u00f6n\u00fc\u015fme potansiyeline sahip farkl\u0131la\u015fmam\u0131\u015f h\u00fccrelerdir.<\/strong>  Bilim insanlar\u0131, k\u00f6k h\u00fccrelerin kalp hastal\u0131\u011f\u0131 da dahil olmak \u00fczere \u00e7e\u015fitli hastal\u0131klar\u0131 tedavi etme potansiyelini inceliyor.<\/p>\n\n<p>Kalp hastal\u0131\u011f\u0131 i\u00e7in <a href=\"https:\/\/www.stemcelltherapy.gen.tr\" target=\"_blank\" rel=\"noopener\">k\u00f6k h\u00fccre tedavisi<\/a> farkl\u0131 \u015fekillerde kullan\u0131labilir:<\/p>\n\n<p><strong>K\u00f6k h\u00fccrelerin kalp hastal\u0131klar\u0131n\u0131n tedavisine yard\u0131mc\u0131 olabilmesinin bir yolu da hasarl\u0131 kalp h\u00fccrelerini de\u011fi\u015ftirmektir.<\/strong>  K\u00f6k h\u00fccreler kalbe enjekte edilebilir ve daha sonra yeni kalp h\u00fccrelerine farkl\u0131la\u015fabilir. Bu yeni kalp h\u00fccreleri kalbin pompalama yetene\u011fini geli\u015ftirmeye yard\u0131mc\u0131 olabilir.<\/p>\n\n<p><strong>K\u00f6k h\u00fccrelerin kalp hastal\u0131\u011f\u0131n\u0131n tedavisine yard\u0131mc\u0131 olabilece\u011fi bir ba\u015fka yol da iltihaplanmay\u0131 azaltmakt\u0131r.<\/strong>  Enflamasyon kalp dokusuna zarar verebilir ve kalbin kan pompalamas\u0131n\u0131 zorla\u015ft\u0131rabilir. K\u00f6k h\u00fccreler, ba\u011f\u0131\u015f\u0131kl\u0131k sistemini bask\u0131layan proteinler salg\u0131layarak enflamasyonun azalt\u0131lmas\u0131na yard\u0131mc\u0131 olabilir.<\/p>\n\n<p><strong>\u00c7al\u0131\u015fmalar k\u00f6k h\u00fccrelerin hasarl\u0131 kalp dokusunu onarabildi\u011fini ve kalp fonksiyonlar\u0131n\u0131 iyile\u015ftirebildi\u011fini g\u00f6stermi\u015ftir.<\/strong><\/p>\n\n<p>Kalp hastal\u0131\u011f\u0131 zor bir m\u00fccadele olabilir, ancak bununla tek ba\u015f\u0131n\u0131za y\u00fczle\u015fmek zorunda de\u011filsiniz. M\u00fccadelenizi anl\u0131yoruz ve her ad\u0131mda size yard\u0131mc\u0131 olmak i\u00e7in buraday\u0131z.<\/p>\n\n<p>Unutmay\u0131n, siz sadece bir hasta de\u011filsiniz, kendi iyile\u015fmenizin bir orta\u011f\u0131s\u0131n\u0131z.<\/p>\n\n<h3 class=\"wp-block-heading\"><a href=\"https:\/\/medclinics.com\/tr\/stem-cell-therapy-2\/\" target=\"_blank\" rel=\"noreferrer noopener\">K\u00f6k h\u00fccre tedavisi<\/a> hakk\u0131nda bilmeniz gereken her \u015fey burada, hemen <a href=\"#requestform\">bizimle ileti\u015fime<\/a> ge\u00e7in!<\/h3>\n\n<figure class=\"wp-block-image size-full\"><img fetchpriority=\"high\" decoding=\"async\" width=\"1450\" height=\"967\" src=\"https:\/\/medclinics.com\/wp-content\/uploads\/2023\/12\/stem-cell-therapy-for-heart-issues.jpg\" alt=\"Kalp Sorunlar&#x131; &#x130;&#xE7;in K&#xF6;k H&#xFC;cre Tedavisi\" class=\"wp-image-122616\" srcset=\"https:\/\/medclinics.com\/wp-content\/uploads\/2023\/12\/stem-cell-therapy-for-heart-issues.jpg 1450w, https:\/\/medclinics.com\/wp-content\/uploads\/2023\/12\/stem-cell-therapy-for-heart-issues-500x333.jpg 500w, https:\/\/medclinics.com\/wp-content\/uploads\/2023\/12\/stem-cell-therapy-for-heart-issues-1024x683.jpg 1024w, https:\/\/medclinics.com\/wp-content\/uploads\/2023\/12\/stem-cell-therapy-for-heart-issues-768x512.jpg 768w, https:\/\/medclinics.com\/wp-content\/uploads\/2023\/12\/stem-cell-therapy-for-heart-issues-24x16.jpg 24w, https:\/\/medclinics.com\/wp-content\/uploads\/2023\/12\/stem-cell-therapy-for-heart-issues-36x24.jpg 36w, https:\/\/medclinics.com\/wp-content\/uploads\/2023\/12\/stem-cell-therapy-for-heart-issues-48x32.jpg 48w\" sizes=\"(max-width: 1450px) 100vw, 1450px\" \/><\/figure>\n\n<h2 class=\"wp-block-heading\">SSS<\/h2>\n<div id=\"rank-math-faq\" class=\"rank-math-block\">\n<div class=\"rank-math-list \">\n<div id=\"faq-question-1703860656383\" class=\"rank-math-list-item\">\n<h3 class=\"rank-math-question \">Kalp sorunlar\u0131n\u0131n ilk belirtileri nelerdir?<\/h3>\n<div class=\"rank-math-answer \">\n\n<p>Kalp sorunlar\u0131n\u0131n erken uyar\u0131 i\u015faretleri aras\u0131nda g\u00f6\u011f\u00fcs a\u011fr\u0131s\u0131, gerginlik veya rahats\u0131zl\u0131k hissi, nefes darl\u0131\u011f\u0131, boyuna, \u00e7eneye veya s\u0131rta yay\u0131lan a\u011fr\u0131 ve uzuvlarda uyu\u015fma veya g\u00fc\u00e7s\u00fczl\u00fck say\u0131labilir. Ancak bazen kalp hastal\u0131\u011f\u0131n\u0131n belirgin belirtiler olmadan da ilerleyebilece\u011fini unutmay\u0131n.<\/p>\n\n<\/div>\n<\/div>\n<div id=\"faq-question-1703860668943\" class=\"rank-math-list-item\">\n<h3 class=\"rank-math-question \">Kalp hastal\u0131\u011f\u0131 i\u00e7in en \u00e7ok kimler risk alt\u0131ndad\u0131r?<\/h3>\n<div class=\"rank-math-answer \">\n\n<p>Herkes kalp hastal\u0131\u011f\u0131na yakalanabilirken, baz\u0131 fakt\u00f6rler riski art\u0131r\u0131r. Bunlar aras\u0131nda ya\u015f (ya\u015fland\u0131k\u00e7a risk artar), cinsiyet (erkekler genellikle kad\u0131nlardan daha y\u00fcksek riske sahiptir), aile \u00f6yk\u00fcs\u00fc, y\u00fcksek tansiyon ve kolesterol, diyabet, obezite, uyku apnesi gibi mevcut t\u0131bbi durumlar ve sigara, a\u015f\u0131r\u0131 alkol t\u00fcketimi, k\u00f6t\u00fc beslenme, fiziksel hareketsizlik ve kronik stres gibi sa\u011fl\u0131ks\u0131z ya\u015fam tarz\u0131 se\u00e7imleri yer al\u0131r.<\/p>\n\n<\/div>\n<\/div>\n<div id=\"faq-question-1703860689627\" class=\"rank-math-list-item\">\n<h3 class=\"rank-math-question \">K\u00f6k h\u00fccre tedavisi kalp hastal\u0131klar\u0131nda nas\u0131l kullan\u0131l\u0131r?<\/h3>\n<div class=\"rank-math-answer \">\n\n<p>K\u00f6k h\u00fccreler, potansiyel olarak hasarl\u0131 h\u00fccrelerin yerini almak, yeni h\u00fccre b\u00fcy\u00fcmesini te\u015fvik etmek ve iltihaplanmay\u0131 azaltmak i\u00e7in kalbe enjekte edilebilir<\/p>\n\n<\/div>\n<\/div>\n<\/div>\n<\/div>\n<h3 class=\"wp-block-heading\">Herhangi bir sorunuz olmas\u0131 durumunda hemen bizimle ileti\u015fime ge\u00e7in!<\/h3>\n","protected":false},"excerpt":{"rendered":"<p>Kalp Hastal\u0131\u011f\u0131 i\u00e7in K\u00f6k H\u00fccre Tedavisinin s\u0131n\u0131rs\u0131z potansiyelini ar\u0131yorsan\u0131z, do\u011fru yere geldiniz! Kalp hastal\u0131\u011f\u0131, kalbi etkileyen bir grup durumdur. Amerika [&hellip;]<\/p>\n","protected":false},"author":4,"featured_media":122606,"parent":0,"menu_order":0,"comment_status":"closed","ping_status":"closed","template":"","meta":{"site-sidebar-layout":"default","site-content-layout":"","ast-site-content-layout":"default","site-content-style":"default","site-sidebar-style":"default","ast-global-header-display":"","ast-banner-title-visibility":"","ast-main-header-display":"","ast-hfb-above-header-display":"","ast-hfb-below-header-display":"","ast-hfb-mobile-header-display":"","site-post-title":"","ast-breadcrumbs-content":"","ast-featured-img":"","footer-sml-layout":"","ast-disable-related-posts":"","theme-transparent-header-meta":"","adv-header-id-meta":"","stick-header-meta":"","header-above-stick-meta":"","header-main-stick-meta":"","header-below-stick-meta":"","astra-migrate-meta-layouts":"default","ast-page-background-enabled":"default","ast-page-background-meta":{"desktop":{"background-color":"var(--ast-global-color-4)","background-image":"","background-repeat":"repeat","background-position":"center center","background-size":"auto","background-attachment":"scroll","background-type":"","background-media":"","overlay-type":"","overlay-color":"","overlay-opacity":"","overlay-gradient":""},"tablet":{"background-color":"","background-image":"","background-repeat":"repeat","background-position":"center center","background-size":"auto","background-attachment":"scroll","background-type":"","background-media":"","overlay-type":"","overlay-color":"","overlay-opacity":"","overlay-gradient":""},"mobile":{"background-color":"","background-image":"","background-repeat":"repeat","background-position":"center center","background-size":"auto","background-attachment":"scroll","background-type":"","background-media":"","overlay-type":"","overlay-color":"","overlay-opacity":"","overlay-gradient":""}},"ast-content-background-meta":{"desktop":{"background-color":"var(--ast-global-color-5)","background-image":"","background-repeat":"repeat","background-position":"center center","background-size":"auto","background-attachment":"scroll","background-type":"","background-media":"","overlay-type":"","overlay-color":"","overlay-opacity":"","overlay-gradient":""},"tablet":{"background-color":"var(--ast-global-color-5)","background-image":"","background-repeat":"repeat","background-position":"center center","background-size":"auto","background-attachment":"scroll","background-type":"","background-media":"","overlay-type":"","overlay-color":"","overlay-opacity":"","overlay-gradient":""},"mobile":{"background-color":"var(--ast-global-color-5)","background-image":"","background-repeat":"repeat","background-position":"center center","background-size":"auto","background-attachment":"scroll","background-type":"","background-media":"","overlay-type":"","overlay-color":"","overlay-opacity":"","overlay-gradient":""}},"footnotes":""},"class_list":["post-148903","page","type-page","status-publish","has-post-thumbnail","hentry"],"_links":{"self":[{"href":"https:\/\/medclinics.com\/tr\/wp-json\/wp\/v2\/pages\/148903","targetHints":{"allow":["GET"]}}],"collection":[{"href":"https:\/\/medclinics.com\/tr\/wp-json\/wp\/v2\/pages"}],"about":[{"href":"https:\/\/medclinics.com\/tr\/wp-json\/wp\/v2\/types\/page"}],"author":[{"embeddable":true,"href":"https:\/\/medclinics.com\/tr\/wp-json\/wp\/v2\/users\/4"}],"replies":[{"embeddable":true,"href":"https:\/\/medclinics.com\/tr\/wp-json\/wp\/v2\/comments?post=148903"}],"version-history":[{"count":0,"href":"https:\/\/medclinics.com\/tr\/wp-json\/wp\/v2\/pages\/148903\/revisions"}],"wp:featuredmedia":[{"embeddable":true,"href":"https:\/\/medclinics.com\/tr\/wp-json\/wp\/v2\/media\/122606"}],"wp:attachment":[{"href":"https:\/\/medclinics.com\/tr\/wp-json\/wp\/v2\/media?parent=148903"}],"curies":[{"name":"wp","href":"https:\/\/api.w.org\/{rel}","templated":true}]}}