{"id":148883,"date":"2023-05-16T09:01:00","date_gmt":"2023-05-16T06:01:00","guid":{"rendered":"https:\/\/medclinics.com\/omurilik-yaralanmasi-icin-kok-hucre-tedavisi-devrim-niteliginde-bir-tedavi\/"},"modified":"2025-01-03T01:51:49","modified_gmt":"2025-01-02T22:51:49","slug":"omurilik-yaralanmasi-icin-kok-hucre-tedavisi-devrim-niteliginde-bir-tedavi","status":"publish","type":"page","link":"https:\/\/medclinics.com\/tr\/omurilik-yaralanmasi-icin-kok-hucre-tedavisi-devrim-niteliginde-bir-tedavi\/","title":{"rendered":"Omurilik Yaralanmas\u0131 i\u00e7in K\u00f6k H\u00fccre Tedavisi &#8211; Devrim Niteli\u011finde Bir Tedavi"},"content":{"rendered":"\n<h2 class=\"wp-block-heading\">Omurilik Yaralanmas\u0131 i\u00e7in K\u00f6k H\u00fccre Tedavisinin sonsuz potansiyelini ar\u0131yorsan\u0131z, do\u011fru yere geldiniz!<\/h2>\n\n<p><br\/>Omurilik <strong>Yaralanmas\u0131 (SCI)<\/strong> omurili\u011fe zarar veren bir yaralanmad\u0131r. Omurilik, beyni v\u00fccudun geri kalan\u0131na ba\u011flayan bir sinir demetidir. Omurilik yaraland\u0131\u011f\u0131nda fel\u00e7, his kayb\u0131, mesane ve ba\u011f\u0131rsak kontrol\u00fcnde zorluk gibi \u00e7e\u015fitli sorunlara neden olabilir.<\/p>\n\n<p><strong>Omurilik Yaralanmas\u0131n\u0131n Nedenleri<\/strong><\/p>\n\n<p>En yayg\u0131n nedenler \u015funlard\u0131r:<\/p>\n\n<ul class=\"wp-block-list\">\n<li>Motorlu ara\u00e7 kazalar\u0131 (T\u00fcm SKY&#8217;lerin %37&#8217;sinden fazlas\u0131n\u0131 olu\u015ftururlar)<\/li>\n\n\n\n<li>D\u00fc\u015fmeler (T\u00fcm SKY&#8217;lerin yakla\u015f\u0131k %31&#8217;ini olu\u015ftururlar.)<\/li>\n\n\n\n<li>\u015eiddete ba\u011fl\u0131 yaralanmalar (T\u00fcm SCI&#8217;lar\u0131n yakla\u015f\u0131k %15&#8217;ini olu\u015ftururlar.)<\/li>\n\n\n\n<li>Sporla ili\u015fkili yaralanmalar (Omurilik yaralanmalar\u0131n\u0131n yakla\u015f\u0131k %8&#8217;idir. Dal\u0131\u015f, sporla ili\u015fkili en yayg\u0131n omurilik yaralanmas\u0131d\u0131r).<\/li>\n<\/ul>\n\n<p>Omurilik yaralanmalar\u0131n\u0131n di\u011fer yayg\u0131n nedenleri \u015funlard\u0131r:<\/p>\n\n<ul class=\"wp-block-list\">\n<li>T\u00fcm\u00f6rler<\/li>\n\n\n\n<li>Enfeksiyonlar<\/li>\n\n\n\n<li>Do\u011fu\u015ftan gelen kusurlar<\/li>\n\n\n\n<li>T\u0131bbi prosed\u00fcrler<\/li>\n<\/ul>\n\n<p><strong>Omurilik Yaralanmas\u0131n\u0131n Belirtileri<\/strong><\/p>\n\n<p>SCI semptomlar\u0131 yaralanman\u0131n yeri ve ciddiyetine ba\u011fl\u0131 olarak de\u011fi\u015fir. Genel olarak, SCI a\u015fa\u011f\u0131daki sorunlara neden olabilir:<\/p>\n\n<ul class=\"wp-block-list\">\n<li><strong>Fel\u00e7:<\/strong> Fel\u00e7, v\u00fccudun bir veya daha fazla b\u00f6l\u00fcm\u00fcnde hareket kayb\u0131d\u0131r.<\/li>\n\n\n\n<li><strong>His kayb\u0131:<\/strong> His kayb\u0131, dokunma, a\u011fr\u0131 veya s\u0131cakl\u0131k gibi \u015feyleri hissedememektir.<\/li>\n\n\n\n<li><strong>Mesane ve ba\u011f\u0131rsak kontrol\u00fc ile ilgili sorunlar:<\/strong> Mesane ve ba\u011f\u0131rsak kontrol\u00fc ile ilgili sorunlar idrara \u00e7\u0131kmay\u0131 veya ba\u011f\u0131rsak hareketi yapmay\u0131 zorla\u015ft\u0131rabilir.<\/li>\n<\/ul>\n\n<p><strong>Kimlerin <strong>Omurilik Yaralanmas\u0131<\/strong> ge\u00e7irme olas\u0131l\u0131\u011f\u0131 daha y\u00fcksektir?<\/strong><\/p>\n\n<ul class=\"wp-block-list\">\n<li>Ya\u015f<strong>:<\/strong> OY riski ya\u015fla birlikte, \u00f6zellikle de 50 ya\u015f\u0131ndan sonra artar.<\/li>\n\n\n\n<li><strong>Cinsiyet:<\/strong> Erkeklerin SCI ya\u015fama olas\u0131l\u0131\u011f\u0131 kad\u0131nlara g\u00f6re daha y\u00fcksektir.<\/li>\n\n\n\n<li><strong>Kilo:<\/strong> A\u015f\u0131r\u0131 kilolu veya obez olmak, \u00f6zellikle d\u00fc\u015fmelerden kaynaklanan SCI riskini art\u0131r\u0131r.<\/li>\n<\/ul>\n\n<p><strong>\n  <a href=\"https:\/\/www.stemcelltherapy.gen.tr\" target=\"_blank\" rel=\"noreferrer noopener\">K\u00f6k h\u00fccre tedavisi<\/a>\n<\/strong> SCI i\u00e7in umut verici yeni bir tedavidir. K\u00f6k h\u00fccreler, n\u00f6ronlar da dahil olmak \u00fczere farkl\u0131 h\u00fccre t\u00fcrlerine d\u00f6n\u00fc\u015febilen olgunla\u015fmam\u0131\u015f h\u00fccrelerdir. K\u00f6k h\u00fccreler hasarl\u0131 sinirlerin onar\u0131lmas\u0131na yard\u0131mc\u0131 olabilir<strong>\n  <strong>.<\/strong>\n<\/strong> <strong>Ara\u015ft\u0131rmac\u0131lar halen <strong>Omurilik Yaralanmas\u0131<\/strong> i\u00e7in k\u00f6k h\u00fccre tedavisinin nas\u0131l kullan\u0131laca\u011f\u0131n\u0131 incelemektedir<\/strong>.<\/p>\n\n<p>Omurilik yaralanmalar\u0131n\u0131n y\u0131k\u0131c\u0131 etkisini biliyoruz ve her ad\u0131mda yan\u0131n\u0131zday\u0131z. Te\u015fhisten iyile\u015fmeye kadar, bu yolda yaln\u0131z y\u00fcr\u00fcmeyeceksiniz. SCI i\u00e7in potansiyel bir tedavi se\u00e7ene\u011fi olarak k\u00f6k h\u00fccre tedavisini ara\u015ft\u0131r\u0131yorsan\u0131z, sizi desteklemek i\u00e7in buraday\u0131z.<\/p>\n\n<p>Hemen bizimle ileti\u015fime ge\u00e7in, sa\u011fl\u0131\u011f\u0131n\u0131z\u0131 iyile\u015ftirmek i\u00e7in size rehberlik edelim.<\/p>\n\n<h3 class=\"wp-block-heading\"><a href=\"https:\/\/medclinics.com\/tr\/stem-cell-therapy-2\/\" target=\"_blank\" rel=\"noreferrer noopener\">K\u00f6k h\u00fccre tedavisi<\/a> hakk\u0131nda bilmeniz gereken her \u015fey burada, hemen <a href=\"#requestform\">bizimle ileti\u015fime<\/a> ge\u00e7in!<\/h3>\n\n<figure class=\"wp-block-image size-full\"><img fetchpriority=\"high\" decoding=\"async\" width=\"1450\" height=\"967\" class=\"wp-image-122175\" src=\"https:\/\/medclinics.com\/wp-content\/uploads\/2023\/12\/stem-cell-therapy-for-sci.jpg\" alt=\"Sci &#x130;&#xE7;in K&#xF6;k H&#xFC;cre Tedavisi\" srcset=\"https:\/\/medclinics.com\/wp-content\/uploads\/2023\/12\/stem-cell-therapy-for-sci.jpg 1450w, https:\/\/medclinics.com\/wp-content\/uploads\/2023\/12\/stem-cell-therapy-for-sci-500x333.jpg 500w, https:\/\/medclinics.com\/wp-content\/uploads\/2023\/12\/stem-cell-therapy-for-sci-1024x683.jpg 1024w, https:\/\/medclinics.com\/wp-content\/uploads\/2023\/12\/stem-cell-therapy-for-sci-768x512.jpg 768w, https:\/\/medclinics.com\/wp-content\/uploads\/2023\/12\/stem-cell-therapy-for-sci-24x16.jpg 24w, https:\/\/medclinics.com\/wp-content\/uploads\/2023\/12\/stem-cell-therapy-for-sci-36x24.jpg 36w, https:\/\/medclinics.com\/wp-content\/uploads\/2023\/12\/stem-cell-therapy-for-sci-48x32.jpg 48w\" sizes=\"(max-width: 1450px) 100vw, 1450px\" \/><\/figure>\n\n<h2 class=\"wp-block-heading\">SSS<\/h2>\n<div id=\"rank-math-faq\" class=\"rank-math-block\">\n<div class=\"rank-math-list \">\n<div id=\"faq-question-1703846708178\" class=\"rank-math-list-item\">\n<h3 class=\"rank-math-question \"><strong>Ne belirtileri vard\u0131r <strong>\n  <strong>Omurilik Yaralanmas\u0131<\/strong>\n<\/strong>?<\/strong><\/h3>\n<div class=\"rank-math-answer \">\n\n<p>Omurilik Yaralanmas\u0131n\u0131n (OY) belirtileri, yaralanman\u0131n yeri ve ciddiyetine ba\u011fl\u0131 olarak b\u00fcy\u00fck \u00f6l\u00e7\u00fcde de\u011fi\u015febilir. Bununla birlikte, baz\u0131 yayg\u0131n semptomlar \u015funlard\u0131r: fel\u00e7, his kayb\u0131, mesane ve ba\u011f\u0131rsak kontrol\u00fc ile ilgili sorunlar.<\/p>\n\n<\/div>\n<\/div>\n<div id=\"faq-question-1703846839041\" class=\"rank-math-list-item\">\n<h3 class=\"rank-math-question \"><strong>Ne sebep olur <strong>\n  <strong>Omurilik Yaralanmas\u0131<\/strong>\n<\/strong>?<\/strong><\/h3>\n<div class=\"rank-math-answer \">\n\n<p>SCI&#8217;nin en yayg\u0131n nedeni araba kazas\u0131, d\u00fc\u015fme veya spor yaralanmas\u0131 gibi travmalar, t\u00fcm\u00f6rler, enfeksiyonlar, do\u011fu\u015ftan gelen kusurlar, t\u0131bbi prosed\u00fcrler<\/p>\n\n<\/div>\n<\/div>\n<\/div>\n<\/div>\n<h3 class=\"wp-block-heading\">Herhangi bir sorunuz olmas\u0131 durumunda hemen bizimle ileti\u015fime ge\u00e7in!<\/h3>\n","protected":false},"excerpt":{"rendered":"<p>Omurilik Yaralanmas\u0131 i\u00e7in K\u00f6k H\u00fccre Tedavisinin sonsuz potansiyelini ar\u0131yorsan\u0131z, do\u011fru yere geldiniz! Omurilik Yaralanmas\u0131 (SCI) omurili\u011fe zarar veren bir yaralanmad\u0131r. [&hellip;]<\/p>\n","protected":false},"author":4,"featured_media":122182,"parent":0,"menu_order":0,"comment_status":"closed","ping_status":"closed","template":"","meta":{"site-sidebar-layout":"default","site-content-layout":"","ast-site-content-layout":"default","site-content-style":"default","site-sidebar-style":"default","ast-global-header-display":"","ast-banner-title-visibility":"","ast-main-header-display":"","ast-hfb-above-header-display":"","ast-hfb-below-header-display":"","ast-hfb-mobile-header-display":"","site-post-title":"","ast-breadcrumbs-content":"","ast-featured-img":"","footer-sml-layout":"","ast-disable-related-posts":"","theme-transparent-header-meta":"","adv-header-id-meta":"","stick-header-meta":"","header-above-stick-meta":"","header-main-stick-meta":"","header-below-stick-meta":"","astra-migrate-meta-layouts":"default","ast-page-background-enabled":"default","ast-page-background-meta":{"desktop":{"background-color":"var(--ast-global-color-4)","background-image":"","background-repeat":"repeat","background-position":"center center","background-size":"auto","background-attachment":"scroll","background-type":"","background-media":"","overlay-type":"","overlay-color":"","overlay-opacity":"","overlay-gradient":""},"tablet":{"background-color":"","background-image":"","background-repeat":"repeat","background-position":"center center","background-size":"auto","background-attachment":"scroll","background-type":"","background-media":"","overlay-type":"","overlay-color":"","overlay-opacity":"","overlay-gradient":""},"mobile":{"background-color":"","background-image":"","background-repeat":"repeat","background-position":"center center","background-size":"auto","background-attachment":"scroll","background-type":"","background-media":"","overlay-type":"","overlay-color":"","overlay-opacity":"","overlay-gradient":""}},"ast-content-background-meta":{"desktop":{"background-color":"var(--ast-global-color-5)","background-image":"","background-repeat":"repeat","background-position":"center center","background-size":"auto","background-attachment":"scroll","background-type":"","background-media":"","overlay-type":"","overlay-color":"","overlay-opacity":"","overlay-gradient":""},"tablet":{"background-color":"var(--ast-global-color-5)","background-image":"","background-repeat":"repeat","background-position":"center center","background-size":"auto","background-attachment":"scroll","background-type":"","background-media":"","overlay-type":"","overlay-color":"","overlay-opacity":"","overlay-gradient":""},"mobile":{"background-color":"var(--ast-global-color-5)","background-image":"","background-repeat":"repeat","background-position":"center center","background-size":"auto","background-attachment":"scroll","background-type":"","background-media":"","overlay-type":"","overlay-color":"","overlay-opacity":"","overlay-gradient":""}},"footnotes":""},"class_list":["post-148883","page","type-page","status-publish","has-post-thumbnail","hentry"],"_links":{"self":[{"href":"https:\/\/medclinics.com\/tr\/wp-json\/wp\/v2\/pages\/148883","targetHints":{"allow":["GET"]}}],"collection":[{"href":"https:\/\/medclinics.com\/tr\/wp-json\/wp\/v2\/pages"}],"about":[{"href":"https:\/\/medclinics.com\/tr\/wp-json\/wp\/v2\/types\/page"}],"author":[{"embeddable":true,"href":"https:\/\/medclinics.com\/tr\/wp-json\/wp\/v2\/users\/4"}],"replies":[{"embeddable":true,"href":"https:\/\/medclinics.com\/tr\/wp-json\/wp\/v2\/comments?post=148883"}],"version-history":[{"count":0,"href":"https:\/\/medclinics.com\/tr\/wp-json\/wp\/v2\/pages\/148883\/revisions"}],"wp:featuredmedia":[{"embeddable":true,"href":"https:\/\/medclinics.com\/tr\/wp-json\/wp\/v2\/media\/122182"}],"wp:attachment":[{"href":"https:\/\/medclinics.com\/tr\/wp-json\/wp\/v2\/media?parent=148883"}],"curies":[{"name":"wp","href":"https:\/\/api.w.org\/{rel}","templated":true}]}}