{"id":148877,"date":"2025-02-07T09:01:00","date_gmt":"2025-02-07T06:01:00","guid":{"rendered":"https:\/\/medclinics.com\/alzheimer-hastaligi-icin-kok-hucre-tedavisi-umut-veren-yeni-bir-yon\/"},"modified":"2025-01-03T00:12:30","modified_gmt":"2025-01-02T21:12:30","slug":"alzheimer-hastaligi-icin-kok-hucre-tedavisi-umut-veren-yeni-bir-yon","status":"publish","type":"page","link":"https:\/\/medclinics.com\/tr\/alzheimer-hastaligi-icin-kok-hucre-tedavisi-umut-veren-yeni-bir-yon\/","title":{"rendered":"Alzheimer Hastal\u0131\u011f\u0131 i\u00e7in K\u00f6k H\u00fccre Tedavisi: Umut Veren Yeni Bir Y\u00f6n"},"content":{"rendered":"\n<h2 class=\"wp-block-heading\">Alzheimer Hastal\u0131\u011f\u0131 i\u00e7in K\u00f6k H\u00fccre Tedavisinin sonsuz potansiyelini ar\u0131yorsan\u0131z, do\u011fru yere geldiniz!<\/h2>\n\n<p><strong>Alzheimer hastal\u0131\u011f\u0131 haf\u0131zay\u0131, d\u00fc\u015f\u00fcnmeyi ve davran\u0131\u015f\u0131 etkileyen bir demans t\u00fcr\u00fcd\u00fcr.<\/strong>  Demans\u0131n en yayg\u0131n nedenidir ve vakalar\u0131n %60-80&#8217;ini olu\u015fturur. Hafif haf\u0131za kayb\u0131yla ba\u015flayan ve muhtemelen konu\u015fmay\u0131 s\u00fcrd\u00fcrme ve \u00e7evreye tepki verme yetene\u011finin kayb\u0131na yol a\u00e7an ilerleyici bir hastal\u0131kt\u0131r.<\/p>\n\n<p><strong>Alzheimer hastal\u0131\u011f\u0131 i\u00e7in risk fakt\u00f6rleri:<\/strong><\/p>\n\n<ul class=\"wp-block-list\">\n<li>Ya\u015f<strong>: <\/strong>Ya\u015f, Alzheimer hastal\u0131\u011f\u0131 i\u00e7in bilinen en iyi risk fakt\u00f6r\u00fcd\u00fcr. Alzheimer hastal\u0131\u011f\u0131na yakalanma riski ya\u015f ilerledik\u00e7e artar.<\/li>\n\n\n\n<li><strong>Aile ge\u00e7mi\u015fi:<\/strong> Ailesinde Alzheimer hastal\u0131\u011f\u0131 \u00f6yk\u00fcs\u00fc olan ki\u015filerin kendilerinin de hastal\u0131\u011fa yakalanma olas\u0131l\u0131\u011f\u0131 daha y\u00fcksektir.<\/li>\n\n\n\n<li><strong>Genetik: <\/strong>Ara\u015ft\u0131rmac\u0131lar geneti\u011fin Alzheimer hastal\u0131\u011f\u0131n\u0131n geli\u015fiminde rol oynayabilece\u011fine inanmaktad\u0131r. Ancak genler kader demek de\u011fildir. Sa\u011fl\u0131kl\u0131 bir ya\u015fam tarz\u0131 Alzheimer hastal\u0131\u011f\u0131na yakalanma riskinizi azaltmaya yard\u0131mc\u0131 olabilir.<\/li>\n<\/ul>\n\n<p>Kendinizi Alzheimer Hastal\u0131\u011f\u0131ndan koruyabilirsiniz:<\/p>\n\n<ul class=\"wp-block-list\">\n<li><strong>Sa\u011fl\u0131kl\u0131 ya\u015fam tarz\u0131:<\/strong> Sigara i\u00e7meyin, alkol\u00fc s\u0131n\u0131rland\u0131r\u0131n, dengeli beslenin, aktif kal\u0131n (fiziksel, zihinsel, sosyal olarak).<\/li>\n\n\n\n<li><strong>Ba\u015f korumas\u0131:<\/strong> Ya\u015fam boyunca kafa yaralanmalar\u0131n\u0131, \u00f6zellikle de ciddi olanlar\u0131 en aza indirin.<\/li>\n\n\n\n<li><strong>Sa\u011fl\u0131k ko\u015fullar\u0131n\u0131 y\u00f6netin:<\/strong> Diyabet, fel\u00e7, kalp sorunlar\u0131, tansiyon, kolesterol, obezite, i\u015fitme kayb\u0131 ve depresyonu kontrol alt\u0131na al\u0131n.<\/li>\n<\/ul>\n\n<p>Unutmay\u0131n, bu fakt\u00f6rlerin Alzheimer&#8217;\u0131 \u00f6nleyece\u011fi garanti edilemese de, bunlar\u0131 y\u00f6netmek potansiyel olarak riskinizi azaltabilir.<\/p>\n\n<p><strong>Alzheimer Hastal\u0131\u011f\u0131n\u0131n Belirtileri:<\/strong><\/p>\n\n<p><strong>Erken Belirtiler:<\/strong><\/p>\n\n<ul class=\"wp-block-list\">\n<li><strong>Yak\u0131n zamanda \u00f6\u011frenilen bilgileri hat\u0131rlamada g\u00fc\u00e7l\u00fck:<\/strong> Anahtarlar\u0131, randevular\u0131 veya tan\u0131d\u0131klar\u0131n isimlerini nereye koydu\u011funuzu unutmak erken bir g\u00f6sterge olabilir.<\/li>\n\n\n\n<li><strong>Hafif kafa kar\u0131\u015f\u0131kl\u0131\u011f\u0131 ve unutkanl\u0131k:<\/strong> Konu\u015fmalar\u0131 takip etmekte, bilinen g\u00f6revleri tamamlamakta veya do\u011fru kelimeleri bulmakta zorlanma.<\/li>\n\n\n\n<li><strong>Ruh hali ve davran\u0131\u015f de\u011fi\u015fiklikleri:<\/strong> Kolayca sinirlenebilir, endi\u015feli veya i\u00e7ine kapan\u0131k hale gelmek ve ki\u015filik de\u011fi\u015fimleri sergilemek.<\/li>\n\n\n\n<li><strong>Planlama ve problem \u00e7\u00f6zmede zorluk:<\/strong> Mali durumu y\u00f6netmek, kararlar almak veya planlar d\u00fczenlemekle m\u00fccadele etmek.<\/li>\n<\/ul>\n\n<p><strong>Daha sonraki belirtiler:<\/strong><\/p>\n\n<ul class=\"wp-block-list\">\n<li><strong>Daha ciddi haf\u0131za kayb\u0131:<\/strong> \u00d6nemli olaylar\u0131, ki\u015fileri ve ge\u00e7mi\u015f deneyimleri unutmak.<\/li>\n\n\n\n<li><strong>Y\u00f6nelim bozuklu\u011fu ve kafa kar\u0131\u015f\u0131kl\u0131\u011f\u0131:<\/strong> Zaman, yer ve hatta kendi kimliklerinin izini kaybetmek.<\/li>\n\n\n\n<li><strong>Dil zorluklar\u0131:<\/strong> Kelime bulmakta, tutarl\u0131 konu\u015fmakta veya konu\u015fulan dili anlamakta zorlanma.<\/li>\n\n\n\n<li><strong>Fiziksel yeteneklerde de\u011fi\u015fiklikler:<\/strong> Denge, koordinasyon ve nihayetinde y\u00fcr\u00fcme ile ilgili sorunlar ya\u015famak.<\/li>\n\n\n\n<li><strong>Davran\u0131\u015fsal de\u011fi\u015fiklikler:<\/strong> Sanr\u0131lar, hal\u00fcsinasyonlar ve duygular\u0131 kontrol etmede g\u00fc\u00e7l\u00fck daha yayg\u0131n hale gelir.<\/li>\n<\/ul>\n\n<p>Alzheimer hastal\u0131\u011f\u0131 i\u00e7in <a href=\"https:\/\/www.stemcelltherapy.gen.tr\" target=\"_blank\" rel=\"noopener\">k\u00f6k h\u00fccre tedavisi<\/a>, bilim insanlar\u0131 taraf\u0131ndan \u00fczerinde \u00e7al\u0131\u015f\u0131lan umut verici yeni bir tedavidir. K\u00f6k h\u00fccreler, beyin h\u00fccreleri de dahil olmak \u00fczere farkl\u0131 h\u00fccre t\u00fcrlerine d\u00f6n\u00fc\u015febilen \u00f6zel h\u00fccrelerdir. Bilim insanlar\u0131 k\u00f6k h\u00fccrelerin hasarl\u0131 beyin h\u00fccrelerini onarmak ve Alzheimer hastal\u0131\u011f\u0131n\u0131n ilerlemesini yava\u015flatmak ya da durdurmak i\u00e7in kullan\u0131labilece\u011fine inan\u0131yor.<\/p>\n\n<p>Alzheimer hastal\u0131\u011f\u0131 i\u00e7in k\u00f6k h\u00fccre tedavisine y\u00f6nelik ilk \u00e7al\u0131\u015fmalar umut vericidir. Baz\u0131 \u00e7al\u0131\u015fmalarda, hastalar\u0131n %75&#8217;ine kadar\u0131nda ilerlemede yava\u015flama veya semptomlarda iyile\u015fme g\u00f6r\u00fclm\u00fc\u015ft\u00fcr. Ancak, bu sonu\u00e7lar\u0131 do\u011frulamak ve Alzheimer hastal\u0131\u011f\u0131n\u0131 tedavi etmek i\u00e7in k\u00f6k h\u00fccreleri kullanman\u0131n en iyi yolunu belirlemek i\u00e7in daha fazla ara\u015ft\u0131rmaya ihtiya\u00e7 vard\u0131r.<\/p>\n\n<p>K\u00f6k h\u00fccreler hastan\u0131n kendi ya\u011f dokusundan veya kemik ili\u011finden elde edilebilir. Kullan\u0131lan h\u00fccre say\u0131s\u0131 hastan\u0131n ya\u015f\u0131na ve kilosuna ba\u011fl\u0131d\u0131r. Tedavi protokolleri her hasta i\u00e7in \u00f6zelle\u015ftirilir ve birden fazla seans i\u00e7erebilir.<\/p>\n\n<p><strong>Alzheimer hastal\u0131\u011f\u0131n\u0131n zor ve zorlu bir durum olabilece\u011fini biliyoruz. Sizi desteklemek ve potansiyel bir tedavi se\u00e7ene\u011fi olarak k\u00f6k h\u00fccre tedavisi hakk\u0131nda daha fazla bilgi edinmenize yard\u0131mc\u0131 olmak i\u00e7in buraday\u0131z.<\/strong><\/p>\n\n<p><strong>Bug\u00fcn bize ula\u015f\u0131n ve daha iyi bir sa\u011fl\u0131\u011fa giden yolda size yard\u0131mc\u0131 olal\u0131m.<\/strong><\/p>\n\n<h3 class=\"wp-block-heading\"><a href=\"https:\/\/medclinics.com\/tr\/stem-cell-therapy-2\/\" target=\"_blank\" rel=\"noreferrer noopener\">K\u00f6k h\u00fccre tedavisi<\/a> hakk\u0131nda bilmeniz gereken her \u015fey burada, hemen <a href=\"#requestform\">bizimle ileti\u015fime<\/a> ge\u00e7in!<\/h3>\n\n<figure class=\"wp-block-image size-full\"><img fetchpriority=\"high\" decoding=\"async\" width=\"1450\" height=\"967\" class=\"wp-image-122111\" src=\"https:\/\/medclinics.com\/wp-content\/uploads\/2023\/12\/stem-cell-therapy-for-alzheimer-1.jpg\" alt=\"Alzheimer &#x130;&#xE7;in K&#xF6;k H&#xFC;cre Tedavisi\" srcset=\"https:\/\/medclinics.com\/wp-content\/uploads\/2023\/12\/stem-cell-therapy-for-alzheimer-1.jpg 1450w, https:\/\/medclinics.com\/wp-content\/uploads\/2023\/12\/stem-cell-therapy-for-alzheimer-1-500x333.jpg 500w, https:\/\/medclinics.com\/wp-content\/uploads\/2023\/12\/stem-cell-therapy-for-alzheimer-1-1024x683.jpg 1024w, https:\/\/medclinics.com\/wp-content\/uploads\/2023\/12\/stem-cell-therapy-for-alzheimer-1-768x512.jpg 768w, https:\/\/medclinics.com\/wp-content\/uploads\/2023\/12\/stem-cell-therapy-for-alzheimer-1-24x16.jpg 24w, https:\/\/medclinics.com\/wp-content\/uploads\/2023\/12\/stem-cell-therapy-for-alzheimer-1-36x24.jpg 36w, https:\/\/medclinics.com\/wp-content\/uploads\/2023\/12\/stem-cell-therapy-for-alzheimer-1-48x32.jpg 48w\" sizes=\"(max-width: 1450px) 100vw, 1450px\" \/><\/figure>\n\n<h2 class=\"wp-block-heading\">SSS<\/h2>\n<div id=\"rank-math-faq\" class=\"rank-math-block\">\n<div class=\"rank-math-list \">\n<div id=\"faq-question-1703838320172\" class=\"rank-math-list-item\">\n<h3 class=\"rank-math-question \"><strong>Alzheimer hastal\u0131\u011f\u0131n\u0131n belirtileri nelerdir?<\/strong><\/h3>\n<div class=\"rank-math-answer \">\n\n<p>Erken belirtiler aras\u0131nda son bilgileri hat\u0131rlamada zorluk, hafif kafa kar\u0131\u015f\u0131kl\u0131\u011f\u0131, ruh hali de\u011fi\u015fiklikleri ve planlama ve problem \u00e7\u00f6zmede zorluklar yer al\u0131r. Daha sonraki a\u015famalarda ciddi haf\u0131za kayb\u0131, y\u00f6nelim bozuklu\u011fu, dil g\u00fc\u00e7l\u00fckleri ve fiziksel de\u011fi\u015fiklikler g\u00f6r\u00fcl\u00fcr.<\/p>\n\n<\/div>\n<\/div>\n<div id=\"faq-question-1703838340012\" class=\"rank-math-list-item\">\n<h3 class=\"rank-math-question \"><strong>Alzheimer&#8217;a ne sebep olur?<\/strong><\/h3>\n<div class=\"rank-math-answer \">\n\n<p>Kesin nedeni bilinmemekle birlikte ya\u015f, aile \u00f6yk\u00fcs\u00fc ve genler risk fakt\u00f6rleridir. Sa\u011fl\u0131kl\u0131 ya\u015fam tarz\u0131 se\u00e7imleri riski azaltmaya yard\u0131mc\u0131 olabilir.<\/p>\n\n<\/div>\n<\/div>\n<div id=\"faq-question-1703838365556\" class=\"rank-math-list-item\">\n<h3 class=\"rank-math-question \"><strong>Alzheimer i\u00e7in k\u00f6k h\u00fccre tedavisi nas\u0131l \u00e7al\u0131\u015f\u0131r?<\/strong><\/h3>\n<div class=\"rank-math-answer \">\n\n<p>K\u00f6k h\u00fccreler beyne enjekte edilerek potansiyel olarak hasarl\u0131 h\u00fccrelerin onar\u0131lmas\u0131na yard\u0131mc\u0131 olur ve daha fazla dejenerasyonu azalt\u0131r.<\/p>\n\n<\/div>\n<\/div>\n<\/div>\n<\/div>\n<h3 class=\"wp-block-heading\">Herhangi bir sorunuz olmas\u0131 durumunda hemen bizimle ileti\u015fime ge\u00e7in!<\/h3>\n","protected":false},"excerpt":{"rendered":"<p>Alzheimer Hastal\u0131\u011f\u0131 i\u00e7in K\u00f6k H\u00fccre Tedavisinin sonsuz potansiyelini ar\u0131yorsan\u0131z, do\u011fru yere geldiniz! Alzheimer hastal\u0131\u011f\u0131 haf\u0131zay\u0131, d\u00fc\u015f\u00fcnmeyi ve davran\u0131\u015f\u0131 etkileyen bir [&hellip;]<\/p>\n","protected":false},"author":4,"featured_media":122104,"parent":0,"menu_order":0,"comment_status":"closed","ping_status":"closed","template":"","meta":{"site-sidebar-layout":"default","site-content-layout":"","ast-site-content-layout":"default","site-content-style":"default","site-sidebar-style":"default","ast-global-header-display":"","ast-banner-title-visibility":"","ast-main-header-display":"","ast-hfb-above-header-display":"","ast-hfb-below-header-display":"","ast-hfb-mobile-header-display":"","site-post-title":"","ast-breadcrumbs-content":"","ast-featured-img":"","footer-sml-layout":"","ast-disable-related-posts":"","theme-transparent-header-meta":"","adv-header-id-meta":"","stick-header-meta":"","header-above-stick-meta":"","header-main-stick-meta":"","header-below-stick-meta":"","astra-migrate-meta-layouts":"default","ast-page-background-enabled":"default","ast-page-background-meta":{"desktop":{"background-color":"var(--ast-global-color-4)","background-image":"","background-repeat":"repeat","background-position":"center center","background-size":"auto","background-attachment":"scroll","background-type":"","background-media":"","overlay-type":"","overlay-color":"","overlay-opacity":"","overlay-gradient":""},"tablet":{"background-color":"","background-image":"","background-repeat":"repeat","background-position":"center center","background-size":"auto","background-attachment":"scroll","background-type":"","background-media":"","overlay-type":"","overlay-color":"","overlay-opacity":"","overlay-gradient":""},"mobile":{"background-color":"","background-image":"","background-repeat":"repeat","background-position":"center center","background-size":"auto","background-attachment":"scroll","background-type":"","background-media":"","overlay-type":"","overlay-color":"","overlay-opacity":"","overlay-gradient":""}},"ast-content-background-meta":{"desktop":{"background-color":"var(--ast-global-color-5)","background-image":"","background-repeat":"repeat","background-position":"center center","background-size":"auto","background-attachment":"scroll","background-type":"","background-media":"","overlay-type":"","overlay-color":"","overlay-opacity":"","overlay-gradient":""},"tablet":{"background-color":"var(--ast-global-color-5)","background-image":"","background-repeat":"repeat","background-position":"center center","background-size":"auto","background-attachment":"scroll","background-type":"","background-media":"","overlay-type":"","overlay-color":"","overlay-opacity":"","overlay-gradient":""},"mobile":{"background-color":"var(--ast-global-color-5)","background-image":"","background-repeat":"repeat","background-position":"center center","background-size":"auto","background-attachment":"scroll","background-type":"","background-media":"","overlay-type":"","overlay-color":"","overlay-opacity":"","overlay-gradient":""}},"footnotes":""},"class_list":["post-148877","page","type-page","status-publish","has-post-thumbnail","hentry"],"_links":{"self":[{"href":"https:\/\/medclinics.com\/tr\/wp-json\/wp\/v2\/pages\/148877","targetHints":{"allow":["GET"]}}],"collection":[{"href":"https:\/\/medclinics.com\/tr\/wp-json\/wp\/v2\/pages"}],"about":[{"href":"https:\/\/medclinics.com\/tr\/wp-json\/wp\/v2\/types\/page"}],"author":[{"embeddable":true,"href":"https:\/\/medclinics.com\/tr\/wp-json\/wp\/v2\/users\/4"}],"replies":[{"embeddable":true,"href":"https:\/\/medclinics.com\/tr\/wp-json\/wp\/v2\/comments?post=148877"}],"version-history":[{"count":0,"href":"https:\/\/medclinics.com\/tr\/wp-json\/wp\/v2\/pages\/148877\/revisions"}],"wp:featuredmedia":[{"embeddable":true,"href":"https:\/\/medclinics.com\/tr\/wp-json\/wp\/v2\/media\/122104"}],"wp:attachment":[{"href":"https:\/\/medclinics.com\/tr\/wp-json\/wp\/v2\/media?parent=148877"}],"curies":[{"name":"wp","href":"https:\/\/api.w.org\/{rel}","templated":true}]}}