{"id":148807,"date":"2023-05-15T09:01:00","date_gmt":"2023-05-15T06:01:00","guid":{"rendered":"https:\/\/medclinics.com\/inme-icin-kok-hucre-tedavisi-devrim-niteliginde-tedavi\/"},"modified":"2025-01-03T01:51:48","modified_gmt":"2025-01-02T22:51:48","slug":"inme-icin-kok-hucre-tedavisi-devrim-niteliginde-tedavi","status":"publish","type":"page","link":"https:\/\/medclinics.com\/tr\/inme-icin-kok-hucre-tedavisi-devrim-niteliginde-tedavi\/","title":{"rendered":"\u0130nme i\u00e7in K\u00f6k H\u00fccre Tedavisi &#8211; Devrim Niteli\u011finde Tedavi"},"content":{"rendered":"\n<h2 class=\"wp-block-heading\">\u0130nme i\u00e7in K\u00f6k H\u00fccre Tedavisinin s\u0131n\u0131rs\u0131z potansiyelini ar\u0131yorsan\u0131z, do\u011fru yere geldiniz!<\/h2>\n\n<p><br\/>\u0130nme, beyne giden ve beyin i\u00e7indeki arterleri etkileyen bir hastal\u0131kt\u0131r. Bu durum beyin hasar\u0131na ve hatta \u00f6l\u00fcme neden olabilir. \u0130nme, beyne oksijen ve besin ta\u015f\u0131yan bir kan damar\u0131n\u0131n t\u0131kanmas\u0131 sonucu beynin bir k\u0131sm\u0131n\u0131n ihtiyac\u0131 olan kan\u0131 (ve oksijeni) alamamas\u0131 ve beyin h\u00fccrelerinin \u00f6lmesiyle meydana gelir.  <\/p>\n\n<p><strong>\u0130nme t\u00fcrleri nelerdir?<\/strong><\/p>\n\n<p><strong>\u0130ki ana inme t\u00fcr\u00fc vard\u0131r<\/strong>: <strong>iskemik<\/strong> ve <strong>hemorajik<\/strong>. \u0130skemik inme en s\u0131k g\u00f6r\u00fclen tiptir. Bir kan p\u0131ht\u0131s\u0131 beyne giden kan ak\u0131\u015f\u0131n\u0131 engelledi\u011finde meydana gelir. Hemorajik inme daha az yayg\u0131nd\u0131r. Beyinde bir kan damar\u0131 patlad\u0131\u011f\u0131nda meydana gelir.<\/p>\n\n<p><strong>\u0130nme belirtileri \u015funlar\u0131 i\u00e7erebilir:<\/strong><\/p>\n\n<ul class=\"wp-block-list\">\n<li>Ani denge kayb\u0131.<\/li>\n\n\n\n<li>Bir veya iki g\u00f6zde ani g\u00f6rme kayb\u0131<\/li>\n\n\n\n<li>Bir tarafta fel\u00e7<\/li>\n\n\n\n<li>Ba\u015f d\u00f6nmesi<\/li>\n\n\n\n<li>Yutma g\u00fc\u00e7l\u00fckleri<\/li>\n\n\n\n<li>Zay\u0131fl\u0131k veya her iki kolu kald\u0131ramama<\/li>\n\n\n\n<li>Konu\u015fma\/anlama g\u00fc\u00e7l\u00fc\u011f\u00fc<\/li>\n<\/ul>\n\n<p><strong>\u0130nme i\u00e7in kimler risk alt\u0131ndad\u0131r?<\/strong><\/p>\n\n<p>\u00c7ocuklardan yeti\u015fkinlere kadar herkes inme ge\u00e7irebilir, ancak baz\u0131 insanlar di\u011ferlerine g\u00f6re daha fazla risk alt\u0131ndad\u0131r.  <\/p>\n\n<p><strong>Y\u00fcksek risk grubu:<\/strong><\/p>\n\n<ul class=\"wp-block-list\">\n<li><strong>Ya\u015f:<\/strong> \u0130nme riski 55 ya\u015f\u0131ndan sonra \u00f6nemli \u00f6l\u00e7\u00fcde artar.<\/li>\n\n\n\n<li><strong>Aile ge\u00e7mi\u015fi:<\/strong> Ailenizde inme \u00f6yk\u00fcs\u00fc olmas\u0131 riskinizi \u00f6nemli \u00f6l\u00e7\u00fcde art\u0131r\u0131r.<\/li>\n\n\n\n<li>Daha \u00f6nce inme veya G\u0130A ge\u00e7irmi\u015f olmak<strong>:<\/strong> Daha \u00f6nce inme veya G\u0130A ge\u00e7irmi\u015f olan bireyler bir ba\u015fkas\u0131 i\u00e7in \u00e7ok daha y\u00fcksek risk alt\u0131ndad\u0131r.<\/li>\n<\/ul>\n\n<p><strong>Belirli t\u0131bbi durumlar:<\/strong><\/p>\n\n<ul class=\"wp-block-list\">\n<li>Y\u00fcksek kan bas\u0131nc\u0131 (hipertansiyon)<\/li>\n\n\n\n<li>Diyabet<\/li>\n\n\n\n<li>Y\u00fcksek kolesterol<\/li>\n\n\n\n<li>Atriyal fibrilasyon (d\u00fczensiz kalp at\u0131\u015f\u0131)<\/li>\n\n\n\n<li>Uyku apnesi<\/li>\n\n\n\n<li>Karotid arter stenozu (boyundaki arterlerin daralmas\u0131)<\/li>\n<\/ul>\n\n<p><strong>Di\u011fer risk fakt\u00f6rleri:<\/strong><\/p>\n\n<ul class=\"wp-block-list\">\n<li><strong>Sigara i\u00e7mek:<\/strong> Sigara i\u00e7mek inme riskini \u00f6nemli \u00f6l\u00e7\u00fcde art\u0131r\u0131r.<\/li>\n\n\n\n<li><strong>A\u015f\u0131r\u0131 alkol t\u00fcketimi:<\/strong> A\u015f\u0131r\u0131 alkol t\u00fcketimi inme riskine katk\u0131da bulunabilir.<\/li>\n\n\n\n<li><strong>Obezite:<\/strong> A\u015f\u0131r\u0131 kilolu veya obez olmak inme riskini art\u0131r\u0131r.<\/li>\n\n\n\n<li><strong>Fiziksel hareketsizlik:<\/strong> D\u00fczenli egzersiz yap\u0131lmamas\u0131 inme riskini art\u0131r\u0131r.<\/li>\n\n\n\n<li><strong>Sa\u011fl\u0131ks\u0131z beslenme:<\/strong> Sa\u011fl\u0131ks\u0131z ya\u011flar, sodyum ve \u015feker oran\u0131 y\u00fcksek bir diyet inme riskine katk\u0131da bulunabilir.<\/li>\n\n\n\n<li><strong>Belirli etnik k\u00f6kenler:<\/strong> Afrikal\u0131 Amerikal\u0131lar ve Hispanikler, Kafkasyal\u0131lara k\u0131yasla daha y\u00fcksek inme riskine sahiptir.<\/li>\n\n\n\n<li><strong>Cinsiyet:<\/strong> Erkeklerin fel\u00e7 ge\u00e7irme olas\u0131l\u0131\u011f\u0131 kad\u0131nlara g\u00f6re biraz daha y\u00fcksektir.<\/li>\n\n\n\n<li><strong>Hormonlar<\/strong>: Do\u011fum kontrol haplar\u0131 veya \u00f6strojen i\u00e7eren hormon tedavileri almak riski art\u0131rabilir.<\/li>\n<\/ul>\n\n<p><strong>Fel\u00e7 ne kadar yayg\u0131nd\u0131r?<\/strong><\/p>\n\n<p>D\u00fcnya genelinde fel\u00e7, \u00f6l\u00fcm nedenleri aras\u0131nda ikinci s\u0131rada yer almaktad\u0131r. Amerika Birle\u015fik Devletleri&#8217;nde inme be\u015finci \u00f6l\u00fcm nedenidir.  <\/p>\n\n<p><strong>\u0130nme nas\u0131l te\u015fhis edilir?<\/strong><\/p>\n\n<p>Doktorlar semptomlar\u0131 de\u011ferlendirecek, CT taramalar\u0131 veya MRI&#8217;lar gibi testler yapacak ve muhtemelen kan bas\u0131nc\u0131n\u0131z\u0131 \u00f6l\u00e7ecek ve diyabet ve kolesterol seviyelerini kontrol edecektir.<\/p>\n\n<p><a href=\"https:\/\/www.stemcelltherapy.gen.tr\" target=\"_blank\" rel=\"noopener\">K\u00f6k h\u00fccre<\/a> tedavisi inme tedavisinde yeni bir yakla\u015f\u0131md\u0131r. K\u00f6k h\u00fccreler v\u00fccutta her t\u00fcr dokuya d\u00f6n\u00fc\u015febilir. Ve fel\u00e7 sonras\u0131 hasarl\u0131 beyin dokusunu onarabilir.<\/p>\n\n<p>\u0130nme tedavisi i\u00e7in kullan\u0131lan k\u00f6k h\u00fccreler genellikle hastan\u0131n kendisinden veya bir don\u00f6rden al\u0131n\u0131r. K\u00f6k h\u00fccreler do\u011frudan beyne enjekte edilebilir veya damar yoluyla verilebilir.<\/p>\n\n<p>\u0130nme i\u00e7in k\u00f6k h\u00fccre tedavisinin etkinli\u011fi halen ara\u015ft\u0131r\u0131lmaktad\u0131r. Bununla birlikte, baz\u0131 \u00e7al\u0131\u015fmalar k\u00f6k h\u00fccre tedavisinin inme sonras\u0131 iyile\u015fmeyi iyile\u015ftirebilece\u011fini bulmu\u015ftur.<\/p>\n\n<p>\u0130nme ge\u00e7irdiyseniz veya riskiniz konusunda endi\u015feleriniz varsa, bir n\u00f6rolog ile g\u00f6r\u00fc\u015fmeniz \u00e7ok \u00f6nemlidir. K\u00f6k h\u00fccre tedavisi gibi umut vaat eden yakla\u015f\u0131mlar\u0131n yan\u0131 s\u0131ra yerle\u015fik ve etkili tedaviler de dahil olmak \u00fczere \u00e7e\u015fitli tedavi se\u00e7enekleri konusunda size rehberlik edebilirler.<\/p>\n\n<p>\u0130nmenin neden oldu\u011fu zorluklar\u0131 anl\u0131yoruz ve iyile\u015fme yolculu\u011funuzun her ad\u0131m\u0131nda size destek olmak i\u00e7in buraday\u0131z. Tedavi se\u00e7enekleri, olas\u0131 sonu\u00e7lar ve akl\u0131n\u0131za gelebilecek di\u011fer t\u00fcm sorular hakk\u0131nda ayr\u0131nt\u0131l\u0131 bilgi almak i\u00e7in bizimle ileti\u015fime ge\u00e7mekten \u00e7ekinmeyin.<\/p>\n\n<p><strong>Bug\u00fcn bize ula\u015f\u0131n ve daha iyi bir sa\u011fl\u0131\u011fa giden yolda size yard\u0131mc\u0131 olal\u0131m.<\/strong><\/p>\n\n<h3 class=\"wp-block-heading\"><a href=\"https:\/\/medclinics.com\/tr\/stem-cell-therapy-2\/\" target=\"_blank\" rel=\"noreferrer noopener\">K\u00f6k h\u00fccre tedavisi<\/a> hakk\u0131nda bilmeniz gereken her \u015fey burada, hemen <a href=\"#requestform\">bizimle ileti\u015fime<\/a> ge\u00e7in!<\/h3>\n\n<figure class=\"wp-block-image size-full\"><img fetchpriority=\"high\" decoding=\"async\" width=\"1450\" height=\"967\" src=\"https:\/\/medclinics.com\/wp-content\/uploads\/2023\/12\/stem-cell-therapy-for-stroke.jpg\" alt=\"&#x130;nme &#x130;&#xE7;in K&#xF6;k H&#xFC;cre Tedavisi\" class=\"wp-image-121703\" srcset=\"https:\/\/medclinics.com\/wp-content\/uploads\/2023\/12\/stem-cell-therapy-for-stroke.jpg 1450w, https:\/\/medclinics.com\/wp-content\/uploads\/2023\/12\/stem-cell-therapy-for-stroke-500x333.jpg 500w, https:\/\/medclinics.com\/wp-content\/uploads\/2023\/12\/stem-cell-therapy-for-stroke-1024x683.jpg 1024w, https:\/\/medclinics.com\/wp-content\/uploads\/2023\/12\/stem-cell-therapy-for-stroke-768x512.jpg 768w, https:\/\/medclinics.com\/wp-content\/uploads\/2023\/12\/stem-cell-therapy-for-stroke-24x16.jpg 24w, https:\/\/medclinics.com\/wp-content\/uploads\/2023\/12\/stem-cell-therapy-for-stroke-36x24.jpg 36w, https:\/\/medclinics.com\/wp-content\/uploads\/2023\/12\/stem-cell-therapy-for-stroke-48x32.jpg 48w\" sizes=\"(max-width: 1450px) 100vw, 1450px\" \/><\/figure>\n\n<h2 class=\"wp-block-heading\">SSS<\/h2>\n<div id=\"rank-math-faq\" class=\"rank-math-block\">\n<div class=\"rank-math-list \">\n<div id=\"faq-question-1703761598775\" class=\"rank-math-list-item\">\n<h3 class=\"rank-math-question \"><strong>\u0130nme belirtileri nelerdir?<\/strong><\/h3>\n<div class=\"rank-math-answer \">\n\n<p>Ani denge kayb\u0131, bir veya iki g\u00f6zde ani g\u00f6rme kayb\u0131, bir tarafta fel\u00e7, ba\u015f d\u00f6nmesi, yutma g\u00fc\u00e7l\u00fc\u011f\u00fc, g\u00fc\u00e7s\u00fczl\u00fck veya her iki kolu kald\u0131ramama, konu\u015fma\/anlama g\u00fc\u00e7l\u00fc\u011f\u00fc<\/p>\n\n<\/div>\n<\/div>\n<div id=\"faq-question-1703763322438\" class=\"rank-math-list-item\">\n<h3 class=\"rank-math-question \"><strong>\u0130nme i\u00e7in risk fakt\u00f6rleri nelerdir?<\/strong> <\/h3>\n<div class=\"rank-math-answer \">\n\n<p>Ya\u015f, aile \u00f6yk\u00fcs\u00fc, y\u00fcksek tansiyon, diyabet, y\u00fcksek kolesterol, sigara, obezite ve fiziksel hareketsizlik baz\u0131 \u00f6nemli fakt\u00f6rlerdir.<\/p>\n\n<\/div>\n<\/div>\n<div id=\"faq-question-1703763335220\" class=\"rank-math-list-item\">\n<h3 class=\"rank-math-question \"><strong>Felci \u00f6nleyebilir miyim?<\/strong><\/h3>\n<div class=\"rank-math-answer \">\n\n<p>Kesinlikle! Sa\u011fl\u0131kl\u0131 ya\u015fam tarz\u0131 se\u00e7imleriyle (sa\u011fl\u0131kl\u0131 beslenme, d\u00fczenli egzersiz, sigara i\u00e7meme, kontroll\u00fc tansiyon) risk fakt\u00f6rlerini y\u00f6netmek \u00e7ok \u00f6nemlidir. D\u00fczenli kontroller de \u00f6nemlidir.<\/p>\n\n<\/div>\n<\/div>\n<\/div>\n<\/div>\n<h3 class=\"wp-block-heading\">Herhangi bir sorunuz olmas\u0131 durumunda hemen bizimle ileti\u015fime ge\u00e7in!<\/h3>\n","protected":false},"excerpt":{"rendered":"<p>\u0130nme i\u00e7in K\u00f6k H\u00fccre Tedavisinin s\u0131n\u0131rs\u0131z potansiyelini ar\u0131yorsan\u0131z, do\u011fru yere geldiniz! \u0130nme, beyne giden ve beyin i\u00e7indeki arterleri etkileyen bir [&hellip;]<\/p>\n","protected":false},"author":4,"featured_media":121722,"parent":0,"menu_order":0,"comment_status":"closed","ping_status":"closed","template":"","meta":{"site-sidebar-layout":"default","site-content-layout":"","ast-site-content-layout":"default","site-content-style":"default","site-sidebar-style":"default","ast-global-header-display":"","ast-banner-title-visibility":"","ast-main-header-display":"","ast-hfb-above-header-display":"","ast-hfb-below-header-display":"","ast-hfb-mobile-header-display":"","site-post-title":"","ast-breadcrumbs-content":"","ast-featured-img":"","footer-sml-layout":"","ast-disable-related-posts":"","theme-transparent-header-meta":"","adv-header-id-meta":"","stick-header-meta":"","header-above-stick-meta":"","header-main-stick-meta":"","header-below-stick-meta":"","astra-migrate-meta-layouts":"default","ast-page-background-enabled":"default","ast-page-background-meta":{"desktop":{"background-color":"var(--ast-global-color-4)","background-image":"","background-repeat":"repeat","background-position":"center center","background-size":"auto","background-attachment":"scroll","background-type":"","background-media":"","overlay-type":"","overlay-color":"","overlay-opacity":"","overlay-gradient":""},"tablet":{"background-color":"","background-image":"","background-repeat":"repeat","background-position":"center center","background-size":"auto","background-attachment":"scroll","background-type":"","background-media":"","overlay-type":"","overlay-color":"","overlay-opacity":"","overlay-gradient":""},"mobile":{"background-color":"","background-image":"","background-repeat":"repeat","background-position":"center center","background-size":"auto","background-attachment":"scroll","background-type":"","background-media":"","overlay-type":"","overlay-color":"","overlay-opacity":"","overlay-gradient":""}},"ast-content-background-meta":{"desktop":{"background-color":"var(--ast-global-color-5)","background-image":"","background-repeat":"repeat","background-position":"center center","background-size":"auto","background-attachment":"scroll","background-type":"","background-media":"","overlay-type":"","overlay-color":"","overlay-opacity":"","overlay-gradient":""},"tablet":{"background-color":"var(--ast-global-color-5)","background-image":"","background-repeat":"repeat","background-position":"center center","background-size":"auto","background-attachment":"scroll","background-type":"","background-media":"","overlay-type":"","overlay-color":"","overlay-opacity":"","overlay-gradient":""},"mobile":{"background-color":"var(--ast-global-color-5)","background-image":"","background-repeat":"repeat","background-position":"center center","background-size":"auto","background-attachment":"scroll","background-type":"","background-media":"","overlay-type":"","overlay-color":"","overlay-opacity":"","overlay-gradient":""}},"footnotes":""},"class_list":["post-148807","page","type-page","status-publish","has-post-thumbnail","hentry"],"_links":{"self":[{"href":"https:\/\/medclinics.com\/tr\/wp-json\/wp\/v2\/pages\/148807","targetHints":{"allow":["GET"]}}],"collection":[{"href":"https:\/\/medclinics.com\/tr\/wp-json\/wp\/v2\/pages"}],"about":[{"href":"https:\/\/medclinics.com\/tr\/wp-json\/wp\/v2\/types\/page"}],"author":[{"embeddable":true,"href":"https:\/\/medclinics.com\/tr\/wp-json\/wp\/v2\/users\/4"}],"replies":[{"embeddable":true,"href":"https:\/\/medclinics.com\/tr\/wp-json\/wp\/v2\/comments?post=148807"}],"version-history":[{"count":0,"href":"https:\/\/medclinics.com\/tr\/wp-json\/wp\/v2\/pages\/148807\/revisions"}],"wp:featuredmedia":[{"embeddable":true,"href":"https:\/\/medclinics.com\/tr\/wp-json\/wp\/v2\/media\/121722"}],"wp:attachment":[{"href":"https:\/\/medclinics.com\/tr\/wp-json\/wp\/v2\/media?parent=148807"}],"curies":[{"name":"wp","href":"https:\/\/api.w.org\/{rel}","templated":true}]}}