{"id":148767,"date":"2025-02-07T09:01:00","date_gmt":"2025-02-07T06:01:00","guid":{"rendered":"https:\/\/medclinics.com\/diyabet-icin-kok-hucre-tedavisi-tedavi-icin-yeni-umut\/"},"modified":"2025-01-03T00:12:29","modified_gmt":"2025-01-02T21:12:29","slug":"diyabet-icin-kok-hucre-tedavisi-tedavi-icin-yeni-umut","status":"publish","type":"page","link":"https:\/\/medclinics.com\/tr\/diyabet-icin-kok-hucre-tedavisi-tedavi-icin-yeni-umut\/","title":{"rendered":"Diyabet i\u00e7in K\u00f6k H\u00fccre Tedavisi &#8211; Tedavi i\u00e7in Yeni Umut"},"content":{"rendered":"\n<h2 class=\"wp-block-heading\">Diyabet i\u00e7in K\u00f6k H\u00fccre Tedavisinin s\u0131n\u0131rs\u0131z olanaklar\u0131n\u0131 ar\u0131yorsan\u0131z, do\u011fru yerdesiniz.<\/h2>\n\n<p><br\/>Diyabet, pankreas yeterli ins\u00fclin \u00fcretmedi\u011finde veya v\u00fccut \u00fcretti\u011fi ins\u00fclini etkili bir \u015fekilde kullanamad\u0131\u011f\u0131nda ortaya \u00e7\u0131kan kronik bir hastal\u0131kt\u0131r. \u0130ns\u00fclin, kan glikozunu d\u00fczenleyen bir hormondur.<\/p>\n\n<p><strong>\u00dc\u00e7 tip diyabet vard\u0131r:<\/strong><\/p>\n\n<ul class=\"wp-block-list\">\n<li><strong>Tip 1:<\/strong> V\u00fccut kendine sald\u0131r\u0131r ve ins\u00fclin \u00fcretimini durdurur. G\u00fcnl\u00fck ins\u00fcline ihtiya\u00e7 duyar (%5-10).<\/li>\n\n\n\n<li><strong>Tip 2:<\/strong> V\u00fccut ins\u00fclini iyi kullanamaz, bu da y\u00fcksek kan \u015fekerine yol a\u00e7ar. Genellikle yeti\u015fkinlerde g\u00f6r\u00fcl\u00fcr (%90-95). Kilo verme, sa\u011fl\u0131kl\u0131 beslenme ve egzersiz gibi sa\u011fl\u0131kl\u0131 ya\u015fam tarz\u0131 de\u011fi\u015fiklikleri ile \u00f6nlenebilir.<\/li>\n\n\n\n<li><strong>Gestasyonel:<\/strong> Hamilelik s\u0131ras\u0131nda geli\u015fir, genellikle do\u011fumdan sonra ge\u00e7er, ancak anne ve bebek i\u00e7in tip 2 diyabet riskini art\u0131r\u0131r.<\/li>\n<\/ul>\n\n<p>Diyabet, artan \u00f6l\u00fcm oranlar\u0131yla birlikte \u00f6nemli bir k\u00fcresel sa\u011fl\u0131k sorunudur.<\/p>\n\n<ul class=\"wp-block-list\">\n<li>1,5 milyon \u00f6l\u00fcm do\u011frudan diyabetten kaynaklanmaktad\u0131r.<\/li>\n\n\n\n<li>70 ya\u015f \u00f6ncesi diyabet \u00f6l\u00fcmlerinin %48&#8217;i.<\/li>\n\n\n\n<li>460.000 b\u00f6brek hastal\u0131\u011f\u0131 \u00f6l\u00fcm\u00fc diyabete ba\u011flanmaktad\u0131r.<\/li>\n\n\n\n<li>Kardiyovask\u00fcler \u00f6l\u00fcmlerin %20&#8217;si y\u00fcksek kan \u015fekeri ile ba\u011flant\u0131l\u0131d\u0131r.<\/li>\n<\/ul>\n\n<p><strong>Diyabet belirtileri \u015funlard\u0131r:<\/strong><\/p>\n\n<ul class=\"wp-block-list\">\n<li><strong>Yorgunluk:<\/strong> \u0130yi bir gece uykusu ald\u0131ktan sonra bile yorgun veya bitkin hissetmek.<\/li>\n\n\n\n<li><strong>A\u015f\u0131r\u0131 susuzluk: <\/strong>Bol miktarda s\u0131v\u0131 i\u00e7iyor olsalar bile s\u00fcrekli susuzluk hissederler.<\/li>\n\n\n\n<li>S\u0131k idrara \u00e7\u0131kma: \u00d6zellikle geceleri daha s\u0131k idrara \u00e7\u0131kma ihtiyac\u0131.<\/li>\n\n\n\n<li><strong>Artan a\u00e7l\u0131k<\/strong>: Yemek yedikten sonra bile s\u00fcrekli a\u00e7 hissetmek.<\/li>\n\n\n\n<li><strong>Bulan\u0131k g\u00f6rme:<\/strong> \u00d6zellikle sabahlar\u0131 bulan\u0131k g\u00f6rme deneyimi.<\/li>\n\n\n\n<li><strong>Yava\u015f iyile\u015fen yaralar<\/strong>: Yaralar normalden daha yava\u015f iyile\u015fir.<\/li>\n<\/ul>\n\n<p><strong>Diyabet Nas\u0131l \u00d6nlenir<\/strong>:<\/p>\n\n<ul class=\"wp-block-list\">\n<li><strong>Sa\u011fl\u0131kl\u0131 kilonuzu koruyun.<\/strong>  A\u015f\u0131r\u0131 kilolu veya obezseniz, az miktarda kilo vermek bile tip 2 diyabet riskinizi azaltmaya yard\u0131mc\u0131 olabilir.<\/li>\n\n\n\n<li><strong>D\u00fczenli egzersiz yap\u0131n.<\/strong>  Haftan\u0131n \u00e7o\u011fu g\u00fcn\u00fc en az 30 dakika egzersiz yapmay\u0131 hedefleyin.<\/li>\n\n\n\n<li><strong>Sa\u011fl\u0131kl\u0131 beslenin.<\/strong>  Bol miktarda meyve, sebze ve tam tah\u0131l se\u00e7in. \u0130\u015flenmi\u015f g\u0131dalar\u0131, \u015fekerli i\u00e7ecekleri ve sa\u011fl\u0131ks\u0131z ya\u011flar\u0131 s\u0131n\u0131rlay\u0131n.<\/li>\n\n\n\n<li><strong>Sigara i\u00e7meyin.<\/strong>  Sigara i\u00e7mek tip 2 diyabet ve di\u011fer sa\u011fl\u0131k sorunlar\u0131 riskinizi art\u0131r\u0131r.<\/li>\n<\/ul>\n\n<p><strong>Diyabet a\u015fa\u011f\u0131daki insan gruplar\u0131nda daha yayg\u0131nd\u0131r:<\/strong><\/p>\n\n<ul class=\"wp-block-list\">\n<li><strong>Aile ge\u00e7mi\u015fi:<\/strong> Ailenizde diyabet \u00f6yk\u00fcs\u00fc varsa, bu hastal\u0131\u011fa yakalanma olas\u0131l\u0131\u011f\u0131n\u0131z daha y\u00fcksektir.<\/li>\n\n\n\n<li><strong>Ya\u015f:<\/strong> Diyabet ya\u015fl\u0131 yeti\u015fkinlerde daha yayg\u0131nd\u0131r.<\/li>\n\n\n\n<li><strong>Kilo:<\/strong> A\u015f\u0131r\u0131 kilolu veya obezseniz diyabet geli\u015ftirme olas\u0131l\u0131\u011f\u0131n\u0131z daha y\u00fcksektir.<\/li>\n\n\n\n<li><strong>Egzersiz yap\u0131n:<\/strong> Egzersiz yapmak diyabet riskini azalt\u0131r.<\/li>\n\n\n\n<li><strong>Diyet:<\/strong> \u00c7ok fazla \u015fekerli yiyecek ve i\u00e7ecek t\u00fcketiyorsan\u0131z, diyabet geli\u015ftirme olas\u0131l\u0131\u011f\u0131n\u0131z daha y\u00fcksektir.<\/li>\n\n\n\n<li><strong>Etnik k\u00f6ken:<\/strong> G\u00fcney Asyal\u0131lar, Afrikal\u0131lar ve Hispanikler gibi baz\u0131 etnik gruplardan insanlar\u0131n diyabete yakalanma olas\u0131l\u0131\u011f\u0131 daha y\u00fcksektir.<\/li>\n\n\n\n<li><strong>Hamilelik:<\/strong> Hamilelik s\u0131ras\u0131nda gestasyonel diyabet geli\u015fmesi, ya\u015fam\u0131n ilerleyen d\u00f6nemlerinde diyabet geli\u015fme riskini art\u0131rabilir.<\/li>\n<\/ul>\n\n<p>Bir\u00e7ok insan i\u00e7in diyabetle ba\u015fa \u00e7\u0131kmak g\u00fcnl\u00fck bir zorluktur. Tedavisi yoktur ve mevcut tedaviler pahal\u0131 ve zahmetli olabilir. Ancak umut var: diyabet i\u00e7in <a href=\"https:\/\/www.stemcelltherapy.gen.tr\" target=\"_blank\" rel=\"noopener\">k\u00f6k h\u00fccre tedavisi<\/a>.<\/p>\n\n<p>K\u00f6k h\u00fccreler, ins\u00fclin \u00fcreten beta h\u00fccreleri de dahil olmak \u00fczere farkl\u0131 h\u00fccre t\u00fcrlerine d\u00f6n\u00fc\u015febilen \u00f6zel h\u00fccrelerdir. Beta h\u00fccreleri kan \u015fekeri seviyelerini d\u00fczenlemek i\u00e7in gereklidir. B\u00f6ylece diyabet i\u00e7in k\u00f6k h\u00fccre tedavisi kullan\u0131larak ins\u00fclin \u00fcreten h\u00fccreler \u00fcretilebilir.<\/p>\n\n<p>Diyabet i\u00e7in k\u00f6k h\u00fccre tedavisi ile <strong>bu yolculukta size destek olmak i\u00e7in buraday\u0131z<\/strong>.<\/p>\n\n<p>Birlikte diyabetle m\u00fccadele edebilir ve bu hastal\u0131\u011f\u0131n hikayesini yeniden yazabiliriz. Diyabet i\u00e7in k\u00f6k h\u00fccre tedavisi ile diyabetin ya\u015fam\u0131 tehdit eden bir hastal\u0131k de\u011fil, y\u00f6netilebilir bir durum oldu\u011fu bir gelecek elimizin alt\u0131nda.<\/p>\n\n<h3 class=\"wp-block-heading\"><a href=\"https:\/\/medclinics.com\/tr\/stem-cell-therapy-2\/\" target=\"_blank\" rel=\"noreferrer noopener\">K\u00f6k h\u00fccre tedavisi<\/a> hakk\u0131nda bilmeniz gereken her \u015fey burada, hemen <a href=\"#requestform\">bizimle ileti\u015fime<\/a> ge\u00e7in!<\/h3>\n\n<figure class=\"wp-block-image size-full\"><img fetchpriority=\"high\" decoding=\"async\" width=\"1450\" height=\"967\" src=\"https:\/\/medclinics.com\/wp-content\/uploads\/2023\/12\/stem-cell-therapy-for-diabetes-1.jpg\" alt=\"Diyabet &#x130;&#xE7;in K&#xF6;k H&#xFC;cre Tedavisi\" class=\"wp-image-120698\" srcset=\"https:\/\/medclinics.com\/wp-content\/uploads\/2023\/12\/stem-cell-therapy-for-diabetes-1.jpg 1450w, https:\/\/medclinics.com\/wp-content\/uploads\/2023\/12\/stem-cell-therapy-for-diabetes-1-500x333.jpg 500w, https:\/\/medclinics.com\/wp-content\/uploads\/2023\/12\/stem-cell-therapy-for-diabetes-1-1024x683.jpg 1024w, https:\/\/medclinics.com\/wp-content\/uploads\/2023\/12\/stem-cell-therapy-for-diabetes-1-768x512.jpg 768w, https:\/\/medclinics.com\/wp-content\/uploads\/2023\/12\/stem-cell-therapy-for-diabetes-1-24x16.jpg 24w, https:\/\/medclinics.com\/wp-content\/uploads\/2023\/12\/stem-cell-therapy-for-diabetes-1-36x24.jpg 36w, https:\/\/medclinics.com\/wp-content\/uploads\/2023\/12\/stem-cell-therapy-for-diabetes-1-48x32.jpg 48w\" sizes=\"(max-width: 1450px) 100vw, 1450px\" \/><\/figure>\n\n<h2 class=\"wp-block-heading\">SSS<\/h2>\n<div id=\"rank-math-faq\" class=\"rank-math-block\">\n<div class=\"rank-math-list \">\n<div id=\"faq-question-1703751857227\" class=\"rank-math-list-item\">\n<h3 class=\"rank-math-question \">Diyabetin belirtileri nelerdir?<\/h3>\n<div class=\"rank-math-answer \">\n\n<p>Yorgunluk, a\u015f\u0131r\u0131 susama, s\u0131k idrara \u00e7\u0131kma, artan a\u00e7l\u0131k, bulan\u0131k g\u00f6rme, yava\u015f iyile\u015fen yaralar.<\/p>\n\n<\/div>\n<\/div>\n<div id=\"faq-question-1703752168388\" class=\"rank-math-list-item\">\n<h3 class=\"rank-math-question \">Kan \u015fekeri seviyeleri ne olmal\u0131d\u0131r?<\/h3>\n<div class=\"rank-math-answer \">\n\n<p>A\u00e7l\u0131k kan \u015fekeri seviyesi 126 mg\/dL veya daha y\u00fcksek ve rastgele kan \u015fekeri seviyesi 200 mg\/dL veya daha y\u00fcksek olan ki\u015filerde diyabet olabilir. M\u00fcmk\u00fcn olan en k\u0131sa s\u00fcrede bir t\u0131p uzman\u0131na ba\u015fvurmal\u0131d\u0131r.<\/p>\n\n<\/div>\n<\/div>\n<\/div>\n<\/div>\n<h3 class=\"wp-block-heading\">Herhangi bir sorunuz olmas\u0131 durumunda hemen bizimle ileti\u015fime ge\u00e7in!<\/h3>\n","protected":false},"excerpt":{"rendered":"<p>Diyabet i\u00e7in K\u00f6k H\u00fccre Tedavisinin s\u0131n\u0131rs\u0131z olanaklar\u0131n\u0131 ar\u0131yorsan\u0131z, do\u011fru yerdesiniz. Diyabet, pankreas yeterli ins\u00fclin \u00fcretmedi\u011finde veya v\u00fccut \u00fcretti\u011fi ins\u00fclini etkili [&hellip;]<\/p>\n","protected":false},"author":4,"featured_media":121634,"parent":0,"menu_order":0,"comment_status":"closed","ping_status":"closed","template":"","meta":{"site-sidebar-layout":"default","site-content-layout":"","ast-site-content-layout":"default","site-content-style":"default","site-sidebar-style":"default","ast-global-header-display":"","ast-banner-title-visibility":"","ast-main-header-display":"","ast-hfb-above-header-display":"","ast-hfb-below-header-display":"","ast-hfb-mobile-header-display":"","site-post-title":"","ast-breadcrumbs-content":"","ast-featured-img":"","footer-sml-layout":"","ast-disable-related-posts":"","theme-transparent-header-meta":"","adv-header-id-meta":"","stick-header-meta":"","header-above-stick-meta":"","header-main-stick-meta":"","header-below-stick-meta":"","astra-migrate-meta-layouts":"default","ast-page-background-enabled":"default","ast-page-background-meta":{"desktop":{"background-color":"var(--ast-global-color-4)","background-image":"","background-repeat":"repeat","background-position":"center center","background-size":"auto","background-attachment":"scroll","background-type":"","background-media":"","overlay-type":"","overlay-color":"","overlay-opacity":"","overlay-gradient":""},"tablet":{"background-color":"","background-image":"","background-repeat":"repeat","background-position":"center center","background-size":"auto","background-attachment":"scroll","background-type":"","background-media":"","overlay-type":"","overlay-color":"","overlay-opacity":"","overlay-gradient":""},"mobile":{"background-color":"","background-image":"","background-repeat":"repeat","background-position":"center center","background-size":"auto","background-attachment":"scroll","background-type":"","background-media":"","overlay-type":"","overlay-color":"","overlay-opacity":"","overlay-gradient":""}},"ast-content-background-meta":{"desktop":{"background-color":"var(--ast-global-color-5)","background-image":"","background-repeat":"repeat","background-position":"center center","background-size":"auto","background-attachment":"scroll","background-type":"","background-media":"","overlay-type":"","overlay-color":"","overlay-opacity":"","overlay-gradient":""},"tablet":{"background-color":"var(--ast-global-color-5)","background-image":"","background-repeat":"repeat","background-position":"center center","background-size":"auto","background-attachment":"scroll","background-type":"","background-media":"","overlay-type":"","overlay-color":"","overlay-opacity":"","overlay-gradient":""},"mobile":{"background-color":"var(--ast-global-color-5)","background-image":"","background-repeat":"repeat","background-position":"center center","background-size":"auto","background-attachment":"scroll","background-type":"","background-media":"","overlay-type":"","overlay-color":"","overlay-opacity":"","overlay-gradient":""}},"footnotes":""},"class_list":["post-148767","page","type-page","status-publish","has-post-thumbnail","hentry"],"_links":{"self":[{"href":"https:\/\/medclinics.com\/tr\/wp-json\/wp\/v2\/pages\/148767","targetHints":{"allow":["GET"]}}],"collection":[{"href":"https:\/\/medclinics.com\/tr\/wp-json\/wp\/v2\/pages"}],"about":[{"href":"https:\/\/medclinics.com\/tr\/wp-json\/wp\/v2\/types\/page"}],"author":[{"embeddable":true,"href":"https:\/\/medclinics.com\/tr\/wp-json\/wp\/v2\/users\/4"}],"replies":[{"embeddable":true,"href":"https:\/\/medclinics.com\/tr\/wp-json\/wp\/v2\/comments?post=148767"}],"version-history":[{"count":0,"href":"https:\/\/medclinics.com\/tr\/wp-json\/wp\/v2\/pages\/148767\/revisions"}],"wp:featuredmedia":[{"embeddable":true,"href":"https:\/\/medclinics.com\/tr\/wp-json\/wp\/v2\/media\/121634"}],"wp:attachment":[{"href":"https:\/\/medclinics.com\/tr\/wp-json\/wp\/v2\/media?parent=148767"}],"curies":[{"name":"wp","href":"https:\/\/api.w.org\/{rel}","templated":true}]}}