{"id":148751,"date":"2025-02-07T10:32:00","date_gmt":"2025-02-07T07:32:00","guid":{"rendered":"https:\/\/medclinics.com\/koah-icin-kok-hucre-tedavisi-devrim-niteliginde-bir-tedavi\/"},"modified":"2025-01-03T00:13:16","modified_gmt":"2025-01-02T21:13:16","slug":"koah-icin-kok-hucre-tedavisi-devrim-niteliginde-bir-tedavi","status":"publish","type":"page","link":"https:\/\/medclinics.com\/tr\/koah-icin-kok-hucre-tedavisi-devrim-niteliginde-bir-tedavi\/","title":{"rendered":"KOAH i\u00e7in K\u00f6k H\u00fccre Tedavisi: Devrim Niteli\u011finde Bir Tedavi"},"content":{"rendered":"\n<h2 class=\"wp-block-heading\">KOAH i\u00e7in K\u00f6k H\u00fccre Tedavisinin s\u0131n\u0131rs\u0131z olanaklar\u0131n\u0131 ar\u0131yorsan\u0131z, do\u011fru yerdesiniz.<\/h2>\n\n<p><br\/>Artrit, d\u00fcnya \u00e7ap\u0131nda milyonlarca insan\u0131 etkileyen yayg\u0131n ve kal\u0131c\u0131 bir eklem rahats\u0131zl\u0131\u011f\u0131d\u0131r. <strong>KOAH nefes almay\u0131 zorla\u015ft\u0131ran bir akci\u011fer hastal\u0131\u011f\u0131d\u0131r.<\/strong>  Akci\u011ferlerdeki hava yollar\u0131n\u0131n ve hava keseciklerinin hasar g\u00f6rmesinden kaynaklan\u0131r.<\/p>\n\n<p><strong>KOAH&#8217;\u0131n iki ana t\u00fcr\u00fc vard\u0131r:<\/strong><\/p>\n\n<ul class=\"wp-block-list\">\n<li><strong>Amfizem<\/strong>: Akci\u011ferlerdeki hava keseciklerinin elastikiyetini kaybetmesine neden olan bir hastal\u0131kt\u0131r. Bu durum akci\u011ferlerin oksijen ve karbondioksit al\u0131\u015fveri\u015fini zorla\u015ft\u0131r\u0131r ve nefes darl\u0131\u011f\u0131na yol a\u00e7abilir.<\/li>\n\n\n\n<li><strong>Kronik bron\u015fit: <\/strong>Havay\u0131 i\u00e7eri ve d\u0131\u015far\u0131 ta\u015f\u0131yan t\u00fcplerin iltihaplanmas\u0131 ve mukusla t\u0131kanmas\u0131.<\/li>\n<\/ul>\n\n<p><strong>Bu durum nefes almay\u0131 zorla\u015ft\u0131r\u0131r, genellikle orta ya\u015flarda ba\u015flar ve sigara i\u00e7iyorsan\u0131z zamanla daha da k\u00f6t\u00fcle\u015fir.<\/strong>  Neyse ki, tedavi edilemese de, tedavi her \u015feyi kontrol alt\u0131nda tutmaya yard\u0131mc\u0131 olabilir.<\/p>\n\n<p><strong>KOAH ne kadar yayg\u0131nd\u0131r?<\/strong><\/p>\n\n<p>KOAH, 40 ya\u015f\u0131n \u00fczerindeki yeti\u015fkinlerin yakla\u015f\u0131k <strong>%15-20&#8217;sini etkileyen<\/strong> yayg\u0131n bir hastal\u0131kt\u0131r.<\/p>\n\n<p><strong>K\u00fcresel Hastal\u0131k Y\u00fck\u00fc \u00c7al\u0131\u015fmas\u0131na g\u00f6re, KOAH her y\u0131l 2,9 milyon \u00f6l\u00fcmden sorumludur.<\/strong>  KOAH \u015fu anda t\u00fcm \u00f6l\u00fcmlerin %5,5&#8217;ini olu\u015fturarak d\u00fcnya \u00e7ap\u0131nda \u00fc\u00e7\u00fcnc\u00fc \u00f6nde gelen \u00f6l\u00fcm nedenidir.<\/p>\n\n<p><strong>Hastal\u0131\u011fa neden olan fakt\u00f6rler nelerdir?<\/strong><\/p>\n\n<ul class=\"wp-block-list\">\n<li><strong>Sigara<\/strong> kullan\u0131m\u0131: KOAH geli\u015fiminin %80-90&#8217;\u0131ndan sigaran\u0131n sorumlu oldu\u011fu, KOAH geli\u015fme riskinin sigara i\u00e7meyenlere g\u00f6re 9,7-30 kat daha fazla oldu\u011fu ve KOAH&#8217;tan \u00f6l\u00fcmlerin erkeklerde %85&#8217;inden, kad\u0131nlarda ise %69&#8217;undan sigaran\u0131n sorumlu oldu\u011fu bildirilmi\u015ftir.<\/li>\n\n\n\n<li><strong>Pasif i\u00e7icilik:<\/strong> Haftada 40 saatten fazla ve 5 y\u0131ldan uzun s\u00fcre sigara duman\u0131na maruz kalman\u0131n KOAH geli\u015fme riskini %50 oran\u0131nda art\u0131rd\u0131\u011f\u0131 bilinmektedir.<\/li>\n\n\n\n<li><strong>\u0130\u015f yerinde toz, duman ve \u00e7e\u015fitli gazlara maruz kalma<\/strong><\/li>\n\n\n\n<li><strong>\u0130\u00e7 ortam hava kirlili\u011fi<\/strong><\/li>\n\n\n\n<li><strong>Hava kirlili\u011fi<\/strong><\/li>\n\n\n\n<li><strong>Cinsiyet<\/strong>: Erkeklerde kad\u0131nlara oranla daha s\u0131k g\u00f6r\u00fcl\u00fcr.<\/li>\n<\/ul>\n\n<p><strong>KOAH&#8217;\u0131n belirtileri \u015funlard\u0131r:<\/strong><\/p>\n\n<ul class=\"wp-block-list\">\n<li>Nefes darl\u0131\u011f\u0131<\/li>\n\n\n\n<li>\u00d6ks\u00fcr\u00fck<\/li>\n\n\n\n<li>Balgam \u00c7\u0131karma<\/li>\n<\/ul>\n\n<p>Bu \u00f6zel h\u00fccreler hasarl\u0131 akci\u011ferleri yeniden in\u015fa etme potansiyeline sahiptir ve KOAH ile m\u00fccadelede umut verici yeni bir yakla\u015f\u0131m sunmaktad\u0131r. KOAH i\u00e7in k\u00f6k h\u00fccre tedavisi akci\u011fer dokusunu yenileyebilir, potansiyel olarak hava keselerini ve hava yollar\u0131n\u0131 onarabilir, nefes alman\u0131z\u0131 kolayla\u015ft\u0131rabilir ve ya\u015fam kalitenizi art\u0131rabilir.<\/p>\n\n<p><strong>KOAH&#8217;\u0131n zorluklar\u0131yla y\u00fczle\u015firken yaln\u0131z de\u011filsiniz.<\/strong><\/p>\n\n<p><strong>KOAH i\u00e7in K\u00f6k H\u00fccre Tedavisi ile<\/strong><strong>bu yolculukta size destek olmak i\u00e7in buraday\u0131z<\/strong>.<\/p>\n\n<p><strong>\n  <strong>KOAH ile birlikte m\u00fccadele edelim<\/strong>\n<\/strong>. K\u00f6k h\u00fccre tedavisinin potansiyelini ortaya \u00e7\u0131karal\u0131m ve KOAH i\u00e7in k\u00f6k h\u00fccre tedavisi ile KOAH&#8217;\u0131n hikayesini yeniden yazal\u0131m. Akci\u011fer fonksiyonunuzu geri kazanman\u0131n ve daha derin nefesler ve yenilenmi\u015f olas\u0131l\u0131klarla dolu bir gelece\u011fi kucaklaman\u0131n zaman\u0131 geldi.<\/p>\n\n<h3 class=\"wp-block-heading\"><a href=\"https:\/\/medclinics.com\/tr\/stem-cell-therapy-2\/\" target=\"_blank\" rel=\"noreferrer noopener\">K\u00f6k h\u00fccre tedavisi<\/a> hakk\u0131nda bilmeniz gereken her \u015fey burada, hemen <a href=\"#requestform\">bizimle ileti\u015fime<\/a> ge\u00e7in!<\/h3>\n\n<figure class=\"wp-block-image size-full\"><img fetchpriority=\"high\" decoding=\"async\" width=\"1450\" height=\"967\" src=\"https:\/\/medclinics.com\/wp-content\/uploads\/2023\/12\/stem-cell-therapy-for-copd.jpg\" alt=\"Copd &#x130;&#xE7;in K&#xF6;k H&#xFC;cre Tedavisi\" class=\"wp-image-120625\" srcset=\"https:\/\/medclinics.com\/wp-content\/uploads\/2023\/12\/stem-cell-therapy-for-copd.jpg 1450w, https:\/\/medclinics.com\/wp-content\/uploads\/2023\/12\/stem-cell-therapy-for-copd-500x333.jpg 500w, https:\/\/medclinics.com\/wp-content\/uploads\/2023\/12\/stem-cell-therapy-for-copd-1024x683.jpg 1024w, https:\/\/medclinics.com\/wp-content\/uploads\/2023\/12\/stem-cell-therapy-for-copd-768x512.jpg 768w, https:\/\/medclinics.com\/wp-content\/uploads\/2023\/12\/stem-cell-therapy-for-copd-24x16.jpg 24w, https:\/\/medclinics.com\/wp-content\/uploads\/2023\/12\/stem-cell-therapy-for-copd-36x24.jpg 36w, https:\/\/medclinics.com\/wp-content\/uploads\/2023\/12\/stem-cell-therapy-for-copd-48x32.jpg 48w\" sizes=\"(max-width: 1450px) 100vw, 1450px\" \/><\/figure>\n\n<h2 class=\"wp-block-heading\">SSS<\/h2>\n<div id=\"rank-math-faq\" class=\"rank-math-block\">\n<div class=\"rank-math-list \">\n<div id=\"faq-question-1703500283273\" class=\"rank-math-list-item\">\n<h3 class=\"rank-math-question \">KOAH&#8217;\u0131n ba\u015flang\u0131c\u0131 nas\u0131l anla\u015f\u0131l\u0131r?<\/h3>\n<div class=\"rank-math-answer \">\n\n<p><strong>Az miktarda balgamla birlikte hafif \u00f6ks\u00fcr\u00fck KOAH&#8217;\u0131n erken belirtisi olabilir.<\/strong> KOAH tan\u0131s\u0131n\u0131n gecikmesinin en \u00f6nemli nedeni sigara i\u00e7enlerin \u00f6ks\u00fcr\u00fck ve balgam\u0131 normal kabul etmeleridir.<br \/><strong>Sigara i\u00e7iyorsan\u0131z, \u00f6ks\u00fcr\u00fck ve balgam \u015fikayetiniz varsa mutlaka bir g\u00f6\u011f\u00fcs hastal\u0131klar\u0131 uzman\u0131na ba\u015fvurmal\u0131s\u0131n\u0131z<\/strong>.<\/p>\n\n<\/div>\n<\/div>\n<div id=\"faq-question-1703500306543\" class=\"rank-math-list-item\">\n<h3 class=\"rank-math-question \">KOAH hastalar\u0131 iyile\u015febilir mi?<\/h3>\n<div class=\"rank-math-answer \">\n\n<p>KOAH&#8217;\u0131n erken te\u015fhisi, sigaran\u0131n b\u0131rak\u0131lmas\u0131 ve ila\u00e7lar\u0131n d\u00fczenli kullan\u0131m\u0131 hastal\u0131\u011f\u0131n ilerlemesini \u00f6nleyebilir. KOAH hangi d\u00fczeyde olursa olsun, hasta sigaray\u0131 b\u0131rakt\u0131\u011f\u0131nda hastal\u0131\u011f\u0131n seyri olumlu y\u00f6nde etkilenir<strong>.<\/strong><\/p>\n\n<\/div>\n<\/div>\n<\/div>\n<\/div>\n<h3 class=\"wp-block-heading\">Herhangi bir sorunuz olmas\u0131 durumunda hemen bizimle ileti\u015fime ge\u00e7in!<\/h3>\n","protected":false},"excerpt":{"rendered":"<p>KOAH i\u00e7in K\u00f6k H\u00fccre Tedavisinin s\u0131n\u0131rs\u0131z olanaklar\u0131n\u0131 ar\u0131yorsan\u0131z, do\u011fru yerdesiniz. Artrit, d\u00fcnya \u00e7ap\u0131nda milyonlarca insan\u0131 etkileyen yayg\u0131n ve kal\u0131c\u0131 bir [&hellip;]<\/p>\n","protected":false},"author":4,"featured_media":120639,"parent":0,"menu_order":0,"comment_status":"closed","ping_status":"closed","template":"","meta":{"site-sidebar-layout":"default","site-content-layout":"","ast-site-content-layout":"default","site-content-style":"default","site-sidebar-style":"default","ast-global-header-display":"","ast-banner-title-visibility":"","ast-main-header-display":"","ast-hfb-above-header-display":"","ast-hfb-below-header-display":"","ast-hfb-mobile-header-display":"","site-post-title":"","ast-breadcrumbs-content":"","ast-featured-img":"","footer-sml-layout":"","ast-disable-related-posts":"","theme-transparent-header-meta":"","adv-header-id-meta":"","stick-header-meta":"","header-above-stick-meta":"","header-main-stick-meta":"","header-below-stick-meta":"","astra-migrate-meta-layouts":"default","ast-page-background-enabled":"default","ast-page-background-meta":{"desktop":{"background-color":"var(--ast-global-color-4)","background-image":"","background-repeat":"repeat","background-position":"center center","background-size":"auto","background-attachment":"scroll","background-type":"","background-media":"","overlay-type":"","overlay-color":"","overlay-opacity":"","overlay-gradient":""},"tablet":{"background-color":"","background-image":"","background-repeat":"repeat","background-position":"center center","background-size":"auto","background-attachment":"scroll","background-type":"","background-media":"","overlay-type":"","overlay-color":"","overlay-opacity":"","overlay-gradient":""},"mobile":{"background-color":"","background-image":"","background-repeat":"repeat","background-position":"center center","background-size":"auto","background-attachment":"scroll","background-type":"","background-media":"","overlay-type":"","overlay-color":"","overlay-opacity":"","overlay-gradient":""}},"ast-content-background-meta":{"desktop":{"background-color":"var(--ast-global-color-5)","background-image":"","background-repeat":"repeat","background-position":"center center","background-size":"auto","background-attachment":"scroll","background-type":"","background-media":"","overlay-type":"","overlay-color":"","overlay-opacity":"","overlay-gradient":""},"tablet":{"background-color":"var(--ast-global-color-5)","background-image":"","background-repeat":"repeat","background-position":"center center","background-size":"auto","background-attachment":"scroll","background-type":"","background-media":"","overlay-type":"","overlay-color":"","overlay-opacity":"","overlay-gradient":""},"mobile":{"background-color":"var(--ast-global-color-5)","background-image":"","background-repeat":"repeat","background-position":"center center","background-size":"auto","background-attachment":"scroll","background-type":"","background-media":"","overlay-type":"","overlay-color":"","overlay-opacity":"","overlay-gradient":""}},"footnotes":""},"class_list":["post-148751","page","type-page","status-publish","has-post-thumbnail","hentry"],"_links":{"self":[{"href":"https:\/\/medclinics.com\/tr\/wp-json\/wp\/v2\/pages\/148751","targetHints":{"allow":["GET"]}}],"collection":[{"href":"https:\/\/medclinics.com\/tr\/wp-json\/wp\/v2\/pages"}],"about":[{"href":"https:\/\/medclinics.com\/tr\/wp-json\/wp\/v2\/types\/page"}],"author":[{"embeddable":true,"href":"https:\/\/medclinics.com\/tr\/wp-json\/wp\/v2\/users\/4"}],"replies":[{"embeddable":true,"href":"https:\/\/medclinics.com\/tr\/wp-json\/wp\/v2\/comments?post=148751"}],"version-history":[{"count":0,"href":"https:\/\/medclinics.com\/tr\/wp-json\/wp\/v2\/pages\/148751\/revisions"}],"wp:featuredmedia":[{"embeddable":true,"href":"https:\/\/medclinics.com\/tr\/wp-json\/wp\/v2\/media\/120639"}],"wp:attachment":[{"href":"https:\/\/medclinics.com\/tr\/wp-json\/wp\/v2\/media?parent=148751"}],"curies":[{"name":"wp","href":"https:\/\/api.w.org\/{rel}","templated":true}]}}