{"id":148735,"date":"2023-05-21T08:53:00","date_gmt":"2023-05-21T05:53:00","guid":{"rendered":"https:\/\/medclinics.com\/als-lou-gehrig-hastaligi-icin-kok-hucre-tedavisi-hayat-degistiren-bir-tedavi\/"},"modified":"2025-01-03T00:13:22","modified_gmt":"2025-01-02T21:13:22","slug":"als-lou-gehrig-hastaligi-icin-kok-hucre-tedavisi-hayat-degistiren-bir-tedavi","status":"publish","type":"page","link":"https:\/\/medclinics.com\/tr\/als-lou-gehrig-hastaligi-icin-kok-hucre-tedavisi-hayat-degistiren-bir-tedavi\/","title":{"rendered":"ALS (Lou Gehrig Hastal\u0131\u011f\u0131) i\u00e7in K\u00f6k H\u00fccre Tedavisi: Hayat De\u011fi\u015ftiren Bir Tedavi"},"content":{"rendered":"\n<h2 class=\"wp-block-heading\">ALS i\u00e7in K\u00f6k H\u00fccre Tedavisinin s\u0131n\u0131rs\u0131z olanaklar\u0131n\u0131 ar\u0131yorsan\u0131z, do\u011fru yere geldiniz.<\/h2>\n\n<p><strong><br\/>ALS (<strong>Amyotrofik lateral skleroz<\/strong>)<\/strong> merkezi sinir sistemini etkileyen ilerleyici bir n\u00f6rodejeneratif hastal\u0131kt\u0131r. Kas hareketinden sorumlu beyin ve omurilikteki sinir h\u00fccreleri hasar g\u00f6rd\u00fc\u011f\u00fcnde ortaya \u00e7\u0131kar.<\/p>\n\n<p><strong>ALS hastal\u0131\u011f\u0131n\u0131n belirtileri nelerdir?<\/strong><\/p>\n\n<ul class=\"wp-block-list\">\n<li>Kollarda, bacaklarda veya y\u00fczde g\u00fc\u00e7s\u00fczl\u00fck<\/li>\n\n\n\n<li>Kaslarda sertlik<\/li>\n\n\n\n<li>Sars\u0131nt\u0131lar<\/li>\n\n\n\n<li>Konu\u015fma veya yutma g\u00fc\u00e7l\u00fc\u011f\u00fc<\/li>\n\n\n\n<li>Nefes almada zorluk<\/li>\n<\/ul>\n\n<p><strong>ALS i\u00e7in kimler risk alt\u0131ndad\u0131r?<\/strong><\/p>\n\n<ul class=\"wp-block-list\">\n<li>Ya\u015f<strong>:<\/strong> ALS riski ya\u015fla birlikte d\u00fczenli olarak artar ve 60 ile 80&#8217;lerin ortalar\u0131 aras\u0131nda zirve yapar.<\/li>\n\n\n\n<li><strong>Cinsiyet:<\/strong> Erkeklerin ALS hastal\u0131\u011f\u0131na yakalanma olas\u0131l\u0131\u011f\u0131 kad\u0131nlara g\u00f6re biraz daha y\u00fcksektir.<\/li>\n\n\n\n<li><strong>Aile ge\u00e7mi\u015fi:<\/strong> ALS hastas\u0131 yak\u0131n bir aile \u00fcyesine sahip olmak riskinizi art\u0131r\u0131r.<\/li>\n<\/ul>\n\n<p><strong><br\/>ALS nas\u0131l te\u015fhis edilir?<\/strong><\/p>\n\n<ul class=\"wp-block-list\">\n<li>Elektromiyografi (EMG)<\/li>\n\n\n\n<li>Sinir iletim \u00e7al\u0131\u015fmalar\u0131<\/li>\n\n\n\n<li>Manyetik rezonans g\u00f6r\u00fcnt\u00fcleme (MRI)<\/li>\n\n\n\n<li>Kan ve idrar testleri<\/li>\n\n\n\n<li>Lomber ponksiyon (LP)<\/li>\n\n\n\n<li>Kas biyopsisi<\/li>\n<\/ul>\n\n<p>\u015eu anda ALS i\u00e7in bir tedavi bulunmuyor, ancak ALS i\u00e7in <a href=\"https:\/\/www.stemcelltherapy.gen.tr\" data-type=\"link\" data-id=\"https:\/\/www.stemcelltherapy.gen.tr\" target=\"_blank\" rel=\"noopener\">k\u00f6k h\u00fccre<\/a> tedavisi umut verici bir potansiyel tedavi se\u00e7ene\u011fi olarak ortaya \u00e7\u0131k\u0131yor. K\u00f6k h\u00fccreler, motor n\u00f6ronlar da dahil olmak \u00fczere \u00e7e\u015fitli h\u00fccre tiplerine d\u00f6n\u00fc\u015febilen benzersiz h\u00fccrelerdir. ALS i\u00e7in k\u00f6k h\u00fccre tedavisinin beyin ve omurilikteki hasarl\u0131 motor n\u00f6ronlar\u0131n yenilenmesine yard\u0131mc\u0131 olarak ALS&#8217;nin ilerlemesini yava\u015flatmas\u0131 ve semptomlar\u0131 iyile\u015ftirmesi umulmaktad\u0131r.<\/p>\n\n<p>ALS hastal\u0131\u011f\u0131n\u0131n zorluklar\u0131yla kar\u015f\u0131 kar\u015f\u0131yaysan\u0131z, yaln\u0131z de\u011filsiniz. Hen\u00fcz bir tedavisi olmasa da, ALS i\u00e7in k\u00f6k h\u00fccre tedavisi gibi heyecan verici geli\u015fmeler bir umut \u0131\u015f\u0131\u011f\u0131 sunuyor.<\/p>\n\n<p><strong>Yard\u0131m etmek i\u00e7in buraday\u0131z:<\/strong><\/p>\n\n<p>Tedavi s\u00fcreci, g\u00fcvenlik hususlar\u0131 ve devam eden klinik \u00e7al\u0131\u015fmalar hakk\u0131nda bilgi almak i\u00e7in bizimle ileti\u015fime ge\u00e7in. Birlikte bu yolculukta yol alabilir ve k\u00f6k h\u00fccre tedavisinin sundu\u011fu umudu ke\u015ffedebiliriz.<\/p>\n\n<p><strong>Birlikte k\u00f6k h\u00fccrelerin g\u00fcc\u00fcn\u00fc ortaya \u00e7\u0131karal\u0131m ve artritin hikayesini yeniden yazal\u0131m. Ac\u0131n\u0131n \u00f6tesine ge\u00e7elim ve ALS ile sava\u015fmak i\u00e7in birlikte \u00e7al\u0131\u015fabilece\u011fimiz bir gelece\u011fi kucaklayal\u0131m. K\u00f6k h\u00fccre tedavisi, hareket ve g\u00fcc\u00fc yeniden kazand\u0131\u011f\u0131m\u0131z bir gelecek i\u00e7in bize umut veriyor. ALS&#8217;nin zorluklar\u0131n\u0131n \u00fcstesinden gelelim ve yeni olas\u0131l\u0131klarla dolu bir hikayeyi kar\u015f\u0131layal\u0131m.<\/strong><\/p>\n\n<h3 class=\"wp-block-heading\"><a href=\"https:\/\/medclinics.com\/tr\/stem-cell-therapy-2\/\" target=\"_blank\" rel=\"noreferrer noopener\">K\u00f6k h\u00fccre tedavisi<\/a> hakk\u0131nda bilmeniz gereken her \u015fey burada, hemen <a href=\"#requestform\">bizimle ileti\u015fime<\/a> ge\u00e7in!<\/h3>\n\n<figure class=\"wp-block-image size-full\"><img fetchpriority=\"high\" decoding=\"async\" width=\"1450\" height=\"967\" src=\"https:\/\/medclinics.com\/wp-content\/uploads\/2023\/12\/stem-cell-therapy-for-als.jpg\" alt=\"als i&#x307;&#xE7;i&#x307;n k&#xF6;k h&#xFC;cre tedavi&#x307;si&#x307;\" class=\"wp-image-120580\" srcset=\"https:\/\/medclinics.com\/wp-content\/uploads\/2023\/12\/stem-cell-therapy-for-als.jpg 1450w, https:\/\/medclinics.com\/wp-content\/uploads\/2023\/12\/stem-cell-therapy-for-als-500x333.jpg 500w, https:\/\/medclinics.com\/wp-content\/uploads\/2023\/12\/stem-cell-therapy-for-als-1024x683.jpg 1024w, https:\/\/medclinics.com\/wp-content\/uploads\/2023\/12\/stem-cell-therapy-for-als-768x512.jpg 768w, https:\/\/medclinics.com\/wp-content\/uploads\/2023\/12\/stem-cell-therapy-for-als-24x16.jpg 24w, https:\/\/medclinics.com\/wp-content\/uploads\/2023\/12\/stem-cell-therapy-for-als-36x24.jpg 36w, https:\/\/medclinics.com\/wp-content\/uploads\/2023\/12\/stem-cell-therapy-for-als-48x32.jpg 48w\" sizes=\"(max-width: 1450px) 100vw, 1450px\" \/><\/figure>\n\n<h3 class=\"wp-block-heading\">Herhangi bir sorunuz olmas\u0131 durumunda hemen bizimle ileti\u015fime ge\u00e7in!<\/h3>\n","protected":false},"excerpt":{"rendered":"<p>ALS i\u00e7in K\u00f6k H\u00fccre Tedavisinin s\u0131n\u0131rs\u0131z olanaklar\u0131n\u0131 ar\u0131yorsan\u0131z, do\u011fru yere geldiniz. ALS (Amyotrofik lateral skleroz) merkezi sinir sistemini etkileyen ilerleyici [&hellip;]<\/p>\n","protected":false},"author":4,"featured_media":120587,"parent":0,"menu_order":0,"comment_status":"closed","ping_status":"closed","template":"","meta":{"site-sidebar-layout":"default","site-content-layout":"","ast-site-content-layout":"default","site-content-style":"default","site-sidebar-style":"default","ast-global-header-display":"","ast-banner-title-visibility":"","ast-main-header-display":"","ast-hfb-above-header-display":"","ast-hfb-below-header-display":"","ast-hfb-mobile-header-display":"","site-post-title":"","ast-breadcrumbs-content":"","ast-featured-img":"","footer-sml-layout":"","ast-disable-related-posts":"","theme-transparent-header-meta":"","adv-header-id-meta":"","stick-header-meta":"","header-above-stick-meta":"","header-main-stick-meta":"","header-below-stick-meta":"","astra-migrate-meta-layouts":"default","ast-page-background-enabled":"default","ast-page-background-meta":{"desktop":{"background-color":"var(--ast-global-color-4)","background-image":"","background-repeat":"repeat","background-position":"center center","background-size":"auto","background-attachment":"scroll","background-type":"","background-media":"","overlay-type":"","overlay-color":"","overlay-opacity":"","overlay-gradient":""},"tablet":{"background-color":"","background-image":"","background-repeat":"repeat","background-position":"center center","background-size":"auto","background-attachment":"scroll","background-type":"","background-media":"","overlay-type":"","overlay-color":"","overlay-opacity":"","overlay-gradient":""},"mobile":{"background-color":"","background-image":"","background-repeat":"repeat","background-position":"center center","background-size":"auto","background-attachment":"scroll","background-type":"","background-media":"","overlay-type":"","overlay-color":"","overlay-opacity":"","overlay-gradient":""}},"ast-content-background-meta":{"desktop":{"background-color":"var(--ast-global-color-5)","background-image":"","background-repeat":"repeat","background-position":"center center","background-size":"auto","background-attachment":"scroll","background-type":"","background-media":"","overlay-type":"","overlay-color":"","overlay-opacity":"","overlay-gradient":""},"tablet":{"background-color":"var(--ast-global-color-5)","background-image":"","background-repeat":"repeat","background-position":"center center","background-size":"auto","background-attachment":"scroll","background-type":"","background-media":"","overlay-type":"","overlay-color":"","overlay-opacity":"","overlay-gradient":""},"mobile":{"background-color":"var(--ast-global-color-5)","background-image":"","background-repeat":"repeat","background-position":"center center","background-size":"auto","background-attachment":"scroll","background-type":"","background-media":"","overlay-type":"","overlay-color":"","overlay-opacity":"","overlay-gradient":""}},"footnotes":""},"class_list":["post-148735","page","type-page","status-publish","has-post-thumbnail","hentry"],"_links":{"self":[{"href":"https:\/\/medclinics.com\/tr\/wp-json\/wp\/v2\/pages\/148735","targetHints":{"allow":["GET"]}}],"collection":[{"href":"https:\/\/medclinics.com\/tr\/wp-json\/wp\/v2\/pages"}],"about":[{"href":"https:\/\/medclinics.com\/tr\/wp-json\/wp\/v2\/types\/page"}],"author":[{"embeddable":true,"href":"https:\/\/medclinics.com\/tr\/wp-json\/wp\/v2\/users\/4"}],"replies":[{"embeddable":true,"href":"https:\/\/medclinics.com\/tr\/wp-json\/wp\/v2\/comments?post=148735"}],"version-history":[{"count":0,"href":"https:\/\/medclinics.com\/tr\/wp-json\/wp\/v2\/pages\/148735\/revisions"}],"wp:featuredmedia":[{"embeddable":true,"href":"https:\/\/medclinics.com\/tr\/wp-json\/wp\/v2\/media\/120587"}],"wp:attachment":[{"href":"https:\/\/medclinics.com\/tr\/wp-json\/wp\/v2\/media?parent=148735"}],"curies":[{"name":"wp","href":"https:\/\/api.w.org\/{rel}","templated":true}]}}