{"id":148717,"date":"2023-05-20T07:06:00","date_gmt":"2023-05-20T04:06:00","guid":{"rendered":"https:\/\/medclinics.com\/parkinson-hastaligi-icin-kok-hucre-tedavisi-devrim-niteliginde-bir-tedavi\/"},"modified":"2025-01-03T01:51:49","modified_gmt":"2025-01-02T22:51:49","slug":"parkinson-hastaligi-icin-kok-hucre-tedavisi-devrim-niteliginde-bir-tedavi","status":"publish","type":"page","link":"https:\/\/medclinics.com\/tr\/parkinson-hastaligi-icin-kok-hucre-tedavisi-devrim-niteliginde-bir-tedavi\/","title":{"rendered":"Parkinson Hastal\u0131\u011f\u0131 i\u00e7in K\u00f6k H\u00fccre Tedavisi: Devrim Niteli\u011finde Bir Tedavi"},"content":{"rendered":"\n<p>\u00a0<\/p>\n\n<h2 class=\"wp-block-heading\">Parkinson Hastal\u0131\u011f\u0131 Tedavisi i\u00e7in K\u00f6k H\u00fccre Tedavisinin sonsuz potansiyelini ar\u0131yorsan\u0131z, do\u011fru yere geldiniz!<\/h2>\n\n<p><br\/>Parkinson, hareket, koordinasyon ve dengeyi etkileyen n\u00f6rodejeneratif bir durumdur. Beyindeki dopamin \u00fcreten h\u00fccrelerin \u00f6l\u00fcm\u00fcnden kaynaklan\u0131r. Dopamin, hareketi kontrol etmeye yard\u0131mc\u0131 olan bir n\u00f6rotransmitterdir.<\/p>\n\n<p><strong>Parkinson hastal\u0131\u011f\u0131n\u0131n belirtileri \u015funlar\u0131 i\u00e7erebilir:<\/strong><\/p>\n\n<ul class=\"wp-block-list\">\n<li>Yava\u015f hareket<\/li>\n\n\n\n<li>Kas sertli\u011fi<\/li>\n\n\n\n<li>Duru\u015f ve denge bozuklu\u011fu<\/li>\n\n\n\n<li>Sars\u0131nt\u0131lar<\/li>\n\n\n\n<li>A\u011fr\u0131<\/li>\n\n\n\n<li>Depresyon<\/li>\n\n\n\n<li>Uyku sorunlar\u0131<\/li>\n<\/ul>\n\n<p><strong>Parkinson hastal\u0131\u011f\u0131 i\u00e7in kimler risk alt\u0131ndad\u0131r?<\/strong><\/p>\n\n<ul class=\"wp-block-list\">\n<li>Ya\u015f<strong>:<\/strong> Parkinson hastal\u0131\u011f\u0131na yakalanma riski ya\u015fla birlikte artar.<\/li>\n\n\n\n<li><strong>Aile ge\u00e7mi\u015fi:<\/strong> Ailesinde Parkinson hastal\u0131\u011f\u0131 \u00f6yk\u00fcs\u00fc olan ki\u015filerin kendilerinin de hastal\u0131\u011fa yakalanma olas\u0131l\u0131\u011f\u0131 daha y\u00fcksektir.<\/li>\n\n\n\n<li><strong>Cinsiyet:<\/strong> Erkeklerin Parkinson hastal\u0131\u011f\u0131na yakalanma olas\u0131l\u0131\u011f\u0131 kad\u0131nlara g\u00f6re daha y\u00fcksektir.<\/li>\n\n\n\n<li><strong>\u00c7evresel fakt\u00f6rler:<\/strong> Pestisitler veya herbisitler gibi baz\u0131 \u00e7evresel fakt\u00f6rlere maruz kalmak Parkinson hastal\u0131\u011f\u0131 riskini art\u0131rabilir.<\/li>\n<\/ul>\n\n<p>\u015eu anda bu hastal\u0131\u011f\u0131n tedavisi bulunmamaktad\u0131r. Bununla birlikte, semptomlar\u0131 y\u00f6netmeye yard\u0131mc\u0131 olabilecek bir dizi tedavi vard\u0131r. Bunlar \u015funlar\u0131 i\u00e7erir:<\/p>\n\n<ul class=\"wp-block-list\">\n<li>\u0130la\u00e7lar<\/li>\n\n\n\n<li>Operasyonlar<\/li>\n\n\n\n<li>Fiziksel t\u0131p ve rehabilitasyon<\/li>\n\n\n\n<li>Ergoterapi<\/li>\n<\/ul>\n\n<p><strong><a href=\"https:\/\/www.stemcelltherapy.gen.tr\/\" target=\"_blank\" rel=\"noopener\">K\u00f6k h\u00fccre tedavisi<\/a> bu hastal\u0131k i\u00e7in umut verici yeni bir tedavi se\u00e7ene\u011fidir.<\/strong> K\u00f6k h\u00fccreler, v\u00fccuttaki herhangi bir h\u00fccre t\u00fcr\u00fcne d\u00f6n\u00fc\u015fme potansiyeline sahip farkl\u0131la\u015fmam\u0131\u015f h\u00fccrelerdir. K\u00f6k h\u00fccreler beyne verildi\u011finde, hasarl\u0131 dopamin \u00fcreten h\u00fccrelerin yerini alm\u0131\u015f olurlar. Bu hastal\u0131k i\u00e7in k\u00f6k h\u00fccre tedavisi kullan\u0131larak hastal\u0131k yava\u015flat\u0131labilir, tamamen durdurulabilir ve hatta daha iyi hale getirilebilir.<\/p>\n\n<p>Erken tan\u0131 ve gen\u00e7 ya\u015f, tedavi sonu\u00e7lar\u0131n\u0131 olumlu y\u00f6nde etkileyebilir.<\/p>\n\n<p>Parkinson i\u00e7in tedavi ar\u0131yorsan\u0131z, bir n\u00f6rolog ile konu\u015fun. K\u00f6k h\u00fccre tedavisi gibi tedavi se\u00e7eneklerinin yan\u0131 s\u0131ra di\u011fer kan\u0131tlanm\u0131\u015f tedavileri de a\u00e7\u0131klayabilirler. Size rehberlik etmek i\u00e7in sab\u0131rs\u0131zlan\u0131yoruz. Tedavi s\u00fcreci ve sonu\u00e7lar\u0131 hakk\u0131nda bilgi almak i\u00e7in bizimle ileti\u015fime ge\u00e7in.<\/p>\n\n<p><strong>K\u00f6k h\u00fccrelerle birlikte Parkinson Hastal\u0131\u011f\u0131n\u0131n hikayesini yeniden yazal\u0131m.  <\/strong><\/p>\n\n<h3 class=\"wp-block-heading\"><a href=\"https:\/\/medclinics.com\/tr\/stem-cell-therapy-2\/\" target=\"_blank\" rel=\"noreferrer noopener\">K\u00f6k h\u00fccre tedavisi<\/a> hakk\u0131nda bilmeniz gereken her \u015fey burada, hemen <a href=\"#requestform\">bizimle ileti\u015fime<\/a> ge\u00e7in!<\/h3>\n\n<figure class=\"wp-block-image size-full\"><img fetchpriority=\"high\" decoding=\"async\" width=\"1450\" height=\"967\" class=\"wp-image-120230\" src=\"https:\/\/medclinics.com\/wp-content\/uploads\/2023\/12\/stem-cell-therapy-for-parkinsons-disease.jpg\" alt=\"Parkinson Hastal&#x131;&#x11F;&#x131; &#x130;&#xE7;in K&#xF6;k H&#xFC;cre Tedavisi\" srcset=\"https:\/\/medclinics.com\/wp-content\/uploads\/2023\/12\/stem-cell-therapy-for-parkinsons-disease.jpg 1450w, https:\/\/medclinics.com\/wp-content\/uploads\/2023\/12\/stem-cell-therapy-for-parkinsons-disease-500x333.jpg 500w, https:\/\/medclinics.com\/wp-content\/uploads\/2023\/12\/stem-cell-therapy-for-parkinsons-disease-1024x683.jpg 1024w, https:\/\/medclinics.com\/wp-content\/uploads\/2023\/12\/stem-cell-therapy-for-parkinsons-disease-768x512.jpg 768w, https:\/\/medclinics.com\/wp-content\/uploads\/2023\/12\/stem-cell-therapy-for-parkinsons-disease-24x16.jpg 24w, https:\/\/medclinics.com\/wp-content\/uploads\/2023\/12\/stem-cell-therapy-for-parkinsons-disease-36x24.jpg 36w, https:\/\/medclinics.com\/wp-content\/uploads\/2023\/12\/stem-cell-therapy-for-parkinsons-disease-48x32.jpg 48w\" sizes=\"(max-width: 1450px) 100vw, 1450px\" \/><\/figure>\n\n<h2 class=\"wp-block-heading\">SSS<\/h2>\n<div id=\"rank-math-faq\" class=\"rank-math-block\">\n<div class=\"rank-math-list \">\n<div id=\"faq-question-1703488525403\" class=\"rank-math-list-item\">\n<h3 class=\"rank-math-question \">Parkinson hastal\u0131\u011f\u0131 nas\u0131l anla\u015f\u0131l\u0131r?<\/h3>\n<div class=\"rank-math-answer \">\n\n<p>Parkinson, yava\u015f hareket, titreme, kas sertli\u011fi ve denge sorunlar\u0131na neden olan n\u00f6rolojik bir hastal\u0131kt\u0131r. Belirtiler genellikle v\u00fccudun bir taraf\u0131nda ba\u015flar ve yava\u015f yava\u015f di\u011fer tarafa yay\u0131l\u0131r.<\/p>\n\n<\/div>\n<\/div>\n<div id=\"faq-question-1703488548977\" class=\"rank-math-list-item\">\n<h3 class=\"rank-math-question \"><strong>Parkinson hastal\u0131\u011f\u0131 tipik olarak ne zaman ortaya \u00e7\u0131kar?<\/strong><\/h3>\n<div class=\"rank-math-answer \">\n\n<p><strong>Parkinson tipik olarak 40 ila 70 ya\u015flar\u0131 aras\u0131nda ortaya \u00e7\u0131kar. Gen\u00e7 ya\u015f gruplar\u0131nda \u00e7ok nadir g\u00f6r\u00fcl\u00fcr. Daha gen\u00e7 ya\u015f gruplar\u0131nda ortaya \u00e7\u0131kt\u0131\u011f\u0131nda, neredeyse her zaman genetik nedenlere ba\u011fl\u0131d\u0131r.<\/strong><\/p>\n\n<\/div>\n<\/div>\n<div id=\"faq-question-1703488637791\" class=\"rank-math-list-item\">\n<h3 class=\"rank-math-question \"><strong>Parkinson genetik bir hastal\u0131k m\u0131d\u0131r?<\/strong><\/h3>\n<div class=\"rank-math-answer \">\n\n<p>Genetik bir e\u011filim var. Ancak, Parkinson genlerine sahip olmak her zaman hastal\u0131\u011fa yakalanmak anlam\u0131na gelmez. \u00c7evresel fakt\u00f6rler de \u00e7ok \u00f6nemlidir<\/p>\n\n<\/div>\n<\/div>\n<\/div>\n<\/div>\n<h3 class=\"wp-block-heading\">Herhangi bir sorunuz olmas\u0131 durumunda hemen bizimle ileti\u015fime ge\u00e7in!<\/h3>\n","protected":false},"excerpt":{"rendered":"<p>\u00a0 Parkinson Hastal\u0131\u011f\u0131 Tedavisi i\u00e7in K\u00f6k H\u00fccre Tedavisinin sonsuz potansiyelini ar\u0131yorsan\u0131z, do\u011fru yere geldiniz! Parkinson, hareket, koordinasyon ve dengeyi etkileyen [&hellip;]<\/p>\n","protected":false},"author":4,"featured_media":120223,"parent":0,"menu_order":0,"comment_status":"closed","ping_status":"closed","template":"","meta":{"site-sidebar-layout":"default","site-content-layout":"","ast-site-content-layout":"default","site-content-style":"default","site-sidebar-style":"default","ast-global-header-display":"","ast-banner-title-visibility":"","ast-main-header-display":"","ast-hfb-above-header-display":"","ast-hfb-below-header-display":"","ast-hfb-mobile-header-display":"","site-post-title":"","ast-breadcrumbs-content":"","ast-featured-img":"","footer-sml-layout":"","ast-disable-related-posts":"","theme-transparent-header-meta":"","adv-header-id-meta":"","stick-header-meta":"","header-above-stick-meta":"","header-main-stick-meta":"","header-below-stick-meta":"","astra-migrate-meta-layouts":"default","ast-page-background-enabled":"default","ast-page-background-meta":{"desktop":{"background-color":"var(--ast-global-color-4)","background-image":"","background-repeat":"repeat","background-position":"center center","background-size":"auto","background-attachment":"scroll","background-type":"","background-media":"","overlay-type":"","overlay-color":"","overlay-opacity":"","overlay-gradient":""},"tablet":{"background-color":"","background-image":"","background-repeat":"repeat","background-position":"center center","background-size":"auto","background-attachment":"scroll","background-type":"","background-media":"","overlay-type":"","overlay-color":"","overlay-opacity":"","overlay-gradient":""},"mobile":{"background-color":"","background-image":"","background-repeat":"repeat","background-position":"center center","background-size":"auto","background-attachment":"scroll","background-type":"","background-media":"","overlay-type":"","overlay-color":"","overlay-opacity":"","overlay-gradient":""}},"ast-content-background-meta":{"desktop":{"background-color":"var(--ast-global-color-5)","background-image":"","background-repeat":"repeat","background-position":"center center","background-size":"auto","background-attachment":"scroll","background-type":"","background-media":"","overlay-type":"","overlay-color":"","overlay-opacity":"","overlay-gradient":""},"tablet":{"background-color":"var(--ast-global-color-5)","background-image":"","background-repeat":"repeat","background-position":"center center","background-size":"auto","background-attachment":"scroll","background-type":"","background-media":"","overlay-type":"","overlay-color":"","overlay-opacity":"","overlay-gradient":""},"mobile":{"background-color":"var(--ast-global-color-5)","background-image":"","background-repeat":"repeat","background-position":"center center","background-size":"auto","background-attachment":"scroll","background-type":"","background-media":"","overlay-type":"","overlay-color":"","overlay-opacity":"","overlay-gradient":""}},"footnotes":""},"class_list":["post-148717","page","type-page","status-publish","has-post-thumbnail","hentry"],"_links":{"self":[{"href":"https:\/\/medclinics.com\/tr\/wp-json\/wp\/v2\/pages\/148717","targetHints":{"allow":["GET"]}}],"collection":[{"href":"https:\/\/medclinics.com\/tr\/wp-json\/wp\/v2\/pages"}],"about":[{"href":"https:\/\/medclinics.com\/tr\/wp-json\/wp\/v2\/types\/page"}],"author":[{"embeddable":true,"href":"https:\/\/medclinics.com\/tr\/wp-json\/wp\/v2\/users\/4"}],"replies":[{"embeddable":true,"href":"https:\/\/medclinics.com\/tr\/wp-json\/wp\/v2\/comments?post=148717"}],"version-history":[{"count":0,"href":"https:\/\/medclinics.com\/tr\/wp-json\/wp\/v2\/pages\/148717\/revisions"}],"wp:featuredmedia":[{"embeddable":true,"href":"https:\/\/medclinics.com\/tr\/wp-json\/wp\/v2\/media\/120223"}],"wp:attachment":[{"href":"https:\/\/medclinics.com\/tr\/wp-json\/wp\/v2\/media?parent=148717"}],"curies":[{"name":"wp","href":"https:\/\/api.w.org\/{rel}","templated":true}]}}