{"id":148707,"date":"2023-05-21T12:05:00","date_gmt":"2023-05-21T09:05:00","guid":{"rendered":"https:\/\/medclinics.com\/ms-icin-kok-hucre-tedavisi-multipl-skleroz-ms-ilerlemesini-yavaslatmak-icin-yeni-bir-umut\/"},"modified":"2025-01-03T00:12:29","modified_gmt":"2025-01-02T21:12:29","slug":"ms-icin-kok-hucre-tedavisi-multipl-skleroz-ms-ilerlemesini-yavaslatmak-icin-yeni-bir-umut","status":"publish","type":"page","link":"https:\/\/medclinics.com\/tr\/ms-icin-kok-hucre-tedavisi-multipl-skleroz-ms-ilerlemesini-yavaslatmak-icin-yeni-bir-umut\/","title":{"rendered":"MS i\u00e7in K\u00f6k H\u00fccre Tedavisi: Multipl Skleroz (MS) \u0130lerlemesini Yava\u015flatmak i\u00e7in Yeni Bir Umut"},"content":{"rendered":"\n<h2 class=\"wp-block-heading\">Multipl Skleroz (MS) i\u00e7in K\u00f6k H\u00fccre Tedavisinin sonsuz f\u0131rsatlar\u0131n\u0131 ar\u0131yorsan\u0131z, do\u011fru yere geldiniz!<\/h2>\n\n<p>Multipl Skleroz (MS) sinir sistemini bozan kronik bir hastal\u0131kt\u0131r. Ve milyonlarca insan bu hastal\u0131kla m\u00fccadele ediyor.<\/p>\n\n<p>Ancak <a href=\"https:\/\/www.stemcelltherapy.gen.tr\/\" target=\"_blank\" rel=\"noopener\">k\u00f6k h\u00fccre tedavisi<\/a>, bu konuda devrim niteli\u011finde bir yakla\u015f\u0131m sunuyor!<\/p>\n\n<p><strong>MS&#8217;in belirtileri \u015funlard\u0131r:<\/strong><\/p>\n\n<ul class=\"wp-block-list\">\n<li>Azalt\u0131lm\u0131\u015f yorgunluk<\/li>\n\n\n\n<li>Geli\u015ftirilmi\u015f hareketlilik<\/li>\n\n\n\n<li>Geli\u015fmi\u015f bili\u015fsel i\u015flev<\/li>\n<\/ul>\n\n<p>MS semptomlar\u0131n\u0131 y\u00f6netmek \u00f6nemli olsa da, k\u00f6k h\u00fccre tedavisi sadece semptom y\u00f6netiminin \u00f6tesine ge\u00e7meyi ama\u00e7lamaktad\u0131r. Sorunun ana nedenini hedef al\u0131r: do\u011fru \u00e7al\u0131\u015fmayan ve sa\u011fl\u0131kl\u0131 sinir h\u00fccrelerine sald\u0131ran bir ba\u011f\u0131\u015f\u0131kl\u0131k sistemi. MS i\u00e7in k\u00f6k h\u00fccre tedavisi ayr\u0131ca \u015fu potansiyelleri de sunmaktad\u0131r:<\/p>\n\n<ul class=\"wp-block-list\">\n<li>Azalt\u0131lm\u0131\u015f \u015fi\u015flik ve yorgunluk<\/li>\n\n\n\n<li>Geli\u015ftirilmi\u015f denge ve koordinasyon<\/li>\n\n\n\n<li>Geli\u015ftirilmi\u015f bellek<\/li>\n\n\n\n<li>Yava\u015flam\u0131\u015f hastal\u0131k ilerlemesi<\/li>\n<\/ul>\n\n<p>MS i\u00e7in k\u00f6k h\u00fccre tedavisinin hen\u00fcz erken a\u015famalar\u0131nda oldu\u011funu unutmamak \u00f6nemlidir. Ara\u015ft\u0131rmalar umut verici sonu\u00e7lar ortaya koysa da, uzun vadeli etkinli\u011fini ve potansiyel risklerini tam olarak anlamak i\u00e7in daha fazla \u00e7al\u0131\u015fmaya ihtiya\u00e7 vard\u0131r.<\/p>\n\n<p>MS herkesi farkl\u0131 \u015fekilde etkilese de, bu terapi hastal\u0131\u011f\u0131n \u00e7e\u015fitli formlar\u0131 i\u00e7in umut vaat etmektedir:<\/p>\n\n<ul class=\"wp-block-list\">\n<li>Relapsing-remitting MS (RRMS)<\/li>\n\n\n\n<li>Primer progresif MS (PPMS)<\/li>\n\n\n\n<li>Sekonder progresif MS (SPMS)<\/li>\n<\/ul>\n\n<p><strong>\u0130lk Ad\u0131m\u0131 Atmaya Haz\u0131r m\u0131s\u0131n\u0131z?<\/strong><\/p>\n\n<p>MS ile ya\u015f\u0131yorsan\u0131z ve bir umut \u0131\u015f\u0131\u011f\u0131 ar\u0131yorsan\u0131z, <a href=\"http:\/\/stemcelltherapy.gen.tr\" rel=\"nofollow noopener\" target=\"_blank\">k\u00f6k h\u00fccre tedavisi<\/a> arad\u0131\u011f\u0131n\u0131z cevap olabilir. <br\/><br\/>Unutmay\u0131n, bu yolculukta yaln\u0131z de\u011filsiniz. As <strong>\n  <a href=\"https:\/\/medclinics.com\/tr\/\">MedClinics<\/a>\n<\/strong>tedavi yolculu\u011funuzu g\u00fcvenli ve sorunsuz hale getirmek i\u00e7in buraday\u0131z. En iyi hastane ve seyahat plan\u0131n\u0131 ayarlamak i\u00e7in bize g\u00fcvenin.<\/p>\n\n<p>\u00a0<\/p>\n\n<h3 class=\"wp-block-heading\"><a href=\"https:\/\/medclinics.com\/tr\/stem-cell-therapy-2\/\" target=\"_blank\" rel=\"noreferrer noopener\">K\u00f6k h\u00fccre tedavisi<\/a> hakk\u0131nda bilmeniz gereken her \u015fey burada, hemen <a href=\"#requestform\">bizimle ileti\u015fime<\/a> ge\u00e7in!<\/h3>\n\n<figure class=\"wp-block-image size-full\"><img fetchpriority=\"high\" decoding=\"async\" width=\"960\" height=\"536\" src=\"https:\/\/medclinics.com\/wp-content\/uploads\/2023\/12\/stem-cell-for-ms.jpg\" alt=\"MS i&#xE7;in K&#xF6;k H&#xFC;cre Tedavisi\" class=\"wp-image-119913\" srcset=\"https:\/\/medclinics.com\/wp-content\/uploads\/2023\/12\/stem-cell-for-ms.jpg 960w, https:\/\/medclinics.com\/wp-content\/uploads\/2023\/12\/stem-cell-for-ms-500x279.jpg 500w, https:\/\/medclinics.com\/wp-content\/uploads\/2023\/12\/stem-cell-for-ms-768x429.jpg 768w, https:\/\/medclinics.com\/wp-content\/uploads\/2023\/12\/stem-cell-for-ms-24x13.jpg 24w, https:\/\/medclinics.com\/wp-content\/uploads\/2023\/12\/stem-cell-for-ms-36x20.jpg 36w, https:\/\/medclinics.com\/wp-content\/uploads\/2023\/12\/stem-cell-for-ms-48x27.jpg 48w\" sizes=\"(max-width: 960px) 100vw, 960px\" \/><\/figure>\n\n<h2 class=\"wp-block-heading\">SSS<\/h2>\n<div id=\"rank-math-faq\" class=\"rank-math-block\">\n<div class=\"rank-math-list \">\n<div id=\"faq-question-1685002520472\" class=\"rank-math-list-item\">\n<h3 class=\"rank-math-question \"><strong>K\u00f6k H\u00fccre Tedavisinin MS i\u00e7in etkili oldu\u011fu kan\u0131tlanm\u0131\u015f m\u0131d\u0131r?<\/strong><\/h3>\n<div class=\"rank-math-answer \">\n\n<p>Ara\u015ft\u0131rmalar ve klinik \u00e7al\u0131\u015fmalar, K\u00f6k H\u00fccre Tedavisinin semptomlar\u0131 iyile\u015ftirme ve potansiyel olarak MS&#8217;in ilerlemesini yava\u015flatma konusunda umut vaat etti\u011fini g\u00f6stermektedir. Ancak, bireysel yan\u0131tlar de\u011fi\u015fiklik g\u00f6sterebilir.<\/p>\n\n<\/div>\n<\/div>\n<div id=\"faq-question-1685002653278\" class=\"rank-math-list-item\">\n<h3 class=\"rank-math-question \"><strong>MS i\u00e7in K\u00f6k H\u00fccre Tedavisinin herhangi bir yan etkisi var m\u0131d\u0131r?<\/strong><\/h3>\n<div class=\"rank-math-answer \">\n\n<p>MS i\u00e7in k\u00f6k h\u00fccre tedavisi baz\u0131 yan etkiler ta\u015f\u0131yabilir, ancak bunlar\u0131n \u00e7o\u011fu ate\u015f, yorgunluk, mide bulant\u0131s\u0131 ve enjeksiyon b\u00f6lgesi reaksiyonlar\u0131 gibi k\u0131sa s\u00fcrelidir. Daha ciddi ancak nadir riskler aras\u0131nda GVHD (nakledilen h\u00fccrelerin v\u00fccudunuza sald\u0131rmas\u0131), t\u00fcm\u00f6r olu\u015fumu ve zay\u0131flam\u0131\u015f bir ba\u011f\u0131\u015f\u0131kl\u0131k sistemi nedeniyle artan enfeksiyon riski yer al\u0131r. Uzun vadeli etkileri hala ara\u015ft\u0131r\u0131lmaktad\u0131r, bu nedenle bir karar vermeden \u00f6nce t\u00fcm potansiyel sonu\u00e7lar\u0131 doktorunuzla g\u00f6r\u00fc\u015fmeniz \u00e7ok \u00f6nemlidir.  <\/p>\n\n<\/div>\n<\/div>\n<\/div>\n<\/div>\n<p>\u00a0<\/p>\n\n<h3 class=\"wp-block-heading\">Herhangi bir sorunuz olmas\u0131 durumunda hemen bizimle ileti\u015fime ge\u00e7in!<\/h3>\n","protected":false},"excerpt":{"rendered":"<p>Multipl Skleroz (MS) i\u00e7in K\u00f6k H\u00fccre Tedavisinin sonsuz f\u0131rsatlar\u0131n\u0131 ar\u0131yorsan\u0131z, do\u011fru yere geldiniz! Multipl Skleroz (MS) sinir sistemini bozan kronik [&hellip;]<\/p>\n","protected":false},"author":4,"featured_media":95501,"parent":0,"menu_order":0,"comment_status":"closed","ping_status":"closed","template":"","meta":{"site-sidebar-layout":"default","site-content-layout":"","ast-site-content-layout":"default","site-content-style":"default","site-sidebar-style":"default","ast-global-header-display":"","ast-banner-title-visibility":"","ast-main-header-display":"","ast-hfb-above-header-display":"","ast-hfb-below-header-display":"","ast-hfb-mobile-header-display":"","site-post-title":"","ast-breadcrumbs-content":"","ast-featured-img":"","footer-sml-layout":"","ast-disable-related-posts":"","theme-transparent-header-meta":"","adv-header-id-meta":"","stick-header-meta":"","header-above-stick-meta":"","header-main-stick-meta":"","header-below-stick-meta":"","astra-migrate-meta-layouts":"default","ast-page-background-enabled":"default","ast-page-background-meta":{"desktop":{"background-color":"var(--ast-global-color-4)","background-image":"","background-repeat":"repeat","background-position":"center center","background-size":"auto","background-attachment":"scroll","background-type":"","background-media":"","overlay-type":"","overlay-color":"","overlay-opacity":"","overlay-gradient":""},"tablet":{"background-color":"","background-image":"","background-repeat":"repeat","background-position":"center center","background-size":"auto","background-attachment":"scroll","background-type":"","background-media":"","overlay-type":"","overlay-color":"","overlay-opacity":"","overlay-gradient":""},"mobile":{"background-color":"","background-image":"","background-repeat":"repeat","background-position":"center center","background-size":"auto","background-attachment":"scroll","background-type":"","background-media":"","overlay-type":"","overlay-color":"","overlay-opacity":"","overlay-gradient":""}},"ast-content-background-meta":{"desktop":{"background-color":"var(--ast-global-color-5)","background-image":"","background-repeat":"repeat","background-position":"center center","background-size":"auto","background-attachment":"scroll","background-type":"","background-media":"","overlay-type":"","overlay-color":"","overlay-opacity":"","overlay-gradient":""},"tablet":{"background-color":"var(--ast-global-color-5)","background-image":"","background-repeat":"repeat","background-position":"center center","background-size":"auto","background-attachment":"scroll","background-type":"","background-media":"","overlay-type":"","overlay-color":"","overlay-opacity":"","overlay-gradient":""},"mobile":{"background-color":"var(--ast-global-color-5)","background-image":"","background-repeat":"repeat","background-position":"center center","background-size":"auto","background-attachment":"scroll","background-type":"","background-media":"","overlay-type":"","overlay-color":"","overlay-opacity":"","overlay-gradient":""}},"footnotes":""},"class_list":["post-148707","page","type-page","status-publish","has-post-thumbnail","hentry"],"_links":{"self":[{"href":"https:\/\/medclinics.com\/tr\/wp-json\/wp\/v2\/pages\/148707","targetHints":{"allow":["GET"]}}],"collection":[{"href":"https:\/\/medclinics.com\/tr\/wp-json\/wp\/v2\/pages"}],"about":[{"href":"https:\/\/medclinics.com\/tr\/wp-json\/wp\/v2\/types\/page"}],"author":[{"embeddable":true,"href":"https:\/\/medclinics.com\/tr\/wp-json\/wp\/v2\/users\/4"}],"replies":[{"embeddable":true,"href":"https:\/\/medclinics.com\/tr\/wp-json\/wp\/v2\/comments?post=148707"}],"version-history":[{"count":0,"href":"https:\/\/medclinics.com\/tr\/wp-json\/wp\/v2\/pages\/148707\/revisions"}],"wp:featuredmedia":[{"embeddable":true,"href":"https:\/\/medclinics.com\/tr\/wp-json\/wp\/v2\/media\/95501"}],"wp:attachment":[{"href":"https:\/\/medclinics.com\/tr\/wp-json\/wp\/v2\/media?parent=148707"}],"curies":[{"name":"wp","href":"https:\/\/api.w.org\/{rel}","templated":true}]}}