{"id":148683,"date":"2025-02-07T10:30:00","date_gmt":"2025-02-07T07:30:00","guid":{"rendered":"https:\/\/medclinics.com\/artrit-icin-kok-hucre-tedavisi-cigir-acan-bir-tedavi\/"},"modified":"2025-01-03T00:12:29","modified_gmt":"2025-01-02T21:12:29","slug":"artrit-icin-kok-hucre-tedavisi-cigir-acan-bir-tedavi","status":"publish","type":"page","link":"https:\/\/medclinics.com\/tr\/artrit-icin-kok-hucre-tedavisi-cigir-acan-bir-tedavi\/","title":{"rendered":"Artrit i\u00e7in K\u00f6k H\u00fccre Tedavisi: \u00c7\u0131\u011f\u0131r A\u00e7an Bir Tedavi"},"content":{"rendered":"\n<h2 class=\"wp-block-heading\">Artrit Tedavisi i\u00e7in K\u00f6k H\u00fccre Terapisinin sonsuz f\u0131rsatlar\u0131n\u0131 ar\u0131yorsan\u0131z, do\u011fru yerdesiniz.<\/h2>\n\n<p><br\/>Artrit, d\u00fcnya \u00e7ap\u0131nda milyonlarca insan\u0131 etkileyen yayg\u0131n ve kal\u0131c\u0131 bir eklem rahats\u0131zl\u0131\u011f\u0131d\u0131r.<\/p>\n\n<p>Kendini yenileme ve \u00f6zelle\u015fmi\u015f dokulara farkl\u0131la\u015fma konusundaki ola\u011fan\u00fcst\u00fc yetenekleriyle <strong>k\u00f6k h\u00fccreler,<\/strong> artrit tedavisi i\u00e7in muazzam bir potansiyele sahiptir. Kemik ili\u011finizden veya ya\u011f dokunuzdan elde edilen bu g\u00fc\u00e7l\u00fc h\u00fccreler, etkilenen ekleme enjekte edilir. Verildikten sonra hasarl\u0131 b\u00f6lgelere hareket eder, k\u0131k\u0131rdak h\u00fccrelerine d\u00f6n\u00fc\u015f\u00fcr ve <strong>kaybedilenleri yeniden in\u015fa etmek i\u00e7in inan\u0131lmaz bir s\u00fcre\u00e7 ba\u015flat\u0131rlar<\/strong>.<\/p>\n\n<p><strong>Sadece Dizler \u0130\u00e7in De\u011fil:<\/strong><\/p>\n\n<p><a href=\"https:\/\/www.stemcelltherapy.gen.tr\/\" target=\"_blank\" rel=\"noopener\">K\u00f6k h\u00fccre tedavisinin <\/a>g\u00fczelli\u011fi \u00e7ok y\u00f6nl\u00fcl\u00fc\u011f\u00fcnde yatmaktad\u0131r. Diz artriti s\u0131kl\u0131kla \u00f6n plana \u00e7\u0131ksa da, bu tedavi di\u011fer b\u00f6lgeleri etkileyen \u00e7e\u015fitli eklem rahats\u0131zl\u0131klar\u0131 i\u00e7in de umut vaat etmektedir:<\/p>\n\n<ul class=\"wp-block-list\">\n<li>Kal\u00e7a<\/li>\n\n\n\n<li>Omuz<\/li>\n\n\n\n<li>Dirsek<\/li>\n\n\n\n<li>Bilek\/El<\/li>\n\n\n\n<li>Ayak Bile\u011fi\/Ayak<\/li>\n<\/ul>\n\n<p>Eklem sorunlar\u0131 g\u00fcnl\u00fck aktiviteleri zorla\u015ft\u0131rabilir ve ya\u015fland\u0131k\u00e7a daha yayg\u0131n hale gelir. Ama neden? \u0130\u015fte baz\u0131 kilit fakt\u00f6rler:<\/p>\n\n<ol class=\"wp-block-list\">\n<li>Ya\u015f<strong>:<\/strong> Ya\u015fland\u0131k\u00e7a, v\u00fccudumuzun yorulmak bilmeyen y\u00fck beygirleri olan eklemlerimiz a\u015f\u0131nmaya ve y\u0131pranmaya ba\u015flar. Hareketimizi yast\u0131klayan k\u0131k\u0131rdak incelmeye ba\u015flar. Bu do\u011fal d\u00fc\u015f\u00fc\u015f, eklem sorunlar\u0131n\u0131 ya\u015fl\u0131 bireylerde daha yayg\u0131n hale getirir. Eklem sorunlar\u0131, ya\u015fland\u0131k\u00e7a eklem dokular\u0131n\u0131n y\u0131pranmas\u0131 nedeniyle <strong>ya\u015fl\u0131 bireylerde <\/strong>daha yayg\u0131nd\u0131r.<\/li>\n\n\n\n<li><strong>Aile Meseleleri:<\/strong> Ailenizde eklem sorunlar\u0131 ge\u00e7mi\u015fi varsa, sizin de bu sorunlar\u0131 ya\u015fama olas\u0131l\u0131\u011f\u0131n\u0131z daha y\u00fcksek olabilir.<\/li>\n\n\n\n<li><strong>A\u011f\u0131rl\u0131k<\/strong>: Fazla kilo ta\u015f\u0131mak eklemlerinize ekstra bask\u0131 uygular. Zamanla bu zorlanma eklem sorunlar\u0131na yol a\u00e7abilir.<\/li>\n\n\n\n<li><strong>Cinsiyet Farkl\u0131l\u0131klar\u0131:<\/strong> Hem erkekler hem de kad\u0131nlar eklem sorunlar\u0131 ya\u015fayabilirken, romatoid artrit gibi baz\u0131 rahats\u0131zl\u0131klar kad\u0131nlarda daha yayg\u0131nd\u0131r.<\/li>\n<\/ol>\n\n<p>Ayr\u0131ca, <strong>ailesinde eklem sorunlar\u0131<\/strong> olan ki\u015filerde ve fazla <strong>kilolu<\/strong> ki\u015filerde<strong> daha s\u0131k<\/strong> g\u00f6r\u00fcl\u00fcr, \u00e7\u00fcnk\u00fc fazla kilo eklemler \u00fczerinde ek bir bask\u0131 olu\u015fturur.<\/p>\n\n<p>Ayr\u0131ca, romatoid artrit ba\u015fta olmak \u00fczere baz\u0131 eklem <strong>rahats\u0131zl\u0131klar\u0131<\/strong> <strong>kad\u0131nlarda erkeklere k\u0131yasla daha yayg\u0131nd\u0131r.<\/strong><\/p>\n\n<p>Artrit i\u00e7in k\u00f6k h\u00fccre tedavisinin pek \u00e7ok<strong> faydas\u0131<\/strong> vard\u0131r. Bunu kullanmak, bir zamanlar imkans\u0131z oldu\u011fu d\u00fc\u015f\u00fcn\u00fclen hasarl\u0131 eklemlerde yeni k\u0131k\u0131rdak yap\u0131m\u0131na yard\u0131mc\u0131 olabilir. Ayr\u0131ca \u015fi\u015fli\u011fi de <strong>azalt\u0131r <\/strong>. Ve normal tedavilerden farkl\u0131 olarak <strong>uzun s\u00fcre<\/strong> devam eden faydalar sa\u011flar.<\/p>\n\n<p><strong>\u0130lk Ad\u0131m\u0131 Atmaya Haz\u0131r m\u0131s\u0131n\u0131z?<\/strong><\/p>\n\n<p>Artrit ile m\u00fccadele ediyor ve bir umut \u0131\u015f\u0131\u011f\u0131 ar\u0131yorsan\u0131z, k\u00f6k h\u00fccre tedavisi arad\u0131\u011f\u0131n\u0131z cevap olabilir. Unutmay\u0131n, bu yolculukta yaln\u0131z de\u011filsiniz. Se\u00e7eneklerinizi anlamak ve bu yenilik\u00e7i tedavinin sizin i\u00e7in uygun olup olmad\u0131\u011f\u0131n\u0131 belirlemek i\u00e7in rejeneratif t\u0131p alan\u0131nda uzmanla\u015fm\u0131\u015f nitelikli bir sa\u011fl\u0131k uzman\u0131na dan\u0131\u015f\u0131n.<\/p>\n\n<p><strong>Birlikte k\u00f6k h\u00fccrelerin g\u00fcc\u00fcn\u00fc ortaya \u00e7\u0131karal\u0131m ve artritin hikayesini yeniden yazal\u0131m. Ac\u0131n\u0131n \u00f6tesine ge\u00e7elim ve hareketlilik, ne\u015fe ve yenilenmi\u015f olas\u0131l\u0131klarla dolu bir gelece\u011fi kucaklayal\u0131m.<\/strong><\/p>\n\n<h3 class=\"wp-block-heading\"><a href=\"https:\/\/medclinics.com\/tr\/stem-cell-therapy-2\/\" target=\"_blank\" rel=\"noreferrer noopener\">K\u00f6k h\u00fccre tedavisi<\/a> hakk\u0131nda bilmeniz gereken her \u015fey burada, hemen <a href=\"#requestform\">bizimle ileti\u015fime<\/a> ge\u00e7in!<\/h3>\n\n<figure class=\"wp-block-image size-full\"><img fetchpriority=\"high\" decoding=\"async\" width=\"960\" height=\"640\" src=\"https:\/\/medclinics.com\/wp-content\/uploads\/2023\/12\/stem-cell-therapy-for-arthritis.jpg\" alt=\"\" class=\"wp-image-119884\" srcset=\"https:\/\/medclinics.com\/wp-content\/uploads\/2023\/12\/stem-cell-therapy-for-arthritis.jpg 960w, https:\/\/medclinics.com\/wp-content\/uploads\/2023\/12\/stem-cell-therapy-for-arthritis-500x333.jpg 500w, https:\/\/medclinics.com\/wp-content\/uploads\/2023\/12\/stem-cell-therapy-for-arthritis-768x512.jpg 768w, https:\/\/medclinics.com\/wp-content\/uploads\/2023\/12\/stem-cell-therapy-for-arthritis-24x16.jpg 24w, https:\/\/medclinics.com\/wp-content\/uploads\/2023\/12\/stem-cell-therapy-for-arthritis-36x24.jpg 36w, https:\/\/medclinics.com\/wp-content\/uploads\/2023\/12\/stem-cell-therapy-for-arthritis-48x32.jpg 48w\" sizes=\"(max-width: 960px) 100vw, 960px\" \/><\/figure>\n\n<h2 class=\"wp-block-heading\">SSS<\/h2>\n<div id=\"rank-math-faq\" class=\"rank-math-block\">\n<div class=\"rank-math-list \">\n<div id=\"faq-question-1685002520472\" class=\"rank-math-list-item\">\n<h3 class=\"rank-math-question \"><strong>K\u00f6k h\u00fccre tedavisi artrit i\u00e7in etkili midir?<\/strong><\/h3>\n<div class=\"rank-math-answer \">\n\n<p>Evet, ara\u015ft\u0131rmalar ve klinik \u00e7al\u0131\u015fmalar k\u00f6k h\u00fccre tedavisinin artrit tedavisi i\u00e7in umut vaat etti\u011fini g\u00f6stermektedir. Bir\u00e7ok hasta, a\u011fr\u0131n\u0131n azalmas\u0131 ve eklem hareketlili\u011finin artmas\u0131 gibi semptomlarda iyile\u015fme bildirmi\u015ftir.<\/p>\n\n<\/div>\n<\/div>\n<div id=\"faq-question-1685002653278\" class=\"rank-math-list-item\">\n<h3 class=\"rank-math-question \"><strong>Artrit i\u00e7in k\u00f6k h\u00fccre tedavisinin herhangi bir yan etkisi var m\u0131d\u0131r?<\/strong><\/h3>\n<div class=\"rank-math-answer \">\n\n<p>Yan etkiler genellikle hafiftir ve enjeksiyon b\u00f6lgesinde ge\u00e7ici \u015fi\u015flik veya rahats\u0131zl\u0131k i\u00e7erebilir. Ciddi komplikasyonlar nadirdir, ancak potansiyel riskleri sa\u011fl\u0131k uzman\u0131n\u0131zla g\u00f6r\u00fc\u015fmeniz \u00e7ok \u00f6nemlidir.<\/p>\n\n<\/div>\n<\/div>\n<div id=\"faq-question-1702888991012\" class=\"rank-math-list-item\">\n<h3 class=\"rank-math-question \"><strong>K\u00f6k h\u00fccre tedavisi ile ne t\u00fcr artritler tedavi edilebilir?<\/strong><\/h3>\n<div class=\"rank-math-answer \">\n\n<p>K\u00f6k h\u00fccre tedavisi, osteoartrit ve romatoid artrit dahil olmak \u00fczere \u00e7e\u015fitli artrit t\u00fcrleri i\u00e7in ara\u015ft\u0131r\u0131lmaktad\u0131r. Dejeneratif eklem rahats\u0131zl\u0131klar\u0131n\u0131n giderilmesinde potansiyel g\u00f6stermektedir.<\/p>\n\n<\/div>\n<\/div>\n<div id=\"faq-question-1702888917351\" class=\"rank-math-list-item\">\n<h3 class=\"rank-math-question \"><strong>K\u00f6k h\u00fccre tedavisi g\u00fcvenli midir?<\/strong><\/h3>\n<div class=\"rank-math-answer \">\n\n<p>Mevcut kan\u0131tlar k\u00f6k h\u00fccre tedavisinin genel olarak g\u00fcvenli oldu\u011funu g\u00f6stermektedir. Genellikle hastan\u0131n kendi h\u00fccrelerinin kullan\u0131lmas\u0131n\u0131 i\u00e7erdi\u011finden, reddedilme veya olumsuz reaksiyon riski en aza indirilir.<\/p>\n\n<\/div>\n<\/div>\n<\/div>\n<\/div>\n<p>\u00a0<\/p>\n\n<h3 class=\"wp-block-heading\">Herhangi bir sorunuz olmas\u0131 durumunda hemen bizimle ileti\u015fime ge\u00e7in!<\/h3>\n","protected":false},"excerpt":{"rendered":"<p>Artrit Tedavisi i\u00e7in K\u00f6k H\u00fccre Terapisinin sonsuz f\u0131rsatlar\u0131n\u0131 ar\u0131yorsan\u0131z, do\u011fru yerdesiniz. Artrit, d\u00fcnya \u00e7ap\u0131nda milyonlarca insan\u0131 etkileyen yayg\u0131n ve kal\u0131c\u0131 [&hellip;]<\/p>\n","protected":false},"author":4,"featured_media":119866,"parent":0,"menu_order":0,"comment_status":"closed","ping_status":"closed","template":"","meta":{"site-sidebar-layout":"default","site-content-layout":"","ast-site-content-layout":"default","site-content-style":"default","site-sidebar-style":"default","ast-global-header-display":"","ast-banner-title-visibility":"","ast-main-header-display":"","ast-hfb-above-header-display":"","ast-hfb-below-header-display":"","ast-hfb-mobile-header-display":"","site-post-title":"","ast-breadcrumbs-content":"","ast-featured-img":"","footer-sml-layout":"","ast-disable-related-posts":"","theme-transparent-header-meta":"","adv-header-id-meta":"","stick-header-meta":"","header-above-stick-meta":"","header-main-stick-meta":"","header-below-stick-meta":"","astra-migrate-meta-layouts":"default","ast-page-background-enabled":"default","ast-page-background-meta":{"desktop":{"background-color":"var(--ast-global-color-4)","background-image":"","background-repeat":"repeat","background-position":"center center","background-size":"auto","background-attachment":"scroll","background-type":"","background-media":"","overlay-type":"","overlay-color":"","overlay-opacity":"","overlay-gradient":""},"tablet":{"background-color":"","background-image":"","background-repeat":"repeat","background-position":"center center","background-size":"auto","background-attachment":"scroll","background-type":"","background-media":"","overlay-type":"","overlay-color":"","overlay-opacity":"","overlay-gradient":""},"mobile":{"background-color":"","background-image":"","background-repeat":"repeat","background-position":"center center","background-size":"auto","background-attachment":"scroll","background-type":"","background-media":"","overlay-type":"","overlay-color":"","overlay-opacity":"","overlay-gradient":""}},"ast-content-background-meta":{"desktop":{"background-color":"var(--ast-global-color-5)","background-image":"","background-repeat":"repeat","background-position":"center center","background-size":"auto","background-attachment":"scroll","background-type":"","background-media":"","overlay-type":"","overlay-color":"","overlay-opacity":"","overlay-gradient":""},"tablet":{"background-color":"var(--ast-global-color-5)","background-image":"","background-repeat":"repeat","background-position":"center center","background-size":"auto","background-attachment":"scroll","background-type":"","background-media":"","overlay-type":"","overlay-color":"","overlay-opacity":"","overlay-gradient":""},"mobile":{"background-color":"var(--ast-global-color-5)","background-image":"","background-repeat":"repeat","background-position":"center center","background-size":"auto","background-attachment":"scroll","background-type":"","background-media":"","overlay-type":"","overlay-color":"","overlay-opacity":"","overlay-gradient":""}},"footnotes":""},"class_list":["post-148683","page","type-page","status-publish","has-post-thumbnail","hentry"],"_links":{"self":[{"href":"https:\/\/medclinics.com\/tr\/wp-json\/wp\/v2\/pages\/148683","targetHints":{"allow":["GET"]}}],"collection":[{"href":"https:\/\/medclinics.com\/tr\/wp-json\/wp\/v2\/pages"}],"about":[{"href":"https:\/\/medclinics.com\/tr\/wp-json\/wp\/v2\/types\/page"}],"author":[{"embeddable":true,"href":"https:\/\/medclinics.com\/tr\/wp-json\/wp\/v2\/users\/4"}],"replies":[{"embeddable":true,"href":"https:\/\/medclinics.com\/tr\/wp-json\/wp\/v2\/comments?post=148683"}],"version-history":[{"count":0,"href":"https:\/\/medclinics.com\/tr\/wp-json\/wp\/v2\/pages\/148683\/revisions"}],"wp:featuredmedia":[{"embeddable":true,"href":"https:\/\/medclinics.com\/tr\/wp-json\/wp\/v2\/media\/119866"}],"wp:attachment":[{"href":"https:\/\/medclinics.com\/tr\/wp-json\/wp\/v2\/media?parent=148683"}],"curies":[{"name":"wp","href":"https:\/\/api.w.org\/{rel}","templated":true}]}}