{"id":148659,"date":"2023-12-14T13:07:02","date_gmt":"2023-12-14T10:07:02","guid":{"rendered":"https:\/\/medclinics.com\/turkiyedeki-guzellik-salonlari\/"},"modified":"2024-05-15T11:08:49","modified_gmt":"2024-05-15T08:08:49","slug":"turkiyedeki-guzellik-salonlari","status":"publish","type":"page","link":"https:\/\/medclinics.com\/tr\/turkiyedeki-guzellik-salonlari\/","title":{"rendered":"T\u00fcrkiye&#8217;deki G\u00fczellik Salonlar\u0131"},"content":{"rendered":"\n<h2 class=\"wp-block-heading\">T\u00fcrkiye, d\u00fcnyan\u0131n d\u00f6rt bir yan\u0131ndan kozmetik tedavi g\u00f6rmek isteyen gezginler i\u00e7in en iyi destinasyonlardan biridir.<\/h2>\n\n<p>\u00dclke, en son teknolojiler ve prosed\u00fcrlerle \u00e7al\u0131\u015fan y\u00fcksek nitelikli estetisyenleri ve g\u00fczellik uzmanlar\u0131 ile tan\u0131nmaktad\u0131r. G\u00fczellik salonlar\u0131 b\u00fct\u00fcnsel bir g\u00fczellik deneyimi sunar. Bu s\u0131cak atmosferde ziyaret\u00e7iler sadece estetik g\u00fczelle\u015fmeyi de\u011fil, ayn\u0131 zamanda her tedavide misafirperverli\u011fi ve kaliteyi de deneyimliyor.<\/p>\n\n<p>\u0130\u015fte T\u00fcrkiye&#8217;de \u00e7e\u015fitli estetik hizmetler sunan g\u00fczellik salonlar\u0131n\u0131n bir listesi. Bunlar aras\u0131nda <a href=\"https:\/\/medclinics.com\/tr\/dermal-dolgular\/\" target=\"_blank\" rel=\"noreferrer noopener\">dermal dolgular<\/a>, k\u0131r\u0131\u015f\u0131kl\u0131klar\u0131 d\u00fczeltmek i\u00e7in <a href=\"https:\/\/medclinics.com\/tr\/kirisiklik-tedavisi-2\/\" target=\"_blank\" rel=\"noreferrer noopener\">kas gev\u015fetici tedaviler<\/a>, <a href=\"https:\/\/medclinics.com\/tr\/plazma-tedavisi\/\" target=\"_blank\" rel=\"noreferrer noopener\">plazma terapisi<\/a> ve <a href=\"https:\/\/en.wikipedia.org\/wiki\/Mesotherapy\" target=\"_blank\" rel=\"noreferrer noopener\">mezoterapinin<\/a> yan\u0131 s\u0131ra cilt bak\u0131m\u0131, ya\u015flanma kar\u015f\u0131t\u0131 tedaviler veya <a href=\"https:\/\/medclinics.com\/tr\/sac-uzatma\/\" target=\"_blank\" rel=\"noreferrer noopener\">sa\u00e7 uz<\/a>atma, <a href=\"https:\/\/medclinics.com\/tr\/protez-tirnak\/\" target=\"_blank\" rel=\"noreferrer noopener\">protez t\u0131rnak<\/a> ve kirpik uzatma yer almaktad\u0131r. Tedaviler ayakta tedavi baz\u0131nda ger\u00e7ekle\u015ftirilir.<\/p>\n\n<p>T\u00fcrkiye&#8217;de \u0131\u015f\u0131lt\u0131n\u0131z\u0131 ve g\u00fczelli\u011finizi art\u0131racak bir salon ar\u0131yorsan\u0131z, o zaman do\u011fru yere geldiniz. Bu web sitesinde ihtiya\u00e7lar\u0131n\u0131z i\u00e7in do\u011fru salonu bulacaks\u0131n\u0131z.<\/p>\n\n<h3 class=\"wp-block-heading\">Bir g\u00fczellik bak\u0131m\u0131 hakk\u0131nda sorular\u0131n\u0131z m\u0131 var?<\/h3>\n\n<p>Bir g\u00fczellik salonu bak\u0131m\u0131 hakk\u0131nda herhangi bir sorunuz varsa <a href=\"#requestform\">bizimle ileti\u015fime ge\u00e7<\/a> mekten \u00e7ekinmeyin. Size yard\u0131mc\u0131 olmaktan mutluluk duyar\u0131z.<\/p>\n","protected":false},"excerpt":{"rendered":"<p>T\u00fcrkiye, d\u00fcnyan\u0131n d\u00f6rt bir yan\u0131ndan kozmetik tedavi g\u00f6rmek isteyen gezginler i\u00e7in en iyi destinasyonlardan biridir. \u00dclke, en son teknolojiler ve [&hellip;]<\/p>\n","protected":false},"author":4,"featured_media":161457,"parent":0,"menu_order":0,"comment_status":"closed","ping_status":"closed","template":"","meta":{"site-sidebar-layout":"default","site-content-layout":"","ast-site-content-layout":"default","site-content-style":"default","site-sidebar-style":"default","ast-global-header-display":"","ast-banner-title-visibility":"","ast-main-header-display":"","ast-hfb-above-header-display":"","ast-hfb-below-header-display":"","ast-hfb-mobile-header-display":"","site-post-title":"","ast-breadcrumbs-content":"","ast-featured-img":"","footer-sml-layout":"","ast-disable-related-posts":"","theme-transparent-header-meta":"","adv-header-id-meta":"","stick-header-meta":"","header-above-stick-meta":"","header-main-stick-meta":"","header-below-stick-meta":"","astra-migrate-meta-layouts":"default","ast-page-background-enabled":"default","ast-page-background-meta":{"desktop":{"background-color":"var(--ast-global-color-4)","background-image":"","background-repeat":"repeat","background-position":"center center","background-size":"auto","background-attachment":"scroll","background-type":"","background-media":"","overlay-type":"","overlay-color":"","overlay-opacity":"","overlay-gradient":""},"tablet":{"background-color":"","background-image":"","background-repeat":"repeat","background-position":"center center","background-size":"auto","background-attachment":"scroll","background-type":"","background-media":"","overlay-type":"","overlay-color":"","overlay-opacity":"","overlay-gradient":""},"mobile":{"background-color":"","background-image":"","background-repeat":"repeat","background-position":"center center","background-size":"auto","background-attachment":"scroll","background-type":"","background-media":"","overlay-type":"","overlay-color":"","overlay-opacity":"","overlay-gradient":""}},"ast-content-background-meta":{"desktop":{"background-color":"var(--ast-global-color-5)","background-image":"","background-repeat":"repeat","background-position":"center center","background-size":"auto","background-attachment":"scroll","background-type":"","background-media":"","overlay-type":"","overlay-color":"","overlay-opacity":"","overlay-gradient":""},"tablet":{"background-color":"var(--ast-global-color-5)","background-image":"","background-repeat":"repeat","background-position":"center center","background-size":"auto","background-attachment":"scroll","background-type":"","background-media":"","overlay-type":"","overlay-color":"","overlay-opacity":"","overlay-gradient":""},"mobile":{"background-color":"var(--ast-global-color-5)","background-image":"","background-repeat":"repeat","background-position":"center center","background-size":"auto","background-attachment":"scroll","background-type":"","background-media":"","overlay-type":"","overlay-color":"","overlay-opacity":"","overlay-gradient":""}},"footnotes":""},"class_list":["post-148659","page","type-page","status-publish","has-post-thumbnail","hentry"],"_links":{"self":[{"href":"https:\/\/medclinics.com\/tr\/wp-json\/wp\/v2\/pages\/148659","targetHints":{"allow":["GET"]}}],"collection":[{"href":"https:\/\/medclinics.com\/tr\/wp-json\/wp\/v2\/pages"}],"about":[{"href":"https:\/\/medclinics.com\/tr\/wp-json\/wp\/v2\/types\/page"}],"author":[{"embeddable":true,"href":"https:\/\/medclinics.com\/tr\/wp-json\/wp\/v2\/users\/4"}],"replies":[{"embeddable":true,"href":"https:\/\/medclinics.com\/tr\/wp-json\/wp\/v2\/comments?post=148659"}],"version-history":[{"count":0,"href":"https:\/\/medclinics.com\/tr\/wp-json\/wp\/v2\/pages\/148659\/revisions"}],"wp:featuredmedia":[{"embeddable":true,"href":"https:\/\/medclinics.com\/tr\/wp-json\/wp\/v2\/media\/161457"}],"wp:attachment":[{"href":"https:\/\/medclinics.com\/tr\/wp-json\/wp\/v2\/media?parent=148659"}],"curies":[{"name":"wp","href":"https:\/\/api.w.org\/{rel}","templated":true}]}}