{"id":148583,"date":"2023-11-21T12:28:58","date_gmt":"2023-11-21T09:28:58","guid":{"rendered":"https:\/\/medclinics.com\/kulak-burun-bogaz-tedavileri\/"},"modified":"2025-01-24T21:36:05","modified_gmt":"2025-01-24T18:36:05","slug":"kulak-burun-bogaz-tedavileri","status":"publish","type":"page","link":"https:\/\/medclinics.com\/tr\/kulak-burun-bogaz-tedavileri\/","title":{"rendered":"Kulak Burun Bo\u011faz tedavileri"},"content":{"rendered":"\n<h2 class=\"wp-block-heading\">Kulak Burun Bo\u011faz (KBB) tedavileri uzun y\u0131llard\u0131r pop\u00fclerdir.  <\/h2>\n\n<div class=\"wp-block-columns is-layout-flex wp-container-core-columns-is-layout-28f84493 wp-block-columns-is-layout-flex\">\n<div class=\"wp-block-column is-layout-flow wp-block-column-is-layout-flow\">\n<figure class=\"wp-block-image size-full is-style-default\"><img fetchpriority=\"high\" decoding=\"async\" width=\"960\" height=\"550\" src=\"https:\/\/medclinics.com\/wp-content\/uploads\/2023\/11\/ear-nose-and-throat-disorder.jpg\" alt=\"Kulak Burun Bo&#x11F;az tedavileri\" class=\"wp-image-118286\" srcset=\"https:\/\/medclinics.com\/wp-content\/uploads\/2023\/11\/ear-nose-and-throat-disorder.jpg 960w, https:\/\/medclinics.com\/wp-content\/uploads\/2023\/11\/ear-nose-and-throat-disorder-500x286.jpg 500w, https:\/\/medclinics.com\/wp-content\/uploads\/2023\/11\/ear-nose-and-throat-disorder-768x440.jpg 768w, https:\/\/medclinics.com\/wp-content\/uploads\/2023\/11\/ear-nose-and-throat-disorder-24x14.jpg 24w, https:\/\/medclinics.com\/wp-content\/uploads\/2023\/11\/ear-nose-and-throat-disorder-36x21.jpg 36w, https:\/\/medclinics.com\/wp-content\/uploads\/2023\/11\/ear-nose-and-throat-disorder-48x28.jpg 48w\" sizes=\"(max-width: 960px) 100vw, 960px\" \/><\/figure>\n<\/div>\n\n\n\n<div class=\"wp-block-column is-vertically-aligned-top is-layout-flow wp-block-column-is-layout-flow\">\n<p>Sa\u011fl\u0131k hizmetleri hakk\u0131nda d\u00fc\u015f\u00fcnd\u00fc\u011f\u00fcm\u00fczde, genellikle en yayg\u0131n sorunlara odaklan\u0131r\u0131z &#8211; koroner kalp sorunlar\u0131, diyabet ve hatta muhtemelen g\u00f6zenekler ve cilt rahats\u0131zl\u0131klar\u0131. Ancak <strong>Kulak, Burun ve Bo\u011faz (KBB) <\/strong>sorunlar\u0131n\u0131n da n\u00fcfusun b\u00fcy\u00fck bir b\u00f6l\u00fcm\u00fcn\u00fc etkiledi\u011fini biliyor muydunuz? Bunlar ger\u00e7ekten k\u00fc\u00e7\u00fck tahri\u015flerden daha fazlas\u0131d\u0131r &#8211; kendi sa\u011fl\u0131\u011f\u0131n\u0131z \u00fczerinde birincil etkiye sahip olabilirler.  <\/p>\n<\/div>\n<\/div>\n\n<h3 class=\"wp-block-heading\">En iyi kulak burun bo\u011faz cerrahlar\u0131n\u0131 ke\u015ffedin: KBB tedavilerinin maliyetini, klinik se\u00e7imini kar\u015f\u0131la\u015ft\u0131r\u0131n!<\/h3>\n\n<p><br\/>KBB tedavileri onlarca y\u0131ld\u0131r yayg\u0131nd\u0131r, ancak son zamanlarda, \u00f6zellikle <strong><a href=\"https:\/\/medclinics.com\/tr\/ses-estetigi\/\" target=\"_blank\" rel=\"noreferrer noopener\">ses esteti\u011fi<\/a><\/strong> alan\u0131nda daha uzmanla\u015fm\u0131\u015f tekniklerle ilerlemi\u015flerdir. Bu, \u00f6zellikle insanlar seslerini g\u00fc\u00e7lendirmek veya sesle ilgili sorunlarla ba\u015fa \u00e7\u0131kmak i\u00e7in mevcut alternatiflere daha a\u015fina hale geldik\u00e7e, kesinlikle tan\u0131n\u0131rl\u0131\u011f\u0131 artan bir aland\u0131r. <\/p>\n\n<p><br\/>Bu nedenle, kulaklar\u0131n\u0131zda, burnunuzda veya bo\u011faz\u0131n\u0131zda herhangi bir a\u011fr\u0131 ya\u015f\u0131yorsan\u0131z, altta yatan durumlar\u0131 ve modern \u00e7\u00f6z\u00fcmlerin nas\u0131l yard\u0131mc\u0131 olabilece\u011fini anlamak \u00e7ok \u00f6nemlidir. Bu alanlar\u0131n her birini etkileyen ola\u011fand\u0131\u015f\u0131 sorunlar\u0131, son derece g\u00fcncel tedavi alternatiflerini ve parlak cerrahlar\u0131 ve klinikleri nas\u0131l ke\u015ffedebilece\u011finizi kapsayan <strong>kulak burun bo\u011faz tedavilerine<\/strong> daha iyi bir g\u00f6z atal\u0131m. <\/p>\n\n<h2 class=\"wp-block-heading\"><br\/>KBB Nedir? Kulak, Burun ve Bo\u011faz Hastal\u0131klar\u0131na Bir Bak\u0131\u015f <\/h2>\n\n<p><\/p>\n\n<p><strong>KBB<\/strong>, kulaklar, burun deli\u011fi ve bo\u011faz ile ilgili durum ve rahats\u0131zl\u0131klar\u0131 ele alan t\u0131bbi anlay\u0131\u015f alan\u0131na kar\u015f\u0131l\u0131k gelir. Bu, s\u0131radan <strong>sin\u00fcs enfeksiyonlar\u0131<\/strong> ve <strong>bo\u011faz a\u011fr\u0131lar\u0131ndan<\/strong> <strong><a href=\"https:\/\/pubmed.ncbi.nlm.nih.gov\/?term=hearing+loss\" target=\"_blank\" rel=\"noreferrer noopener\">i\u015fitme kayb\u0131<\/a><\/strong> ve <strong>ses sorunlar\u0131<\/strong> gibi daha karma\u015f\u0131k durumlara kadar istisnai bir sorun bi\u00e7iminden olu\u015fur. <\/p>\n\n<p><strong>Kulak burun bo\u011faz<\/strong> uzmanlar\u0131 olarak da adland\u0131r\u0131lan KBB uzmanlar\u0131, bu durumlar\u0131n te\u015fhis ve tedavisinde uzmand\u0131rlar. Cerrahi stratejilerden non-invaziv tedavi planlar\u0131na kadar \u00e7ok \u00e7e\u015fitli tedaviler sunarlar. Ama \u00f6nce KBB&#8217;nin kapsad\u0131\u011f\u0131 \u00fc\u00e7 \u00f6nemli alana bakal\u0131m: kulak burun ve bo\u011faz.  <\/p>\n\n<h3 class=\"wp-block-heading\"><br\/>Kulak Rahats\u0131zl\u0131klar\u0131: Sorun Alanlar\u0131n\u0131 Anlamak<\/h3>\n\n<p><\/p>\n\n<p>Kulak sorunlar\u0131 hem mecazi anlamda hem de ger\u00e7ek anlamda tam bir ba\u015f belas\u0131 olabilir. Daha \u00f6nce kulak enfeksiyonu ge\u00e7irdiyseniz veya i\u015fitme kayb\u0131yla m\u00fccadele ettiyseniz, bunun ne kadar y\u0131k\u0131c\u0131 olabilece\u011fini anlars\u0131n\u0131z. Peki kulak hastal\u0131klar\u0131n\u0131n \u00fc\u00e7 b\u00f6l\u00fcme ayr\u0131labilece\u011fini biliyor muydunuz? \u015eimdi bunlar\u0131 g\u00f6zden ge\u00e7irelim:   <\/p>\n\n<ul class=\"wp-block-list\">\n<li><strong>D\u0131\u015f Kulak Hastal\u0131klar\u0131<\/strong>: Bunlar kula\u011f\u0131n\u0131z\u0131n en d\u0131\u015f k\u0131sm\u0131n\u0131 i\u00e7erir. Yayg\u0131n sorunlar \u015funlard\u0131r: <\/li>\n\n\n\n<li><strong>D\u0131\u015f kulak enfeksiyonlar\u0131<\/strong> (s\u0131kl\u0131kla mikro organizma veya mantar nedeniyle)<\/li>\n\n\n\n<li>A\u011fr\u0131 ve i\u015fitme sorunlar\u0131na neden olabilecek <strong>kulak kiri t\u0131kan\u0131kl\u0131klar\u0131<\/strong><\/li>\n\n\n\n<li>Enfeksiyonlar veya travma nedeniyle <strong>kulak zar\u0131n\u0131n delinmesi<\/strong><\/li>\n\n\n\n<li><strong>Kulak memesi yaralanmalar\u0131<\/strong>, bazen piercingler veya kazalar<\/li>\n\n\n\n<li>Baz\u0131 insanlar i\u00e7in sorun olabilecek <strong>kulak memesi asimetrisi<\/strong><\/li>\n<\/ul>\n\n<ul class=\"wp-block-list\">\n<li>Orta <strong>Kulak Hastal\u0131klar\u0131:<\/strong> Orta kulaktaki sorunlar i\u015fitmeyi etkiledi\u011fi i\u00e7in \u00f6zellikle zor olabilir. Bunlar \u015funlar\u0131 i\u00e7erir:<\/li>\n\n\n\n<li><strong>Orta kulak enfeksiyonlar\u0131<\/strong> (otitis media), muhtemelen gen\u00e7lerde yayg\u0131nd\u0131r ancak yeti\u015fkinleri de etkilemelidir<\/li>\n\n\n\n<li><strong>Orta kulak iltihab\u0131<\/strong> (a\u011fr\u0131ya ve s\u0131v\u0131 birikmesine neden olabilir)<\/li>\n\n\n\n<li>Kronik kulak enfeksiyonlar\u0131na yol a\u00e7abilen kulak <strong>zar\u0131n\u0131n delinmesi<\/strong><\/li>\n\n\n\n<li>S\u0131kl\u0131kla bir kulak enfeksiyonundan sonra <strong>orta kulakta s\u0131v\u0131 birikmesi<\/strong><\/li>\n\n\n\n<li>S\u00fcrekli kulak durumlar\u0131na ba\u011fl\u0131 <strong>i\u015fitme kayb\u0131<\/strong><\/li>\n<\/ul>\n\n<ul class=\"wp-block-list\">\n<li>\u0130\u00e7 Kulak <strong>Hastal\u0131klar\u0131:<\/strong> \u0130\u00e7 kulak i\u015fitme ve denge i\u00e7in \u00f6nemlidir, bu nedenle buradaki sorunlar \u00f6zellikle rahats\u0131z edici olabilir. Yayg\u0131n i\u00e7 kulak sorunlar\u0131 \u015funlar\u0131 i\u00e7erir: <\/li>\n\n\n\n<li>Haring ve dengeniz \u00fczerinde etkisi olabilecek <strong>i\u00e7 kulak enfeksiyonlar\u0131<\/strong><\/li>\n\n\n\n<li>Vertigo, bilin\u00e7 kayb\u0131 ve kulakta \u00e7\u0131nlamaya (tinnitus) neden olan bir durum olan <strong>Meniere hastal\u0131\u011f\u0131<\/strong><\/li>\n\n\n\n<li><strong><a href=\"https:\/\/pubmed.ncbi.nlm.nih.gov\/?term=vertigo\" target=\"_blank\" rel=\"noreferrer noopener nofollow\">Vertigo<\/a><\/strong>, i\u00e7 kulak sorunlar\u0131ndan kaynaklanabilecek bir d\u00f6nme hissi<\/li>\n\n\n\n<li>\u0130\u00e7 kula\u011f\u0131n dengeyi koruma \u00f6zelli\u011fi ile d\u00fczenli olarak ili\u015fkilendirilebilen denge <strong>sorunlar\u0131<\/strong><\/li>\n<\/ul>\n\n<p>Kulak <strong>a\u011fr\u0131s\u0131<\/strong>, <strong>i\u015fitme kayb\u0131<\/strong> veya kulaklar\u0131n\u0131zda <strong>\u00e7\u0131nlama<\/strong> gibi belirti ve semptomlar ya\u015f\u0131yorsan\u0131z, nedenini bulmak i\u00e7in bir kulak burun bo\u011faz uzman\u0131n\u0131 (KBB) ziyaret etmeniz \u00e7ok \u00f6nemlidir.<\/p>\n\n<h3 class=\"wp-block-heading\"><br\/>Burun Bozukluklar\u0131: Nefes Alma \u0130kilemi<\/h3>\n\n<p><\/p>\n\n<p>Burnunuz sadece nefes almak i\u00e7in de\u011fildir; havay\u0131 filtrelemede, s\u0131cakl\u0131\u011f\u0131 d\u00fczenlemede ya da koku alma duyunuzu etkilemede kritik bir rol oynar. Ne yaz\u0131k ki, bir\u00e7ok insan yeteneklerini etkileyen <strong>burun problemleriyle<\/strong> m\u00fccadele ediyor. \u0130\u015fte baz\u0131 yayg\u0131n <strong>burun rahats\u0131z<\/strong>l\u0131klar\u0131 :  <\/p>\n\n<ul class=\"wp-block-list\">\n<li>Alerjiler, enfeksiyonlar veya yap\u0131sal sorunlardan kaynaklanabilen <strong>burun t\u0131kan\u0131kl\u0131\u011f\u0131<\/strong><\/li>\n\n\n\n<li><strong>Sin\u00fczit<\/strong>, sin\u00fcslerde bas\u0131n\u00e7, ba\u015f a\u011fr\u0131s\u0131 ve y\u00fcz a\u011fr\u0131s\u0131na neden olabilen bir enfeksiyon<\/li>\n\n\n\n<li>Kuru hava, travma veya altta yatan sa\u011fl\u0131k ko\u015fullar\u0131ndan kaynaklanabilen <strong>burun kanamalar\u0131<\/strong><\/li>\n\n\n\n<li><strong>Nazal polipler<\/strong>, hava ak\u0131\u015f\u0131n\u0131z\u0131 koruyabilen ve kronik sin\u00fcs sorunlar\u0131na neden olabilen kanserli olmayan b\u00fcy\u00fcmeler<\/li>\n\n\n\n<li>Burun <strong>septum deformiteleri<\/strong>, burun delikleriniz aras\u0131ndaki duvar\u0131n e\u011fri olmas\u0131 ve burnunuzdan nefes alman\u0131z\u0131 zorla\u015ft\u0131rmas\u0131<\/li>\n\n\n\n<li><strong><a href=\"https:\/\/medclinics.com\/tr\/rinoplasti-burun-estetigi\/\" target=\"_blank\" rel=\"noreferrer noopener\">Rinoplasti<\/a><\/strong>, hem yararl\u0131 hem de estetik nedenlerle burnu yeniden \u015fekillendirmek i\u00e7in bir g\u00fczellik yakla\u015f\u0131m\u0131<\/li>\n<\/ul>\n\n<p>Bu ko\u015fullar uykunuzu ve koku alma i\u015flevinizi istisnai olarak etkileyebilir. <strong>Kronik<\/strong> burun t\u0131kankl\u0131\u011f\u0131, <strong>sin\u00fcs stresi<\/strong> veya <strong>burun deli\u011finizden nefes alma sorunu<\/strong> ya\u015f\u0131yorsan\u0131z, bir KBB doktoruna dan\u0131\u015fman\u0131n zaman\u0131 gelmi\u015ftir. Tedavi se\u00e7enekleri haplar ve burun spreylerinden a\u015f\u0131r\u0131 sorunlar i\u00e7in ameliyata kadar uzanmaktad\u0131r.  <\/p>\n\n<h3 class=\"wp-block-heading\">Bo\u011faz Rahats\u0131zl\u0131klar\u0131: Bo\u011faz A\u011fr\u0131lar\u0131 ve Daha Fazlas\u0131<\/h3>\n\n<p><br\/>Bo\u011faz\u0131n\u0131z konu\u015fma, yutma ve nefes alma i\u00e7in \u00f6nemlidir, bu nedenle tam buradaki sorunlar \u00f6zellikle rahats\u0131z edici olabilir. Yayg\u0131n <strong>bo\u011faz rahats\u0131zl\u0131klar\u0131<\/strong> \u015funlard\u0131r: <\/p>\n\n<ul class=\"wp-block-list\">\n<li>Genellikle so\u011fuk alg\u0131nl\u0131\u011f\u0131 veya grip gibi viral bir bula\u015fman\u0131n belirtisi olan <strong>bo\u011faz a\u011fr\u0131s\u0131<\/strong><\/li>\n\n\n\n<li><strong>Farenjit<\/strong>, genellikle mikro organizma veya vir\u00fcsler nedeniyle bo\u011faz enfeksiyonu<\/li>\n\n\n\n<li>Bademcik <strong><a href=\"https:\/\/pubmed.ncbi.nlm.nih.gov\/?term=tonsillitis\" target=\"_blank\" rel=\"noreferrer noopener nofollow\">iltihab\u0131<\/a><\/strong>, bademciklerin enfeksiyonu ve a\u011fr\u0131, \u015fi\u015fme ve ate\u015fe neden olabilir<\/li>\n\n\n\n<li>Yutkunmay\u0131 zorla\u015ft\u0131rabilen ve bazen nefes almay\u0131 zorla\u015ft\u0131rabilen bademcik <strong>enfeksiyonu<\/strong><\/li>\n\n\n\n<li><strong>Larenjit<\/strong>, ses kayb\u0131na neden olabilen ses b\u00f6lgesinin kirlenmesi<\/li>\n\n\n\n<li><strong>Faringotonsillit<\/strong>, bu bo\u011faz ve bademciklerin normalde enfeksiyon nedeniyle kirlenmesidir<\/li>\n\n\n\n<li><strong>Krup<\/strong>, \u00e7ocuklarda havlar tarzda \u00f6ks\u00fcr\u00fc\u011fe neden olan viral bir enfeksiyon<\/li>\n\n\n\n<li>Ses stresi, kirlenme veya <strong>ses esteti\u011fi<\/strong> sorunlar\u0131ndan kaynaklanabilen ses <strong>k\u0131s\u0131kl\u0131\u011f\u0131<\/strong><\/li>\n<\/ul>\n\n<p><strong><a href=\"https:\/\/medclinics.com\/tr\/ses-estetigi\/\" target=\"_blank\" rel=\"noreferrer noopener\">Ses esteti\u011finden<\/a><\/strong> bahsetmi\u015fken, bu son y\u0131llarda neredeyse itibar kazanan bir tedavi alan\u0131 olabilir. Ses tonunu iyile\u015ftirmek, rezonans\u0131 art\u0131rmak veya belirli ses sorunlar\u0131n\u0131 ele almak olsun, <strong>ses esteti\u011fi ameliyat\u0131<\/strong> bir\u00e7ok insan\u0131n tercih ettikleri sesten yararlanmas\u0131na yard\u0131mc\u0131 oluyor. <\/p>\n\n<h3 class=\"wp-block-heading\">Kulak Burun Bo\u011faz (KBB) Hastal\u0131klar\u0131n\u0131n Yayg\u0131n Belirtileri<\/h3>\n\n<p><br\/>KBB durumlar\u0131 genellikle bir kenara at\u0131lmas\u0131 zor olabilecek temel belirti ve semptomlar i\u00e7erir. Bunlar \u015funlar\u0131 i\u00e7erir:<\/p>\n\n<ul class=\"wp-block-list\">\n<li><strong>Ba\u015f a\u011fr\u0131s\u0131<\/strong> (\u00f6zellikle sin\u00fcs veya kulak enfeksiyonlar\u0131ndan kaynaklanan)<\/li>\n\n\n\n<li><strong>Kulak a\u011fr\u0131lar\u0131<\/strong> ve i\u015fitme kayb\u0131 (kulak enfeksiyonlar\u0131 veya Meniere hastal\u0131\u011f\u0131nda yayg\u0131nd\u0131r)<\/li>\n\n\n\n<li><strong>Burun t\u0131kan\u0131kl\u0131\u011f\u0131<\/strong> ve <strong>burun kanamas\u0131<\/strong> (sin\u00fczit veya burun sorunlar\u0131yla ilgili)<\/li>\n\n\n\n<li><strong>Bo\u011faz a\u011fr\u0131s\u0131<\/strong> ve ses <strong>k\u0131s\u0131kl\u0131\u011f\u0131<\/strong> (bo\u011faz enfeksiyonlar\u0131 veya ses stresine ba\u011fl\u0131)<\/li>\n\n\n\n<li>Bo\u011faz veya bademcik sorunlar\u0131 ile ili\u015fkili olabilecek <strong>yutma g\u00fc\u00e7l\u00fc\u011f\u00fc<\/strong><\/li>\n<\/ul>\n\n<p><br\/>Bu belirti ve semptomlardan herhangi birini ya\u015f\u0131yorsan\u0131z, uygun tedavi i\u00e7in bir profesyonelden tavsiye alman\u0131z \u00f6nemlidir.<\/p>\n\n<h3 class=\"wp-block-heading\">En \u0130yi Kulak Burun Bo\u011faz (KBB) Cerrahlar\u0131n\u0131 ve Kliniklerini Se\u00e7mek<\/h3>\n\n<p><br\/>Bir KBB hastal\u0131\u011f\u0131 ile ba\u015f ediyorsan\u0131z, kendinizi yeniden harika hissetmenize yard\u0131mc\u0131 olacak profesyonel bir KBB <strong>doktoru<\/strong> se\u00e7mek isteyeceksiniz. <strong>Kulak ameliyat\u0131<\/strong>, <strong>ses esteti\u011fi<\/strong> veya <strong>sin\u00fcs tedavileri<\/strong> olsun ya da olmas\u0131n, durumunuzda uzmanla\u015fm\u0131\u015f klinikleri ve cerrahlar\u0131 ara\u015ft\u0131rmak \u00e7ok \u00f6nemlidir. En iyi kliniklerin \u00e7o\u011fu, se\u00e7eneklerinizi anlaman\u0131za ve m\u00fckemmel tedavi plan\u0131n\u0131 se\u00e7menize yard\u0131mc\u0131 olacak kons\u00fcltasyonlar sa\u011flar.  <\/p>\n\n<p>Fiyatlar\u0131 kar\u015f\u0131la\u015ft\u0131r\u0131rken, klini\u011fin itibar\u0131, sa\u011fl\u0131k uzman\u0131 ve ihtiya\u00e7 duyabilece\u011finiz konforlu stratejiler gibi fakt\u00f6rleri akl\u0131n\u0131zda bulundurdu\u011funuzdan emin olun. <strong>KBB tedavileri<\/strong>, tekni\u011fin karma\u015f\u0131kl\u0131\u011f\u0131na ve klini\u011fin alan\u0131na ba\u011fl\u0131 olarak maliyet a\u00e7\u0131s\u0131ndan b\u00fcy\u00fck \u00f6l\u00e7\u00fcde de\u011fi\u015febilir, bu nedenle karar vermeden \u00f6nce se\u00e7eneklerinize bakmak asl\u0131nda do\u011frudur.<\/p>\n\n<h3 class=\"wp-block-heading\"><br\/>Kulak Burun Bo\u011faz (KBB) Tedavileri \u00dczerine Son D\u00fc\u015f\u00fcnceler<\/h3>\n\n<p><br\/>\u0130ster s\u00fcrekli bo\u011faz a\u011fr\u0131s\u0131, ister inat\u00e7\u0131 kulak enfeksiyonlar\u0131 ya da burun deli\u011finin yeniden \u015fekillendirilmesi gibi ihti\u015faml\u0131 bir sorunla u\u011fra\u015f\u0131yor olun, <strong>KBB ila\u00e7lar\u0131<\/strong> sa\u011fl\u0131\u011f\u0131n\u0131z\u0131 g\u00fc\u00e7lendirmek i\u00e7in \u00f6nemlidir. T\u0131bbi teknoloji ve cerrahi stratejilerdeki geli\u015fmeler sayesinde, her zamankinden daha fazla tedavi se\u00e7ene\u011fi mevcuttur; bu nedenle herhangi bir KBB belirti ve semptomundan etkileniyorsan\u0131z, g\u00f6r\u00fcnmek i\u00e7in \u00e7ok uzun s\u00fcre beklemeyin. <\/p>\n\n<p>Do\u011fru <strong>kulak burun bo\u011faz (KBB) doktorunu<\/strong> ve sa\u011fl\u0131k kurulu\u015funu se\u00e7erek, ister k\u00fc\u00e7\u00fck ister daha kritik durumlar olsun, sa\u011fl\u0131k sorunlar\u0131n\u0131z\u0131 ele alabilir ve en iyi hayat\u0131n\u0131z\u0131 ya\u015famaya geri d\u00f6nebilirsiniz. Herhangi bir KBB problemi olmadan. <\/p>\n\n<p>Orta kulakta orta kulak enfeksiyonlar\u0131, orta kulak iltihab\u0131, kulak zar\u0131n\u0131n delinmesi, orta kulakta s\u0131v\u0131 birikmesi ve i\u015fitme kayb\u0131 gibi orta kulak hastal\u0131klar\u0131 meydana gelebilir.  <\/p>\n\n<h2 class=\"wp-block-heading\">Kulak Burun Bo\u011faz Tedavileri i\u00e7in \u015eehirler ve \u00dclkeler<\/h2>\n\n<p><em>\u00e7ok yak\u0131nda&#8230;<\/em><\/p>\n\n<p><strong>MedClinics kulak, burun ve bo\u011faz tedavilerini uygun fiyata sunuyor!<\/strong> <strong>Bir\u00e7ok teklif aras\u0131nda gezinmenize ve sizin i\u00e7in en iyisini bulman\u0131za yard\u0131mc\u0131 oluyoruz. MedClinics ile \u00fclkelere, maliyetlere ve doktorlara genel bir bak\u0131\u015f elde edeceksiniz.<\/strong><\/p>\n<h2 class=\"wp-block-heading\">Bizimle ileti\u015fime ge\u00e7in, hasta dan\u0131\u015fman\u0131m\u0131z s\u00fcre\u00e7 boyunca size rehberlik edecek ve tavsiyelerde bulunacakt\u0131r!<\/h2>\n<p>MedClinics ile birlikte sizin i\u00e7in en iyi tedaviyi bulacaks\u0131n\u0131z. T\u00fcm ayr\u0131nt\u0131lar\u0131 a\u00e7\u0131klayacak ve \u00f6zel ihtiya\u00e7lar\u0131n\u0131z i\u00e7in en uygun klini\u011fi bulman\u0131za yard\u0131mc\u0131 olaca\u011f\u0131z.<\/p>\n\n<div class=\"wp-block-buttons is-layout-flex wp-block-buttons-is-layout-flex\">\n<div class=\"wp-block-button has-custom-width wp-block-button__width-100 has-custom-font-size is-style-fill has-medium-font-size\"><a class=\"wp-block-button__link has-white-color has-text-color has-background wp-element-button\" href=\"#requestform\" style=\"border-radius:8px;background-color:#225b75;padding-right:0;padding-left:0\" target=\"_blank\" rel=\"noopener\">\u00dccretsiz Dan\u0131\u015fmanl\u0131k<\/a><\/div>\n<\/div>\n\n<p><\/p>\n","protected":false},"excerpt":{"rendered":"<p>Kulak Burun Bo\u011faz (KBB) tedavileri uzun y\u0131llard\u0131r pop\u00fclerdir. Sa\u011fl\u0131k hizmetleri hakk\u0131nda d\u00fc\u015f\u00fcnd\u00fc\u011f\u00fcm\u00fczde, genellikle en yayg\u0131n sorunlara odaklan\u0131r\u0131z &#8211; koroner kalp [&hellip;]<\/p>\n","protected":false},"author":4,"featured_media":118293,"parent":0,"menu_order":0,"comment_status":"closed","ping_status":"closed","template":"","meta":{"site-sidebar-layout":"default","site-content-layout":"","ast-site-content-layout":"default","site-content-style":"default","site-sidebar-style":"default","ast-global-header-display":"","ast-banner-title-visibility":"","ast-main-header-display":"","ast-hfb-above-header-display":"","ast-hfb-below-header-display":"","ast-hfb-mobile-header-display":"","site-post-title":"","ast-breadcrumbs-content":"","ast-featured-img":"","footer-sml-layout":"","ast-disable-related-posts":"","theme-transparent-header-meta":"","adv-header-id-meta":"","stick-header-meta":"","header-above-stick-meta":"","header-main-stick-meta":"","header-below-stick-meta":"","astra-migrate-meta-layouts":"default","ast-page-background-enabled":"default","ast-page-background-meta":{"desktop":{"background-color":"var(--ast-global-color-4)","background-image":"","background-repeat":"repeat","background-position":"center center","background-size":"auto","background-attachment":"scroll","background-type":"","background-media":"","overlay-type":"","overlay-color":"","overlay-opacity":"","overlay-gradient":""},"tablet":{"background-color":"","background-image":"","background-repeat":"repeat","background-position":"center center","background-size":"auto","background-attachment":"scroll","background-type":"","background-media":"","overlay-type":"","overlay-color":"","overlay-opacity":"","overlay-gradient":""},"mobile":{"background-color":"","background-image":"","background-repeat":"repeat","background-position":"center center","background-size":"auto","background-attachment":"scroll","background-type":"","background-media":"","overlay-type":"","overlay-color":"","overlay-opacity":"","overlay-gradient":""}},"ast-content-background-meta":{"desktop":{"background-color":"var(--ast-global-color-5)","background-image":"","background-repeat":"repeat","background-position":"center center","background-size":"auto","background-attachment":"scroll","background-type":"","background-media":"","overlay-type":"","overlay-color":"","overlay-opacity":"","overlay-gradient":""},"tablet":{"background-color":"var(--ast-global-color-5)","background-image":"","background-repeat":"repeat","background-position":"center center","background-size":"auto","background-attachment":"scroll","background-type":"","background-media":"","overlay-type":"","overlay-color":"","overlay-opacity":"","overlay-gradient":""},"mobile":{"background-color":"var(--ast-global-color-5)","background-image":"","background-repeat":"repeat","background-position":"center center","background-size":"auto","background-attachment":"scroll","background-type":"","background-media":"","overlay-type":"","overlay-color":"","overlay-opacity":"","overlay-gradient":""}},"footnotes":""},"class_list":["post-148583","page","type-page","status-publish","has-post-thumbnail","hentry"],"_links":{"self":[{"href":"https:\/\/medclinics.com\/tr\/wp-json\/wp\/v2\/pages\/148583","targetHints":{"allow":["GET"]}}],"collection":[{"href":"https:\/\/medclinics.com\/tr\/wp-json\/wp\/v2\/pages"}],"about":[{"href":"https:\/\/medclinics.com\/tr\/wp-json\/wp\/v2\/types\/page"}],"author":[{"embeddable":true,"href":"https:\/\/medclinics.com\/tr\/wp-json\/wp\/v2\/users\/4"}],"replies":[{"embeddable":true,"href":"https:\/\/medclinics.com\/tr\/wp-json\/wp\/v2\/comments?post=148583"}],"version-history":[{"count":0,"href":"https:\/\/medclinics.com\/tr\/wp-json\/wp\/v2\/pages\/148583\/revisions"}],"wp:featuredmedia":[{"embeddable":true,"href":"https:\/\/medclinics.com\/tr\/wp-json\/wp\/v2\/media\/118293"}],"wp:attachment":[{"href":"https:\/\/medclinics.com\/tr\/wp-json\/wp\/v2\/media?parent=148583"}],"curies":[{"name":"wp","href":"https:\/\/api.w.org\/{rel}","templated":true}]}}