{"id":148565,"date":"2023-11-21T11:28:31","date_gmt":"2023-11-21T08:28:31","guid":{"rendered":"https:\/\/medclinics.com\/ses-estetigi\/"},"modified":"2024-10-23T15:39:51","modified_gmt":"2024-10-23T12:39:51","slug":"ses-estetigi","status":"publish","type":"page","link":"https:\/\/medclinics.com\/tr\/ses-estetigi\/","title":{"rendered":"Ses Esteti\u011fi"},"content":{"rendered":"\n<h2 class=\"wp-block-heading\" id=\"voice-aesthetics-can-ensure-a-persons-voice-matches-their-gender-age-and-appearance\">Ses esteti\u011fi, bir ki\u015finin sesinin cinsiyetine, ya\u015f\u0131na ve g\u00f6r\u00fcn\u00fcm\u00fcne uygun olmas\u0131n\u0131 sa\u011flayabilir.<\/h2>\n\n<p>KBB (kulak burun bo\u011faz) uzmanlar\u0131 taraf\u0131ndan ger\u00e7ekle\u015ftirilen bir dizi prosed\u00fcrd\u00fcr. Prosed\u00fcrler, sesteki kal\u0131nla\u015fma ve incelmenin g\u00f6r\u00fcn\u00fcm\u00fcn\u00fc belirler.<\/p>\n\n<div class=\"wp-block-rank-math-toc-block\" id=\"rank-math-toc\"><h2>\u0130\u00e7indekiler Tablosu<\/h2><nav><ul><li><a href=\"#voice-aesthetics-can-ensure-a-persons-voice-matches-their-gender-age-and-appearance\">Ses esteti\u011fi, bir ki\u015finin sesinin cinsiyetine, ya\u015f\u0131na ve g\u00f6r\u00fcn\u00fcm\u00fcne uygun olmas\u0131n\u0131 sa\u011flayabilir.<\/a><\/li><li><a href=\"#so-what-is\">Peki Nedir<\/a><\/li><li><a href=\"#types-and-methods\">T\u00fcrler ve Y\u00f6ntemler<\/a><\/li><li><a href=\"#treatment-plan\">Tedavi Plan\u0131<\/a><\/li><li><a href=\"#aftercare\">Bak\u0131m Sonras\u0131<\/a><\/li><li><a href=\"#voice-aesthetic-costs-by-country\">\u00dclkelere g\u00f6re Ses Esteti\u011fi maliyetleri<\/a><\/li><li><a href=\"#faq\">SSS<\/a><\/li><li><a href=\"#history\">Tarih<\/a><\/li><\/ul><\/nav><\/div>\n\n<h2 class=\"wp-block-heading\" id=\"so-what-is\">Peki Nedir<\/h2>\n\n<ul class=\"wp-block-list\">\n<li>Ses esteti\u011fi giderek daha pop\u00fcler hale geliyor. Seslerinin cinsiyetlerine, ya\u015flar\u0131na ve fiziksel g\u00f6r\u00fcn\u00fcmlerine uygun olmas\u0131n\u0131 isteyen ki\u015filer aras\u0131nda pop\u00fclerdir. Sesleri uyumsuz olan ki\u015filer toplumla ileti\u015fim kurmakta zorlanabilirler. Ses esteti\u011fi bu durumlarla ba\u015fa \u00e7\u0131kmak i\u00e7in bir \u00e7\u00f6z\u00fcm olabilir.<\/li>\n<\/ul>\n\n<figure class=\"wp-block-image size-full\"><img fetchpriority=\"high\" decoding=\"async\" width=\"960\" height=\"550\" src=\"https:\/\/medclinics.com\/wp-content\/uploads\/2023\/11\/voice-aesthetics-in-turkey.jpg\" alt=\"T&#xFC;rkiye'de Ses Esteti&#x11F;i\" class=\"wp-image-118210\" srcset=\"https:\/\/medclinics.com\/wp-content\/uploads\/2023\/11\/voice-aesthetics-in-turkey.jpg 960w, https:\/\/medclinics.com\/wp-content\/uploads\/2023\/11\/voice-aesthetics-in-turkey-500x286.jpg 500w, https:\/\/medclinics.com\/wp-content\/uploads\/2023\/11\/voice-aesthetics-in-turkey-768x440.jpg 768w, https:\/\/medclinics.com\/wp-content\/uploads\/2023\/11\/voice-aesthetics-in-turkey-24x14.jpg 24w, https:\/\/medclinics.com\/wp-content\/uploads\/2023\/11\/voice-aesthetics-in-turkey-36x21.jpg 36w, https:\/\/medclinics.com\/wp-content\/uploads\/2023\/11\/voice-aesthetics-in-turkey-48x28.jpg 48w\" sizes=\"(max-width: 960px) 100vw, 960px\" \/><\/figure>\n\n<h2 class=\"wp-block-heading\" id=\"types-and-methods\">T\u00fcrler ve Y\u00f6ntemler<\/h2>\n\n<p>Ses esteti\u011fi ameliyat\u0131 sesi kal\u0131nla\u015ft\u0131rabilir veya derinle\u015ftirebilir. Bu y\u00f6ntemler di\u015file\u015ftirme ve derinle\u015ftirmedir. Genellikle lokal anestezi alt\u0131nda yap\u0131l\u0131rlar. Ses tellerine m\u00fcdahale ederek ses tonunu d\u00fczenlerler. Ayr\u0131ca, ses terapisi ve ses ameliyat\u0131 gibi di\u011fer y\u00f6ntemleri de i\u00e7erebilir.<\/p>\n\n<p><strong>Ses Feminizasyonu:<\/strong> Ses tonunu d\u00fczeltmek i\u00e7in kullan\u0131lan bir tedavi y\u00f6ntemidir. Ses kal\u0131nl\u0131\u011f\u0131 veya inceli\u011fi ses telinin temel frekans\u0131na ba\u011fl\u0131d\u0131r. Ses feminizasyon cerrahisi, ses tellerinin k\u0131salt\u0131lmas\u0131, inceltilmesi ve s\u0131k\u0131la\u015ft\u0131r\u0131lmas\u0131d\u0131r. B\u00f6ylece istedi\u011finiz ses tonunu elde edebilirsiniz.<\/p>\n\n<p><strong>Ses Derinle\u015ftirme<\/strong>: Bu ameliyat genellikle erkekler i\u00e7in kullan\u0131l\u0131r. Ses tonlar\u0131n\u0131 fiziksel yap\u0131lar\u0131na uygun bir kal\u0131nl\u0131\u011fa getirmeyi ama\u00e7lar. \u0130\u015flem size uygun bir ses tonu verir. Bu daha kal\u0131n bir ses. Ses telleri ince olan ki\u015filer i\u00e7in uygundur.<\/p>\n\n<figure class=\"wp-block-image size-full\"><img decoding=\"async\" width=\"960\" height=\"550\" src=\"https:\/\/medclinics.com\/wp-content\/uploads\/2023\/11\/voice-aesthetics-for-men.jpg\" alt=\"Erkekler i&#xE7;in Ses Esteti&#x11F;i\" class=\"wp-image-118229\" srcset=\"https:\/\/medclinics.com\/wp-content\/uploads\/2023\/11\/voice-aesthetics-for-men.jpg 960w, https:\/\/medclinics.com\/wp-content\/uploads\/2023\/11\/voice-aesthetics-for-men-500x286.jpg 500w, https:\/\/medclinics.com\/wp-content\/uploads\/2023\/11\/voice-aesthetics-for-men-768x440.jpg 768w, https:\/\/medclinics.com\/wp-content\/uploads\/2023\/11\/voice-aesthetics-for-men-24x14.jpg 24w, https:\/\/medclinics.com\/wp-content\/uploads\/2023\/11\/voice-aesthetics-for-men-36x21.jpg 36w, https:\/\/medclinics.com\/wp-content\/uploads\/2023\/11\/voice-aesthetics-for-men-48x28.jpg 48w\" sizes=\"(max-width: 960px) 100vw, 960px\" \/><\/figure>\n\n<h2 class=\"wp-block-heading\" id=\"treatment-plan\">Tedavi Plan\u0131<\/h2>\n\n<p><strong>Muayene ve Laringostroboskopi:<\/strong><\/p>\n\n<ul class=\"wp-block-list\">\n<li>Uzman doktor hastan\u0131n ses tellerini incelemek i\u00e7in<a href=\"https:\/\/en.wikipedia.org\/wiki\/Laryngoscopy\" rel=\"nofollow noopener\" data-type=\"link\" data-id=\"https:\/\/en.wikipedia.org\/wiki\/Laryngoscopy\" target=\"_blank\"> laringoskopi<\/a> y\u00f6ntemini kullan\u0131r.<\/li>\n\n\n\n<li>Bu a\u015famada ki\u015finin ses telleri g\u00f6r\u00fcnt\u00fclenir ve e\u015flik eden patolojiler tespit edilir.<\/li>\n<\/ul>\n\n<p><strong>Ses Analizi ve \u00d6rnek Kay\u0131t:<\/strong><\/p>\n\n<ul class=\"wp-block-list\">\n<li>Hastadan bir ses \u00f6rne\u011fi al\u0131n\u0131r.<\/li>\n\n\n\n<li>Operasyon \u00f6ncesinde ses analizi yap\u0131l\u0131r ve en uygun frekans belirlenir.<\/li>\n<\/ul>\n\n<p><strong>Konu\u015fma Terapisti ile seanslar:<\/strong><\/p>\n\n<ul class=\"wp-block-list\">\n<li>Ard\u0131ndan konu\u015fma terapistleri toplant\u0131lar d\u00fczenler. Ameliyat sonras\u0131 ses hijyenini ve sesin nas\u0131l kullan\u0131laca\u011f\u0131n\u0131 a\u00e7\u0131klarlar.<\/li>\n<\/ul>\n\n<p>Ses analizine g\u00f6re haz\u0131rl\u0131klar yap\u0131l\u0131r. \u0130\u015fte, ameliyata haz\u0131rs\u0131n.<\/p>\n\n<p><strong>Ameliyat:<\/strong><\/p>\n\n<ul class=\"wp-block-list\">\n<li>Endoskopik bir teknik kullan\u0131larak, ses esteti\u011fi ameliyat\u0131 boyundaki k\u00fc\u00e7\u00fck bir kesiden veya a\u011f\u0131zdan ger\u00e7ekle\u015ftirilir. Uygun bir teknik se\u00e7ilir. B\u00f6ylece doktor ses tellerine ula\u015f\u0131r.<\/li>\n\n\n\n<li>Ses telinin gerginli\u011fi, uzunlu\u011fu ve k\u00fctlesi bir enstr\u00fcman\u0131n akort edilmesi gibi ayarlan\u0131r. Bu sayede seste istenilen kal\u0131nla\u015fma, incelme ve ton ayar\u0131n\u0131 elde edebilirsiniz.<\/li>\n<\/ul>\n\n<p><strong>\u015eimdi, tedaviniz tamamland\u0131. Yeni sesinizin tad\u0131n\u0131 \u00e7\u0131karabilirsiniz.<\/strong><\/p>\n\n<h3 class=\"wp-block-heading\" id=\"dental-implants-for\">Ses Esteti\u011fi i\u00e7in:<\/h3>\n\n<ul class=\"wp-block-list\">\n<li>Sesini inceltmek isteyenler<\/li>\n\n\n\n<li>Sesini kal\u0131nla\u015ft\u0131rmak isteyenler<\/li>\n\n\n\n<li>Nispeten daha kal\u0131n sesli kad\u0131nlar<\/li>\n\n\n\n<li>Sesi normalden ince olan erkekler<\/li>\n\n\n\n<li>Hormonal de\u011fi\u015fiklikler nedeniyle sesi ve fiziksel yap\u0131s\u0131 uyumsuz olan bireyler<\/li>\n\n\n\n<li>Ses telleri ile ilgili \u00e7e\u015fitli sorunlar\u0131 olanlar<\/li>\n\n\n\n<li>Cinsiyet de\u011fi\u015fikli\u011fini tercih edenler<\/li>\n<\/ul>\n\n<h3 class=\"wp-block-heading\" id=\"dental-implants-recovery-timeline\">Ses Esteti\u011fi \u0130yile\u015fme Zaman \u00c7izelgesi:<\/h3>\n\n<ul class=\"wp-block-list\">\n<li>Ses Derinle\u015ftirme ameliyat\u0131ndan sonra ses hemen kullan\u0131labilir.<\/li>\n\n\n\n<li>Ses feminizasyonunda 1 hafta s\u00fcreyle ses istirahati \u00f6nerilir.<\/li>\n\n\n\n<li>Erken d\u00f6nemde bir miktar ses k\u0131s\u0131kl\u0131\u011f\u0131 ve seste de\u011fi\u015fiklikler olabilir.<\/li>\n\n\n\n<li>Ameliyat sonras\u0131 iyile\u015fme d\u00f6neminde ses kullan\u0131m\u0131, ses hijyeni ve beslenmeye dikkat etmelisiniz.<\/li>\n<\/ul>\n\n<h3 class=\"wp-block-heading\" id=\"possible-risks-for-dental-implants\">Ses Esteti\u011fi i\u00e7in Olas\u0131 Riskler:<\/h3>\n\n<ul class=\"wp-block-list\">\n<li>Ses esteti\u011fi ameliyatlar\u0131 uzman doktorlar taraf\u0131ndan kliniklerde yap\u0131ld\u0131\u011f\u0131 takdirde ses <strong>kayb\u0131<\/strong> ya\u015fanmaz.<\/li>\n\n\n\n<li>\u0130yile\u015fme s\u00fcrecinde ses k\u0131s\u0131kl\u0131\u011f\u0131 olu\u015fabilir. Ses tellerindeki \u00f6deme ba\u011fl\u0131 olarak geli\u015fir. Ve bu kal\u0131c\u0131 de\u011fil.<\/li>\n<\/ul>\n\n<h2 class=\"wp-block-heading\" id=\"aftercare\">Bak\u0131m Sonras\u0131<\/h2>\n\n<h3 class=\"wp-block-heading\" id=\"of-course-we-will-also-take-care-of-you-after-your-treatment\">Tabii ki tedavinizden sonra da sizinle ilgilenece\u011fiz!<\/h3>\n\n<p>Ameliyattan sonraki 1 y\u0131l boyunca t\u0131bbi dan\u0131\u015fmanlar\u0131m\u0131z sizinle ilgilenecektir.<br\/>Herhangi bir yard\u0131ma ihtiyac\u0131n\u0131z olursa, sorular\u0131n\u0131z varsa <a href=\"https:\/\/medclinics.com\/tr\/\">MedClinics<\/a> ile 7\/24 ileti\u015fime ge\u00e7ebilirsiniz.<\/p>\n\n<figure class=\"wp-block-image size-full is-resized\"><img decoding=\"async\" width=\"960\" height=\"550\" src=\"https:\/\/medclinics.com\/wp-content\/uploads\/2023\/11\/voice-aesthetics.jpg\" alt=\"Ses Esteti&#x11F;i\" class=\"wp-image-118221\" style=\"width:960px;height:550px\" srcset=\"https:\/\/medclinics.com\/wp-content\/uploads\/2023\/11\/voice-aesthetics.jpg 960w, https:\/\/medclinics.com\/wp-content\/uploads\/2023\/11\/voice-aesthetics-500x286.jpg 500w, https:\/\/medclinics.com\/wp-content\/uploads\/2023\/11\/voice-aesthetics-768x440.jpg 768w, https:\/\/medclinics.com\/wp-content\/uploads\/2023\/11\/voice-aesthetics-24x14.jpg 24w, https:\/\/medclinics.com\/wp-content\/uploads\/2023\/11\/voice-aesthetics-36x21.jpg 36w, https:\/\/medclinics.com\/wp-content\/uploads\/2023\/11\/voice-aesthetics-48x28.jpg 48w\" sizes=\"(max-width: 960px) 100vw, 960px\" \/><\/figure>\n\n<h2 class=\"wp-block-heading\" id=\"voice-aesthetic-costs-by-country\">\u00dclkelere g\u00f6re Ses Esteti\u011fi maliyetleri<\/h2>\n\n<p>Ses esteti\u011fi maliyetleri genetik \u00f6zelliklere, ya\u015fa, ses teli yap\u0131s\u0131na, ses teli durumuna, ses teli esteti\u011fi y\u00f6ntemine ve doktorun deneyimine ba\u011fl\u0131d\u0131r.<br\/>A\u015fa\u011f\u0131da listelenen fiyatlar size yakla\u015f\u0131k bir fikir vermeyi ama\u00e7lamaktad\u0131r ve nihai bir fiyat teklifi de\u011fildir. MedClinics dan\u0131\u015fman\u0131n\u0131z size ayr\u0131nt\u0131l\u0131 bilgi vermekten mutluluk duyacakt\u0131r.<\/p>\n\n<figure class=\"wp-block-table\"><table><tbody><tr><td>\u00dclke<\/td><td>Fiyat<\/td><td>De\u011ferlendirme<\/td><\/tr><tr><td>T\u00fcrkiye<\/td><td>~ 5.000 \u20ac  <\/td><td>\u2605\u2605\u2605\u2605\u2605 \u00a0 \u00a0<\/td><\/tr><tr><td>Polonya<\/td><td>~ 4.400 \u20ac  <\/td><td>\u2605\u2605<\/td><\/tr><tr><td>BIRLE\u015eIK KRALLIK<\/td><td>~ 7.500 \u20ac  <\/td><td>\u2605\u2605\u2605<\/td><\/tr><tr><td>Almanya<\/td><td>~ 8.000 \u20ac<\/td><td>\u2605\u2605\u2605<\/td><\/tr><\/tbody><\/table><\/figure>\n\n<h2 class=\"wp-block-heading\" id=\"faq\">SSS<\/h2>\n<div id=\"rank-math-faq\" class=\"rank-math-block\">\n<div class=\"rank-math-list \">\n<div id=\"faq-question-1682598236692\" class=\"rank-math-list-item\">\n<h3 class=\"rank-math-question \">Ses esteti\u011fi ameliyat\u0131n\u0131n faydalar\u0131 nelerdir?<\/h3>\n<div class=\"rank-math-answer \">\n\n<p>Ses esteti\u011fi cerrahisi, sesin i\u015flevini ve g\u00f6r\u00fcn\u00fcm\u00fcn\u00fc iyile\u015ftirmeyi ama\u00e7lar. Faydalar\u0131 aras\u0131nda geli\u015fmi\u015f ses tonu, perde ve genel ses kalitesi say\u0131labilir.<\/p>\n\n<\/div>\n<\/div>\n<div id=\"faq-question-1684406211747\" class=\"rank-math-list-item\">\n<h3 class=\"rank-math-question \">T\u00fcrkiye&#8217;de ses esteti\u011fi ameliyat\u0131 olmak g\u00fcvenli mi?<\/h3>\n<div class=\"rank-math-answer \">\n\n<p>T\u00fcrkiye&#8217;de ses esteti\u011fi ameliyatlar\u0131, kulak, burun ve bo\u011faz alan\u0131nda uzmanla\u015fm\u0131\u015f deneyimli ve nitelikli doktorlar taraf\u0131ndan yap\u0131ld\u0131\u011f\u0131nda genellikle g\u00fcvenlidir. MedClinics olarak, T\u00fcrkiye&#8217;deki en iyi klinikleri se\u00e7menizde size yard\u0131mc\u0131 olmak i\u00e7in buraday\u0131z.<\/p>\n\n<\/div>\n<\/div>\n<div id=\"faq-question-1684406215345\" class=\"rank-math-list-item\">\n<h3 class=\"rank-math-question \">Ses esteti\u011fi ameliyat\u0131 nas\u0131l yap\u0131l\u0131r?<\/h3>\n<div class=\"rank-math-answer \">\n\n<p>Prosed\u00fcr, istenen ses kal\u0131nla\u015fmas\u0131n\u0131, incelmesini veya tonunu elde etmek i\u00e7in ses tellerinin gerginli\u011fini, uzunlu\u011funu ve k\u00fctlesini ayarlamay\u0131 i\u00e7erir. Spesifik y\u00f6ntem bireysel fakt\u00f6rlere ba\u011fl\u0131d\u0131r.<\/p>\n\n<\/div>\n<\/div>\n<div id=\"faq-question-1684406216613\" class=\"rank-math-list-item\">\n<h3 class=\"rank-math-question \">Ses esteti\u011fi ameliyat\u0131 sonras\u0131 iyile\u015fme s\u00fcreci nas\u0131ld\u0131r?<\/h3>\n<div class=\"rank-math-answer \">\n\n<p>\u0130yile\u015fme s\u00fcreci de\u011fi\u015fkenlik g\u00f6sterir, ancak hastalar bir dinlenme ve sesli bak\u0131m d\u00f6nemi bekleyebilirler. Cerrah ve konu\u015fma terapisti ile takip randevular\u0131 \u00f6nerilebilir.<\/p>\n\n<\/div>\n<\/div>\n<div id=\"faq-question-1684406218161\" class=\"rank-math-list-item\">\n<h3 class=\"rank-math-question \">Ses esteti\u011fi ameliyat\u0131n\u0131n sonu\u00e7lar\u0131 ne kadar s\u00fcrer?<\/h3>\n<div class=\"rank-math-answer \">\n\n<p>Ya\u015fam tarz\u0131 fakt\u00f6rlerine, bireysel iyile\u015fmeye ve takip bak\u0131m\u0131na ba\u011fl\u0131d\u0131r.<\/p>\n\n<\/div>\n<\/div>\n<div id=\"faq-question-1684406219322\" class=\"rank-math-list-item\">\n<h3 class=\"rank-math-question \">T\u00fcrkiye&#8217;de ses esteti\u011fi ameliyat\u0131 di\u011fer \u00fclkelere k\u0131yasla ne kadara mal oluyor?<\/h3>\n<div class=\"rank-math-answer \">\n\n<p>T\u00fcrkiye&#8217;deki ses esteti\u011fi ameliyat\u0131 maliyetleri genellikle 250 \u20ac olup, Bat\u0131 Avrupa veya Amerika Birle\u015fik Devletleri&#8217;nden \u00f6nemli \u00f6l\u00e7\u00fcde daha d\u00fc\u015f\u00fckt\u00fcr. Elbette bu, prosed\u00fcr\u00fcn t\u00fcr\u00fcne, cerrah\u0131n deneyimine ve klini\u011fin itibar\u0131na ba\u011fl\u0131d\u0131r.<\/p>\n\n<\/div>\n<\/div>\n<div id=\"faq-question-1684406222432\" class=\"rank-math-list-item\">\n<h3 class=\"rank-math-question \">T\u00fcrkiye&#8217;de ses esteti\u011fi ameliyatlar\u0131n\u0131n ba\u015far\u0131 oranlar\u0131 nedir?<\/h3>\n<div class=\"rank-math-answer \">\n\n<p>T\u00fcrkiye&#8217;de ses esteti\u011fi ameliyatlar\u0131n\u0131n ba\u015far\u0131 oran\u0131 %88 ile %93 aras\u0131nda de\u011fi\u015fmektedir.  <\/p>\n\n<\/div>\n<\/div>\n<div id=\"faq-question-1684406223362\" class=\"rank-math-list-item\">\n<h3 class=\"rank-math-question \">T\u00fcrkiye&#8217;de sayg\u0131n ve deneyimli bir ses cerrah\u0131n\u0131 nas\u0131l bulabilirim?<\/h3>\n<div class=\"rank-math-answer \">\n\n<p>MedClinics olarak, T\u00fcrkiye&#8217;deki en uygun ses esteti\u011fi kliniklerini ve cerrahlar\u0131n\u0131 bulman\u0131za yard\u0131mc\u0131 olmak i\u00e7in buraday\u0131z. Bizimle 7\/24 ileti\u015fime ge\u00e7ebilirsiniz. <\/p>\n\n<\/div>\n<\/div>\n<div id=\"faq-question-1684406224360\" class=\"rank-math-list-item\">\n<h3 class=\"rank-math-question \">Ses esteti\u011fi ameliyat\u0131 sonu\u00e7lar\u0131n\u0131n uzun \u00f6m\u00fcrl\u00fcl\u00fc\u011f\u00fcn\u00fc hangi fakt\u00f6rler etkileyebilir?<\/h3>\n<div class=\"rank-math-answer \">\n\n<p>Bireyin ameliyat sonras\u0131 bak\u0131ma uyumu, ya\u015fam tarz\u0131 se\u00e7imleri ve prosed\u00fcr s\u0131ras\u0131nda kullan\u0131lan \u00f6zel teknikler gibi fakt\u00f6rler uzun \u00f6m\u00fcrl\u00fcl\u00fc\u011f\u00fc etkiler.<\/p>\n\n<\/div>\n<\/div>\n<div id=\"faq-question-1684406227634\" class=\"rank-math-list-item\">\n<h3 class=\"rank-math-question \">Ses esteti\u011fi ameliyat\u0131 sonras\u0131 normal aktivitelerime ne zaman d\u00f6nebilece\u011fim?<\/h3>\n<div class=\"rank-math-answer \">\n\n<p>Ses esteti\u011fi ameliyat\u0131 sonras\u0131 iyile\u015fme s\u00fcresi de\u011fi\u015fkenlik g\u00f6sterir. Ancak, bir veya iki hafta i\u00e7inde normal aktivitelerinize d\u00f6nmeyi bekleyebilirsiniz.<\/p>\n\n<\/div>\n<\/div>\n<\/div>\n<\/div>\n<h2 class=\"wp-block-heading\" id=\"history\">Tarih<\/h2>\n\n<p>K\u00fclt\u00fcrel de\u011fi\u015fimlerle \u015fekillenen ses esteti\u011fi, ho\u015f bir sesin \u00f6nemini vurgulayan antik Yunan ve Roma&#8217;ya dayanan bir ge\u00e7mi\u015fe sahiptir.<\/p>\n\n<p>Orta \u00c7a\u011f&#8217;dan R\u00f6nesans&#8217;a kadar akademisyenler vokal ifadeyi ara\u015ft\u0131rm\u0131\u015flard\u0131r. 19. y\u00fczy\u0131l\u0131n sonlar\u0131ndaki kay\u0131t teknolojisi, sesin korunmas\u0131n\u0131 ve analiz edilmesini m\u00fcmk\u00fcn k\u0131lm\u0131\u015ft\u0131r.<\/p>\n\n<p>G\u00fcn\u00fcm\u00fczde ses esteti\u011fi, t\u0131p ve teknolojinin kesi\u015fmesiyle hem ses i\u015flevini hem de esteti\u011fi geli\u015ftiren prosed\u00fcrlere yol a\u00e7arak sanat\u0131n \u00f6tesine uzanmaktad\u0131r. Modern tedaviler yaln\u0131zca i\u015flevsel sorunlar\u0131 ele almakla kalmaz, ayn\u0131 zamanda seslerin sesini iyile\u015ftirmeyi de ama\u00e7lar.<\/p>\n","protected":false},"excerpt":{"rendered":"<p>Ses esteti\u011fi, bir ki\u015finin sesinin cinsiyetine, ya\u015f\u0131na ve g\u00f6r\u00fcn\u00fcm\u00fcne uygun olmas\u0131n\u0131 sa\u011flayabilir. KBB (kulak burun bo\u011faz) uzmanlar\u0131 taraf\u0131ndan ger\u00e7ekle\u015ftirilen bir [&hellip;]<\/p>\n","protected":false},"author":4,"featured_media":118244,"parent":0,"menu_order":0,"comment_status":"closed","ping_status":"closed","template":"","meta":{"site-sidebar-layout":"default","site-content-layout":"","ast-site-content-layout":"default","site-content-style":"default","site-sidebar-style":"default","ast-global-header-display":"","ast-banner-title-visibility":"","ast-main-header-display":"","ast-hfb-above-header-display":"","ast-hfb-below-header-display":"","ast-hfb-mobile-header-display":"","site-post-title":"","ast-breadcrumbs-content":"","ast-featured-img":"","footer-sml-layout":"","ast-disable-related-posts":"","theme-transparent-header-meta":"","adv-header-id-meta":"","stick-header-meta":"","header-above-stick-meta":"","header-main-stick-meta":"","header-below-stick-meta":"","astra-migrate-meta-layouts":"default","ast-page-background-enabled":"default","ast-page-background-meta":{"desktop":{"background-color":"var(--ast-global-color-4)","background-image":"","background-repeat":"repeat","background-position":"center center","background-size":"auto","background-attachment":"scroll","background-type":"","background-media":"","overlay-type":"","overlay-color":"","overlay-opacity":"","overlay-gradient":""},"tablet":{"background-color":"","background-image":"","background-repeat":"repeat","background-position":"center center","background-size":"auto","background-attachment":"scroll","background-type":"","background-media":"","overlay-type":"","overlay-color":"","overlay-opacity":"","overlay-gradient":""},"mobile":{"background-color":"","background-image":"","background-repeat":"repeat","background-position":"center center","background-size":"auto","background-attachment":"scroll","background-type":"","background-media":"","overlay-type":"","overlay-color":"","overlay-opacity":"","overlay-gradient":""}},"ast-content-background-meta":{"desktop":{"background-color":"var(--ast-global-color-5)","background-image":"","background-repeat":"repeat","background-position":"center center","background-size":"auto","background-attachment":"scroll","background-type":"","background-media":"","overlay-type":"","overlay-color":"","overlay-opacity":"","overlay-gradient":""},"tablet":{"background-color":"var(--ast-global-color-5)","background-image":"","background-repeat":"repeat","background-position":"center center","background-size":"auto","background-attachment":"scroll","background-type":"","background-media":"","overlay-type":"","overlay-color":"","overlay-opacity":"","overlay-gradient":""},"mobile":{"background-color":"var(--ast-global-color-5)","background-image":"","background-repeat":"repeat","background-position":"center center","background-size":"auto","background-attachment":"scroll","background-type":"","background-media":"","overlay-type":"","overlay-color":"","overlay-opacity":"","overlay-gradient":""}},"footnotes":""},"class_list":["post-148565","page","type-page","status-publish","has-post-thumbnail","hentry"],"_links":{"self":[{"href":"https:\/\/medclinics.com\/tr\/wp-json\/wp\/v2\/pages\/148565","targetHints":{"allow":["GET"]}}],"collection":[{"href":"https:\/\/medclinics.com\/tr\/wp-json\/wp\/v2\/pages"}],"about":[{"href":"https:\/\/medclinics.com\/tr\/wp-json\/wp\/v2\/types\/page"}],"author":[{"embeddable":true,"href":"https:\/\/medclinics.com\/tr\/wp-json\/wp\/v2\/users\/4"}],"replies":[{"embeddable":true,"href":"https:\/\/medclinics.com\/tr\/wp-json\/wp\/v2\/comments?post=148565"}],"version-history":[{"count":0,"href":"https:\/\/medclinics.com\/tr\/wp-json\/wp\/v2\/pages\/148565\/revisions"}],"wp:featuredmedia":[{"embeddable":true,"href":"https:\/\/medclinics.com\/tr\/wp-json\/wp\/v2\/media\/118244"}],"wp:attachment":[{"href":"https:\/\/medclinics.com\/tr\/wp-json\/wp\/v2\/media?parent=148565"}],"curies":[{"name":"wp","href":"https:\/\/api.w.org\/{rel}","templated":true}]}}