{"id":148511,"date":"2023-11-20T08:55:37","date_gmt":"2023-11-20T05:55:37","guid":{"rendered":"https:\/\/medclinics.com\/huzurevi-yasli-bakimi\/"},"modified":"2025-01-24T21:33:14","modified_gmt":"2025-01-24T18:33:14","slug":"huzurevi-yasli-bakimi","status":"publish","type":"page","link":"https:\/\/medclinics.com\/tr\/huzurevi-yasli-bakimi\/","title":{"rendered":"Huzurevi | Ya\u015fl\u0131 Bak\u0131m\u0131"},"content":{"rendered":"\n<h2 class=\"wp-block-heading\" id=\"if-youre-looking-for-an-affordable-nursing-home-turkey-has-many-options-that-provide-high-quality-care-without-breaking-the-bank\">Uygun fiyatl\u0131 bir huzurevi ar\u0131yorsan\u0131z, T\u00fcrkiye&#8217;de b\u00fct\u00e7enizi sarsmadan y\u00fcksek kalitede bak\u0131m sa\u011flayan bir\u00e7ok se\u00e7enek bulunmaktad\u0131r. <\/h2>\n\n<p>Bu evler, maliyetleri d\u00fc\u015f\u00fck tutarken sakinlerinin refah\u0131na odaklanmaktad\u0131r.<\/p>\n\n<h2 class=\"wp-block-heading\" id=\"most-popular-nursing-homes-for-elderly-care\">Ya\u015fl\u0131 bak\u0131m\u0131 i\u00e7in en pop\u00fcler huzurevleri<\/h2>\n\n<p class=\"has-vivid-red-color has-text-color has-link-color wp-elements-8512c6bf0f946f3ea2d6dab13524b3bc\"><strong><em>Eden Residence Geriatrik Bak\u0131m &amp; Sa\u011fl\u0131k ve Rekreasyon Merkezi:<\/em><\/strong><\/p>\n\n<div class=\"wp-block-columns is-layout-flex wp-container-core-columns-is-layout-28f84493 wp-block-columns-is-layout-flex\">\n<div class=\"wp-block-column is-layout-flow wp-block-column-is-layout-flow\">\n<figure class=\"wp-block-image size-full\"><img fetchpriority=\"high\" decoding=\"async\" width=\"300\" height=\"300\" src=\"https:\/\/medclinics.com\/wp-content\/uploads\/2023\/11\/eden-rezidans-logo.jpg\" alt=\"\" class=\"wp-image-118047\" srcset=\"https:\/\/medclinics.com\/wp-content\/uploads\/2023\/11\/eden-rezidans-logo.jpg 300w, https:\/\/medclinics.com\/wp-content\/uploads\/2023\/11\/eden-rezidans-logo-24x24.jpg 24w, https:\/\/medclinics.com\/wp-content\/uploads\/2023\/11\/eden-rezidans-logo-36x36.jpg 36w, https:\/\/medclinics.com\/wp-content\/uploads\/2023\/11\/eden-rezidans-logo-48x48.jpg 48w\" sizes=\"(max-width: 300px) 100vw, 300px\" \/><\/figure>\n<\/div>\n\n\n\n<div class=\"wp-block-column is-vertically-aligned-center is-layout-flow wp-block-column-is-layout-flow\">\n<p><em>Eden Residence,<strong> \u0130zmir T\u00fcrkiye<\/strong>&#8216;nin en konforlu ve l\u00fcks huzurevidir. Uzman bak\u0131m\u0131 ve 7\/24 kamera izleme, kapal\u0131 y\u00fczme havuzu, geni\u015f bir restoran, deniz ve do\u011fa manzaral\u0131 teraslar, ye\u015fil alanlar ve \u00e7e\u015fitli tesisler dahil olmak \u00fczere modern olanaklar sunmaktad\u0131r. <strong>Aileniz kadar s\u0131cak<\/strong> hissettiriyor. \u0130zmir&#8217;de huzurevi talebiniz i\u00e7in <a href=\"#requestform\" data-type=\"internal\" data-id=\"#requestform\">MedClinics<\/a> ile ileti\u015fime ge\u00e7ebilirsiniz.<\/em><\/p>\n<\/div>\n<\/div>\n\n<div class=\"wp-block-rank-math-toc-block\" id=\"rank-math-toc\"><h2>\u0130\u00e7indekiler Tablosu<\/h2><nav><ul><li><a href=\"#most-popular-nursing-homes-for-elderly-care\">Ya\u015fl\u0131 bak\u0131m\u0131 i\u00e7in en pop\u00fcler huzurevleri<\/a><\/li><li><a href=\"#so-what-is\">Peki Nedir<\/a><\/li><li><a href=\"#types\">T\u00fcrleri<\/a><\/li><li><a href=\"#top-nursing-home-costs-by-country\">\u00dclkelere g\u00f6re en y\u00fcksek huzurevi maliyetleri<\/a><\/li><li><a href=\"#gallery\">Galeri<\/a><\/li><li><a href=\"#faq\">SSS<\/a><\/li><li><a href=\"#cities-and-countries-for-elderly-care\">Ya\u015fl\u0131 Bak\u0131m\u0131 i\u00e7in \u015eehirler ve \u00dclkeler<\/a><\/li><\/ul><\/nav><\/div>\n\n<h2 class=\"wp-block-heading\" id=\"so-what-is\">Peki Nedir<\/h2>\n\n<ul class=\"wp-block-list\">\n<li>Huzurevi, g\u00fcnl\u00fck aktivitelerde yard\u0131ma ihtiya\u00e7 duyan veya karma\u015f\u0131k t\u0131bbi ihtiya\u00e7lar\u0131 olan ya\u015fl\u0131lar i\u00e7in 24 saat bak\u0131m sunan \u00f6zel bir yerdir. <\/li>\n\n\n\n<li>Bu evler banyo, giyinme ve yemek yeme gibi ki\u015fisel bak\u0131m hizmetlerinin yan\u0131 s\u0131ra ila\u00e7 y\u00f6netimi ve yara bak\u0131m\u0131 gibi t\u0131bbi hizmetler de sunmaktad\u0131r.<\/li>\n<\/ul>\n\n<figure class=\"wp-block-image size-full\"><img decoding=\"async\" width=\"960\" height=\"550\" src=\"https:\/\/medclinics.com\/wp-content\/uploads\/2023\/11\/nursing-home-in-turkey.jpg\" alt=\"T&#xFC;rkiye'de Huzurevi\" class=\"wp-image-117981\" srcset=\"https:\/\/medclinics.com\/wp-content\/uploads\/2023\/11\/nursing-home-in-turkey.jpg 960w, https:\/\/medclinics.com\/wp-content\/uploads\/2023\/11\/nursing-home-in-turkey-500x286.jpg 500w, https:\/\/medclinics.com\/wp-content\/uploads\/2023\/11\/nursing-home-in-turkey-768x440.jpg 768w, https:\/\/medclinics.com\/wp-content\/uploads\/2023\/11\/nursing-home-in-turkey-24x14.jpg 24w, https:\/\/medclinics.com\/wp-content\/uploads\/2023\/11\/nursing-home-in-turkey-36x21.jpg 36w, https:\/\/medclinics.com\/wp-content\/uploads\/2023\/11\/nursing-home-in-turkey-48x28.jpg 48w\" sizes=\"(max-width: 960px) 100vw, 960px\" \/><\/figure>\n\n<h2 class=\"wp-block-heading\" id=\"types\">T\u00fcrleri<\/h2>\n\n<p><strong>Alzheimer ve Demans Bak\u0131m\u0131 i\u00e7in Huzurevleri<\/strong><\/p>\n\n<p>Sevdi\u011finiz ki\u015fi Alzheimer veya demans hastal\u0131\u011f\u0131na yakalanm\u0131\u015fsa, T\u00fcrkiye&#8217;de bu hastal\u0131klar\u0131n bak\u0131m\u0131 konusunda uzmanla\u015fm\u0131\u015f huzurevleri bulunmaktad\u0131r. Bu evlerde Alzheimer ve demans hastalar\u0131n\u0131n ihtiya\u00e7 duydu\u011fu destek ve ilgiyi sa\u011flamak \u00fczere e\u011fitilmi\u015f personel bulunmaktad\u0131r.<\/p>\n\n<p><strong>Hospis Bak\u0131m\u0131 i\u00e7in Huzurevleri<\/strong><\/p>\n\n<p>Sevdi\u011finiz ki\u015fi ya\u015fam\u0131n\u0131n sonuna yakla\u015f\u0131yorsa, T\u00fcrkiye&#8217;de hospis bak\u0131m\u0131 sunan huzurevleri bulunmaktad\u0131r. Bu evler huzurlu ve rahat bir ortamda \u015fefkatli bir ya\u015fam sonu bak\u0131m\u0131 sa\u011flamaktad\u0131r.<\/p>\n\n<p><strong>Akut Sonras\u0131 ve Rehabilitasyon Bak\u0131m\u0131 i\u00e7in Huzurevleri<\/strong><\/p>\n\n<p>Sevdi\u011finiz ki\u015fi bir hastal\u0131k veya yaralanmadan sonra iyile\u015fiyorsa, akut sonras\u0131 ve rehabilitasyon bak\u0131m\u0131 sunarlar. Bu evler, insanlar\u0131n evlerine g\u00fcvenle d\u00f6nebilmeleri i\u00e7in g\u00fc\u00e7lerini ve ba\u011f\u0131ms\u0131zl\u0131klar\u0131n\u0131 yeniden kazanmalar\u0131na yard\u0131mc\u0131 olmaktad\u0131r.<\/p>\n\n<h3 class=\"wp-block-heading\" id=\"the-best-way-to-choose-a-nursing-home-for-your-loved-one-is-to-consider-their-specific-needs-and-budget-turkiye-has-lots-of-nursing-homes-to-choose-from-so-you-can-find-one-that-is-a-good-fit-for-your-family\">Sevdikleriniz i\u00e7in bir huzurevi se\u00e7menin en iyi yolu, onlar\u0131n \u00f6zel ihtiya\u00e7lar\u0131n\u0131 ve b\u00fct\u00e7elerini g\u00f6z \u00f6n\u00fcnde bulundurmakt\u0131r. T\u00fcrkiye&#8217;de aralar\u0131ndan se\u00e7im yapabilece\u011finiz \u00e7ok say\u0131da ev vard\u0131r, b\u00f6ylece ailenize uygun bir ev bulabilirsiniz.<\/h3>\n\n<figure class=\"wp-block-image size-full\"><img decoding=\"async\" width=\"960\" height=\"550\" src=\"https:\/\/medclinics.com\/wp-content\/uploads\/2023\/11\/nursing-home-turkey.jpg\" alt=\"Huzurevi T&#xFC;rkiye\" class=\"wp-image-117988\" srcset=\"https:\/\/medclinics.com\/wp-content\/uploads\/2023\/11\/nursing-home-turkey.jpg 960w, https:\/\/medclinics.com\/wp-content\/uploads\/2023\/11\/nursing-home-turkey-500x286.jpg 500w, https:\/\/medclinics.com\/wp-content\/uploads\/2023\/11\/nursing-home-turkey-768x440.jpg 768w, https:\/\/medclinics.com\/wp-content\/uploads\/2023\/11\/nursing-home-turkey-24x14.jpg 24w, https:\/\/medclinics.com\/wp-content\/uploads\/2023\/11\/nursing-home-turkey-36x21.jpg 36w, https:\/\/medclinics.com\/wp-content\/uploads\/2023\/11\/nursing-home-turkey-48x28.jpg 48w\" sizes=\"(max-width: 960px) 100vw, 960px\" \/><\/figure>\n\n<h3 class=\"wp-block-heading\" id=\"nursing-home-for\">Ya\u015fl\u0131 Bak\u0131m Tesisleri i\u00e7in:<\/h3>\n\n<ul class=\"wp-block-list\">\n<li>Banyo yapma, giyinme ve yemek yeme gibi g\u00fcnl\u00fck aktivitelerde yard\u0131ma ihtiya\u00e7 duyan ya\u015fl\u0131lar<\/li>\n\n\n\n<li>Kalp hastal\u0131\u011f\u0131, diyabet veya kronik obstr\u00fcktif akci\u011fer hastal\u0131\u011f\u0131 (KOAH) gibi kronik sa\u011fl\u0131k sorunlar\u0131 olan bireyler<\/li>\n\n\n\n<li>Yak\u0131n zamanda fel\u00e7 veya ba\u015fka bir n\u00f6rolojik yaralanma ge\u00e7irmi\u015f ki\u015filer<\/li>\n\n\n\n<li><a href=\"https:\/\/medclinics.com\/tr\/alzheimer-hastaligi-icin-kok-hucre-tedavisi-umut-veren-yeni-bir-yon\/\" data-type=\"page\" data-id=\"148817\">Alzheimer hastal\u0131\u011f\u0131<\/a> veya di\u011fer demans t\u00fcrleri olan bireyler<\/li>\n\n\n\n<li>\u00d6l\u00fcmc\u00fcl derecede hasta olan ve hospis bak\u0131m\u0131na ihtiya\u00e7 duyan ki\u015filer<\/li>\n<\/ul>\n\n<p><strong>Ya\u015fl\u0131 bak\u0131m\u0131 i\u00e7in yayg\u0131n olarak sa\u011flanan hizmetler:<\/strong><\/p>\n\n<ul class=\"wp-block-list\">\n<li>7\/24 G\u00f6zetim ve Yerinde Yard\u0131m<\/li>\n\n\n\n<li>Yerinde T\u0131bbi Hizmetler<\/li>\n\n\n\n<li>G\u00fcnl\u00fck Ya\u015fam Aktivitelerinde Yard\u0131m<\/li>\n\n\n\n<li>Konaklama Se\u00e7enekleri (payla\u015f\u0131ml\u0131 veya \u00f6zel odalar)<\/li>\n\n\n\n<li>Yemek Servisi, \u00c7ama\u015f\u0131rhane ve Kat Hizmetleri<\/li>\n\n\n\n<li>Sosyal Etkinlikler<\/li>\n\n\n\n<li>Ya\u015fl\u0131 Dostu Egzersiz Olanaklar\u0131<\/li>\n\n\n\n<li>\u0130leti\u015fim Deste\u011fi<\/li>\n<\/ul>\n\n<h2 class=\"wp-block-heading\" id=\"top-nursing-home-costs-by-country\">\u00dclkelere g\u00f6re en y\u00fcksek huzurevi maliyetleri<\/h2>\n\n<p>Maliyetler durumunuza, konumunuza veya di\u011fer ihtiya\u00e7lar\u0131n\u0131za ba\u011fl\u0131d\u0131r.  <\/p>\n\n<p>A\u015fa\u011f\u0131da listelenen fiyatlar size yakla\u015f\u0131k bir fikir vermeyi ama\u00e7lamaktad\u0131r ve nihai bir fiyat teklifi de\u011fildir. MedClinics dan\u0131\u015fman\u0131n\u0131z size ayr\u0131nt\u0131l\u0131 bilgi vermekten mutluluk duyacakt\u0131r.<\/p>\n\n<figure class=\"wp-block-table\"><table><thead><tr><th>\u00dclke  <\/th><th>Fiyat  <\/th><th>De\u011ferlendirme<\/th><\/tr><\/thead><tbody><tr><td>T\u00fcrkiye (Turkey)<\/td><td>~ 1200\u20ac<\/td><td>\u2605\u2605\u2605\u2605\u2605<\/td><\/tr><tr><td>Litvanya<\/td><td>~ 1500\u20ac<\/td><td>\u2605\u2605<\/td><\/tr><tr><td>Polonya<\/td><td>~ 1800\u20ac<\/td><td>\u2605\u2605\u2605<\/td><\/tr><tr><td>ABD<\/td><td>~ 5000\u20ac<\/td><td>\u2605\u2605\u2605\u2605<\/td><\/tr><tr><td>Almanya<\/td><td>~ 3000\u20ac<\/td><td>\u2605\u2605<\/td><\/tr><\/tbody><\/table><\/figure>\n\n<h2 class=\"wp-block-heading\" id=\"gallery\">Galeri<\/h2>\n\n<figure class=\"wp-block-gallery has-nested-images columns-default is-cropped wp-block-gallery-1 is-layout-flex wp-block-gallery-is-layout-flex\">\n<figure class=\"wp-block-image size-large\"><img loading=\"lazy\" decoding=\"async\" width=\"280\" height=\"210\" data-id=\"133832\" src=\"https:\/\/medclinics.com\/wp-content\/uploads\/2024\/03\/soracamed-clinic-dental-treatment.jpg\" alt=\"eden-rezidans-in-izmir\" class=\"wp-image-133832\"\/><\/figure>\n\n\n\n<figure class=\"wp-block-image size-large\"><img decoding=\"async\" data-id=\"133839\" src=\"https:\/\/medclinics.com\/wp-content\/uploads\/2023\/12\/eden-rezidans-izmir.jpg\" alt=\"eden-rezidans-izmir\" class=\"wp-image-133839\"\/><\/figure>\n\n\n\n<figure class=\"wp-block-image size-large\"><img decoding=\"async\" data-id=\"133853\" src=\"https:\/\/medclinics.com\/wp-content\/uploads\/2023\/12\/nursing-home-in-izmir.jpg\" alt=\"i&#x307;zmi&#x307;r'de huzurevi&#x307;\" class=\"wp-image-133853\"\/><\/figure>\n\n\n\n<figure class=\"wp-block-image size-large\"><img loading=\"lazy\" decoding=\"async\" width=\"280\" height=\"210\" data-id=\"133874\" src=\"https:\/\/medclinics.com\/wp-content\/uploads\/2024\/03\/soracamed-clinic-lobby-2.jpg\" alt=\"huzurevi-t&#xFC;rkiye-izmir\" class=\"wp-image-133874\"\/><\/figure>\n\n\n\n<figure class=\"wp-block-image size-large\"><img loading=\"lazy\" decoding=\"async\" width=\"1280\" height=\"853\" data-id=\"133888\" src=\"https:\/\/medclinics.com\/wp-content\/uploads\/2024\/03\/ukraine-flag-1.jpeg\" alt=\"ya&#x15F;l&#x131;lar-i&#xE7;in-huzurevi-t&#xFC;rkiye\" class=\"wp-image-133888\" srcset=\"https:\/\/medclinics.com\/wp-content\/uploads\/2024\/03\/ukraine-flag-1.jpeg 1280w, https:\/\/medclinics.com\/wp-content\/uploads\/2024\/03\/ukraine-flag-1-300x200.jpeg 300w, https:\/\/medclinics.com\/wp-content\/uploads\/2024\/03\/ukraine-flag-1-1024x682.jpeg 1024w, https:\/\/medclinics.com\/wp-content\/uploads\/2024\/03\/ukraine-flag-1-768x512.jpeg 768w\" sizes=\"(max-width: 1280px) 100vw, 1280px\" \/><\/figure>\n\n\n\n<figure class=\"wp-block-image size-large\"><img loading=\"lazy\" decoding=\"async\" width=\"750\" height=\"500\" data-id=\"133902\" src=\"https:\/\/medclinics.com\/wp-content\/uploads\/2024\/03\/nursing-home-for-elderly-izmir-.jpg\" alt=\"ya&#x15F;l&#x131;lar i&#xE7;in bak&#x131;mevi-izmir-\" class=\"wp-image-133902\" srcset=\"https:\/\/medclinics.com\/wp-content\/uploads\/2024\/03\/nursing-home-for-elderly-izmir-.jpg 750w, https:\/\/medclinics.com\/wp-content\/uploads\/2024\/03\/nursing-home-for-elderly-izmir--500x333.jpg 500w, https:\/\/medclinics.com\/wp-content\/uploads\/2024\/03\/nursing-home-for-elderly-izmir--24x16.jpg 24w, https:\/\/medclinics.com\/wp-content\/uploads\/2024\/03\/nursing-home-for-elderly-izmir--36x24.jpg 36w, https:\/\/medclinics.com\/wp-content\/uploads\/2024\/03\/nursing-home-for-elderly-izmir--48x32.jpg 48w\" sizes=\"(max-width: 750px) 100vw, 750px\" \/><\/figure>\n\n\n\n<figure class=\"wp-block-image size-large\"><img decoding=\"async\" data-id=\"133881\" src=\"https:\/\/medclinics.com\/wp-content\/uploads\/2023\/11\/nursing-home-in-turkey.jpg\" alt=\"t&#xFC;rki&#x307;ye'de huzurevi&#x307;\" class=\"wp-image-133881\"\/><\/figure>\n\n\n\n<figure class=\"wp-block-image size-large\"><img loading=\"lazy\" decoding=\"async\" width=\"1200\" height=\"800\" data-id=\"133895\" src=\"https:\/\/medclinics.com\/wp-content\/uploads\/2024\/03\/netherlands-flag.jpg\" alt=\"huzurevi&#x307; odalari i&#x307;zmi&#x307;r t&#xFC;rki&#x307;ye\" class=\"wp-image-133895\" srcset=\"https:\/\/medclinics.com\/wp-content\/uploads\/2024\/03\/netherlands-flag.jpg 1200w, https:\/\/medclinics.com\/wp-content\/uploads\/2024\/03\/netherlands-flag-300x200.jpg 300w, https:\/\/medclinics.com\/wp-content\/uploads\/2024\/03\/netherlands-flag-1024x683.jpg 1024w, https:\/\/medclinics.com\/wp-content\/uploads\/2024\/03\/netherlands-flag-768x512.jpg 768w\" sizes=\"(max-width: 1200px) 100vw, 1200px\" \/><\/figure>\n\n\n\n<figure class=\"wp-block-image size-large\"><img loading=\"lazy\" decoding=\"async\" width=\"280\" height=\"210\" data-id=\"133846\" src=\"https:\/\/medclinics.com\/wp-content\/uploads\/2024\/03\/soracamed-clinic-hair-transplant.jpg\" alt=\"huzurevi-izmir-t&#xFC;rkiye\" class=\"wp-image-133846\"\/><\/figure>\n\n\n\n<figure class=\"wp-block-image size-large\"><img decoding=\"async\" data-id=\"133860\" src=\"https:\/\/medclinics.com\/wp-content\/uploads\/2023\/12\/nursing-home-izmir.jpg\" alt=\"huzurevi-izmir\" class=\"wp-image-133860\"\/><\/figure>\n\n\n\n<figure class=\"wp-block-image size-large\"><img loading=\"lazy\" decoding=\"async\" width=\"280\" height=\"210\" data-id=\"133867\" src=\"https:\/\/medclinics.com\/wp-content\/uploads\/2024\/03\/soracamed-clinic-lobby.jpg\" alt=\"eden-rezidans-in-izmir-turkey\" class=\"wp-image-133867\"\/><\/figure>\n<\/figure>\n\n<h2 class=\"wp-block-heading\" id=\"faq\">SSS<\/h2>\n<div id=\"rank-math-faq\" class=\"rank-math-block\">\n<div class=\"rank-math-list \">\n<div id=\"faq-question-1700467454354\" class=\"rank-math-list-item\">\n<h3 class=\"rank-math-question \">Kimler huzurevi bak\u0131m\u0131na ihtiya\u00e7 duyar?<\/h3>\n<div class=\"rank-math-answer \">\n\n<p>G\u00fcnl\u00fck aktivitelerde yard\u0131ma, kronik sa\u011fl\u0131k sorunlar\u0131na, bir hastal\u0131k veya yaralanma sonras\u0131 rehabilitasyona, Alzheimer hastal\u0131\u011f\u0131na veya di\u011fer demans t\u00fcrlerine veya dar\u00fclaceze bak\u0131m\u0131na ihtiya\u00e7 duyan ki\u015filer i\u00e7indir.<\/p>\n\n<\/div>\n<\/div>\n<div id=\"faq-question-1700467460374\" class=\"rank-math-list-item\">\n<h3 class=\"rank-math-question \">Huzurevi ne kadara mal olur?<\/h3>\n<div class=\"rank-math-answer \">\n\n<p>Duruma g\u00f6re de\u011fi\u015fir. Ancak T\u00fcrkiye size en uygun fiyatl\u0131 ve kaliteli huzurevi se\u00e7eneklerini sunuyor. \u00d6rne\u011fin, ABD&#8217;de ya\u015fl\u0131 bak\u0131m masraflar\u0131 5000 Avro&#8217;dan ba\u015flarken, T\u00fcrkiye&#8217;de ya\u015fl\u0131 bak\u0131m fiyatlar\u0131 1200 Avro&#8217;dan ba\u015flamaktad\u0131r.<\/p>\n\n<\/div>\n<\/div>\n<div id=\"faq-question-1700467675709\" class=\"rank-math-list-item\">\n<h3 class=\"rank-math-question \">Bir bak\u0131mevini nas\u0131l se\u00e7ebilirim?<\/h3>\n<div class=\"rank-math-answer \">\n\n<p>Yer, b\u00fcy\u00fckl\u00fck, bak\u0131m t\u00fcr\u00fc, maliyet, personel ve ya\u015fam sonu bak\u0131m\u0131n\u0131 g\u00f6z \u00f6n\u00fcnde bulundurun. Bunlar\u0131n hepsi sizin i\u00e7in uygunsa, do\u011fru olan\u0131 se\u00e7ebilirsiniz. <a href=\"\/\/medclinics.com\/u0022\">MedClinics<\/a> olarak, T\u00fcrkiye&#8217;deki en g\u00fcvenilir ve konforlu huzurevini se\u00e7menize de yard\u0131mc\u0131 olabiliriz. Bizimle 7\/24 ileti\u015fime ge\u00e7ebilirsiniz.<\/p>\n\n<\/div>\n<\/div>\n<div id=\"faq-question-1700467761080\" class=\"rank-math-list-item\">\n<h3 class=\"rank-math-question \">Huzurevi neden \u00f6nemlidir?<\/h3>\n<div class=\"rank-math-answer \">\n\n<p>Bunlar yat\u0131l\u0131 tesislerdir. G\u00fcnl\u00fck aktivitelerde ve kronik sa\u011fl\u0131k durumlar\u0131nda yard\u0131ma ihtiya\u00e7 duyan bireylere bak\u0131m sa\u011flarlar. Ayr\u0131ca, ya\u015fl\u0131lar ve engelli bireyler i\u00e7in g\u00fcvenli ve destekleyici bir ortam sunmaktad\u0131rlar.<\/p>\n\n<\/div>\n<\/div>\n<div id=\"faq-question-1700468972265\" class=\"rank-math-list-item\">\n<h3 class=\"rank-math-question \">T\u00fcrkiye ya\u015fl\u0131 bak\u0131m\u0131 i\u00e7in iyi mi?<\/h3>\n<div class=\"rank-math-answer \">\n\n<p>T\u00fcrkiye, g\u00fc\u00e7l\u00fc bir sosyal g\u00fcvenlik sistemi ve \u00e7e\u015fitli huzurevleri ile ya\u015fl\u0131 bak\u0131m\u0131 i\u00e7in iyi bir yerdir. Bu tesisler temiz, bak\u0131ml\u0131 ve nitelikli profesyoneller taraf\u0131ndan i\u015fletilmektedir. Ya\u015fl\u0131lar\u0131n ihtiya\u00e7lar\u0131na y\u00f6nelik \u00e7e\u015fitli olanaklar ve faaliyetler sunmaktad\u0131rlar. T\u00fcrkiye&#8217;de ya\u015fl\u0131 bak\u0131m\u0131, di\u011fer bir\u00e7ok geli\u015fmi\u015f \u00fclkeye k\u0131yasla nispeten ekonomiktir. Bu durum, h\u00fck\u00fcmetin ya\u015fl\u0131lara verdi\u011fi destekten kaynaklanmaktad\u0131r. H\u00fck\u00fcmetin kalite iyile\u015ftirme konusundaki kararl\u0131l\u0131\u011f\u0131, ya\u015fl\u0131 sevdikleri i\u00e7in kaliteli bak\u0131m arayan bir\u00e7ok ki\u015fi i\u00e7in bunu cazip bir se\u00e7enek haline getirmektedir.<\/p>\n\n<\/div>\n<\/div>\n<div id=\"faq-question-1700479604936\" class=\"rank-math-list-item\">\n<h3 class=\"rank-math-question \">Kay\u0131t s\u0131ras\u0131nda istenen belgeler nelerdir?<\/h3>\n<div class=\"rank-math-answer \">\n\n<p>\u00dcyenin ve yak\u0131n\u0131n\u0131n kimli\u011fi, \u00fcyenin tesiste kalmas\u0131 i\u00e7in dilek\u00e7e, sa\u011fl\u0131k raporu en \u00f6nemli belgelerdir.<\/p>\n\n<\/div>\n<\/div>\n<div id=\"faq-question-1700479714140\" class=\"rank-math-list-item\">\n<h3 class=\"rank-math-question \">Alzheimer ve Demans aras\u0131ndaki fark nedir?<\/h3>\n<div class=\"rank-math-answer \">\n\n<p>Demans, haf\u0131za kayb\u0131 gibi semptomlar i\u00e7in kullan\u0131lan genel bir terimdir. Alzheimer, kademeli haf\u0131za ve bili\u015fsel gerilemeye neden olan \u00f6zel bir demans t\u00fcr\u00fcd\u00fcr.<\/p>\n\n<\/div>\n<\/div>\n<\/div>\n<\/div>\n<h2 class=\"wp-block-heading\" id=\"cities-and-countries-for-elderly-care\">Ya\u015fl\u0131 Bak\u0131m\u0131 i\u00e7in \u015eehirler ve \u00dclkeler<\/h2>\n\n<p><em>\u00e7ok yak\u0131nda &#8230;.  <\/em><\/p>\n","protected":false},"excerpt":{"rendered":"<p>Uygun fiyatl\u0131 bir huzurevi ar\u0131yorsan\u0131z, T\u00fcrkiye&#8217;de b\u00fct\u00e7enizi sarsmadan y\u00fcksek kalitede bak\u0131m sa\u011flayan bir\u00e7ok se\u00e7enek bulunmaktad\u0131r. Bu evler, maliyetleri d\u00fc\u015f\u00fck tutarken [&hellip;]<\/p>\n","protected":false},"author":4,"featured_media":118003,"parent":0,"menu_order":0,"comment_status":"closed","ping_status":"closed","template":"","meta":{"site-sidebar-layout":"default","site-content-layout":"","ast-site-content-layout":"default","site-content-style":"default","site-sidebar-style":"default","ast-global-header-display":"","ast-banner-title-visibility":"","ast-main-header-display":"","ast-hfb-above-header-display":"","ast-hfb-below-header-display":"","ast-hfb-mobile-header-display":"","site-post-title":"","ast-breadcrumbs-content":"","ast-featured-img":"","footer-sml-layout":"","ast-disable-related-posts":"","theme-transparent-header-meta":"","adv-header-id-meta":"","stick-header-meta":"","header-above-stick-meta":"","header-main-stick-meta":"","header-below-stick-meta":"","astra-migrate-meta-layouts":"default","ast-page-background-enabled":"default","ast-page-background-meta":{"desktop":{"background-color":"var(--ast-global-color-4)","background-image":"","background-repeat":"repeat","background-position":"center center","background-size":"auto","background-attachment":"scroll","background-type":"","background-media":"","overlay-type":"","overlay-color":"","overlay-opacity":"","overlay-gradient":""},"tablet":{"background-color":"","background-image":"","background-repeat":"repeat","background-position":"center center","background-size":"auto","background-attachment":"scroll","background-type":"","background-media":"","overlay-type":"","overlay-color":"","overlay-opacity":"","overlay-gradient":""},"mobile":{"background-color":"","background-image":"","background-repeat":"repeat","background-position":"center center","background-size":"auto","background-attachment":"scroll","background-type":"","background-media":"","overlay-type":"","overlay-color":"","overlay-opacity":"","overlay-gradient":""}},"ast-content-background-meta":{"desktop":{"background-color":"var(--ast-global-color-5)","background-image":"","background-repeat":"repeat","background-position":"center center","background-size":"auto","background-attachment":"scroll","background-type":"","background-media":"","overlay-type":"","overlay-color":"","overlay-opacity":"","overlay-gradient":""},"tablet":{"background-color":"var(--ast-global-color-5)","background-image":"","background-repeat":"repeat","background-position":"center center","background-size":"auto","background-attachment":"scroll","background-type":"","background-media":"","overlay-type":"","overlay-color":"","overlay-opacity":"","overlay-gradient":""},"mobile":{"background-color":"var(--ast-global-color-5)","background-image":"","background-repeat":"repeat","background-position":"center center","background-size":"auto","background-attachment":"scroll","background-type":"","background-media":"","overlay-type":"","overlay-color":"","overlay-opacity":"","overlay-gradient":""}},"footnotes":""},"class_list":["post-148511","page","type-page","status-publish","has-post-thumbnail","hentry"],"_links":{"self":[{"href":"https:\/\/medclinics.com\/tr\/wp-json\/wp\/v2\/pages\/148511","targetHints":{"allow":["GET"]}}],"collection":[{"href":"https:\/\/medclinics.com\/tr\/wp-json\/wp\/v2\/pages"}],"about":[{"href":"https:\/\/medclinics.com\/tr\/wp-json\/wp\/v2\/types\/page"}],"author":[{"embeddable":true,"href":"https:\/\/medclinics.com\/tr\/wp-json\/wp\/v2\/users\/4"}],"replies":[{"embeddable":true,"href":"https:\/\/medclinics.com\/tr\/wp-json\/wp\/v2\/comments?post=148511"}],"version-history":[{"count":0,"href":"https:\/\/medclinics.com\/tr\/wp-json\/wp\/v2\/pages\/148511\/revisions"}],"wp:featuredmedia":[{"embeddable":true,"href":"https:\/\/medclinics.com\/tr\/wp-json\/wp\/v2\/media\/118003"}],"wp:attachment":[{"href":"https:\/\/medclinics.com\/tr\/wp-json\/wp\/v2\/media?parent=148511"}],"curies":[{"name":"wp","href":"https:\/\/api.w.org\/{rel}","templated":true}]}}