{"id":148499,"date":"2022-11-17T13:44:00","date_gmt":"2022-11-17T10:44:00","guid":{"rendered":"https:\/\/medclinics.com\/bakim-tesisleri\/"},"modified":"2025-01-24T21:34:25","modified_gmt":"2025-01-24T18:34:25","slug":"bakim-tesisleri","status":"publish","type":"page","link":"https:\/\/medclinics.com\/tr\/bakim-tesisleri\/","title":{"rendered":"Bak\u0131m Tesisleri"},"content":{"rendered":"\n<h2 class=\"wp-block-heading\" style=\"font-size:24px\">Kendinizi evinizde gibi hissedebilece\u011finiz bak\u0131m tesisleri g\u00fcn ge\u00e7tik\u00e7e daha pop\u00fcler hale geliyor.<\/h2>\n\n<div class=\"wp-block-columns is-layout-flex wp-container-core-columns-is-layout-28f84493 wp-block-columns-is-layout-flex\">\n<div class=\"wp-block-column is-layout-flow wp-block-column-is-layout-flow\">\n<figure class=\"wp-block-image size-full is-style-default\"><img fetchpriority=\"high\" decoding=\"async\" width=\"960\" height=\"540\" src=\"https:\/\/medclinics.com\/wp-content\/uploads\/2023\/11\/care-facilities.jpg\" alt=\"Bak&#x131;m Tesisleri\" class=\"wp-image-117873\" srcset=\"https:\/\/medclinics.com\/wp-content\/uploads\/2023\/11\/care-facilities.jpg 960w, https:\/\/medclinics.com\/wp-content\/uploads\/2023\/11\/care-facilities-500x281.jpg 500w, https:\/\/medclinics.com\/wp-content\/uploads\/2023\/11\/care-facilities-768x432.jpg 768w, https:\/\/medclinics.com\/wp-content\/uploads\/2023\/11\/care-facilities-24x14.jpg 24w, https:\/\/medclinics.com\/wp-content\/uploads\/2023\/11\/care-facilities-36x20.jpg 36w, https:\/\/medclinics.com\/wp-content\/uploads\/2023\/11\/care-facilities-48x27.jpg 48w\" sizes=\"(max-width: 960px) 100vw, 960px\" \/><\/figure>\n<\/div>\n\n\n\n<div class=\"wp-block-column is-layout-flow wp-block-column-is-layout-flow\">\n<h3 class=\"wp-block-heading has-medium-font-size\">Ki\u015fiselle\u015ftirilmi\u015f destek i\u00e7in do\u011fru bak\u0131m tesisini se\u00e7in ve refah\u0131n\u0131z\u0131n her \u015feyden \u00f6nce geldi\u011fi bir yer yarat\u0131n.<\/h3>\n\n\n\n<p><strong>Bak\u0131m tesisleri, huzurevleri, destekli ya\u015fam tesisleri, rehabilitasyon merkezleri ve dar\u00fclaceze bak\u0131m\u0131 gibi \u00e7e\u015fitli t\u00fcrleri i\u00e7erir.<\/strong><\/p>\n<\/div>\n<\/div>\n\n<h3 class=\"wp-block-heading has-medium-font-size\">Kaliteli bak\u0131m tesislerini ke\u015ffedin: yak\u0131n\u0131n\u0131zdaki huzurevleri, destekli ya\u015fam, rehabilitasyon ve dar\u00fclaceze hizmetleri!!!<\/h3>\n\n<p>Birinci s\u0131n\u0131f tesislerde konforun ve bak\u0131m\u0131n keyfini \u00e7\u0131kar\u0131n. <a href=\"https:\/\/medclinics.com\/tr\/huzurevi-yasli-bakimi\/\">Huzurevleri<\/a> s\u0131cak ve ev benzeri bir ortam sunar. Sakinlerimiz, ilgili personelimizden ki\u015fiselle\u015ftirilmi\u015f t\u0131bbi ilgi ve destek alabilirler. Destekli ya\u015fam, ba\u011f\u0131ms\u0131zl\u0131\u011f\u0131 te\u015fvik etmek i\u00e7in tasarlanm\u0131\u015ft\u0131r. Yard\u0131m ve hayattan zevk alma \u00f6zg\u00fcrl\u00fc\u011f\u00fc aras\u0131nda bir denge sa\u011flar.<\/p>\n\n<p>Dahas\u0131, rehabilitasyon merkezleri sa\u011fl\u0131kl\u0131 ya\u015fam yolculu\u011funuza \u00f6ncelik verir. G\u00fc\u00e7 ve hareketlili\u011finizi yeniden kazanman\u0131za yard\u0131mc\u0131 olmak i\u00e7in \u00f6zel programlar sunarlar. Hospis bak\u0131m\u0131 ile huzurlu ve destekleyici bir atmosfer ya\u015fayabilirsiniz. Zor zamanlarda sayg\u0131nl\u0131k ve rahatl\u0131k sa\u011flar. Bak\u0131m tesislerinin hizmet sunman\u0131n \u00f6tesine ge\u00e7ti\u011fini bilmelisiniz. Sa\u011fl\u0131\u011f\u0131n\u0131z\u0131n \u00f6n planda oldu\u011fu bir ya\u015fam tarz\u0131 yarat\u0131rlar.<\/p>\n\n<h3 class=\"wp-block-heading has-medium-font-size\">Fark\u0131 ya\u015fay\u0131n &#8211; sa\u011fl\u0131\u011f\u0131n\u0131za ve mutlulu\u011funuza \u00f6ncelik veren bir ya\u015fam tarz\u0131 se\u00e7in.<\/h3>\n\n<p><strong>MedClinics t\u00fcm bak\u0131m olanaklar\u0131n\u0131 uygun fiyata sunuyor!<\/strong> <strong>\u0130htiya\u00e7lar\u0131n\u0131za en uygun sa\u011fl\u0131k hizmeti se\u00e7eneklerini bulman\u0131za yard\u0131mc\u0131 oluyoruz. MedClinics ile farkl\u0131 \u00fclkeler, maliyetler ve doktorlar hakk\u0131nda bilgi edinebilirsiniz.<\/strong><\/p>\n\n<h2 class=\"wp-block-heading\" style=\"font-size:24px\">Bizimle ileti\u015fime ge\u00e7in, hasta dan\u0131\u015fman\u0131m\u0131z s\u00fcre\u00e7 boyunca size rehberlik edecek ve tavsiyelerde bulunacakt\u0131r!<\/h2>\n\n<p>MedClinics ile birlikte sizin i\u00e7in en iyi tedaviyi bulacaks\u0131n\u0131z. T\u00fcm ayr\u0131nt\u0131lar\u0131 a\u00e7\u0131klayacak ve \u00f6zel ihtiya\u00e7lar\u0131n\u0131z i\u00e7in en uygun klini\u011fi bulman\u0131za yard\u0131mc\u0131 olaca\u011f\u0131z.<\/p>\n\n<div class=\"wp-block-buttons is-layout-flex wp-block-buttons-is-layout-flex\">\n<div class=\"wp-block-button has-custom-width wp-block-button__width-100 has-custom-font-size is-style-fill has-medium-font-size\"><a class=\"wp-block-button__link has-white-color has-text-color has-background wp-element-button\" href=\"#requestform\" style=\"border-radius:8px;background-color:#225b75;padding-right:0;padding-left:0\" target=\"_blank\" rel=\"noopener\">\u00dccretsiz Dan\u0131\u015fmanl\u0131k<\/a><\/div>\n<\/div>\n\n<p><\/p>\n","protected":false},"excerpt":{"rendered":"<p>Kendinizi evinizde gibi hissedebilece\u011finiz bak\u0131m tesisleri g\u00fcn ge\u00e7tik\u00e7e daha pop\u00fcler hale geliyor. Ki\u015fiselle\u015ftirilmi\u015f destek i\u00e7in do\u011fru bak\u0131m tesisini se\u00e7in ve [&hellip;]<\/p>\n","protected":false},"author":4,"featured_media":117866,"parent":0,"menu_order":0,"comment_status":"closed","ping_status":"closed","template":"","meta":{"site-sidebar-layout":"default","site-content-layout":"","ast-site-content-layout":"default","site-content-style":"default","site-sidebar-style":"default","ast-global-header-display":"","ast-banner-title-visibility":"","ast-main-header-display":"","ast-hfb-above-header-display":"","ast-hfb-below-header-display":"","ast-hfb-mobile-header-display":"","site-post-title":"","ast-breadcrumbs-content":"","ast-featured-img":"","footer-sml-layout":"","ast-disable-related-posts":"","theme-transparent-header-meta":"","adv-header-id-meta":"","stick-header-meta":"","header-above-stick-meta":"","header-main-stick-meta":"","header-below-stick-meta":"","astra-migrate-meta-layouts":"default","ast-page-background-enabled":"default","ast-page-background-meta":{"desktop":{"background-color":"var(--ast-global-color-4)","background-image":"","background-repeat":"repeat","background-position":"center center","background-size":"auto","background-attachment":"scroll","background-type":"","background-media":"","overlay-type":"","overlay-color":"","overlay-opacity":"","overlay-gradient":""},"tablet":{"background-color":"","background-image":"","background-repeat":"repeat","background-position":"center center","background-size":"auto","background-attachment":"scroll","background-type":"","background-media":"","overlay-type":"","overlay-color":"","overlay-opacity":"","overlay-gradient":""},"mobile":{"background-color":"","background-image":"","background-repeat":"repeat","background-position":"center center","background-size":"auto","background-attachment":"scroll","background-type":"","background-media":"","overlay-type":"","overlay-color":"","overlay-opacity":"","overlay-gradient":""}},"ast-content-background-meta":{"desktop":{"background-color":"var(--ast-global-color-5)","background-image":"","background-repeat":"repeat","background-position":"center center","background-size":"auto","background-attachment":"scroll","background-type":"","background-media":"","overlay-type":"","overlay-color":"","overlay-opacity":"","overlay-gradient":""},"tablet":{"background-color":"var(--ast-global-color-5)","background-image":"","background-repeat":"repeat","background-position":"center center","background-size":"auto","background-attachment":"scroll","background-type":"","background-media":"","overlay-type":"","overlay-color":"","overlay-opacity":"","overlay-gradient":""},"mobile":{"background-color":"var(--ast-global-color-5)","background-image":"","background-repeat":"repeat","background-position":"center center","background-size":"auto","background-attachment":"scroll","background-type":"","background-media":"","overlay-type":"","overlay-color":"","overlay-opacity":"","overlay-gradient":""}},"footnotes":""},"class_list":["post-148499","page","type-page","status-publish","has-post-thumbnail","hentry"],"_links":{"self":[{"href":"https:\/\/medclinics.com\/tr\/wp-json\/wp\/v2\/pages\/148499","targetHints":{"allow":["GET"]}}],"collection":[{"href":"https:\/\/medclinics.com\/tr\/wp-json\/wp\/v2\/pages"}],"about":[{"href":"https:\/\/medclinics.com\/tr\/wp-json\/wp\/v2\/types\/page"}],"author":[{"embeddable":true,"href":"https:\/\/medclinics.com\/tr\/wp-json\/wp\/v2\/users\/4"}],"replies":[{"embeddable":true,"href":"https:\/\/medclinics.com\/tr\/wp-json\/wp\/v2\/comments?post=148499"}],"version-history":[{"count":0,"href":"https:\/\/medclinics.com\/tr\/wp-json\/wp\/v2\/pages\/148499\/revisions"}],"wp:featuredmedia":[{"embeddable":true,"href":"https:\/\/medclinics.com\/tr\/wp-json\/wp\/v2\/media\/117866"}],"wp:attachment":[{"href":"https:\/\/medclinics.com\/tr\/wp-json\/wp\/v2\/media?parent=148499"}],"curies":[{"name":"wp","href":"https:\/\/api.w.org\/{rel}","templated":true}]}}