{"id":148229,"date":"2023-08-15T13:55:10","date_gmt":"2023-08-15T10:55:10","guid":{"rendered":"https:\/\/medclinics.com\/medclinics-hakkinda\/"},"modified":"2024-05-24T12:11:49","modified_gmt":"2024-05-24T09:11:49","slug":"medclinics-hakkinda","status":"publish","type":"page","link":"https:\/\/medclinics.com\/tr\/medclinics-hakkinda\/","title":{"rendered":"MedClinics Hakk\u0131nda"},"content":{"rendered":"\n<h2 class=\"wp-block-heading\">MedClinics Hakk\u0131nda<\/h2>\n\n<h3 class=\"wp-block-heading\">MedClinics, sa\u011fl\u0131k tedavilerini d\u00fczenleyen \u00e7evrimi\u00e7i bir platformdur.<\/h3>\n\n<p>Her t\u00fcrl\u00fc prosed\u00fcr, <a href=\"https:\/\/medclinics.com\/tr\/guzellik\/\" target=\"_blank\" rel=\"noreferrer noopener\">g\u00fczellik<\/a> uygulamalar\u0131, plastik ve estetik cerrahi prosed\u00fcrleri, g\u00f6z ve di\u015f tedavilerinin yan\u0131 s\u0131ra <a href=\"https:\/\/medclinics.com\/orthopedic-treatment-orthopedic-surgery\/\">ortopedi<\/a>, onkoloji, <a href=\"https:\/\/medclinics.com\/ivf-in-vitro-fertilisation\/\">IVF<\/a> ve \u00e7ok daha fazlas\u0131 dahil olmak \u00fczere altta yatan bir hastal\u0131k nedeniyle t\u0131bbi nedenlerle endike olan tedaviler sunuyoruz.<\/p>\n\n<p>Ortaklar\u0131m\u0131z, hepsi taraf\u0131m\u0131zdan dikkatle kontrol edilmi\u015f olan, yaln\u0131zca sertifikal\u0131 klinikler, doktorlar ve hastanelerdir. Bu nedenle, her alanda yaln\u0131zca en iyi ortaklara sahip oldu\u011fumuzu gururla iddia edebiliriz.<\/p>\n\n<p>T\u00fcrkiye genelinde 300&#8217;\u00fcn \u00fczerinde klinik, doktor ve hastane ile \u00e7al\u0131\u015f\u0131yoruz. <\/p>\n\n<p>Uluslararas\u0131 pazarda a\u011f\u0131m\u0131z\u0131 s\u00fcrekli geni\u015fletiyoruz. <a href=\"https:\/\/www.checkfortrips.com\/\" target=\"_blank\" rel=\"noreferrer noopener\">Check for Trips<\/a> ad\u0131 verilen ve Frankfurt am Main yak\u0131nlar\u0131ndaki Ruesselsheim&#8217;da bulunan Almanya&#8217;daki ortak ofisimiz taraf\u0131ndan destekleniyoruz.<\/p>\n\n<p>MedClinics, merkezi \u0130stanbul&#8217;da bulunan Travelgroup Tur. ve Ti\u00e7. A.\u015e. \u00e7at\u0131s\u0131 alt\u0131nda faaliyet g\u00f6stermektedir. Travelgroup, 70&#8217;li y\u0131llardan g\u00fcn\u00fcm\u00fcze kadar turizm sekt\u00f6r\u00fcnde faaliyet g\u00f6steren bir seyahat acentesidir.<\/p>\n\n<p>MedClinics&#8217;te \u00e7ok uluslu, \u00e7ok dilli ve yetenekli bir ekip s\u00fcrekli olarak MedClinics&#8217;te her zaman ilk \u00f6ncelik olan hastalar\u0131n refah\u0131na odaklanmaktad\u0131r. Sonu\u00e7 olarak, hastalar\u0131n bireysel ihtiya\u00e7lar\u0131na yan\u0131t verebiliyor ve \u00e7\u0131karlar\u0131n\u0131 koruyabiliyoruz. MedClinics&#8217;te k\u00fclt\u00fcrel veya dilsel engeller yoktur!<\/p>\n\n<p><strong>Misyonumuz<\/strong>, bireysel fakt\u00f6rleri g\u00f6z \u00f6n\u00fcnde bulundurarak her hastaya istenen ko\u015fullar i\u00e7in en uygun prosed\u00fcr\u00fc sa\u011flamak ve g\u00fcvenilir ve k\u00fcresel bir t\u0131bbi altyap\u0131ya ba\u011flant\u0131 sunmakt\u0131r. Uluslararas\u0131 k\u0131lavuzlara ve y\u00f6netmeliklere ba\u011fl\u0131 kalarak sa\u011fl\u0131k turizminde etik uygulamalar\u0131 te\u015fvik etmeye kararl\u0131y\u0131z. Platformumuz, etik olmayan uygulamalar\u0131n kullan\u0131ld\u0131\u011f\u0131 her t\u00fcrl\u00fc sa\u011fl\u0131k turizmine aktif olarak kar\u015f\u0131 \u00e7\u0131kmaktad\u0131r.<\/p>\n\n<p><strong>Vizyonumuz <\/strong>, sa\u011fl\u0131k hizmeti sa\u011flay\u0131c\u0131lar\u0131 aras\u0131nda k\u00fcresel i\u015fbirli\u011fini geli\u015ftirirken hastalara olumlu ve ya\u015fam\u0131 iyile\u015ftiren bir deneyim sunmakt\u0131r.<br\/><strong>Birlikte, kaliteli sa\u011fl\u0131k hizmetlerinin s\u0131n\u0131rlardan ba\u011f\u0131ms\u0131z olarak herkes i\u00e7in eri\u015filebilir oldu\u011fu, ya\u015famlar\u0131 zenginle\u015ftirdi\u011fi ve k\u00fclt\u00fcrler aras\u0131nda kal\u0131c\u0131 ili\u015fkiler kurdu\u011fu bir d\u00fcnya hayal ediyoruz.<\/strong><\/p>\n\n<p>MedClinics, misafirlerinin hayallerini ger\u00e7ekle\u015ftirmeyi ve onlar\u0131 mutlu hastalar olarak evlerine g\u00f6ndermeyi ama\u00e7lamaktad\u0131r.<\/p>\n\n<h3 class=\"wp-block-heading\">Herhangi bir sorunuz olmas\u0131 durumunda hemen <a href=\"#requestform\">bizimle ileti\u015fime<\/a> ge\u00e7in!<\/h3>\n","protected":false},"excerpt":{"rendered":"<p>MedClinics Hakk\u0131nda MedClinics, sa\u011fl\u0131k tedavilerini d\u00fczenleyen \u00e7evrimi\u00e7i bir platformdur. Her t\u00fcrl\u00fc prosed\u00fcr, g\u00fczellik uygulamalar\u0131, plastik ve estetik cerrahi prosed\u00fcrleri, g\u00f6z [&hellip;]<\/p>\n","protected":false},"author":4,"featured_media":180203,"parent":0,"menu_order":0,"comment_status":"closed","ping_status":"closed","template":"","meta":{"site-sidebar-layout":"default","site-content-layout":"","ast-site-content-layout":"default","site-content-style":"default","site-sidebar-style":"default","ast-global-header-display":"","ast-banner-title-visibility":"","ast-main-header-display":"","ast-hfb-above-header-display":"","ast-hfb-below-header-display":"","ast-hfb-mobile-header-display":"","site-post-title":"","ast-breadcrumbs-content":"","ast-featured-img":"","footer-sml-layout":"","ast-disable-related-posts":"","theme-transparent-header-meta":"","adv-header-id-meta":"","stick-header-meta":"","header-above-stick-meta":"","header-main-stick-meta":"","header-below-stick-meta":"","astra-migrate-meta-layouts":"default","ast-page-background-enabled":"default","ast-page-background-meta":{"desktop":{"background-color":"var(--ast-global-color-4)","background-image":"","background-repeat":"repeat","background-position":"center center","background-size":"auto","background-attachment":"scroll","background-type":"","background-media":"","overlay-type":"","overlay-color":"","overlay-opacity":"","overlay-gradient":""},"tablet":{"background-color":"","background-image":"","background-repeat":"repeat","background-position":"center center","background-size":"auto","background-attachment":"scroll","background-type":"","background-media":"","overlay-type":"","overlay-color":"","overlay-opacity":"","overlay-gradient":""},"mobile":{"background-color":"","background-image":"","background-repeat":"repeat","background-position":"center center","background-size":"auto","background-attachment":"scroll","background-type":"","background-media":"","overlay-type":"","overlay-color":"","overlay-opacity":"","overlay-gradient":""}},"ast-content-background-meta":{"desktop":{"background-color":"var(--ast-global-color-5)","background-image":"","background-repeat":"repeat","background-position":"center center","background-size":"auto","background-attachment":"scroll","background-type":"","background-media":"","overlay-type":"","overlay-color":"","overlay-opacity":"","overlay-gradient":""},"tablet":{"background-color":"var(--ast-global-color-5)","background-image":"","background-repeat":"repeat","background-position":"center center","background-size":"auto","background-attachment":"scroll","background-type":"","background-media":"","overlay-type":"","overlay-color":"","overlay-opacity":"","overlay-gradient":""},"mobile":{"background-color":"var(--ast-global-color-5)","background-image":"","background-repeat":"repeat","background-position":"center center","background-size":"auto","background-attachment":"scroll","background-type":"","background-media":"","overlay-type":"","overlay-color":"","overlay-opacity":"","overlay-gradient":""}},"footnotes":""},"class_list":["post-148229","page","type-page","status-publish","has-post-thumbnail","hentry"],"_links":{"self":[{"href":"https:\/\/medclinics.com\/tr\/wp-json\/wp\/v2\/pages\/148229","targetHints":{"allow":["GET"]}}],"collection":[{"href":"https:\/\/medclinics.com\/tr\/wp-json\/wp\/v2\/pages"}],"about":[{"href":"https:\/\/medclinics.com\/tr\/wp-json\/wp\/v2\/types\/page"}],"author":[{"embeddable":true,"href":"https:\/\/medclinics.com\/tr\/wp-json\/wp\/v2\/users\/4"}],"replies":[{"embeddable":true,"href":"https:\/\/medclinics.com\/tr\/wp-json\/wp\/v2\/comments?post=148229"}],"version-history":[{"count":0,"href":"https:\/\/medclinics.com\/tr\/wp-json\/wp\/v2\/pages\/148229\/revisions"}],"wp:featuredmedia":[{"embeddable":true,"href":"https:\/\/medclinics.com\/tr\/wp-json\/wp\/v2\/media\/180203"}],"wp:attachment":[{"href":"https:\/\/medclinics.com\/tr\/wp-json\/wp\/v2\/media?parent=148229"}],"curies":[{"name":"wp","href":"https:\/\/api.w.org\/{rel}","templated":true}]}}