{"id":148227,"date":"2023-08-15T13:40:41","date_gmt":"2023-08-15T10:40:41","guid":{"rendered":"https:\/\/medclinics.com\/sorumluluk-reddi\/"},"modified":"2024-04-01T12:13:48","modified_gmt":"2024-04-01T09:13:48","slug":"sorumluluk-reddi","status":"publish","type":"page","link":"https:\/\/medclinics.com\/tr\/sorumluluk-reddi\/","title":{"rendered":"Sorumluluk Reddi"},"content":{"rendered":"\n<h2 class=\"wp-block-heading\">Sorumluluk Reddi<\/h2>\n\n<p>MedClinics, t\u0131bbi hizmet sa\u011flay\u0131c\u0131lar\u0131 taraf\u0131ndan yap\u0131lan tekliflere arac\u0131l\u0131k eden bir internet platformudur. MedClinics hi\u00e7bir \u015fekilde t\u0131bbi hizmet sa\u011flay\u0131c\u0131lar\u0131n teklifleri, burada yer alan hizmetler, bu hizmetlerin sa\u011flanmas\u0131 veya kalitesi i\u00e7in garanti vermez veya sorumluluk kabul etmez.<\/p>\n\n<p><strong>MedClinics ile m\u00fc\u015fteri aras\u0131nda herhangi bir s\u00f6zle\u015fme<\/strong> yap\u0131lmaz, <strong>hukuki ili\u015fki yaln\u0131zca m\u00fc\u015fteri ile t\u0131bbi hizmet sa\u011flay\u0131c\u0131 aras<\/strong>\u0131ndad\u0131r.<\/p>\n\n<p>MedClinics taraf\u0131ndan sa\u011flanan bilgiler, t\u0131bbi sa\u011flay\u0131c\u0131lar ve di\u011fer \u00fc\u00e7\u00fcnc\u00fc taraflarca sa\u011flanan bilgiler dahil ancak bunlarla s\u0131n\u0131rl\u0131 olmamak \u00fczere, herhangi bir mal ve\/veya hizmetin sat\u0131n al\u0131nmas\u0131ndan \u00f6nce, sat\u0131n al\u0131nmas\u0131 s\u0131ras\u0131nda veya sonras\u0131nda m\u00fc\u015fteriye telefon, elektronik, e-posta veya di\u011fer bilgi kanallar\u0131 arac\u0131l\u0131\u011f\u0131yla sa\u011flanan bilgiler, hi\u00e7bir \u015fekilde uygun t\u0131bbi tavsiye veya t\u0131bbi muayene olarak kabul edilemez, hi\u00e7bir \u015fekilde bir doktorla ayr\u0131nt\u0131l\u0131 muayene ve kons\u00fcltasyonun yerini alamaz ve t\u0131bbi tedavi aramaya, devam etmeye veya sonland\u0131rmaya karar vermek i\u00e7in tek temel olarak hizmet edemez.<\/p>\n\n<p><br\/>MedClinics, t\u0131bbi sa\u011flay\u0131c\u0131 taraf\u0131ndan verilen herhangi bir tedavi, ameliyat veya di\u011fer hizmetten sorumlu veya y\u00fck\u00fcml\u00fc de\u011fildir ve MedClinics, t\u0131bbi sa\u011flay\u0131c\u0131 tavsiyeleri, uygulamalar\u0131, ameliyatlar\u0131 veya verilen di\u011fer hizmetlerden do\u011frudan veya dolayl\u0131 olarak, \u015fu anda veya gelecekte ortaya \u00e7\u0131kabilecek herhangi bir malpraktis iddias\u0131ndan sorumlu veya y\u00fck\u00fcml\u00fc de\u011fildir.<\/p>\n\n<p>M\u00fc\u015fteri, sitemizi ziyaret ederek ve bu formu doldurarak, s\u00f6zle\u015fmenin imzalanmas\u0131ndan veya komisyoncunun \u00e7evrimi\u00e7i ma\u011fazas\u0131nda sunulan herhangi bir mal ve\/veya hizmetin sat\u0131n al\u0131nmas\u0131ndan \u00f6nce feragatname hakk\u0131nda bilgilendirildi\u011fini, feragatnameyi kabul etti\u011fini ve bu konuda komisyoncuya kar\u015f\u0131 mevcut veya gelecekte herhangi bir talepte bulunamayaca\u011f\u0131n\u0131 ve s\u00f6zle\u015fme ili\u015fkisinin fark\u0131nda oldu\u011funu, anlad\u0131\u011f\u0131n\u0131 ve kabul etti\u011fini otomatik olarak ve a\u00e7\u0131k\u00e7a kabul ve beyan eder.<\/p>\n\n<p>Tazminat talepleri, tazminat talepleri, r\u00fccu, ac\u0131 ve \u0131st\u0131rap i\u00e7in tazminat veya t\u0131bbi hizmet sa\u011flay\u0131c\u0131 ile s\u00f6zle\u015fmeye dayal\u0131 ili\u015fkiden kaynaklanan di\u011fer eylemler ve talepler yaln\u0131zca t\u0131bbi hizmet sa\u011flay\u0131c\u0131ya kar\u015f\u0131 y\u00f6nlendirilebilir. Komisyoncu herhangi bir sorumluluk kabul etmez.<\/p>\n\n<h3 class=\"wp-block-heading\">Herhangi bir sorunuz olmas\u0131 durumunda hemen <a href=\"#requestform\">bizimle ileti\u015fime<\/a> ge\u00e7in!<\/h3>\n\n<p><\/p>\n","protected":false},"excerpt":{"rendered":"<p>Sorumluluk Reddi MedClinics, t\u0131bbi hizmet sa\u011flay\u0131c\u0131lar\u0131 taraf\u0131ndan yap\u0131lan tekliflere arac\u0131l\u0131k eden bir internet platformudur. MedClinics hi\u00e7bir \u015fekilde t\u0131bbi hizmet sa\u011flay\u0131c\u0131lar\u0131n [&hellip;]<\/p>\n","protected":false},"author":4,"featured_media":0,"parent":0,"menu_order":0,"comment_status":"closed","ping_status":"closed","template":"","meta":{"site-sidebar-layout":"default","site-content-layout":"","ast-site-content-layout":"default","site-content-style":"default","site-sidebar-style":"default","ast-global-header-display":"","ast-banner-title-visibility":"","ast-main-header-display":"","ast-hfb-above-header-display":"","ast-hfb-below-header-display":"","ast-hfb-mobile-header-display":"","site-post-title":"","ast-breadcrumbs-content":"","ast-featured-img":"","footer-sml-layout":"","ast-disable-related-posts":"","theme-transparent-header-meta":"","adv-header-id-meta":"","stick-header-meta":"","header-above-stick-meta":"","header-main-stick-meta":"","header-below-stick-meta":"","astra-migrate-meta-layouts":"default","ast-page-background-enabled":"default","ast-page-background-meta":{"desktop":{"background-color":"var(--ast-global-color-4)","background-image":"","background-repeat":"repeat","background-position":"center center","background-size":"auto","background-attachment":"scroll","background-type":"","background-media":"","overlay-type":"","overlay-color":"","overlay-opacity":"","overlay-gradient":""},"tablet":{"background-color":"","background-image":"","background-repeat":"repeat","background-position":"center center","background-size":"auto","background-attachment":"scroll","background-type":"","background-media":"","overlay-type":"","overlay-color":"","overlay-opacity":"","overlay-gradient":""},"mobile":{"background-color":"","background-image":"","background-repeat":"repeat","background-position":"center center","background-size":"auto","background-attachment":"scroll","background-type":"","background-media":"","overlay-type":"","overlay-color":"","overlay-opacity":"","overlay-gradient":""}},"ast-content-background-meta":{"desktop":{"background-color":"var(--ast-global-color-5)","background-image":"","background-repeat":"repeat","background-position":"center center","background-size":"auto","background-attachment":"scroll","background-type":"","background-media":"","overlay-type":"","overlay-color":"","overlay-opacity":"","overlay-gradient":""},"tablet":{"background-color":"var(--ast-global-color-5)","background-image":"","background-repeat":"repeat","background-position":"center center","background-size":"auto","background-attachment":"scroll","background-type":"","background-media":"","overlay-type":"","overlay-color":"","overlay-opacity":"","overlay-gradient":""},"mobile":{"background-color":"var(--ast-global-color-5)","background-image":"","background-repeat":"repeat","background-position":"center center","background-size":"auto","background-attachment":"scroll","background-type":"","background-media":"","overlay-type":"","overlay-color":"","overlay-opacity":"","overlay-gradient":""}},"footnotes":""},"class_list":["post-148227","page","type-page","status-publish","hentry"],"_links":{"self":[{"href":"https:\/\/medclinics.com\/tr\/wp-json\/wp\/v2\/pages\/148227","targetHints":{"allow":["GET"]}}],"collection":[{"href":"https:\/\/medclinics.com\/tr\/wp-json\/wp\/v2\/pages"}],"about":[{"href":"https:\/\/medclinics.com\/tr\/wp-json\/wp\/v2\/types\/page"}],"author":[{"embeddable":true,"href":"https:\/\/medclinics.com\/tr\/wp-json\/wp\/v2\/users\/4"}],"replies":[{"embeddable":true,"href":"https:\/\/medclinics.com\/tr\/wp-json\/wp\/v2\/comments?post=148227"}],"version-history":[{"count":0,"href":"https:\/\/medclinics.com\/tr\/wp-json\/wp\/v2\/pages\/148227\/revisions"}],"wp:attachment":[{"href":"https:\/\/medclinics.com\/tr\/wp-json\/wp\/v2\/media?parent=148227"}],"curies":[{"name":"wp","href":"https:\/\/api.w.org\/{rel}","templated":true}]}}