{"id":148177,"date":"2023-05-14T10:11:56","date_gmt":"2023-05-14T07:11:56","guid":{"rendered":"https:\/\/medclinics.com\/yutulabilir-mide-balonu\/"},"modified":"2025-01-02T15:56:30","modified_gmt":"2025-01-02T12:56:30","slug":"yutulabilir-mide-balonu","status":"publish","type":"page","link":"https:\/\/medclinics.com\/tr\/yutulabilir-mide-balonu\/","title":{"rendered":"Yutulabilir Mide Balonu"},"content":{"rendered":"\n<h2 class=\"wp-block-heading\">Kilo vermekte zorlan\u0131yorsan\u0131z, Mide Balonu sizin i\u00e7in iyi bir se\u00e7enektir.<\/h2>\n\n<p><a href=\"https:\/\/en.wikipedia.org\/wiki\/Gastric_balloon\" rel=\"nofollow noopener\" target=\"_blank\">Mide balonu<\/a> kilo vermeye yard\u0131mc\u0131 bir y\u00f6ntemdir. Ge\u00e7ici olarak midenize yerle\u015ftirilen yumu\u015fak bir balon. S\u00f6nd\u00fcr\u00fclm\u00fc\u015f bir balon a\u011fz\u0131n\u0131zdan midenize yerle\u015ftirilir. Daha sonra tok hissetmenizi ve daha az yemenizi sa\u011flamak i\u00e7in bir s\u0131v\u0131yla doldurulur. Kilo kayb\u0131 ile m\u00fccadele edenler i\u00e7in cerrahi olmayan bir se\u00e7enektir.<\/p>\n\n<p>\u0130\u015flemden sonra kendinizi rahats\u0131z hissedebilirsiniz. Bu durum genellikle birka\u00e7 g\u00fcn i\u00e7inde d\u00fczelir. Mide balonu alt\u0131 ay boyunca midenizde kal\u0131r. Bu d\u00f6nemde diyetinizi ve egzersizinizi planlamal\u0131s\u0131n\u0131z. <\/p>\n\n<p>Balon \u00e7\u0131kar\u0131ld\u0131ktan sonra, kilo kayb\u0131n\u0131z\u0131 s\u00fcrd\u00fcrmek i\u00e7in diyet yapmaya devam edeceksiniz. \u0130yile\u015fme s\u00fcresi genellikle h\u0131zl\u0131d\u0131r. Bununla birlikte, bu y\u00f6ntemin uzun vadeli ba\u015far\u0131s\u0131, balon \u00e7\u0131kar\u0131ld\u0131ktan sonra bile ya\u015fam tarz\u0131 de\u011fi\u015fikliklerine olan ba\u011fl\u0131l\u0131\u011f\u0131n\u0131za ba\u011fl\u0131d\u0131r.<\/p>\n\n<ul class=\"wp-block-list\">\n<li>\u00c7al\u0131\u015fma s\u00fcresi: 20-30 dakika<\/li>\n\n\n\n<li>Hastanede kal\u0131\u015f s\u00fcresi: birka\u00e7 saat<\/li>\n\n\n\n<li>Fazla kilo kayb\u0131: %40<\/li>\n\n\n\n<li>27-35 BMI aral\u0131\u011f\u0131nda olanlar i\u00e7in<\/li>\n\n\n\n<li>Olas\u0131 riskler: Bulant\u0131, kusma, mide rahats\u0131zl\u0131\u011f\u0131, balonun s\u00f6nmesi veya hareket etmesi.<\/li>\n<\/ul>\n\n<h2 class=\"wp-block-heading\"><a href=\"https:\/\/medclinics.com\/tr\/obesity-treatment\/\" target=\"_blank\" rel=\"noreferrer noopener\">Obezite tedavisi<\/a> hakk\u0131nda bilmeniz gereken her \u015fey burada, sadece <a href=\"#requestform\">bizimle ileti\u015fime<\/a> ge\u00e7in!<\/h2>\n\n<figure class=\"wp-block-image size-full\"><img fetchpriority=\"high\" decoding=\"async\" width=\"960\" height=\"470\" src=\"https:\/\/medclinics.com\/wp-content\/uploads\/2023\/08\/gastric-balloon-in-istanbul-turkey.jpg\" alt=\"&#x130;stanbul T&#xFC;rkiye'de Mide Balonu\" class=\"wp-image-105052\" srcset=\"https:\/\/medclinics.com\/wp-content\/uploads\/2023\/08\/gastric-balloon-in-istanbul-turkey.jpg 960w, https:\/\/medclinics.com\/wp-content\/uploads\/2023\/08\/gastric-balloon-in-istanbul-turkey-500x245.jpg 500w, https:\/\/medclinics.com\/wp-content\/uploads\/2023\/08\/gastric-balloon-in-istanbul-turkey-768x376.jpg 768w, https:\/\/medclinics.com\/wp-content\/uploads\/2023\/08\/gastric-balloon-in-istanbul-turkey-24x12.jpg 24w, https:\/\/medclinics.com\/wp-content\/uploads\/2023\/08\/gastric-balloon-in-istanbul-turkey-36x18.jpg 36w, https:\/\/medclinics.com\/wp-content\/uploads\/2023\/08\/gastric-balloon-in-istanbul-turkey-48x24.jpg 48w\" sizes=\"(max-width: 960px) 100vw, 960px\" \/><\/figure>\n\n<h2 class=\"wp-block-heading\">SSS<\/h2>\n<div id=\"rank-math-faq\" class=\"rank-math-block\">\n<div class=\"rank-math-list \">\n<div id=\"faq-question-1684914609944\" class=\"rank-math-list-item\">\n<h3 class=\"rank-math-question \">Mide balonu nedir?<\/h3>\n<div class=\"rank-math-answer \">\n\n<p>Mide balonu, kilo kayb\u0131 i\u00e7in k\u0131sa s\u00fcreli, cerrahi olmayan bir y\u00f6ntemdir. Bu prosed\u00fcrde mideye havas\u0131 indirilmi\u015f bir silikon balon yerle\u015ftirilir. Salin sol\u00fcsyonu ile \u015fi\u015firilen balon, tokluk hissi yaratarak g\u0131da t\u00fcketimini k\u0131s\u0131tlar. Yakla\u015f\u0131k alt\u0131 ay sonra balon \u00e7\u0131kar\u0131l\u0131r. Bu yakla\u015f\u0131m porsiyon kontrol\u00fcne yard\u0131mc\u0131 olur ve kilo kayb\u0131n\u0131 ba\u015flat\u0131r, ancak ya\u015fam tarz\u0131 ayarlamalar\u0131 ile birlikte oldu\u011funda en etkilidir. Genel olarak g\u00fcvenli olmakla birlikte, mide bulant\u0131s\u0131, mide rahats\u0131zl\u0131\u011f\u0131 ve nadir g\u00f6r\u00fclen komplikasyonlar gibi potansiyel riskler vard\u0131r.<\/p>\n\n<\/div>\n<\/div>\n<div id=\"faq-question-1684914356701\" class=\"rank-math-list-item\">\n<h3 class=\"rank-math-question \">Mide balonu g\u00fcvenli midir?<\/h3>\n<div class=\"rank-math-answer \">\n\n<p>Mide balonu prosed\u00fcrleri genellikle g\u00fcvenli olarak g\u00f6r\u00fclse de, potansiyel riskleri tan\u0131mak hayati \u00f6nem ta\u015f\u0131maktad\u0131r. Ameliyats\u0131z ve minimal invaziv olduklar\u0131ndan, geleneksel ameliyatlara g\u00f6re daha az tehlike olu\u015ftururlar. Bununla birlikte, bulant\u0131, kusma, mide rahats\u0131zl\u0131\u011f\u0131, \u00fclser, balon s\u00f6nmesi veya y\u0131rt\u0131lmas\u0131 ve t\u0131kanma veya delinme gibi nadir g\u00f6r\u00fclen olaylar gibi olas\u0131 sorunlar devam etmektedir. MedClinics olarak en iyi cerrah\u0131 bulmak ve bu potansiyel riskleri en aza indirmek i\u00e7in buraday\u0131z. Bizimle istedi\u011finiz zaman ileti\u015fime ge\u00e7ebilirsiniz.<\/p>\n\n<\/div>\n<\/div>\n<div id=\"faq-question-1684914339229\" class=\"rank-math-list-item\">\n<h3 class=\"rank-math-question \">Mide balonu buna de\u011fer mi?<\/h3>\n<div class=\"rank-math-answer \">\n\n<p>Evet, buna de\u011fer. Ameliyatlara k\u0131yasla daha az risk ve daha h\u0131zl\u0131 iyile\u015fme ile cerrahi olmayan bir yol sa\u011flar. Bununla birlikte, kilo kayb\u0131n\u0131 desteklemek i\u00e7in bir ara\u00e7 oldu\u011fundan, etkinli\u011fi kal\u0131c\u0131 ya\u015fam tarz\u0131 de\u011fi\u015fikliklerinin benimsenmesine ba\u011fl\u0131d\u0131r. Balonun ge\u00e7ici oldu\u011funu ve yakla\u015f\u0131k alt\u0131 ay sonra \u00e7\u0131kar\u0131lmas\u0131 gerekti\u011fini unutmamak \u00e7ok \u00f6nemlidir. Ya\u015fam tarz\u0131 de\u011fi\u015fikliklerine ba\u011fl\u0131l\u0131\u011f\u0131, potansiyel faydalar\u0131 ve ilgili maliyetleri de\u011ferlendirmek, bu tedavinin de\u011ferini \u00f6l\u00e7menin anahtar\u0131d\u0131r.<\/p>\n\n<\/div>\n<\/div>\n<div id=\"faq-question-1684914702520\" class=\"rank-math-list-item\">\n<h3 class=\"rank-math-question \">Mide balonu etkili midir?<\/h3>\n<div class=\"rank-math-answer \">\n\n<p>Evet, mide balonlar\u0131 kilo kayb\u0131 i\u00e7in etkili olabilir. \u0130nsanlar\u0131n kilo verme yolculuklar\u0131na ba\u015flamalar\u0131na yard\u0131mc\u0131 olan k\u0131sa vadeli bir \u00e7\u00f6z\u00fcm sa\u011flarlar. Bu balonlar tokluk hissi uyand\u0131rarak ve porsiyon kontrol\u00fcn\u00fc destekleyerek kalori al\u0131m\u0131n\u0131 azaltmaya ve kullan\u0131m s\u00fcreleri boyunca \u00f6nemli \u00f6l\u00e7\u00fcde kilo vermeye yard\u0131mc\u0131 olur.<\/p>\n\n<\/div>\n<\/div>\n<\/div>\n<\/div>\n<p>\u00a0<\/p>\n\n<h3 class=\"wp-block-heading\">Herhangi bir sorunuz olmas\u0131 durumunda hemen bizimle ileti\u015fime ge\u00e7in!<\/h3>\n","protected":false},"excerpt":{"rendered":"<p>T\u00fcrkiye&#8217;de \u0130stanbul&#8217;da Endoskopik Mide Balonu<\/p>\n","protected":false},"author":4,"featured_media":105045,"parent":0,"menu_order":0,"comment_status":"closed","ping_status":"closed","template":"","meta":{"site-sidebar-layout":"default","site-content-layout":"","ast-site-content-layout":"default","site-content-style":"default","site-sidebar-style":"default","ast-global-header-display":"","ast-banner-title-visibility":"","ast-main-header-display":"","ast-hfb-above-header-display":"","ast-hfb-below-header-display":"","ast-hfb-mobile-header-display":"","site-post-title":"","ast-breadcrumbs-content":"","ast-featured-img":"","footer-sml-layout":"","ast-disable-related-posts":"","theme-transparent-header-meta":"","adv-header-id-meta":"","stick-header-meta":"","header-above-stick-meta":"","header-main-stick-meta":"","header-below-stick-meta":"","astra-migrate-meta-layouts":"default","ast-page-background-enabled":"default","ast-page-background-meta":{"desktop":{"background-color":"var(--ast-global-color-4)","background-image":"","background-repeat":"repeat","background-position":"center center","background-size":"auto","background-attachment":"scroll","background-type":"","background-media":"","overlay-type":"","overlay-color":"","overlay-opacity":"","overlay-gradient":""},"tablet":{"background-color":"","background-image":"","background-repeat":"repeat","background-position":"center center","background-size":"auto","background-attachment":"scroll","background-type":"","background-media":"","overlay-type":"","overlay-color":"","overlay-opacity":"","overlay-gradient":""},"mobile":{"background-color":"","background-image":"","background-repeat":"repeat","background-position":"center center","background-size":"auto","background-attachment":"scroll","background-type":"","background-media":"","overlay-type":"","overlay-color":"","overlay-opacity":"","overlay-gradient":""}},"ast-content-background-meta":{"desktop":{"background-color":"var(--ast-global-color-5)","background-image":"","background-repeat":"repeat","background-position":"center center","background-size":"auto","background-attachment":"scroll","background-type":"","background-media":"","overlay-type":"","overlay-color":"","overlay-opacity":"","overlay-gradient":""},"tablet":{"background-color":"var(--ast-global-color-5)","background-image":"","background-repeat":"repeat","background-position":"center center","background-size":"auto","background-attachment":"scroll","background-type":"","background-media":"","overlay-type":"","overlay-color":"","overlay-opacity":"","overlay-gradient":""},"mobile":{"background-color":"var(--ast-global-color-5)","background-image":"","background-repeat":"repeat","background-position":"center center","background-size":"auto","background-attachment":"scroll","background-type":"","background-media":"","overlay-type":"","overlay-color":"","overlay-opacity":"","overlay-gradient":""}},"footnotes":""},"class_list":["post-148177","page","type-page","status-publish","has-post-thumbnail","hentry"],"_links":{"self":[{"href":"https:\/\/medclinics.com\/tr\/wp-json\/wp\/v2\/pages\/148177","targetHints":{"allow":["GET"]}}],"collection":[{"href":"https:\/\/medclinics.com\/tr\/wp-json\/wp\/v2\/pages"}],"about":[{"href":"https:\/\/medclinics.com\/tr\/wp-json\/wp\/v2\/types\/page"}],"author":[{"embeddable":true,"href":"https:\/\/medclinics.com\/tr\/wp-json\/wp\/v2\/users\/4"}],"replies":[{"embeddable":true,"href":"https:\/\/medclinics.com\/tr\/wp-json\/wp\/v2\/comments?post=148177"}],"version-history":[{"count":0,"href":"https:\/\/medclinics.com\/tr\/wp-json\/wp\/v2\/pages\/148177\/revisions"}],"wp:featuredmedia":[{"embeddable":true,"href":"https:\/\/medclinics.com\/tr\/wp-json\/wp\/v2\/media\/105045"}],"wp:attachment":[{"href":"https:\/\/medclinics.com\/tr\/wp-json\/wp\/v2\/media?parent=148177"}],"curies":[{"name":"wp","href":"https:\/\/api.w.org\/{rel}","templated":true}]}}