{"id":148016,"date":"2023-05-25T14:18:08","date_gmt":"2023-05-25T11:18:08","guid":{"rendered":"https:\/\/medclinics.com\/robotik-sac-cerrahisi\/"},"modified":"2025-01-25T00:37:55","modified_gmt":"2025-01-24T21:37:55","slug":"robotik-sac-cerrahisi","status":"publish","type":"page","link":"https:\/\/medclinics.com\/tr\/robotik-sac-cerrahisi\/","title":{"rendered":"Robotik Sa\u00e7 Cerrahisi"},"content":{"rendered":"\n<h2 class=\"wp-block-heading\">Daha dolgun, daha canl\u0131 sa\u00e7lara sahip olman\u0131n bir yolunu ar\u0131yorsan\u0131z, robotik sa\u00e7 ameliyat\u0131 sizin i\u00e7in m\u00fckemmel bir f\u0131rsat olabilir.<\/h2>\n\n<p>Robotik sa\u00e7 cerrahisi, <a href=\"https:\/\/en.wikipedia.org\/wiki\/Hair_transplantation\" target=\"_blank\" rel=\"noreferrer noopener\">sa\u00e7 restorasyonunda<\/a> robotik sistemler, yapay zeka ve g\u00f6r\u00fcnt\u00fcleme teknolojisini kullanan geli\u015fmi\u015f bir prosed\u00fcrd\u00fcr.  <\/p>\n\n<p>Tek tek sa\u00e7 k\u00f6klerinin hassas bir \u015fekilde \u00e7\u0131kar\u0131lmas\u0131n\u0131 ve ekilmesini sa\u011flayarak do\u011fal g\u00f6r\u00fcn\u00fcml\u00fc sa\u00e7 b\u00fcy\u00fcmesi sa\u011flar. Minimum yara izi ve daha h\u0131zl\u0131 iyile\u015fme s\u00fcreleri ile etkili sa\u00e7 restorasyonu i\u00e7in ki\u015fiselle\u015ftirilmi\u015f tedavi planlar\u0131 sa\u011flar.<\/p>\n\n<p>Robotik sistem, ekstraksiyon i\u015flemini ger\u00e7ekle\u015ftirmek i\u00e7in \u00f6zel olarak tasarlanm\u0131\u015f robotik kollar ve sens\u00f6rlerle donat\u0131lm\u0131\u015f k\u00fc\u00e7\u00fck bir el cihaz\u0131 kullan\u0131r. Don\u00f6r alanda dikkatli bir \u015fekilde gezinerek, nakil i\u00e7in sa\u011fl\u0131kl\u0131 sa\u00e7 k\u00f6klerini se\u00e7ici olarak belirler.  <\/p>\n\n<p>Robotik sistemin hassasiyeti, \u00e7evre dokulara zarar verme riskini en aza indirir ve greftlerin optimum \u015fekilde korunmas\u0131n\u0131 sa\u011flar.<\/p>\n\n<p>Ekstraksiyon a\u015famas\u0131 tamamland\u0131ktan sonra cerrah, kafa derisinin sa\u00e7 restorasyonu istenen b\u00f6lgelerinde k\u00fc\u00e7\u00fck al\u0131c\u0131 b\u00f6lgeler olu\u015fturur. Robotik sistem, al\u0131c\u0131 b\u00f6lgelerin tutarl\u0131 ve do\u011fru bir \u015fekilde yerle\u015ftirilmesini sa\u011flayarak bu s\u00fcre\u00e7te de yard\u0131mc\u0131 olabilir.  <\/p>\n\n<p>Son olarak, \u00e7\u0131kar\u0131lan sa\u00e7 k\u00f6kleri al\u0131c\u0131 b\u00f6lgelere titizlikle nakledilir ve mevcut sa\u00e7larla sorunsuz bir \u015fekilde kar\u0131\u015fan do\u011fal g\u00f6r\u00fcn\u00fcml\u00fc sa\u00e7 b\u00fcy\u00fcmesi ile sonu\u00e7lan\u0131r.<\/p>\n\n<h3 class=\"wp-block-heading\">Fiyat, bak\u0131m sonras\u0131 ve iyile\u015fme s\u00fcreci dahil olmak \u00fczere <a href=\"https:\/\/medclinics.com\/tr\/sac-ekimi\/\" target=\"_blank\" rel=\"noreferrer noopener\">sa\u00e7 ekimi<\/a> hakk\u0131nda bilmeniz gereken her \u015fey veya <a href=\"#requestform\">bizimle ileti\u015fime<\/a> ge\u00e7in!<\/h3>\n\n<h2 class=\"wp-block-heading\">SSS  <\/h2>\n<div id=\"rank-math-faq\" class=\"rank-math-block\">\n<div class=\"rank-math-list \">\n<div id=\"faq-question-1685024108686\" class=\"rank-math-list-item\">\n<h3 class=\"rank-math-question \">Robotik sa\u00e7 ekimi nedir?<\/h3>\n<div class=\"rank-math-answer \">\n\n<p>Robotik sa\u00e7 ekimi, tek tek sa\u00e7 k\u00f6klerini \u00e7\u0131karmak ve nakletmek i\u00e7in robotik sistemler ve yapay zeka kullanan geli\u015fmi\u015f bir cerrahi prosed\u00fcrd\u00fcr. Etkili sa\u00e7 restorasyonu i\u00e7in hassasiyet, minimal invazivlik ve \u00f6zelle\u015ftirilmi\u015f tedavi planlar\u0131 sunar.<\/p>\n\n<\/div>\n<\/div>\n<div id=\"faq-question-1685023671602\" class=\"rank-math-list-item\">\n<h3 class=\"rank-math-question \">Robotik sa\u00e7 ekimi a\u011fr\u0131l\u0131 m\u0131d\u0131r?<\/h3>\n<div class=\"rank-math-answer \">\n\n<p>Robotik sa\u00e7 cerrahisi prosed\u00fcrlerinin genellikle minimal d\u00fczeyde a\u011fr\u0131l\u0131 oldu\u011fu d\u00fc\u015f\u00fcn\u00fclmektedir. \u0130\u015flem, kafa derisini uyu\u015fturmak i\u00e7in lokal anestezi i\u00e7erir ve ameliyat s\u0131ras\u0131nda rahat bir deneyim sa\u011flar. Hastalar i\u015flemden sonra hafif bir rahats\u0131zl\u0131k veya a\u011fr\u0131 hissedebilirler, ancak bu genellikle re\u00e7etesiz sat\u0131lan a\u011fr\u0131 kesici ila\u00e7larla kontrol alt\u0131na al\u0131nabilir. Robotik sa\u00e7 cerrahisinin minimal invaziv do\u011fas\u0131, geleneksel sa\u00e7 ekimi tekniklerine k\u0131yasla daha h\u0131zl\u0131 bir iyile\u015fme s\u00fcresine ve daha az ameliyat sonras\u0131 rahats\u0131zl\u0131\u011fa da katk\u0131da bulunur.<\/p>\n\n<\/div>\n<\/div>\n<div id=\"faq-question-1685023794838\" class=\"rank-math-list-item\">\n<h3 class=\"rank-math-question \">Robotik sa\u00e7 ekimi i\u015fe yar\u0131yor mu?<\/h3>\n<div class=\"rank-math-answer \">\n\n<p>Evet, robotik sa\u00e7 ekimi sa\u00e7 restorasyonu i\u00e7in etkili ve kan\u0131tlanm\u0131\u015f bir y\u00f6ntemdir. Bu prosed\u00fcrlerde kullan\u0131lan robotik sistem, ba\u015far\u0131l\u0131 sonu\u00e7lara katk\u0131da bulunan \u00e7e\u015fitli avantajlar sunar. Robotik sistemin hassasiyeti ve do\u011frulu\u011fu, sa\u00e7 k\u00f6klerinin dikkatli bir \u015fekilde \u00e7\u0131kar\u0131lmas\u0131n\u0131 ve yerle\u015ftirilmesini sa\u011flayarak do\u011fal g\u00f6r\u00fcn\u00fcml\u00fc sa\u00e7 b\u00fcy\u00fcmesi ile sonu\u00e7lan\u0131r. Geli\u015fmi\u015f g\u00f6r\u00fcnt\u00fcleme teknolojisi, her bireyin kendine \u00f6zg\u00fc sa\u00e7 \u00f6zelliklerine g\u00f6re uyarlanm\u0131\u015f ki\u015fiselle\u015ftirilmi\u015f tedavi planlar\u0131na olanak tan\u0131yarak prosed\u00fcr\u00fcn etkinli\u011fini daha da art\u0131r\u0131r.<\/p>\n\n<\/div>\n<\/div>\n<div id=\"faq-question-1685023801188\" class=\"rank-math-list-item\">\n<h3 class=\"rank-math-question \">Robotik sa\u00e7 ekimi daha m\u0131 iyi?<\/h3>\n<div class=\"rank-math-answer \">\n\n<p>Robotik sa\u00e7 cerrahisi, hassasiyeti, minimal invazivli\u011fi ve ki\u015fiselle\u015ftirilmi\u015f tedavi se\u00e7enekleri nedeniyle sa\u00e7 restorasyonu i\u00e7in tercih edilen bir se\u00e7imdir. \u0130leri teknoloji, sa\u00e7 k\u00f6klerinin do\u011fru \u015fekilde \u00e7\u0131kar\u0131lmas\u0131n\u0131 ve yerle\u015ftirilmesini sa\u011flayarak do\u011fal g\u00f6r\u00fcn\u00fcml\u00fc sonu\u00e7lar elde edilmesini sa\u011flar. Daha az yara izi ve daha h\u0131zl\u0131 iyile\u015fme ile robotik sa\u00e7 ekimi, etkili sa\u00e7 restorasyonu arayanlar i\u00e7in g\u00fcvenilir ve verimli bir \u00e7\u00f6z\u00fcm sunar.<\/p>\n\n<\/div>\n<\/div>\n<\/div>\n<\/div>\n<p><\/p>\n\n<h3 class=\"wp-block-heading\">Herhangi bir sorunuz olmas\u0131 durumunda hemen bizimle ileti\u015fime ge\u00e7in!<\/h3>\n","protected":false},"excerpt":{"rendered":"<p>Daha dolgun, daha canl\u0131 sa\u00e7lara sahip olman\u0131n bir yolunu ar\u0131yorsan\u0131z, robotik sa\u00e7 ameliyat\u0131 sizin i\u00e7in m\u00fckemmel bir f\u0131rsat olabilir. Robotik [&hellip;]<\/p>\n","protected":false},"author":4,"featured_media":104958,"parent":0,"menu_order":0,"comment_status":"closed","ping_status":"closed","template":"","meta":{"site-sidebar-layout":"default","site-content-layout":"","ast-site-content-layout":"default","site-content-style":"default","site-sidebar-style":"default","ast-global-header-display":"","ast-banner-title-visibility":"","ast-main-header-display":"","ast-hfb-above-header-display":"","ast-hfb-below-header-display":"","ast-hfb-mobile-header-display":"","site-post-title":"","ast-breadcrumbs-content":"","ast-featured-img":"","footer-sml-layout":"","ast-disable-related-posts":"","theme-transparent-header-meta":"","adv-header-id-meta":"","stick-header-meta":"","header-above-stick-meta":"","header-main-stick-meta":"","header-below-stick-meta":"","astra-migrate-meta-layouts":"default","ast-page-background-enabled":"default","ast-page-background-meta":{"desktop":{"background-color":"var(--ast-global-color-4)","background-image":"","background-repeat":"repeat","background-position":"center center","background-size":"auto","background-attachment":"scroll","background-type":"","background-media":"","overlay-type":"","overlay-color":"","overlay-opacity":"","overlay-gradient":""},"tablet":{"background-color":"","background-image":"","background-repeat":"repeat","background-position":"center center","background-size":"auto","background-attachment":"scroll","background-type":"","background-media":"","overlay-type":"","overlay-color":"","overlay-opacity":"","overlay-gradient":""},"mobile":{"background-color":"","background-image":"","background-repeat":"repeat","background-position":"center center","background-size":"auto","background-attachment":"scroll","background-type":"","background-media":"","overlay-type":"","overlay-color":"","overlay-opacity":"","overlay-gradient":""}},"ast-content-background-meta":{"desktop":{"background-color":"var(--ast-global-color-5)","background-image":"","background-repeat":"repeat","background-position":"center center","background-size":"auto","background-attachment":"scroll","background-type":"","background-media":"","overlay-type":"","overlay-color":"","overlay-opacity":"","overlay-gradient":""},"tablet":{"background-color":"var(--ast-global-color-5)","background-image":"","background-repeat":"repeat","background-position":"center center","background-size":"auto","background-attachment":"scroll","background-type":"","background-media":"","overlay-type":"","overlay-color":"","overlay-opacity":"","overlay-gradient":""},"mobile":{"background-color":"var(--ast-global-color-5)","background-image":"","background-repeat":"repeat","background-position":"center center","background-size":"auto","background-attachment":"scroll","background-type":"","background-media":"","overlay-type":"","overlay-color":"","overlay-opacity":"","overlay-gradient":""}},"footnotes":""},"class_list":["post-148016","page","type-page","status-publish","has-post-thumbnail","hentry"],"_links":{"self":[{"href":"https:\/\/medclinics.com\/tr\/wp-json\/wp\/v2\/pages\/148016","targetHints":{"allow":["GET"]}}],"collection":[{"href":"https:\/\/medclinics.com\/tr\/wp-json\/wp\/v2\/pages"}],"about":[{"href":"https:\/\/medclinics.com\/tr\/wp-json\/wp\/v2\/types\/page"}],"author":[{"embeddable":true,"href":"https:\/\/medclinics.com\/tr\/wp-json\/wp\/v2\/users\/4"}],"replies":[{"embeddable":true,"href":"https:\/\/medclinics.com\/tr\/wp-json\/wp\/v2\/comments?post=148016"}],"version-history":[{"count":0,"href":"https:\/\/medclinics.com\/tr\/wp-json\/wp\/v2\/pages\/148016\/revisions"}],"wp:featuredmedia":[{"embeddable":true,"href":"https:\/\/medclinics.com\/tr\/wp-json\/wp\/v2\/media\/104958"}],"wp:attachment":[{"href":"https:\/\/medclinics.com\/tr\/wp-json\/wp\/v2\/media?parent=148016"}],"curies":[{"name":"wp","href":"https:\/\/api.w.org\/{rel}","templated":true}]}}