{"id":148008,"date":"2023-05-30T07:57:24","date_gmt":"2023-05-30T04:57:24","guid":{"rendered":"https:\/\/medclinics.com\/regenera-activa-6\/"},"modified":"2024-04-04T19:32:30","modified_gmt":"2024-04-04T16:32:30","slug":"regenera-activa-6","status":"publish","type":"page","link":"https:\/\/medclinics.com\/tr\/regenera-activa-6\/","title":{"rendered":"Regenera Activa"},"content":{"rendered":"\n<h2 class=\"wp-block-heading\">Regenera Activa i\u00e7in en son teknolojiden bug\u00fcn yararlan\u0131n!<\/h2>\n\n<p>Regenera activa, sa\u011fl\u0131kl\u0131 ve sa\u011flam sa\u00e7 k\u00f6klerinin \u00f6zel bir s\u00fcspansiyon arac\u0131l\u0131\u011f\u0131yla haz\u0131rlanmas\u0131n\u0131 ve daha sonra sorunlu kafa derisi b\u00f6lgelerine aktar\u0131lmas\u0131n\u0131 i\u00e7eren devrim niteli\u011finde bir sa\u00e7 restorasyon s\u00fcrecidir. Bu prosed\u00fcr, cans\u0131z sa\u00e7 k\u00f6klerini desteklemek i\u00e7in ense ve kulaklar\u0131n arkas\u0131ndaki genetik kodlar\u0131 kullan\u0131r.<\/p>\n\n<p>Bu tedavi s\u0131ras\u0131nda ki\u015finin kulak arkas\u0131ndan 3-4 k\u0131l k\u00f6k\u00fcn\u00fcn al\u0131nmas\u0131 herhangi bir a\u011fr\u0131 veya rahats\u0131zl\u0131\u011fa neden olmaz. \u00c7\u0131kar\u0131lan bu k\u0131llar, androgenetik <a href=\"https:\/\/en.wikipedia.org\/wiki\/Alopecia_areata\" target=\"_blank\" rel=\"noreferrer noopener\">alopesi ile ili\u015fkili kellik<\/a> gibi durumlar\u0131n tedavisinde kullan\u0131lan \u00f6zel h\u00fccre s\u00fcspansiyonlar\u0131na d\u00f6n\u00fc\u015f\u00fcr.<\/p>\n\n<p>Bu rejeneratif yakla\u015f\u0131m, do\u011frudan hastalar\u0131n v\u00fccutlar\u0131ndan al\u0131nan dokular\u0131 kullan\u0131r ve b\u00f6ylece sistemlerine yabanc\u0131 maddelerin girmesi nedeniyle ortaya \u00e7\u0131kabilecek olas\u0131 komplikasyonlar\u0131 \u00f6nler. Enjeksiyon, tedavi edilen b\u00f6lgelerde progenit\u00f6r h\u00fccrelerin artmas\u0131na yol a\u00e7ar &#8211; bu da ciddi incelme veya gerileyen kron vakalar\u0131na kar\u015f\u0131 etkili \u00e7\u00f6z\u00fcmler arayanlar i\u00e7in olduk\u00e7a faydal\u0131d\u0131r.<\/p>\n\n<p>Klinik denemeler, Regenera activa uygulamalar\u0131nda kullan\u0131lmadan \u00f6nce titiz filtreleme prosed\u00fcrlerinden ge\u00e7irilerek tek tek toplanan h\u00fccrelerle umut verici sonu\u00e7lar g\u00f6stermi\u015ftir.  <\/p>\n\n<h3 class=\"wp-block-heading\"><a href=\"https:\/\/medclinics.com\/tr\/guzellik\/\" target=\"_blank\" rel=\"noreferrer noopener\">G\u00fczellik bak\u0131mlar\u0131<\/a> hakk\u0131nda bilmeniz gereken her \u015fey burada, hemen <a href=\"https:\/\/medclinics.com\/wp-admin\/post.php?post=90890&amp;action=edit&amp;lang=en#requestform\">bizimle ileti\u015fime<\/a> ge\u00e7in!<\/h3>\n\n<h2 class=\"wp-block-heading\">SSS <\/h2>\n<div id=\"rank-math-faq\" class=\"rank-math-block\">\n<div class=\"rank-math-list \">\n<div id=\"faq-question-1685433064679\" class=\"rank-math-list-item\">\n<h3 class=\"rank-math-question \">Regenera active nedir?<\/h3>\n<div class=\"rank-math-answer \">\n\n<p>Sa\u00e7 d\u00f6k\u00fclmesinin tedavisi i\u00e7in kullan\u0131lan rejeneratif bir t\u0131bbi prosed\u00fcrd\u00fcr. Hastan\u0131n kendi kafa derisinden k\u00fc\u00e7\u00fck doku par\u00e7alar\u0131n\u0131n (mikro greftler) al\u0131nmas\u0131n\u0131 ve bunlar\u0131n sa\u00e7 d\u00f6k\u00fclmesi veya incelmesi olan b\u00f6lgelere enjekte edilmesini i\u00e7erir.<\/p>\n\n<\/div>\n<\/div>\n<div id=\"faq-question-1685433056925\" class=\"rank-math-list-item\">\n<h3 class=\"rank-math-question \">Regenera activa etkili midir?<\/h3>\n<div class=\"rank-math-answer \">\n\n<p>Regenera Activa&#8217;n\u0131n etkinli\u011fi ki\u015fiden ki\u015fiye de\u011fi\u015febilir. Olumlu sonu\u00e7lara ili\u015fkin anekdot niteli\u011finde raporlar vard\u0131r.<\/p>\n\n<\/div>\n<\/div>\n<div id=\"faq-question-1685433063829\" class=\"rank-math-list-item\">\n<h3 class=\"rank-math-question \">Regenera activa g\u00fcvenli midir?<\/h3>\n<div class=\"rank-math-answer \">\n\n<p>Nitelikli ve deneyimli bir t\u0131p uzman\u0131 taraf\u0131ndan uyguland\u0131\u011f\u0131nda genellikle g\u00fcvenli kabul edilir.<\/p>\n\n<\/div>\n<\/div>\n<\/div>\n<\/div>\n<p><\/p>\n\n<h3 class=\"wp-block-heading\">Herhangi bir sorunuz olmas\u0131 durumunda hemen bizimle ileti\u015fime ge\u00e7in!<\/h3>\n","protected":false},"excerpt":{"rendered":"<p>Regenera Activa i\u00e7in en son teknolojiden bug\u00fcn yararlan\u0131n! Regenera activa, sa\u011fl\u0131kl\u0131 ve sa\u011flam sa\u00e7 k\u00f6klerinin \u00f6zel bir s\u00fcspansiyon arac\u0131l\u0131\u011f\u0131yla haz\u0131rlanmas\u0131n\u0131 [&hellip;]<\/p>\n","protected":false},"author":4,"featured_media":92991,"parent":0,"menu_order":0,"comment_status":"closed","ping_status":"closed","template":"","meta":{"site-sidebar-layout":"default","site-content-layout":"","ast-site-content-layout":"default","site-content-style":"default","site-sidebar-style":"default","ast-global-header-display":"","ast-banner-title-visibility":"","ast-main-header-display":"","ast-hfb-above-header-display":"","ast-hfb-below-header-display":"","ast-hfb-mobile-header-display":"","site-post-title":"","ast-breadcrumbs-content":"","ast-featured-img":"","footer-sml-layout":"","ast-disable-related-posts":"","theme-transparent-header-meta":"","adv-header-id-meta":"","stick-header-meta":"","header-above-stick-meta":"","header-main-stick-meta":"","header-below-stick-meta":"","astra-migrate-meta-layouts":"default","ast-page-background-enabled":"default","ast-page-background-meta":{"desktop":{"background-color":"var(--ast-global-color-4)","background-image":"","background-repeat":"repeat","background-position":"center center","background-size":"auto","background-attachment":"scroll","background-type":"","background-media":"","overlay-type":"","overlay-color":"","overlay-opacity":"","overlay-gradient":""},"tablet":{"background-color":"","background-image":"","background-repeat":"repeat","background-position":"center center","background-size":"auto","background-attachment":"scroll","background-type":"","background-media":"","overlay-type":"","overlay-color":"","overlay-opacity":"","overlay-gradient":""},"mobile":{"background-color":"","background-image":"","background-repeat":"repeat","background-position":"center center","background-size":"auto","background-attachment":"scroll","background-type":"","background-media":"","overlay-type":"","overlay-color":"","overlay-opacity":"","overlay-gradient":""}},"ast-content-background-meta":{"desktop":{"background-color":"var(--ast-global-color-5)","background-image":"","background-repeat":"repeat","background-position":"center center","background-size":"auto","background-attachment":"scroll","background-type":"","background-media":"","overlay-type":"","overlay-color":"","overlay-opacity":"","overlay-gradient":""},"tablet":{"background-color":"var(--ast-global-color-5)","background-image":"","background-repeat":"repeat","background-position":"center center","background-size":"auto","background-attachment":"scroll","background-type":"","background-media":"","overlay-type":"","overlay-color":"","overlay-opacity":"","overlay-gradient":""},"mobile":{"background-color":"var(--ast-global-color-5)","background-image":"","background-repeat":"repeat","background-position":"center center","background-size":"auto","background-attachment":"scroll","background-type":"","background-media":"","overlay-type":"","overlay-color":"","overlay-opacity":"","overlay-gradient":""}},"footnotes":""},"class_list":["post-148008","page","type-page","status-publish","has-post-thumbnail","hentry"],"_links":{"self":[{"href":"https:\/\/medclinics.com\/tr\/wp-json\/wp\/v2\/pages\/148008","targetHints":{"allow":["GET"]}}],"collection":[{"href":"https:\/\/medclinics.com\/tr\/wp-json\/wp\/v2\/pages"}],"about":[{"href":"https:\/\/medclinics.com\/tr\/wp-json\/wp\/v2\/types\/page"}],"author":[{"embeddable":true,"href":"https:\/\/medclinics.com\/tr\/wp-json\/wp\/v2\/users\/4"}],"replies":[{"embeddable":true,"href":"https:\/\/medclinics.com\/tr\/wp-json\/wp\/v2\/comments?post=148008"}],"version-history":[{"count":0,"href":"https:\/\/medclinics.com\/tr\/wp-json\/wp\/v2\/pages\/148008\/revisions"}],"wp:featuredmedia":[{"embeddable":true,"href":"https:\/\/medclinics.com\/tr\/wp-json\/wp\/v2\/media\/92991"}],"wp:attachment":[{"href":"https:\/\/medclinics.com\/tr\/wp-json\/wp\/v2\/media?parent=148008"}],"curies":[{"name":"wp","href":"https:\/\/api.w.org\/{rel}","templated":true}]}}