{"id":147990,"date":"2023-05-30T07:21:58","date_gmt":"2023-05-30T07:21:58","guid":{"rendered":"https:\/\/medclinics.com\/mikro-golgelendirme\/"},"modified":"2024-04-04T19:34:18","modified_gmt":"2024-04-04T16:34:18","slug":"mikro-golgelendirme","status":"publish","type":"page","link":"https:\/\/medclinics.com\/tr\/mikro-golgelendirme\/","title":{"rendered":"Mikro G\u00f6lgelendirme"},"content":{"rendered":"\n<h2 class=\"wp-block-heading\">Seyrek ve \u015fekilsiz ka\u015flardan s\u0131k\u0131ld\u0131n\u0131z m\u0131? Microshading&#8217;den ba\u015fkas\u0131na bakmay\u0131n!<\/h2>\n\n<p><a href=\"https:\/\/en.wikipedia.org\/wiki\/Microblading\" target=\"_blank\" rel=\"noreferrer noopener\">Microblading<\/a> &#8216;e benzeyen ancak farkl\u0131 bir uygulama y\u00f6ntemine sahip olan bu yar\u0131 kal\u0131c\u0131 makyaj tekni\u011fi, do\u011fal g\u00f6r\u00fcn\u00fcml\u00fc k\u0131l benzeri noktalar veya \u00e7izgiler olu\u015fturarak ka\u015flar\u0131n\u0131z\u0131n g\u00f6r\u00fcn\u00fcm\u00fcn\u00fc iyile\u015ftirir.<\/p>\n\n<p>Kons\u00fcltasyon s\u0131ras\u0131nda deneyimli teknisyenimiz, i\u015flem s\u0131ras\u0131nda minimum rahats\u0131zl\u0131k i\u00e7in topikal bir anestezi uygulamadan \u00f6nce istedi\u011finiz ka\u015f \u015feklini ve rengini tart\u0131\u015facakt\u0131r. El tipi bir alet veya makinede ince i\u011fneler kullan\u0131larak, pigment cildin y\u00fczeysel katmanlar\u0131na b\u0131rak\u0131larak derinli\u011fi ve yo\u011funlu\u011fu ayarlanabilen yumu\u015fak pudra efektleri elde edilir.<\/p>\n\n<p>Zaman i\u00e7inde do\u011fal pul pul d\u00f6k\u00fclme s\u00fcre\u00e7leri nedeniyle sonu\u00e7lar ki\u015fiden ki\u015fiye de\u011fi\u015fmekle birlikte (tipik olarak bir ila \u00fc\u00e7 y\u0131l s\u00fcrer), optimum bak\u0131m i\u00e7in her 12-18 ayda bir r\u00f6tu\u015f seanslar\u0131 \u00f6nerilir.<\/p>\n\n<p>  Bu gibi kozmetik prosed\u00fcrlerle g\u00fczelli\u011fi art\u0131rmak s\u00f6z konusu oldu\u011funda g\u00fcvenlik her zaman ilk s\u0131rada yer almas\u0131 gerekti\u011finden, bu i\u015flemi yaln\u0131zca e\u011fitimli profesyonellerin temiz ortamlarda ger\u00e7ekle\u015ftirmesi \u00e7ok \u00f6nemlidir.<\/p>\n\n<h3 class=\"wp-block-heading\"><a href=\"https:\/\/medclinics.com\/tr\/guzellik\/\" target=\"_blank\" rel=\"noreferrer noopener\">G\u00fczellik bak\u0131mlar\u0131<\/a> hakk\u0131nda bilmeniz gereken her \u015fey veya <a href=\"#requestform\">bizimle ileti\u015fime<\/a> ge\u00e7in!<\/h3>\n\n<h2 class=\"wp-block-heading\">SSS <\/h2>\n<div id=\"rank-math-faq\" class=\"rank-math-block\">\n<div class=\"rank-math-list \">\n<div id=\"faq-question-1685431110144\" class=\"rank-math-list-item\">\n<h3 class=\"rank-math-question \">Mikro g\u00f6lgeleme g\u00fcvenli midir?<\/h3>\n<div class=\"rank-math-answer \">\n\n<p>Mikro g\u00f6lgelendirme, yetenekli ve deneyimli bir profesyonel taraf\u0131ndan yap\u0131ld\u0131\u011f\u0131nda genellikle g\u00fcvenli bir prosed\u00fcr olarak kabul edilir.<\/p>\n\n<\/div>\n<\/div>\n<div id=\"faq-question-1685431139176\" class=\"rank-math-list-item\">\n<h3 class=\"rank-math-question \">Mikro g\u00f6lgelendirme buna de\u011fer mi?<\/h3>\n<div class=\"rank-math-answer \">\n\n<p>Mikro g\u00f6lgeleme, bireysel tercihlere ve ko\u015fullara ba\u011fl\u0131 olan ki\u015fisel bir karard\u0131r. Ka\u015flar\u0131n\u0131 geli\u015ftirmek isteyenler i\u00e7in daha uzun \u00f6m\u00fcrl\u00fc sonu\u00e7lar, do\u011fal bir g\u00f6r\u00fcn\u00fcm ve daha az g\u00fcnl\u00fck bak\u0131m sunar.<\/p>\n\n<\/div>\n<\/div>\n<div id=\"faq-question-1685431141006\" class=\"rank-math-list-item\">\n<h3 class=\"rank-math-question \">Mikro g\u00f6lgelendirme ne kadar s\u00fcrer?<\/h3>\n<div class=\"rank-math-answer \">\n\n<p>\u00c7e\u015fitli fakt\u00f6rlere ba\u011fl\u0131 olarak genellikle bir ila \u00fc\u00e7 y\u0131l aras\u0131nda s\u00fcrer.<\/p>\n\n<\/div>\n<\/div>\n<\/div>\n<\/div>\n<p><\/p>\n\n<h3 class=\"wp-block-heading\">Herhangi bir sorunuz olmas\u0131 durumunda hemen bizimle ileti\u015fime ge\u00e7in!<\/h3>\n","protected":false},"excerpt":{"rendered":"<p>Seyrek ve \u015fekilsiz ka\u015flardan s\u0131k\u0131ld\u0131n\u0131z m\u0131? Microshading&#8217;den ba\u015fkas\u0131na bakmay\u0131n! Microblading &#8216;e benzeyen ancak farkl\u0131 bir uygulama y\u00f6ntemine sahip olan bu [&hellip;]<\/p>\n","protected":false},"author":4,"featured_media":27184,"parent":0,"menu_order":0,"comment_status":"closed","ping_status":"closed","template":"","meta":{"site-sidebar-layout":"default","site-content-layout":"","ast-site-content-layout":"default","site-content-style":"default","site-sidebar-style":"default","ast-global-header-display":"","ast-banner-title-visibility":"","ast-main-header-display":"","ast-hfb-above-header-display":"","ast-hfb-below-header-display":"","ast-hfb-mobile-header-display":"","site-post-title":"","ast-breadcrumbs-content":"","ast-featured-img":"","footer-sml-layout":"","ast-disable-related-posts":"","theme-transparent-header-meta":"","adv-header-id-meta":"","stick-header-meta":"","header-above-stick-meta":"","header-main-stick-meta":"","header-below-stick-meta":"","astra-migrate-meta-layouts":"default","ast-page-background-enabled":"default","ast-page-background-meta":{"desktop":{"background-color":"var(--ast-global-color-4)","background-image":"","background-repeat":"repeat","background-position":"center center","background-size":"auto","background-attachment":"scroll","background-type":"","background-media":"","overlay-type":"","overlay-color":"","overlay-opacity":"","overlay-gradient":""},"tablet":{"background-color":"","background-image":"","background-repeat":"repeat","background-position":"center center","background-size":"auto","background-attachment":"scroll","background-type":"","background-media":"","overlay-type":"","overlay-color":"","overlay-opacity":"","overlay-gradient":""},"mobile":{"background-color":"","background-image":"","background-repeat":"repeat","background-position":"center center","background-size":"auto","background-attachment":"scroll","background-type":"","background-media":"","overlay-type":"","overlay-color":"","overlay-opacity":"","overlay-gradient":""}},"ast-content-background-meta":{"desktop":{"background-color":"var(--ast-global-color-5)","background-image":"","background-repeat":"repeat","background-position":"center center","background-size":"auto","background-attachment":"scroll","background-type":"","background-media":"","overlay-type":"","overlay-color":"","overlay-opacity":"","overlay-gradient":""},"tablet":{"background-color":"var(--ast-global-color-5)","background-image":"","background-repeat":"repeat","background-position":"center center","background-size":"auto","background-attachment":"scroll","background-type":"","background-media":"","overlay-type":"","overlay-color":"","overlay-opacity":"","overlay-gradient":""},"mobile":{"background-color":"var(--ast-global-color-5)","background-image":"","background-repeat":"repeat","background-position":"center center","background-size":"auto","background-attachment":"scroll","background-type":"","background-media":"","overlay-type":"","overlay-color":"","overlay-opacity":"","overlay-gradient":""}},"footnotes":""},"class_list":["post-147990","page","type-page","status-publish","has-post-thumbnail","hentry"],"_links":{"self":[{"href":"https:\/\/medclinics.com\/tr\/wp-json\/wp\/v2\/pages\/147990","targetHints":{"allow":["GET"]}}],"collection":[{"href":"https:\/\/medclinics.com\/tr\/wp-json\/wp\/v2\/pages"}],"about":[{"href":"https:\/\/medclinics.com\/tr\/wp-json\/wp\/v2\/types\/page"}],"author":[{"embeddable":true,"href":"https:\/\/medclinics.com\/tr\/wp-json\/wp\/v2\/users\/4"}],"replies":[{"embeddable":true,"href":"https:\/\/medclinics.com\/tr\/wp-json\/wp\/v2\/comments?post=147990"}],"version-history":[{"count":0,"href":"https:\/\/medclinics.com\/tr\/wp-json\/wp\/v2\/pages\/147990\/revisions"}],"wp:featuredmedia":[{"embeddable":true,"href":"https:\/\/medclinics.com\/tr\/wp-json\/wp\/v2\/media\/27184"}],"wp:attachment":[{"href":"https:\/\/medclinics.com\/tr\/wp-json\/wp\/v2\/media?parent=147990"}],"curies":[{"name":"wp","href":"https:\/\/api.w.org\/{rel}","templated":true}]}}