{"id":147984,"date":"2023-05-30T07:32:33","date_gmt":"2023-05-30T04:32:33","guid":{"rendered":"https:\/\/medclinics.com\/ameliyatsiz-mide-kucultme\/"},"modified":"2024-04-08T15:14:31","modified_gmt":"2024-04-08T12:14:31","slug":"ameliyatsiz-mide-kucultme","status":"publish","type":"page","link":"https:\/\/medclinics.com\/tr\/ameliyatsiz-mide-kucultme\/","title":{"rendered":"Ameliyats\u0131z mide k\u00fc\u00e7\u00fcltme"},"content":{"rendered":"\n<h2 class=\"wp-block-heading\">Diyet ve egzersizle kilo vermekte zorlan\u0131yor musunuz? Ameliyats\u0131z mide k\u00fc\u00e7\u00fcltme sizin i\u00e7in \u00e7\u00f6z\u00fcm olabilir.<\/h2>\n\n<p>Bu minimal invaziv prosed\u00fcr, gev\u015fetici maddenin mide kas duvar\u0131n\u0131za enjekte edilmesini i\u00e7erir. A\u011fz\u0131n\u0131zdan sokulan bir endoskop kullan\u0131r.<\/p>\n\n<p>Bu kaslar\u0131 \u00fc\u00e7 aya kadar hareketsiz hale getirerek \u00e7al\u0131\u015f\u0131r. Sindirimi yava\u015flat\u0131r ve daha h\u0131zl\u0131, daha uzun s\u00fcreli tokluk hissi sa\u011flar. B\u00f6ylece, ameliyats\u0131z bir mide k\u00fc\u00e7\u00fcltme elde edersiniz. Ya\u015fam tarz\u0131 de\u011fi\u015fiklikleri \u015fimdiye kadar i\u015fe yaramad\u0131ysa bu ameliyat\u0131 d\u00fc\u015f\u00fcnebilirsiniz. <a href=\"https:\/\/en.wikipedia.org\/wiki\/Muscle_relaxant\" target=\"_blank\" rel=\"noreferrer noopener nofollow\">Kas gev\u015feticiler<\/a> MS, hipertansiyon, diyabet, fel\u00e7, uyku apnesi ve kalp hastal\u0131\u011f\u0131 gibi obeziteye ba\u011fl\u0131 hastal\u0131k risklerini azalt\u0131r.<\/p>\n\n<p>\u0130yile\u015fme h\u0131zl\u0131d\u0131r. Sedasyon bittikten sonra, 10 g\u00fcn i\u00e7inde daha az a\u00e7l\u0131k hissi ve daha h\u0131zl\u0131 tokluk hissi bekleyebilirsiniz! Bu, ameliyats\u0131z kilo kayb\u0131 i\u00e7in m\u00fckemmel bir se\u00e7imdir.<\/p>\n\n<figure class=\"wp-block-image size-full\"><img fetchpriority=\"high\" decoding=\"async\" width=\"780\" height=\"488\" src=\"https:\/\/medclinics.com\/wp-content\/uploads\/2024\/04\/Stomach-reduction-without-surgery.jpg\" alt=\"Ameliyats&#x131;z mide k&#xFC;&#xE7;&#xFC;ltme\" class=\"wp-image-161176\" srcset=\"https:\/\/medclinics.com\/wp-content\/uploads\/2024\/04\/Stomach-reduction-without-surgery.jpg 780w, https:\/\/medclinics.com\/wp-content\/uploads\/2024\/04\/Stomach-reduction-without-surgery-300x188.jpg 300w, https:\/\/medclinics.com\/wp-content\/uploads\/2024\/04\/Stomach-reduction-without-surgery-768x480.jpg 768w\" sizes=\"(max-width: 780px) 100vw, 780px\" \/><\/figure>\n\n<h2 class=\"wp-block-heading\"><a href=\"https:\/\/medclinics.com\/tr\/obezite\/\" data-type=\"page\" data-id=\"144375\">Obezite tedavileri<\/a> hakk\u0131nda fiyat, bak\u0131m sonras\u0131 ve iyile\u015fme s\u00fcreci de dahil olmak \u00fczere bilmeniz gereken her \u015fey veya <a href=\"#requestform\">bizimle ileti\u015fime<\/a> ge\u00e7in!<\/h2>\n\n<h2 class=\"wp-block-heading\">SSS<\/h2>\n<div id=\"rank-math-faq\" class=\"rank-math-block\">\n<div class=\"rank-math-list \">\n<div id=\"faq-question-1685431746517\" class=\"rank-math-list-item\">\n<h3 class=\"rank-math-question \">Kas gev\u015fetici mide enjeksiyonlar\u0131 nedir?<\/h3>\n<div class=\"rank-math-answer \">\n\n<p>Gastrik n\u00f6romod\u00fclat\u00f6r enjeksiyonlar\u0131 veya gastrik pilorik enjeksiyonlar olarak da bilinen kas gev\u015fetici gastrik enjeksiyonlar, gastroparezi veya kronik refrakter bulant\u0131 ve kusma gibi belirli gastrointestinal durumlar\u0131 tedavi etmek i\u00e7in kullan\u0131lan t\u0131bbi bir prosed\u00fcrd\u00fcr. Bu enjeksiyonlar, kas gev\u015fetici ila\u00e7lar\u0131n do\u011frudan mideden ince ba\u011f\u0131rsa\u011fa g\u0131da ge\u00e7i\u015fini kontrol eden kas kapak\u00e7\u0131\u011f\u0131 olan pilora uygulanmas\u0131n\u0131 i\u00e7erir.<\/p>\n\n<\/div>\n<\/div>\n<div id=\"faq-question-1685431603981\" class=\"rank-math-list-item\">\n<h3 class=\"rank-math-question \">Kas gev\u015fetici mide enjeksiyonlar\u0131 nas\u0131l yap\u0131l\u0131r?<\/h3>\n<div class=\"rank-math-answer \">\n\n<p>Kas gev\u015fetici mide enjeksiyonlar\u0131, gastroparezi veya obezite gibi gastrointestinal durumlar\u0131 tedavi etmek i\u00e7in kullan\u0131lan t\u0131bbi bir prosed\u00fcrd\u00fcr.<br \/>Prosed\u00fcr, hastan\u0131n uygunlu\u011funu de\u011ferlendirmek i\u00e7in i\u015flem \u00f6ncesi bir de\u011ferlendirmeyi i\u00e7erir. \u0130\u015flem s\u0131ras\u0131nda hasta sakinle\u015ftirilir ve mideye bir endoskop yerle\u015ftirilir. Endoskop k\u0131lavuz olarak kullan\u0131larak, mide zar\u0131n\u0131n belirli b\u00f6lgelerine az miktarda kas gev\u015fetici enjekte edilir. <br \/>Kas gev\u015fetici mide kaslar\u0131n\u0131 ge\u00e7ici olarak fel\u00e7 ederek kas\u0131lmalar\u0131 azalt\u0131r ve gev\u015femeyi te\u015fvik eder. B\u00f6ylece hasta ameliyat olmadan mide k\u00fc\u00e7\u00fcltme yapt\u0131rabilir. Enjeksiyonlardan sonra endoskop \u00e7\u0131kar\u0131l\u0131r ve hastan\u0131n eve gitmesine izin verilmeden \u00f6nce k\u0131sa bir s\u00fcre g\u00f6zetim alt\u0131nda tutulur.<\/p>\n\n<\/div>\n<\/div>\n<\/div>\n<\/div>\n<p>\u00a0<\/p>\n\n<h3 class=\"wp-block-heading\">Herhangi bir sorunuz olmas\u0131 durumunda hemen bizimle ileti\u015fime ge\u00e7in!<\/h3>\n","protected":false},"excerpt":{"rendered":"<p>Diyet ve egzersizle kilo vermekte zorlan\u0131yor musunuz? Ameliyats\u0131z mide k\u00fc\u00e7\u00fcltme sizin i\u00e7in \u00e7\u00f6z\u00fcm olabilir. Bu minimal invaziv prosed\u00fcr, gev\u015fetici maddenin [&hellip;]<\/p>\n","protected":false},"author":4,"featured_media":92942,"parent":0,"menu_order":0,"comment_status":"closed","ping_status":"closed","template":"","meta":{"site-sidebar-layout":"default","site-content-layout":"","ast-site-content-layout":"default","site-content-style":"default","site-sidebar-style":"default","ast-global-header-display":"","ast-banner-title-visibility":"","ast-main-header-display":"","ast-hfb-above-header-display":"","ast-hfb-below-header-display":"","ast-hfb-mobile-header-display":"","site-post-title":"","ast-breadcrumbs-content":"","ast-featured-img":"","footer-sml-layout":"","ast-disable-related-posts":"","theme-transparent-header-meta":"","adv-header-id-meta":"","stick-header-meta":"","header-above-stick-meta":"","header-main-stick-meta":"","header-below-stick-meta":"","astra-migrate-meta-layouts":"default","ast-page-background-enabled":"default","ast-page-background-meta":{"desktop":{"background-color":"var(--ast-global-color-4)","background-image":"","background-repeat":"repeat","background-position":"center center","background-size":"auto","background-attachment":"scroll","background-type":"","background-media":"","overlay-type":"","overlay-color":"","overlay-opacity":"","overlay-gradient":""},"tablet":{"background-color":"","background-image":"","background-repeat":"repeat","background-position":"center center","background-size":"auto","background-attachment":"scroll","background-type":"","background-media":"","overlay-type":"","overlay-color":"","overlay-opacity":"","overlay-gradient":""},"mobile":{"background-color":"","background-image":"","background-repeat":"repeat","background-position":"center center","background-size":"auto","background-attachment":"scroll","background-type":"","background-media":"","overlay-type":"","overlay-color":"","overlay-opacity":"","overlay-gradient":""}},"ast-content-background-meta":{"desktop":{"background-color":"var(--ast-global-color-5)","background-image":"","background-repeat":"repeat","background-position":"center center","background-size":"auto","background-attachment":"scroll","background-type":"","background-media":"","overlay-type":"","overlay-color":"","overlay-opacity":"","overlay-gradient":""},"tablet":{"background-color":"var(--ast-global-color-5)","background-image":"","background-repeat":"repeat","background-position":"center center","background-size":"auto","background-attachment":"scroll","background-type":"","background-media":"","overlay-type":"","overlay-color":"","overlay-opacity":"","overlay-gradient":""},"mobile":{"background-color":"var(--ast-global-color-5)","background-image":"","background-repeat":"repeat","background-position":"center center","background-size":"auto","background-attachment":"scroll","background-type":"","background-media":"","overlay-type":"","overlay-color":"","overlay-opacity":"","overlay-gradient":""}},"footnotes":""},"class_list":["post-147984","page","type-page","status-publish","has-post-thumbnail","hentry"],"_links":{"self":[{"href":"https:\/\/medclinics.com\/tr\/wp-json\/wp\/v2\/pages\/147984","targetHints":{"allow":["GET"]}}],"collection":[{"href":"https:\/\/medclinics.com\/tr\/wp-json\/wp\/v2\/pages"}],"about":[{"href":"https:\/\/medclinics.com\/tr\/wp-json\/wp\/v2\/types\/page"}],"author":[{"embeddable":true,"href":"https:\/\/medclinics.com\/tr\/wp-json\/wp\/v2\/users\/4"}],"replies":[{"embeddable":true,"href":"https:\/\/medclinics.com\/tr\/wp-json\/wp\/v2\/comments?post=147984"}],"version-history":[{"count":0,"href":"https:\/\/medclinics.com\/tr\/wp-json\/wp\/v2\/pages\/147984\/revisions"}],"wp:featuredmedia":[{"embeddable":true,"href":"https:\/\/medclinics.com\/tr\/wp-json\/wp\/v2\/media\/92942"}],"wp:attachment":[{"href":"https:\/\/medclinics.com\/tr\/wp-json\/wp\/v2\/media?parent=147984"}],"curies":[{"name":"wp","href":"https:\/\/api.w.org\/{rel}","templated":true}]}}