{"id":147970,"date":"2023-05-30T07:43:20","date_gmt":"2023-05-30T07:43:20","guid":{"rendered":"https:\/\/medclinics.com\/nazolabial-dolgular\/"},"modified":"2024-04-04T19:21:21","modified_gmt":"2024-04-04T16:21:21","slug":"nazolabial-dolgular","status":"publish","type":"page","link":"https:\/\/medclinics.com\/tr\/nazolabial-dolgular\/","title":{"rendered":"Nazolabial Dolgular"},"content":{"rendered":"\n<h2 class=\"wp-block-heading\">Genellikle g\u00fcl\u00fcmseme \u00e7izgileri veya g\u00fclme \u00e7izgileri olarak bilinen nazolabial k\u0131vr\u0131mlar\u0131n g\u00f6r\u00fcn\u00fcm\u00fcn\u00fc gidermek mi istiyorsunuz? Nazolabial Dolgular tam da ihtiyac\u0131n\u0131z olan \u015fey olabilir!<\/h2>\n\n<p>Bu <a href=\"https:\/\/en.wikipedia.org\/wiki\/Injectable_filler\" target=\"_blank\" rel=\"noreferrer noopener\">dermal dolgu<\/a> tedavileri cildinize hacim kazand\u0131rmak ve k\u0131r\u0131\u015f\u0131kl\u0131klar\u0131 d\u00fczeltmek i\u00e7in tasarlanm\u0131\u015ft\u0131r. Hyaluronik asit bazl\u0131 dolgular, hidrasyon ve elastikiyetin korunmas\u0131na yard\u0131mc\u0131 olan do\u011fal olarak olu\u015fan maddeler olduklar\u0131 i\u00e7in bu ama\u00e7la s\u0131kl\u0131kla kullan\u0131l\u0131rlar.<\/p>\n\n<p>Bir sa\u011fl\u0131k uzman\u0131yla yap\u0131lan tedavi seans\u0131 s\u0131ras\u0131nda, nazolabial k\u0131vr\u0131mlar\u0131n\u0131z boyunca hedeflenen b\u00f6lgelere bu \u00f6zel dolgu maddelerinden enjeksiyon yap\u0131lacakt\u0131r. Sonu\u00e7, genel olarak daha p\u00fcr\u00fczs\u00fcz bir g\u00f6r\u00fcn\u00fcm verirken derinli\u011fi azaltan dolgun g\u00f6r\u00fcn\u00fcml\u00fc bir cilttir &#8211; daha gen\u00e7 bir g\u00f6r\u00fcn\u00fcm elde etmek istiyorsan\u0131z m\u00fckemmel!<\/p>\n\n<p>Yine de en iyisi: bu t\u00fcr prosed\u00fcrlerden sonra kesinti s\u00fcresi en iyi ihtimalle minimumdur; baz\u0131 ge\u00e7ici k\u0131zar\u0131kl\u0131k, \u015fi\u015flik veya morarma meydana gelebilir, ancak tedaviden sonraki g\u00fcnler i\u00e7inde azalmal\u0131d\u0131r.<\/p>\n\n<p>Kal\u0131c\u0131 olmamakla birlikte, sonu\u00e7lar, \u00f6nceden kons\u00fcltasyon seanslar\u0131 s\u0131ras\u0131nda hastalar\u0131n kendileri taraf\u0131ndan se\u00e7ilen tip (ler) gibi di\u011fer fakt\u00f6rlerin yan\u0131 s\u0131ra bireysel metabolizma oranlar\u0131na ba\u011fl\u0131 olarak birka\u00e7 aydan bir y\u0131la kadar s\u00fcrebilir (r\u00f6tu\u015flar \u00f6nerilir). \u00d6yleyse, bu sinir bozucu g\u00fclme \u00e7izgilerini kontrol alt\u0131na alman\u0131n ileriye d\u00f6n\u00fck t\u00fcm fark\u0131 yarat\u0131p yaratmayaca\u011f\u0131n\u0131 d\u00fc\u015f\u00fcn\u00fcrken neden daha fazla bekleyelim?<\/p>\n\n<h3 class=\"wp-block-heading\"><a href=\"https:\/\/medclinics.com\/tr\/guzellik\/\" target=\"_blank\" rel=\"noreferrer noopener\">G\u00fczellik bak\u0131mlar\u0131<\/a> hakk\u0131nda bilmeniz gereken her \u015fey burada, <a href=\"#requestform\">bizimle ileti\u015fime<\/a> ge\u00e7in!<\/h3>\n\n<h2 class=\"wp-block-heading\">SSS <\/h2>\n<div id=\"rank-math-faq\" class=\"rank-math-block\">\n<div class=\"rank-math-list \">\n<div id=\"faq-question-1685432338494\" class=\"rank-math-list-item\">\n<h3 class=\"rank-math-question \">Nazolabial dolgu nedir?<\/h3>\n<div class=\"rank-math-answer \">\n\n<p>Nazolabial dolgular, nazolabial k\u0131vr\u0131mlar olarak bilinen, burundan a\u011f\u0131z k\u00f6\u015felerine do\u011fru olu\u015fan derin \u00e7izgi ve k\u0131r\u0131\u015f\u0131kl\u0131klar\u0131n g\u00f6r\u00fcn\u00fcm\u00fcn\u00fc ge\u00e7ici olarak azaltmak i\u00e7in kullan\u0131lan enjekte edilebilir maddelerdir. Bu dolgular, biyouyumlu ve kozmetik kullan\u0131m i\u00e7in g\u00fcvenli olan hyaluronik asit, kalsiyum hidroksilapatit veya poli-laktik asit gibi \u00e7e\u015fitli malzemelerden yap\u0131l\u0131r.<\/p>\n\n<\/div>\n<\/div>\n<div id=\"faq-question-1685432333235\" class=\"rank-math-list-item\">\n<h3 class=\"rank-math-question \">Nazolabial dolgular g\u00fcvenli midir?<\/h3>\n<div class=\"rank-math-answer \">\n\n<p>Nazolabial dolgular, yetenekli ve deneyimli bir t\u0131p uzman\u0131 taraf\u0131ndan uyguland\u0131\u011f\u0131nda genellikle g\u00fcvenli kabul edilir.<\/p>\n\n<\/div>\n<\/div>\n<div id=\"faq-question-1685432427756\" class=\"rank-math-list-item\">\n<h3 class=\"rank-math-question \">Nazolabial dolgular buna de\u011fer mi?<\/h3>\n<div class=\"rank-math-answer \">\n\n<p>Nazolabial dolgular\u0131n sizin i\u00e7in buna de\u011fip de\u011fmeyece\u011fi ki\u015fisel hedeflerinize, tercihlerinize ve bireysel ko\u015fullar\u0131n\u0131za ba\u011fl\u0131d\u0131r.<\/p>\n\n<\/div>\n<\/div>\n<div id=\"faq-question-1685432457969\" class=\"rank-math-list-item\">\n<h3 class=\"rank-math-question \">Nazolabial dolgular a\u011fr\u0131l\u0131 m\u0131d\u0131r?<\/h3>\n<div class=\"rank-math-answer \">\n\n<p>Nazolabial dolgu enjeksiyonlar\u0131 s\u0131ras\u0131nda ya\u015fanan rahats\u0131zl\u0131k seviyesi ki\u015fiden ki\u015fiye de\u011fi\u015febilir. Bununla birlikte, \u00e7o\u011fu ki\u015fi prosed\u00fcr s\u0131ras\u0131nda sadece hafif ila orta derecede rahats\u0131zl\u0131k bildirmektedir. A\u011fr\u0131 tipik olarak y\u00f6netilebilir ve baz\u0131 uygulay\u0131c\u0131lar rahats\u0131zl\u0131\u011f\u0131 en aza indirmek i\u00e7in uyu\u015fturucu krem s\u00fcrmek veya lokal anestezi i\u00e7eren dolgu maddeleri kullanmak gibi teknikler kullanabilir.<\/p>\n\n<\/div>\n<\/div>\n<\/div>\n<\/div>\n<p><\/p>\n\n<h3 class=\"wp-block-heading\">Herhangi bir sorunuz olmas\u0131 durumunda hemen bizimle ileti\u015fime ge\u00e7in!<\/h3>\n","protected":false},"excerpt":{"rendered":"<p>Genellikle g\u00fcl\u00fcmseme \u00e7izgileri veya g\u00fclme \u00e7izgileri olarak bilinen nazolabial k\u0131vr\u0131mlar\u0131n g\u00f6r\u00fcn\u00fcm\u00fcn\u00fc gidermek mi istiyorsunuz? Nazolabial Dolgular tam da ihtiyac\u0131n\u0131z olan [&hellip;]<\/p>\n","protected":false},"author":4,"featured_media":92771,"parent":0,"menu_order":0,"comment_status":"closed","ping_status":"closed","template":"","meta":{"site-sidebar-layout":"default","site-content-layout":"","ast-site-content-layout":"default","site-content-style":"default","site-sidebar-style":"default","ast-global-header-display":"","ast-banner-title-visibility":"","ast-main-header-display":"","ast-hfb-above-header-display":"","ast-hfb-below-header-display":"","ast-hfb-mobile-header-display":"","site-post-title":"","ast-breadcrumbs-content":"","ast-featured-img":"","footer-sml-layout":"","ast-disable-related-posts":"","theme-transparent-header-meta":"","adv-header-id-meta":"","stick-header-meta":"","header-above-stick-meta":"","header-main-stick-meta":"","header-below-stick-meta":"","astra-migrate-meta-layouts":"default","ast-page-background-enabled":"default","ast-page-background-meta":{"desktop":{"background-color":"var(--ast-global-color-4)","background-image":"","background-repeat":"repeat","background-position":"center center","background-size":"auto","background-attachment":"scroll","background-type":"","background-media":"","overlay-type":"","overlay-color":"","overlay-opacity":"","overlay-gradient":""},"tablet":{"background-color":"","background-image":"","background-repeat":"repeat","background-position":"center center","background-size":"auto","background-attachment":"scroll","background-type":"","background-media":"","overlay-type":"","overlay-color":"","overlay-opacity":"","overlay-gradient":""},"mobile":{"background-color":"","background-image":"","background-repeat":"repeat","background-position":"center center","background-size":"auto","background-attachment":"scroll","background-type":"","background-media":"","overlay-type":"","overlay-color":"","overlay-opacity":"","overlay-gradient":""}},"ast-content-background-meta":{"desktop":{"background-color":"var(--ast-global-color-5)","background-image":"","background-repeat":"repeat","background-position":"center center","background-size":"auto","background-attachment":"scroll","background-type":"","background-media":"","overlay-type":"","overlay-color":"","overlay-opacity":"","overlay-gradient":""},"tablet":{"background-color":"var(--ast-global-color-5)","background-image":"","background-repeat":"repeat","background-position":"center center","background-size":"auto","background-attachment":"scroll","background-type":"","background-media":"","overlay-type":"","overlay-color":"","overlay-opacity":"","overlay-gradient":""},"mobile":{"background-color":"var(--ast-global-color-5)","background-image":"","background-repeat":"repeat","background-position":"center center","background-size":"auto","background-attachment":"scroll","background-type":"","background-media":"","overlay-type":"","overlay-color":"","overlay-opacity":"","overlay-gradient":""}},"footnotes":""},"class_list":["post-147970","page","type-page","status-publish","has-post-thumbnail","hentry"],"_links":{"self":[{"href":"https:\/\/medclinics.com\/tr\/wp-json\/wp\/v2\/pages\/147970","targetHints":{"allow":["GET"]}}],"collection":[{"href":"https:\/\/medclinics.com\/tr\/wp-json\/wp\/v2\/pages"}],"about":[{"href":"https:\/\/medclinics.com\/tr\/wp-json\/wp\/v2\/types\/page"}],"author":[{"embeddable":true,"href":"https:\/\/medclinics.com\/tr\/wp-json\/wp\/v2\/users\/4"}],"replies":[{"embeddable":true,"href":"https:\/\/medclinics.com\/tr\/wp-json\/wp\/v2\/comments?post=147970"}],"version-history":[{"count":0,"href":"https:\/\/medclinics.com\/tr\/wp-json\/wp\/v2\/pages\/147970\/revisions"}],"wp:featuredmedia":[{"embeddable":true,"href":"https:\/\/medclinics.com\/tr\/wp-json\/wp\/v2\/media\/92771"}],"wp:attachment":[{"href":"https:\/\/medclinics.com\/tr\/wp-json\/wp\/v2\/media?parent=147970"}],"curies":[{"name":"wp","href":"https:\/\/api.w.org\/{rel}","templated":true}]}}