{"id":147938,"date":"2023-05-30T07:02:25","date_gmt":"2023-05-30T07:02:25","guid":{"rendered":"https:\/\/medclinics.com\/microblading-2\/"},"modified":"2024-04-04T19:34:21","modified_gmt":"2024-04-04T16:34:21","slug":"microblading-2","status":"publish","type":"page","link":"https:\/\/medclinics.com\/tr\/microblading-2\/","title":{"rendered":"Microblading"},"content":{"rendered":"\n<h2 class=\"wp-block-heading\">Her sabah ka\u015flar\u0131n\u0131za s\u00fcrekli dolgu yapmaktan s\u0131k\u0131ld\u0131n\u0131z m\u0131? Microblading, \u00fc\u00e7 y\u0131la kadar dayanan do\u011fal g\u00f6r\u00fcn\u00fcml\u00fc, dolgun ka\u015flar elde etmek i\u00e7in bir \u00e7\u00f6z\u00fcmd\u00fcr.<\/h2>\n\n<p>Bu yar\u0131 kal\u0131c\u0131 kozmetik prosed\u00fcr, cilt \u00fczerinde sa\u00e7 benzeri vuru\u015flar olu\u015fturmak i\u00e7in k\u00fc\u00e7\u00fck i\u011fneler i\u00e7eren k\u00fc\u00e7\u00fck bir el aletinin kullan\u0131lmas\u0131n\u0131 i\u00e7erir.<\/p>\n\n<p>Yetenekli bir microblading sanat\u00e7\u0131s\u0131, pigmentleri cildinizin \u00fcst katmanlar\u0131na yerle\u015ftirmeden \u00f6nce ka\u015flar\u0131n\u0131z\u0131 tercihlerinize ve y\u00fcz \u00f6zelliklerinize g\u00f6re dikkatlice tasarlayacak ve \u015fekillendirecektir. Sonu\u00e7, do\u011fal renklerine uyan veya do\u011fal renklerini geli\u015ftiren ger\u00e7ek ka\u015f k\u0131llar\u0131n\u0131n bir yan\u0131lsamas\u0131d\u0131r.<\/p>\n\n<p>Kula\u011fa ac\u0131 verici gelse de, uyu\u015fturucu krem, beceri ve hassasiyet gerektiren bu titiz i\u015flem s\u0131ras\u0131nda herhangi bir rahats\u0131zl\u0131\u011f\u0131 en aza indirir. Her vuru\u015f ger\u00e7ek ka\u015f k\u0131llar\u0131n\u0131 taklit ederek, her m\u00fc\u015fterinin kendine \u00f6zg\u00fc g\u00f6r\u00fcn\u00fcm\u00fc i\u00e7in \u00f6zel olarak tasarlanm\u0131\u015f daha belirgin kemerler ortaya \u00e7\u0131kar\u0131r.<\/p>\n\n<p><a href=\"https:\/\/en.wikipedia.org\/wiki\/Microblading\" target=\"_blank\" rel=\"noreferrer noopener\">Microblading <\/a>&#8216;in asl\u0131nda d\u00f6vme oldu\u011funu, ancak g\u00fcne\u015fe maruz kalma gibi ya\u015fam tarz\u0131 se\u00e7imleri veya i\u015flem sonras\u0131 kullan\u0131lan cilt bak\u0131m \u00fcr\u00fcnlerinde bulunan sert kimyasallar gibi fakt\u00f6rlere ba\u011fl\u0131 olarak zamanla kaybolan yar\u0131 kal\u0131c\u0131 pigment kulland\u0131\u011f\u0131n\u0131 unutmamak \u00f6nemlidir.  <\/p>\n\n<p>Ba\u015flamadan \u00f6nce, bu yeni ka\u015flar\u0131n harika g\u00f6r\u00fcnmeye devam etmesi i\u00e7in bak\u0131m sonras\u0131 talimatlar konusunda size rehberlik edebilecek deneyimli bir profesyonel se\u00e7ti\u011finizden emin olun!<\/p>\n\n<div class=\"wp-block-columns is-layout-flex wp-container-core-columns-is-layout-28f84493 wp-block-columns-is-layout-flex\">\n<div class=\"wp-block-column is-layout-flow wp-block-column-is-layout-flow\" style=\"flex-basis:33.33%\">\n<figure class=\"wp-block-image alignright size-full is-resized\"><img fetchpriority=\"high\" decoding=\"async\" width=\"280\" height=\"210\" src=\"https:\/\/medclinics.com\/wp-content\/uploads\/2023\/12\/luxus-logo-1.webp\" alt=\"\" class=\"wp-image-119607\" style=\"width:193px;height:auto\" srcset=\"https:\/\/medclinics.com\/wp-content\/uploads\/2023\/12\/luxus-logo-1.webp 280w, https:\/\/medclinics.com\/wp-content\/uploads\/2023\/12\/luxus-logo-1-24x18.webp 24w, https:\/\/medclinics.com\/wp-content\/uploads\/2023\/12\/luxus-logo-1-36x27.webp 36w, https:\/\/medclinics.com\/wp-content\/uploads\/2023\/12\/luxus-logo-1-48x36.webp 48w\" sizes=\"(max-width: 280px) 100vw, 280px\" \/><\/figure>\n<\/div>\n\n\n\n<div class=\"wp-block-column is-vertically-aligned-center is-layout-flow wp-block-column-is-layout-flow\" style=\"flex-basis:66.66%\">\n<h3 class=\"wp-block-heading has-text-align-center\"><strong>Sa\u00e7 uzatma \u00fcr\u00fcn\u00fcn\u00fcz\u00fc  <\/strong><br\/><strong>&#8220;Luxus Sa\u00e7 Grubu&#8221;<\/strong><\/h3>\n\n\n\n<p class=\"has-text-align-center\"><em><strong>&#8221; Sa\u00e7 ve G\u00fczellik Bak\u0131m\u0131, Herkes \u0130\u00e7in L\u00fcks! &#8220;<\/strong><\/em><\/p>\n\n\n\n<div class=\"wp-block-buttons is-content-justification-center is-layout-flex wp-container-core-buttons-is-layout-a89b3969 wp-block-buttons-is-layout-flex\">\n<div class=\"wp-block-button\"><a class=\"wp-block-button__link has-vivid-green-cyan-background-color has-background wp-element-button\" href=\"https:\/\/wa.me\/905322662716?text=From%20MedClinics\" target=\"_blank\" rel=\"noreferrer noopener nofollow\">WhatsApp \u00dczerinden Online Rezervasyon<\/a><\/div>\n<\/div>\n<\/div>\n<\/div>\n\n<h3 class=\"wp-block-heading\">Fiyat, bak\u0131m sonras\u0131 ve iyile\u015fme s\u00fcreci de dahil olmak \u00fczere <a href=\"https:\/\/medclinics.com\/tr\/guzellik\/\" target=\"_blank\" rel=\"noreferrer noopener\">g\u00fczellik<\/a> uygulamalar\u0131 hakk\u0131nda bilmeniz gereken her \u015fey veya <a href=\"#requestform\">bizimle ileti\u015fime<\/a> ge\u00e7in!<\/h3>\n\n<h2 class=\"wp-block-heading\">SSS <\/h2>\n<div id=\"rank-math-faq\" class=\"rank-math-block\">\n<div class=\"rank-math-list \">\n<div id=\"faq-question-1685428868689\" class=\"rank-math-list-item\">\n<h3 class=\"rank-math-question \">Microblading nas\u0131l yap\u0131l\u0131r?<\/h3>\n<div class=\"rank-math-answer \">\n\n<p>S\u00fcre\u00e7 genellikle istedi\u011finiz ka\u015f \u015feklini ve hedeflerinizi tart\u0131\u015fmak i\u00e7in bir kons\u00fcltasyon ile ba\u015flar. \u0130\u015flemden \u00f6nce, rahats\u0131zl\u0131\u011f\u0131 en aza indirmek i\u00e7in topikal bir uyu\u015fturucu krem uygulan\u0131r. Teknisyen daha sonra \u00f6zel bir kalem kullanarak istenen ka\u015f \u015feklini tasarlar ve haritaland\u0131r\u0131r. Cildin \u00fcst katmanlar\u0131nda k\u00fc\u00e7\u00fck kesikler yapmak i\u00e7in ince i\u011fneli bir el microblading aleti kullan\u0131l\u0131r. Se\u00e7ilen pigment rengi kesilere dikkatlice uygulan\u0131r. Uygun pigment doygunlu\u011funu sa\u011flamak ve \u015fekli ve yo\u011funlu\u011fu hassasla\u015ft\u0131rmak i\u00e7in birden fazla ge\u00e7i\u015f yap\u0131l\u0131r. \u0130\u015flemden sonra teknisyen, uygun iyile\u015fmeyi desteklemek i\u00e7in bak\u0131m sonras\u0131 talimatlar\u0131 verir.<\/p>\n\n<\/div>\n<\/div>\n<div id=\"faq-question-1685428912751\" class=\"rank-math-list-item\">\n<h3 class=\"rank-math-question \">Microblading ka\u015flar buna de\u011fer mi?<\/h3>\n<div class=\"rank-math-answer \">\n\n<p>Microblading ka\u015flar, daha dolgun, daha belirgin ka\u015flar isteyen veya seyrek veya d\u00fczensiz do\u011fal ka\u015flara sahip ki\u015filer i\u00e7in buna de\u011fer olabilir. Uzun s\u00fcre kal\u0131c\u0131 bir \u00e7\u00f6z\u00fcm sunarak g\u00fcnl\u00fck ka\u015f makyaj\u0131 uygulamas\u0131nda zaman kazand\u0131r\u0131r.<\/p>\n\n<\/div>\n<\/div>\n<div id=\"faq-question-1685428913577\" class=\"rank-math-list-item\">\n<h3 class=\"rank-math-question \">Microblading ka\u015flar kal\u0131c\u0131 m\u0131d\u0131r?<\/h3>\n<div class=\"rank-math-answer \">\n\n<p>Yar\u0131 kal\u0131c\u0131 bir kozmetik \u00e7\u00f6z\u00fcm olarak kabul edilirler. Microblading&#8217;de kullan\u0131lan pigmentler, zaman i\u00e7inde yava\u015f yava\u015f solacak \u015fekilde \u00f6zel olarak form\u00fcle edilmi\u015ftir. Ortalama olarak, sonu\u00e7lar bir ila \u00fc\u00e7 y\u0131l aras\u0131nda s\u00fcrebilir<\/p>\n\n<\/div>\n<\/div>\n<div id=\"faq-question-1685428914227\" class=\"rank-math-list-item\">\n<h3 class=\"rank-math-question \">Microblading do\u011fal g\u00f6r\u00fcnebilir mi?<\/h3>\n<div class=\"rank-math-answer \">\n\n<p>Evet, do\u011fal g\u00f6r\u00fcn\u00fcml\u00fc ka\u015flar olu\u015fturmak i\u00e7in tasarlanabilir. Teknik, do\u011fal ka\u015f k\u0131llar\u0131n\u0131n g\u00f6r\u00fcn\u00fcm\u00fcn\u00fc taklit eden bireysel k\u0131l benzeri vuru\u015flar\u0131n manuel olarak olu\u015fturulmas\u0131n\u0131 i\u00e7erir.<\/p>\n\n<\/div>\n<\/div>\n<\/div>\n<\/div>\n<p><\/p>\n\n<h3 class=\"wp-block-heading\">Herhangi bir sorunuz olmas\u0131 durumunda hemen bizimle ileti\u015fime ge\u00e7in!<\/h3>\n","protected":false},"excerpt":{"rendered":"<p>Her sabah ka\u015flar\u0131n\u0131za s\u00fcrekli dolgu yapmaktan s\u0131k\u0131ld\u0131n\u0131z m\u0131? Microblading, \u00fc\u00e7 y\u0131la kadar dayanan do\u011fal g\u00f6r\u00fcn\u00fcml\u00fc, dolgun ka\u015flar elde etmek i\u00e7in [&hellip;]<\/p>\n","protected":false},"author":4,"featured_media":92727,"parent":0,"menu_order":0,"comment_status":"closed","ping_status":"closed","template":"","meta":{"site-sidebar-layout":"default","site-content-layout":"","ast-site-content-layout":"default","site-content-style":"default","site-sidebar-style":"default","ast-global-header-display":"","ast-banner-title-visibility":"","ast-main-header-display":"","ast-hfb-above-header-display":"","ast-hfb-below-header-display":"","ast-hfb-mobile-header-display":"","site-post-title":"","ast-breadcrumbs-content":"","ast-featured-img":"","footer-sml-layout":"","ast-disable-related-posts":"","theme-transparent-header-meta":"","adv-header-id-meta":"","stick-header-meta":"","header-above-stick-meta":"","header-main-stick-meta":"","header-below-stick-meta":"","astra-migrate-meta-layouts":"default","ast-page-background-enabled":"default","ast-page-background-meta":{"desktop":{"background-color":"var(--ast-global-color-4)","background-image":"","background-repeat":"repeat","background-position":"center center","background-size":"auto","background-attachment":"scroll","background-type":"","background-media":"","overlay-type":"","overlay-color":"","overlay-opacity":"","overlay-gradient":""},"tablet":{"background-color":"","background-image":"","background-repeat":"repeat","background-position":"center center","background-size":"auto","background-attachment":"scroll","background-type":"","background-media":"","overlay-type":"","overlay-color":"","overlay-opacity":"","overlay-gradient":""},"mobile":{"background-color":"","background-image":"","background-repeat":"repeat","background-position":"center center","background-size":"auto","background-attachment":"scroll","background-type":"","background-media":"","overlay-type":"","overlay-color":"","overlay-opacity":"","overlay-gradient":""}},"ast-content-background-meta":{"desktop":{"background-color":"var(--ast-global-color-5)","background-image":"","background-repeat":"repeat","background-position":"center center","background-size":"auto","background-attachment":"scroll","background-type":"","background-media":"","overlay-type":"","overlay-color":"","overlay-opacity":"","overlay-gradient":""},"tablet":{"background-color":"var(--ast-global-color-5)","background-image":"","background-repeat":"repeat","background-position":"center center","background-size":"auto","background-attachment":"scroll","background-type":"","background-media":"","overlay-type":"","overlay-color":"","overlay-opacity":"","overlay-gradient":""},"mobile":{"background-color":"var(--ast-global-color-5)","background-image":"","background-repeat":"repeat","background-position":"center center","background-size":"auto","background-attachment":"scroll","background-type":"","background-media":"","overlay-type":"","overlay-color":"","overlay-opacity":"","overlay-gradient":""}},"footnotes":""},"class_list":["post-147938","page","type-page","status-publish","has-post-thumbnail","hentry"],"_links":{"self":[{"href":"https:\/\/medclinics.com\/tr\/wp-json\/wp\/v2\/pages\/147938","targetHints":{"allow":["GET"]}}],"collection":[{"href":"https:\/\/medclinics.com\/tr\/wp-json\/wp\/v2\/pages"}],"about":[{"href":"https:\/\/medclinics.com\/tr\/wp-json\/wp\/v2\/types\/page"}],"author":[{"embeddable":true,"href":"https:\/\/medclinics.com\/tr\/wp-json\/wp\/v2\/users\/4"}],"replies":[{"embeddable":true,"href":"https:\/\/medclinics.com\/tr\/wp-json\/wp\/v2\/comments?post=147938"}],"version-history":[{"count":0,"href":"https:\/\/medclinics.com\/tr\/wp-json\/wp\/v2\/pages\/147938\/revisions"}],"wp:featuredmedia":[{"embeddable":true,"href":"https:\/\/medclinics.com\/tr\/wp-json\/wp\/v2\/media\/92727"}],"wp:attachment":[{"href":"https:\/\/medclinics.com\/tr\/wp-json\/wp\/v2\/media?parent=147938"}],"curies":[{"name":"wp","href":"https:\/\/api.w.org\/{rel}","templated":true}]}}