{"id":147936,"date":"2023-05-30T08:09:31","date_gmt":"2023-05-30T08:09:31","guid":{"rendered":"https:\/\/medclinics.com\/salmon-dna-tedavisi\/"},"modified":"2024-04-04T19:32:23","modified_gmt":"2024-04-04T16:32:23","slug":"salmon-dna-tedavisi","status":"publish","type":"page","link":"https:\/\/medclinics.com\/tr\/salmon-dna-tedavisi\/","title":{"rendered":"Salmon DNA Tedavisi"},"content":{"rendered":"\n<h2 class=\"wp-block-heading\">I\u015f\u0131lt\u0131l\u0131, makyajs\u0131z bir cilt arzulayan ya da g\u00f6zle g\u00f6r\u00fcl\u00fcr ya\u015flanma belirtilerini azaltmak isteyen biriyseniz, Salmon DNA Tedavisi tam da ihtiyac\u0131n\u0131z olan \u015fey olabilir.<\/h2>\n\n<p>Salmon DNA tedavisi, cildinizdeki h\u00fccreleri yenilemek i\u00e7in somon sperminden elde edilen saf <a href=\"https:\/\/en.wikipedia.org\/wiki\/Hyaluronic_acid\" target=\"_blank\" rel=\"noreferrer noopener\">hyaluronik asit<\/a> ve DNA molek\u00fcllerini kullanan olduk\u00e7a etkili bir cilt gen\u00e7le\u015ftirme y\u00f6ntemidir. <\/p>\n\n<p>Ya\u015fland\u0131k\u00e7a, v\u00fccudumuz hem i\u00e7 hem de \u00e7evresel stres fakt\u00f6rleri gibi d\u0131\u015f fakt\u00f6rler nedeniyle \u00e7e\u015fitli de\u011fi\u015fikliklere u\u011frar. Ne yaz\u0131k ki bu de\u011fi\u015fiklikler, \u00f6zellikle h\u00fccre yenilenmesi i\u00e7in gerekli olan hyaluronik asit gibi temel maddeler a\u00e7\u0131s\u0131ndan cilt yap\u0131m\u0131zda canl\u0131l\u0131\u011f\u0131n ve elastikiyetin azalmas\u0131na neden olabilir.<\/p>\n\n<p>Bu azalma sonu\u00e7ta kurulu\u011fa, solgunlu\u011fa ve ki\u015finin g\u00f6r\u00fcn\u00fcm\u00fc \u00fczerinde di\u011fer istenmeyen etkilere yol a\u00e7ar. Neyse ki g\u00fcn\u00fcm\u00fczde sa\u011fl\u0131kl\u0131 h\u00fccresel \u00fcretimi te\u015fvik ederken \u00f6l\u00fc dokuyu canland\u0131rmay\u0131 ama\u00e7layan pek \u00e7ok farkl\u0131 cilt bak\u0131m tedavisi mevcuttur; ancak hi\u00e7biri son zamanlarda baz\u0131 uzmanlar taraf\u0131ndan halk aras\u0131nda &#8220;gen\u00e7lik a\u015f\u0131s\u0131&#8221; olarak adland\u0131r\u0131lan Somon DNA tedavisi kadar pop\u00fclerlik kazanmam\u0131\u015ft\u0131r.<\/p>\n\n<p>Geleneksel cilt bak\u0131m rutinleri ile kar\u015f\u0131la\u015ft\u0131r\u0131ld\u0131\u011f\u0131nda y\u00fczeysel olarak benzer g\u00f6r\u00fcnse de, benzersiz \u00f6zelliklerini hafife almamak \u00f6nemlidir. Bu i\u015flem s\u0131ras\u0131nda kullan\u0131lan serum, insan DNA&#8217;s\u0131na g\u00f6re ayn\u0131 kimyasal bile\u015fime sahiptir ve sonu\u00e7lar\u0131 daha belirgin hale getirir.<\/p>\n\n<p>Bu nedenle, sadece kozmetik \u00fcr\u00fcnlere ba\u015fvurmadan \u0131\u015f\u0131lt\u0131l\u0131 ve gen\u00e7 g\u00f6r\u00fcn\u00fcml\u00fc bir cilde sahip olmak istiyorsan\u0131z bu tedaviyi g\u00f6z \u00f6n\u00fcnde bulundurun!<\/p>\n\n<h3 class=\"wp-block-heading\">Fiyat ve daha fazlas\u0131 dahil olmak \u00fczere <a href=\"https:\/\/medclinics.com\/tr\/guzellik\/\" target=\"_blank\" rel=\"noreferrer noopener\">g\u00fczellik bak\u0131mlar\u0131<\/a> hakk\u0131nda bilmeniz gereken her \u015fey i\u00e7in <a href=\"#requestform\">bize ula\u015f\u0131n<\/a>!<\/h3>\n\n<h2 class=\"wp-block-heading\">SSS <\/h2>\n<div id=\"rank-math-faq\" class=\"rank-math-block\">\n<div class=\"rank-math-list \">\n<div id=\"faq-question-1685433788324\" class=\"rank-math-list-item\">\n<h3 class=\"rank-math-question \">Salmon DNA nedir?<\/h3>\n<div class=\"rank-math-answer \">\n\n<p>Salmon DNA \u00f6z\u00fct\u00fc veya somon sperm \u00f6z\u00fct\u00fc olarak da bilinen somon DNA&#8217;s\u0131, somon bal\u0131\u011f\u0131n\u0131n DNA bak\u0131m\u0131ndan zengin h\u00fccrelerinden elde edilen biyolojik bir bile\u015fendir. Cilt i\u00e7in potansiyel faydalar\u0131 nedeniyle kozmetik ve cilt bak\u0131m \u00fcr\u00fcnlerinde s\u0131kl\u0131kla kullan\u0131l\u0131r.<\/p>\n\n<\/div>\n<\/div>\n<div id=\"faq-question-1685433877712\" class=\"rank-math-list-item\">\n<h3 class=\"rank-math-question \">Salmon DNA&#8217;s\u0131 ne i\u00e7in kullan\u0131l\u0131r?<\/h3>\n<div class=\"rank-math-answer \">\n\n<p>Salmon DNA&#8217;s\u0131 farkl\u0131 alanlarda \u00e7e\u015fitli uygulamalara sahiptir. Cilt bak\u0131m\u0131nda, cildin dokusunu, s\u0131k\u0131l\u0131\u011f\u0131n\u0131 ve genel g\u00f6r\u00fcn\u00fcm\u00fcn\u00fc potansiyel olarak iyile\u015ftirmek i\u00e7in kozmetik \u00fcr\u00fcnlerde yayg\u0131n olarak kullan\u0131l\u0131r. Ayr\u0131ca nemlendirici etkilere sahip olabilir ve kolajen \u00fcretimini te\u015fvik ederek cildin nemlenmesine ve elastikiyetinin artmas\u0131na katk\u0131da bulunabilir. Rejeneratif \u00f6zelliklere ve anti-enflamatuar etkilere sahip oldu\u011funa inan\u0131ld\u0131\u011f\u0131 i\u00e7in yara iyile\u015fmesindeki potansiyel rol\u00fc ara\u015ft\u0131r\u0131lm\u0131\u015ft\u0131r.<\/p>\n\n<\/div>\n<\/div>\n<div id=\"faq-question-1685433876444\" class=\"rank-math-list-item\">\n<h3 class=\"rank-math-question \">Salmon dna cilde iyi gelir mi?<\/h3>\n<div class=\"rank-math-answer \">\n\n<p>Salmon DNA \u00f6z\u00fct\u00fcn\u00fcn antioksidan, anti-enflamatuar ve potansiyel rejeneratif \u00f6zellikleri nedeniyle cilt i\u00e7in potansiyel faydalar\u0131 oldu\u011funa inan\u0131lmaktad\u0131r. Cildin do\u011fal onar\u0131m s\u00fcre\u00e7lerini destekledi\u011fi ve dokusunu, s\u0131k\u0131l\u0131\u011f\u0131n\u0131 ve genel g\u00f6r\u00fcn\u00fcm\u00fcn\u00fc iyile\u015ftirdi\u011fi d\u00fc\u015f\u00fcn\u00fclmektedir.<\/p>\n\n<\/div>\n<\/div>\n<\/div>\n<\/div>\n<p><\/p>\n\n<h3 class=\"wp-block-heading\">Herhangi bir sorunuz olmas\u0131 durumunda hemen bizimle ileti\u015fime ge\u00e7in!<\/h3>\n","protected":false},"excerpt":{"rendered":"<p>I\u015f\u0131lt\u0131l\u0131, makyajs\u0131z bir cilt arzulayan ya da g\u00f6zle g\u00f6r\u00fcl\u00fcr ya\u015flanma belirtilerini azaltmak isteyen biriyseniz, Salmon DNA Tedavisi tam da ihtiyac\u0131n\u0131z [&hellip;]<\/p>\n","protected":false},"author":4,"featured_media":92787,"parent":0,"menu_order":0,"comment_status":"closed","ping_status":"closed","template":"","meta":{"site-sidebar-layout":"default","site-content-layout":"","ast-site-content-layout":"default","site-content-style":"default","site-sidebar-style":"default","ast-global-header-display":"","ast-banner-title-visibility":"","ast-main-header-display":"","ast-hfb-above-header-display":"","ast-hfb-below-header-display":"","ast-hfb-mobile-header-display":"","site-post-title":"","ast-breadcrumbs-content":"","ast-featured-img":"","footer-sml-layout":"","ast-disable-related-posts":"","theme-transparent-header-meta":"","adv-header-id-meta":"","stick-header-meta":"","header-above-stick-meta":"","header-main-stick-meta":"","header-below-stick-meta":"","astra-migrate-meta-layouts":"default","ast-page-background-enabled":"default","ast-page-background-meta":{"desktop":{"background-color":"var(--ast-global-color-4)","background-image":"","background-repeat":"repeat","background-position":"center center","background-size":"auto","background-attachment":"scroll","background-type":"","background-media":"","overlay-type":"","overlay-color":"","overlay-opacity":"","overlay-gradient":""},"tablet":{"background-color":"","background-image":"","background-repeat":"repeat","background-position":"center center","background-size":"auto","background-attachment":"scroll","background-type":"","background-media":"","overlay-type":"","overlay-color":"","overlay-opacity":"","overlay-gradient":""},"mobile":{"background-color":"","background-image":"","background-repeat":"repeat","background-position":"center center","background-size":"auto","background-attachment":"scroll","background-type":"","background-media":"","overlay-type":"","overlay-color":"","overlay-opacity":"","overlay-gradient":""}},"ast-content-background-meta":{"desktop":{"background-color":"var(--ast-global-color-5)","background-image":"","background-repeat":"repeat","background-position":"center center","background-size":"auto","background-attachment":"scroll","background-type":"","background-media":"","overlay-type":"","overlay-color":"","overlay-opacity":"","overlay-gradient":""},"tablet":{"background-color":"var(--ast-global-color-5)","background-image":"","background-repeat":"repeat","background-position":"center center","background-size":"auto","background-attachment":"scroll","background-type":"","background-media":"","overlay-type":"","overlay-color":"","overlay-opacity":"","overlay-gradient":""},"mobile":{"background-color":"var(--ast-global-color-5)","background-image":"","background-repeat":"repeat","background-position":"center center","background-size":"auto","background-attachment":"scroll","background-type":"","background-media":"","overlay-type":"","overlay-color":"","overlay-opacity":"","overlay-gradient":""}},"footnotes":""},"class_list":["post-147936","page","type-page","status-publish","has-post-thumbnail","hentry"],"_links":{"self":[{"href":"https:\/\/medclinics.com\/tr\/wp-json\/wp\/v2\/pages\/147936","targetHints":{"allow":["GET"]}}],"collection":[{"href":"https:\/\/medclinics.com\/tr\/wp-json\/wp\/v2\/pages"}],"about":[{"href":"https:\/\/medclinics.com\/tr\/wp-json\/wp\/v2\/types\/page"}],"author":[{"embeddable":true,"href":"https:\/\/medclinics.com\/tr\/wp-json\/wp\/v2\/users\/4"}],"replies":[{"embeddable":true,"href":"https:\/\/medclinics.com\/tr\/wp-json\/wp\/v2\/comments?post=147936"}],"version-history":[{"count":0,"href":"https:\/\/medclinics.com\/tr\/wp-json\/wp\/v2\/pages\/147936\/revisions"}],"wp:featuredmedia":[{"embeddable":true,"href":"https:\/\/medclinics.com\/tr\/wp-json\/wp\/v2\/media\/92787"}],"wp:attachment":[{"href":"https:\/\/medclinics.com\/tr\/wp-json\/wp\/v2\/media?parent=147936"}],"curies":[{"name":"wp","href":"https:\/\/api.w.org\/{rel}","templated":true}]}}