{"id":147922,"date":"2023-06-02T06:57:48","date_gmt":"2023-06-02T03:57:48","guid":{"rendered":"https:\/\/medclinics.com\/cilt-temizligi\/"},"modified":"2024-04-14T23:04:57","modified_gmt":"2024-04-14T20:04:57","slug":"cilt-temizligi","status":"publish","type":"page","link":"https:\/\/medclinics.com\/tr\/cilt-temizligi\/","title":{"rendered":"Cilt Temizli\u011fi"},"content":{"rendered":"\n<h2 class=\"wp-block-heading\">Kirlerden, sivilcelerden ve siyah noktalardan kurtulman\u0131n bir yolunu ar\u0131yorsan\u0131z, Cilt Temizleme en iyi \u00e7\u00f6z\u00fcm olabilir.<\/h2>\n\n<p>Bu i\u015flem her zaman bak\u0131ml\u0131 ve g\u00fczel g\u00f6r\u00fcnmek isteyenler i\u00e7indir. Kim sa\u011fl\u0131kl\u0131 ve \u0131\u015f\u0131lt\u0131l\u0131 bir cilde sahip olmak ister?<\/p>\n\n<ul class=\"wp-block-list\">\n<li><strong>Mekanik y\u00fcz temizli\u011fi<\/strong><br\/>Bu, en yayg\u0131n y\u00fcz temizleme t\u00fcr\u00fcd\u00fcr. G\u00fczellik uzman\u0131 \u00f6nce cildi temizler ve \u00f6zel prosed\u00fcrler ve profesyonel kozmetikler yard\u0131m\u0131yla g\u00f6zenekleri a\u00e7ar. Ard\u0131ndan komedonlar\u0131 (&#8220;siyah noktalar&#8221;) manuel olarak temizler.<br\/>Olu\u015fumlar (sivilceler) daha karma\u015f\u0131ksa, doktor ince bir t\u0131bbi i\u011fne ile k\u00fc\u00e7\u00fck delikler a\u00e7ar, b\u00f6ylece &#8220;kapal\u0131&#8221; komedonlar cilde zarar vermeden d\u0131\u015far\u0131 \u00e7\u0131kabilir. B\u00f6yle bir m\u00fcdahalenin izleri kalmam\u0131\u015ft\u0131r. Mekanik y\u00fcz temizli\u011fi, y\u00fcz derisindeki t\u00fcm kirleri temizlemenin en etkili yoludur.<\/li>\n\n\n\n<li><strong>Ultrasonik y\u00fcz temizleme<\/strong><br\/>Bu, \u00f6zel bir aparat (&#8220;ultrasonik temizleyici&#8221;) kullan\u0131larak yap\u0131lan cilt temizli\u011fidir. Cihaz, ultrasonik dalgalar\u0131n cildin derinliklerine n\u00fcfuz etmesini ve dermisi her t\u00fcrl\u00fc kirlilik, sebum, komedon ve \u00f6l\u00fc h\u00fccrelerden temizlemesini sa\u011flar. Bu, g\u00f6r\u00fcn\u00fcr iz b\u0131rakmayan tamamen a\u011fr\u0131s\u0131z bir i\u015flemdir. Seans sonras\u0131nda cilt taze, temiz ve sa\u011fl\u0131kl\u0131 g\u00f6r\u00fcnecektir.<\/li>\n\n\n\n<li><strong>Vakumlu y\u00fcz temizli\u011fi<\/strong><br\/>Bu prosed\u00fcr bir vakum terapi cihaz\u0131 kullan\u0131larak ger\u00e7ekle\u015ftirilir. \u00d6zel bir noz\u00fcl (vakum t\u00fcp\u00fc) \u00f6nceden temizlenmi\u015f g\u00f6zeneklerdeki t\u00fcm i\u00e7eri\u011fi \u00e7eker. Seans kesinlikle a\u011fr\u0131s\u0131zd\u0131r, geni\u015f g\u00f6zenekli ciltlerde (ortalama kirlenme derecesinde) ger\u00e7ekle\u015ftirilebilir.<br\/>Bu derin temizlik kan dola\u015f\u0131m\u0131n\u0131 (vakum masaj\u0131 nedeniyle) ve sonu\u00e7 olarak cildi iyile\u015ftirir. Y\u00fczde derin sivilceler veya siyah noktalar varsa, ek olarak mekanik temizlik gerekecektir.<\/li>\n\n\n\n<li><strong>HydraFacial temizlik<\/strong><br\/>G\u00f6zle g\u00f6r\u00fcl\u00fcr, dramatik sonu\u00e7lar veren nazik, invazif olmayan, kapsaml\u0131 bir <a href=\"https:\/\/medclinics.com\/tr\/cilt-maskeleri\/\" target=\"_blank\" data-type=\"page\" data-id=\"146855\" rel=\"noreferrer noopener\">cilt gen\u00e7le\u015ftirme tedavisidir<\/a>. 3 a\u015famadan olu\u015fur: temizleme, ekstraksiyon (peeling) ve detoks (derin nemlendirme ve antioksidanlarla doyurma).<\/li>\n<\/ul>\n\n<figure class=\"wp-block-image size-full\"><img fetchpriority=\"high\" decoding=\"async\" width=\"780\" height=\"488\" src=\"https:\/\/medclinics.com\/wp-content\/uploads\/2024\/04\/skin-cleansing-beauty-salon-near-me.jpg\" alt=\"cilt-temizleme-g&#xFC;zellik-salonu-bana-yak&#x131;n\" class=\"wp-image-161760\" srcset=\"https:\/\/medclinics.com\/wp-content\/uploads\/2024\/04\/skin-cleansing-beauty-salon-near-me.jpg 780w, https:\/\/medclinics.com\/wp-content\/uploads\/2024\/04\/skin-cleansing-beauty-salon-near-me-300x188.jpg 300w, https:\/\/medclinics.com\/wp-content\/uploads\/2024\/04\/skin-cleansing-beauty-salon-near-me-768x480.jpg 768w\" sizes=\"(max-width: 780px) 100vw, 780px\" \/><\/figure>\n\n<h3 class=\"wp-block-heading\">Bak\u0131m sonras\u0131:<\/h3>\n\n<p>Y\u00fcz\u00fcn mekanik temizli\u011finden sonra y\u00fcz\u00fcn\u00fcz\u00fc en az 12 saat y\u0131kamamal\u0131, ayr\u0131ca kozmetik kullanmamal\u0131 ve makyaj yapmamal\u0131s\u0131n\u0131z. 3 g\u00fcn i\u00e7inde y\u00fcz derisinin antiseptik (iltihap \u00f6nleyici) bir losyonla silinmesi gerekecektir. <\/p>\n\n<p>Ayr\u0131ca, temizlikten sonra (\u00f6zellikle mekanik) y\u00fcz cildinin restorasyonunun bir g\u00fcnden 2 &#8211; 3 g\u00fcne kadar biraz zaman alabilece\u011fi ger\u00e7e\u011fine haz\u0131rl\u0131kl\u0131 olmak gerekir. \u00d6nemli olan sonucun buna de\u011fer olmas\u0131d\u0131r!<\/p>\n\n<h3 class=\"wp-block-heading\">Fiyat, bak\u0131m ve daha fazlas\u0131 dahil olmak \u00fczere <a href=\"https:\/\/medclinics.com\/tr\/klasik-kozmetoloji\/\" target=\"_blank\" rel=\"noreferrer noopener\">klasik kozmetoloji<\/a> hakk\u0131nda her \u015fey i\u00e7in <a href=\"#requestform\">bize ula\u015f\u0131n<\/a>!<\/h3>\n\n<h2 class=\"wp-block-heading\">SSS  <\/h2>\n<div id=\"rank-math-faq\" class=\"rank-math-block\">\n<div class=\"rank-math-list \">\n<div id=\"faq-question-1685688043925\" class=\"rank-math-list-item\">\n<h3 class=\"rank-math-question \">Cilt temizli\u011fi nedir?<\/h3>\n<div class=\"rank-math-answer \">\n\n<p>Cilt temizli\u011fi, sa\u011fl\u0131kl\u0131 ve berrak bir cildi te\u015fvik etmek i\u00e7in ciltteki kiri, kirleri ve fazla ya\u011f\u0131 giderme i\u015flemidir.<\/p>\n\n<\/div>\n<\/div>\n<div id=\"faq-question-1685688195746\" class=\"rank-math-list-item\">\n<h3 class=\"rank-math-question \">Cilt temizli\u011fi neden \u00f6nemlidir?<\/h3>\n<div class=\"rank-math-answer \">\n\n<p>Cilt temizli\u011fi, cildi cilt bak\u0131m \u00fcr\u00fcnlerinin emilimine haz\u0131rlamak i\u00e7in \u00f6nemlidir. Bu sayede daha etkin \u00e7al\u0131\u015fabilir ve en iyi sonu\u00e7lar\u0131 elde edebilirler.<\/p>\n\n<\/div>\n<\/div>\n<div id=\"faq-question-1685688569958\" class=\"rank-math-list-item\">\n<h3 class=\"rank-math-question \">Cilt temizleme \u00e7e\u015fitleri nelerdir?<\/h3>\n<div class=\"rank-math-answer \">\n\n<p>Mekanik y\u00fcz temizli\u011fi, Ultrasonik y\u00fcz temizli\u011fi, Vakumlu y\u00fcz temizli\u011fi, HydraFacial temizli\u011fi cilt temizleme t\u00fcrleridir.<\/p>\n\n<\/div>\n<\/div>\n<\/div>\n<\/div>\n<h3 class=\"wp-block-heading\">Herhangi bir sorunuz olmas\u0131 durumunda hemen bizimle ileti\u015fime ge\u00e7in!<\/h3>\n","protected":false},"excerpt":{"rendered":"<p>Kirlerden, sivilcelerden ve siyah noktalardan kurtulman\u0131n bir yolunu ar\u0131yorsan\u0131z, Cilt Temizleme en iyi \u00e7\u00f6z\u00fcm olabilir. Bu i\u015flem her zaman bak\u0131ml\u0131 [&hellip;]<\/p>\n","protected":false},"author":4,"featured_media":161766,"parent":0,"menu_order":0,"comment_status":"closed","ping_status":"closed","template":"","meta":{"site-sidebar-layout":"default","site-content-layout":"","ast-site-content-layout":"default","site-content-style":"default","site-sidebar-style":"default","ast-global-header-display":"","ast-banner-title-visibility":"","ast-main-header-display":"","ast-hfb-above-header-display":"","ast-hfb-below-header-display":"","ast-hfb-mobile-header-display":"","site-post-title":"","ast-breadcrumbs-content":"","ast-featured-img":"","footer-sml-layout":"","ast-disable-related-posts":"","theme-transparent-header-meta":"","adv-header-id-meta":"","stick-header-meta":"","header-above-stick-meta":"","header-main-stick-meta":"","header-below-stick-meta":"","astra-migrate-meta-layouts":"default","ast-page-background-enabled":"default","ast-page-background-meta":{"desktop":{"background-color":"var(--ast-global-color-4)","background-image":"","background-repeat":"repeat","background-position":"center center","background-size":"auto","background-attachment":"scroll","background-type":"","background-media":"","overlay-type":"","overlay-color":"","overlay-opacity":"","overlay-gradient":""},"tablet":{"background-color":"","background-image":"","background-repeat":"repeat","background-position":"center center","background-size":"auto","background-attachment":"scroll","background-type":"","background-media":"","overlay-type":"","overlay-color":"","overlay-opacity":"","overlay-gradient":""},"mobile":{"background-color":"","background-image":"","background-repeat":"repeat","background-position":"center center","background-size":"auto","background-attachment":"scroll","background-type":"","background-media":"","overlay-type":"","overlay-color":"","overlay-opacity":"","overlay-gradient":""}},"ast-content-background-meta":{"desktop":{"background-color":"var(--ast-global-color-5)","background-image":"","background-repeat":"repeat","background-position":"center center","background-size":"auto","background-attachment":"scroll","background-type":"","background-media":"","overlay-type":"","overlay-color":"","overlay-opacity":"","overlay-gradient":""},"tablet":{"background-color":"var(--ast-global-color-5)","background-image":"","background-repeat":"repeat","background-position":"center center","background-size":"auto","background-attachment":"scroll","background-type":"","background-media":"","overlay-type":"","overlay-color":"","overlay-opacity":"","overlay-gradient":""},"mobile":{"background-color":"var(--ast-global-color-5)","background-image":"","background-repeat":"repeat","background-position":"center center","background-size":"auto","background-attachment":"scroll","background-type":"","background-media":"","overlay-type":"","overlay-color":"","overlay-opacity":"","overlay-gradient":""}},"footnotes":""},"class_list":["post-147922","page","type-page","status-publish","has-post-thumbnail","hentry"],"_links":{"self":[{"href":"https:\/\/medclinics.com\/tr\/wp-json\/wp\/v2\/pages\/147922","targetHints":{"allow":["GET"]}}],"collection":[{"href":"https:\/\/medclinics.com\/tr\/wp-json\/wp\/v2\/pages"}],"about":[{"href":"https:\/\/medclinics.com\/tr\/wp-json\/wp\/v2\/types\/page"}],"author":[{"embeddable":true,"href":"https:\/\/medclinics.com\/tr\/wp-json\/wp\/v2\/users\/4"}],"replies":[{"embeddable":true,"href":"https:\/\/medclinics.com\/tr\/wp-json\/wp\/v2\/comments?post=147922"}],"version-history":[{"count":0,"href":"https:\/\/medclinics.com\/tr\/wp-json\/wp\/v2\/pages\/147922\/revisions"}],"wp:featuredmedia":[{"embeddable":true,"href":"https:\/\/medclinics.com\/tr\/wp-json\/wp\/v2\/media\/161766"}],"wp:attachment":[{"href":"https:\/\/medclinics.com\/tr\/wp-json\/wp\/v2\/media?parent=147922"}],"curies":[{"name":"wp","href":"https:\/\/api.w.org\/{rel}","templated":true}]}}