{"id":147894,"date":"2023-06-02T08:07:09","date_gmt":"2023-06-02T05:07:09","guid":{"rendered":"https:\/\/medclinics.com\/masaj\/"},"modified":"2024-04-14T23:04:56","modified_gmt":"2024-04-14T20:04:56","slug":"masaj","status":"publish","type":"page","link":"https:\/\/medclinics.com\/tr\/masaj\/","title":{"rendered":"Masaj"},"content":{"rendered":"\n<h2 class=\"wp-block-heading\">Rahatlaman\u0131n en iyi yollar\u0131ndan biri masajd\u0131r.<\/h2>\n\n<p>Bu inan\u0131lmaz derecede faydal\u0131 bir s\u00fcre\u00e7tir. Ciltteki kan dola\u015f\u0131m\u0131n\u0131 iyile\u015ftirmeye ve metabolizmay\u0131 normalle\u015ftirmeye yard\u0131mc\u0131 olur. <a href=\"https:\/\/medclinics.com\/tr\/spa-termal-2\/\" target=\"_blank\" data-type=\"page\" data-id=\"146913\" rel=\"noreferrer noopener\">Masaj<\/a> metabolik \u00fcr\u00fcnlerin at\u0131l\u0131m\u0131n\u0131 uyar\u0131r, bu da cildin nefes almas\u0131na ve tazeli\u011fini korumas\u0131na yard\u0131mc\u0131 oldu\u011fu anlam\u0131na gelir. Bu sayede dokular ve kaslar g\u00fc\u00e7lenir, cilt p\u00fcr\u00fczs\u00fcz, gen\u00e7 ve elastik hale gelir. Esner ve esneklik kazan\u0131r.<\/p>\n\n<p>Y\u00fcz masaj\u0131n\u0131 kendiniz de yapabilirsiniz, g\u00f6z \u00f6n\u00fcnde bulundurman\u0131z gereken en \u00f6nemli \u015fey y\u00fczdeki cildin \u00e7ok hassas oldu\u011fudur. \u0130stenilen etkiyi elde etmek ve prosed\u00fcrden e\u015fsiz bir zevk almak i\u00e7in bir profesyonelin hizmetlerini kullanmak daha iyidir.<\/p>\n\n<h3 class=\"wp-block-heading\">Bir\u00e7ok farkl\u0131 t\u00fcr\u00fc vard\u0131r:<\/h3>\n\n<ul class=\"wp-block-list\">\n<li><strong>Klasik masaj<\/strong><br\/>Hafif ok\u015fama ve ovmaya dayal\u0131 ho\u015f bir i\u015flemdir. Cilt solmaya ba\u015flad\u0131\u011f\u0131nda, kaslar tonusunu kaybeder, sarkma, g\u00f6z veya a\u011f\u0131z \u00e7evresinde k\u0131r\u0131\u015f\u0131kl\u0131klar ortaya \u00e7\u0131kar.<br\/>Klasik bir masaj yapmak i\u00e7in g\u00fczellik uzman\u0131, cildinizin \u00f6zelliklerini g\u00f6z \u00f6n\u00fcnde bulundurarak bireysel olarak se\u00e7ti\u011fi profesyonel \u00fcr\u00fcnleri kullan\u0131r (\u00f6zel masaj ya\u011f\u0131 da kullan\u0131labilir).<\/li>\n\n\n\n<li><strong>Plastik masaj<\/strong><br\/>Ritmik, ayn\u0131 zamanda olduk\u00e7a g\u00fc\u00e7l\u00fc, ancak ana masaj hatlar\u0131 boyunca do\u011fru hareketler. Uygulanmas\u0131 i\u00e7in en s\u0131k talk kullan\u0131l\u0131r. Bu y\u00f6ntemin en \u00f6nemli \u00f6zelli\u011fi, cildi etkilemek i\u00e7in kullan\u0131lan \u00f6zel bir tekniktir.<br\/>Deri alt\u0131 ya\u011flar\u0131, kan damarlar\u0131, sinirler \u00fczerinde geni\u015f bir etkisi vard\u0131r. Kan dola\u015f\u0131m\u0131n\u0131 ve lenf ak\u0131\u015f\u0131n\u0131 iyile\u015ftirir, cildi temizler ve iyile\u015fmeyi destekler. Cildiniz soluyor, tonunu kaybediyor, mimik k\u0131vr\u0131mlar\u0131, \u015fi\u015flikler, g\u0131d\u0131 ortaya \u00e7\u0131k\u0131yorsa &#8211; bu sorunlardan kurtulman\u0131za yard\u0131mc\u0131 olacakt\u0131r.<\/li>\n\n\n\n<li><strong>Kriyomasaj<\/strong><br\/>Bu, modern kozmetolojideki en pop\u00fcler prosed\u00fcrlerden biridir. Bu, lokal kriyoterapi olarak adland\u0131r\u0131l\u0131r &#8211; y\u00fcz, v\u00fccut veya ba\u015f derisinin \u00e7e\u015fitli k\u0131s\u0131mlar\u0131n\u0131n s\u0131v\u0131 nitrojen ile tedavisi.<br\/>Cildin so\u011fuk resept\u00f6rleri \u00fczerindeki ultra d\u00fc\u015f\u00fck s\u0131cakl\u0131klar\u0131n 30 saniyeden fazla olmayan k\u0131sa lokal etkisi, lokal olarak ve v\u00fccutta g\u00fc\u00e7l\u00fc bir endorfin sal\u0131n\u0131m\u0131na neden olarak genel ba\u011f\u0131\u015f\u0131kl\u0131k sistemini ve lokal cilt ba\u011f\u0131\u015f\u0131kl\u0131k bariyerini uyar\u0131r.<br\/>Lokal kriyoterapinin kozmetolojik etkisi, kan ak\u0131\u015f\u0131n\u0131n artmas\u0131 (so\u011fuk sonras\u0131 hiperemi), deri alt\u0131 dokularda lipid metabolizmas\u0131n\u0131n stresle uyar\u0131lmas\u0131 ve oksijen sat\u00fcrasyonunun iyile\u015fmesinden kaynaklanmaktad\u0131r.<\/li>\n<\/ul>\n\n<figure class=\"wp-block-image size-full\"><img fetchpriority=\"high\" decoding=\"async\" width=\"780\" height=\"488\" src=\"https:\/\/medclinics.com\/wp-content\/uploads\/2024\/04\/massage-beauty-salon-spa-retreat-near-me.jpg\" alt=\"masaj-g&#xFC;zellik-salonu-tedavi-bana-yak&#x131;n\" class=\"wp-image-161706\" srcset=\"https:\/\/medclinics.com\/wp-content\/uploads\/2024\/04\/massage-beauty-salon-spa-retreat-near-me.jpg 780w, https:\/\/medclinics.com\/wp-content\/uploads\/2024\/04\/massage-beauty-salon-spa-retreat-near-me-300x188.jpg 300w, https:\/\/medclinics.com\/wp-content\/uploads\/2024\/04\/massage-beauty-salon-spa-retreat-near-me-768x480.jpg 768w\" sizes=\"(max-width: 780px) 100vw, 780px\" \/><\/figure>\n\n<h3 class=\"wp-block-heading\">Fiyat ve daha fazlas\u0131 dahil olmak \u00fczere <a href=\"https:\/\/medclinics.com\/tr\/klasik-kozmetoloji\/\" target=\"_blank\" rel=\"noreferrer noopener\">klasik kozmetoloji<\/a> hakk\u0131nda bilmeniz gereken her \u015fey, \u015fimdi <a href=\"#requestform\">bize ula\u015f\u0131n<\/a>!<\/h3>\n\n<h2 class=\"wp-block-heading\">SSS  <\/h2>\n<div id=\"rank-math-faq\" class=\"rank-math-block\">\n<div class=\"rank-math-list \">\n<div id=\"faq-question-1685692093277\" class=\"rank-math-list-item\">\n<h3 class=\"rank-math-question \">Masaj bel a\u011fr\u0131s\u0131na yard\u0131mc\u0131 olur mu?<\/h3>\n<div class=\"rank-math-answer \">\n\n<p>Evet, kas gerginli\u011fini azaltarak bel a\u011fr\u0131s\u0131n\u0131 hafifletmeye yard\u0131mc\u0131 olabilir. Kan dola\u015f\u0131m\u0131n\u0131 iyile\u015ftirir ve rahatlamay\u0131 te\u015fvik eder, bu da a\u011fr\u0131n\u0131n hafiflemesine ve esnekli\u011fin artmas\u0131na yol a\u00e7ar.<\/p>\n\n<\/div>\n<\/div>\n<div id=\"faq-question-1685692177282\" class=\"rank-math-list-item\">\n<h3 class=\"rank-math-question \">Masaj tabancalar\u0131 buna de\u011fer mi?<\/h3>\n<div class=\"rank-math-answer \">\n\n<p>Sporcular, fitness merakl\u0131lar\u0131 veya kronik kas a\u011fr\u0131s\u0131 olan bireyler i\u00e7in faydal\u0131 olabilirler.<\/p>\n\n<\/div>\n<\/div>\n<div id=\"faq-question-1685692178456\" class=\"rank-math-list-item\">\n<h3 class=\"rank-math-question \">Hangi masaj en iyisidir?<\/h3>\n<div class=\"rank-math-answer \">\n\n<p>Baz\u0131 pop\u00fcler teknikler aras\u0131nda rahatlama i\u00e7in \u0130sve\u00e7 tipi, kronik kas gerginli\u011fini gidermek i\u00e7in derin doku tipi, sporcular i\u00e7in spor tipi ve esneme ve esnekli\u011fi art\u0131rmak i\u00e7in Tay tipi yer al\u0131r. Bu, bireysel ihtiya\u00e7lara ba\u011fl\u0131d\u0131r.<\/p>\n\n<\/div>\n<\/div>\n<\/div>\n<\/div>\n<h3 class=\"wp-block-heading\">Herhangi bir sorunuz olmas\u0131 durumunda hemen <a href=\"#requestform\">bizimle ileti\u015fime<\/a> ge\u00e7in!<\/h3>\n","protected":false},"excerpt":{"rendered":"<p>Rahatlaman\u0131n en iyi yollar\u0131ndan biri masajd\u0131r. Bu inan\u0131lmaz derecede faydal\u0131 bir s\u00fcre\u00e7tir. Ciltteki kan dola\u015f\u0131m\u0131n\u0131 iyile\u015ftirmeye ve metabolizmay\u0131 normalle\u015ftirmeye yard\u0131mc\u0131 [&hellip;]<\/p>\n","protected":false},"author":4,"featured_media":161712,"parent":0,"menu_order":0,"comment_status":"closed","ping_status":"closed","template":"","meta":{"site-sidebar-layout":"default","site-content-layout":"","ast-site-content-layout":"default","site-content-style":"default","site-sidebar-style":"default","ast-global-header-display":"","ast-banner-title-visibility":"","ast-main-header-display":"","ast-hfb-above-header-display":"","ast-hfb-below-header-display":"","ast-hfb-mobile-header-display":"","site-post-title":"","ast-breadcrumbs-content":"","ast-featured-img":"","footer-sml-layout":"","ast-disable-related-posts":"","theme-transparent-header-meta":"","adv-header-id-meta":"","stick-header-meta":"","header-above-stick-meta":"","header-main-stick-meta":"","header-below-stick-meta":"","astra-migrate-meta-layouts":"default","ast-page-background-enabled":"default","ast-page-background-meta":{"desktop":{"background-color":"var(--ast-global-color-4)","background-image":"","background-repeat":"repeat","background-position":"center center","background-size":"auto","background-attachment":"scroll","background-type":"","background-media":"","overlay-type":"","overlay-color":"","overlay-opacity":"","overlay-gradient":""},"tablet":{"background-color":"","background-image":"","background-repeat":"repeat","background-position":"center center","background-size":"auto","background-attachment":"scroll","background-type":"","background-media":"","overlay-type":"","overlay-color":"","overlay-opacity":"","overlay-gradient":""},"mobile":{"background-color":"","background-image":"","background-repeat":"repeat","background-position":"center center","background-size":"auto","background-attachment":"scroll","background-type":"","background-media":"","overlay-type":"","overlay-color":"","overlay-opacity":"","overlay-gradient":""}},"ast-content-background-meta":{"desktop":{"background-color":"var(--ast-global-color-5)","background-image":"","background-repeat":"repeat","background-position":"center center","background-size":"auto","background-attachment":"scroll","background-type":"","background-media":"","overlay-type":"","overlay-color":"","overlay-opacity":"","overlay-gradient":""},"tablet":{"background-color":"var(--ast-global-color-5)","background-image":"","background-repeat":"repeat","background-position":"center center","background-size":"auto","background-attachment":"scroll","background-type":"","background-media":"","overlay-type":"","overlay-color":"","overlay-opacity":"","overlay-gradient":""},"mobile":{"background-color":"var(--ast-global-color-5)","background-image":"","background-repeat":"repeat","background-position":"center center","background-size":"auto","background-attachment":"scroll","background-type":"","background-media":"","overlay-type":"","overlay-color":"","overlay-opacity":"","overlay-gradient":""}},"footnotes":""},"class_list":["post-147894","page","type-page","status-publish","has-post-thumbnail","hentry"],"_links":{"self":[{"href":"https:\/\/medclinics.com\/tr\/wp-json\/wp\/v2\/pages\/147894","targetHints":{"allow":["GET"]}}],"collection":[{"href":"https:\/\/medclinics.com\/tr\/wp-json\/wp\/v2\/pages"}],"about":[{"href":"https:\/\/medclinics.com\/tr\/wp-json\/wp\/v2\/types\/page"}],"author":[{"embeddable":true,"href":"https:\/\/medclinics.com\/tr\/wp-json\/wp\/v2\/users\/4"}],"replies":[{"embeddable":true,"href":"https:\/\/medclinics.com\/tr\/wp-json\/wp\/v2\/comments?post=147894"}],"version-history":[{"count":0,"href":"https:\/\/medclinics.com\/tr\/wp-json\/wp\/v2\/pages\/147894\/revisions"}],"wp:featuredmedia":[{"embeddable":true,"href":"https:\/\/medclinics.com\/tr\/wp-json\/wp\/v2\/media\/161712"}],"wp:attachment":[{"href":"https:\/\/medclinics.com\/tr\/wp-json\/wp\/v2\/media?parent=147894"}],"curies":[{"name":"wp","href":"https:\/\/api.w.org\/{rel}","templated":true}]}}