{"id":147886,"date":"2023-06-02T08:26:50","date_gmt":"2023-06-02T05:26:50","guid":{"rendered":"https:\/\/medclinics.com\/parafin-tedavisi\/"},"modified":"2024-04-14T23:03:35","modified_gmt":"2024-04-14T20:03:35","slug":"parafin-tedavisi","status":"publish","type":"page","link":"https:\/\/medclinics.com\/tr\/parafin-tedavisi\/","title":{"rendered":"Parafin Tedavisi"},"content":{"rendered":"\n<h2 class=\"wp-block-heading\">Kelimenin tam anlam\u0131yla &#8220;kadifemsi&#8221; bir cilt ar\u0131yorsan\u0131z, Parafin terapisi v\u00fccudunuzu m\u00fckemmel bir \u015fekilde nemlendirir ve yumu\u015fat\u0131r.<\/h2>\n\n<p>Ho\u015f, rahatlat\u0131c\u0131 bir \u0131s\u0131l i\u015flem y\u00f6ntemidir. Prosed\u00fcrde cilt \u00fczerinde faydal\u0131 bir etkiye sahip olan s\u0131v\u0131 parafin kullan\u0131l\u0131r. <a href=\"https:\/\/en.wikipedia.org\/wiki\/Paraffin_wax\" target=\"_blank\" rel=\"noreferrer noopener\">Parafin<\/a> &#8211; y\u00fcksek \u0131s\u0131 kapasitesine sahiptir. Parafin tedavisinin kozmetik prosed\u00fcrlerinde, terap\u00f6tik etkisini art\u0131ran \u00e7e\u015fitli vitaminler de kullan\u0131l\u0131r.<\/p>\n\n<p>Bu i\u015flem y\u00fcz, eller ve ayaklar i\u00e7in ger\u00e7ekle\u015ftirilebilir:<\/p>\n\n<ul class=\"wp-block-list\">\n<li>y\u00fcz &#8211; sorunlu ciltlerde, solgun, kuru veya \u015fi\u015fmi\u015f ciltlerde yard\u0131mc\u0131 olur. \u00d6nemli \u00f6l\u00e7\u00fcde nemlendirir, p\u00fcr\u00fczs\u00fczle\u015ftirir, hassasiyeti ve g\u00fczel bir cildi geri kazand\u0131r\u0131r;<\/li>\n\n\n\n<li>eller &#8211; kuruluk, soyulma ve \u00e7atlaklardan kurtulman\u0131z\u0131 sa\u011flar. Ellerin cildini yumu\u015fak ve kadifemsi yapar;<\/li>\n\n\n\n<li>ayaklar &#8211; bu prosed\u00fcr \u00f6zellikle ayaklar\u0131n\u0131zda kuru, p\u00fcr\u00fczl\u00fc bir cilt varsa uygundur. Bu terapi dokular\u0131 yumu\u015fatmaya, nas\u0131rlardan kurtulmaya, cildi nemlendirmeye, \u015fi\u015fli\u011fi ve yorgunlu\u011fu gidermeye yard\u0131mc\u0131 olacakt\u0131r.<\/li>\n<\/ul>\n\n<figure class=\"wp-block-image size-full\"><img fetchpriority=\"high\" decoding=\"async\" width=\"780\" height=\"488\" src=\"https:\/\/medclinics.com\/wp-content\/uploads\/2024\/04\/paraffin-therapy-beauty-salon.jpg\" alt=\"parafin-terapi-g&#xFC;zellik-salonu\" class=\"wp-image-161721\" srcset=\"https:\/\/medclinics.com\/wp-content\/uploads\/2024\/04\/paraffin-therapy-beauty-salon.jpg 780w, https:\/\/medclinics.com\/wp-content\/uploads\/2024\/04\/paraffin-therapy-beauty-salon-300x188.jpg 300w, https:\/\/medclinics.com\/wp-content\/uploads\/2024\/04\/paraffin-therapy-beauty-salon-768x480.jpg 768w\" sizes=\"(max-width: 780px) 100vw, 780px\" \/><\/figure>\n\n<h3 class=\"wp-block-heading\">Fiyat ve bak\u0131m sonras\u0131 da dahil olmak \u00fczere <a href=\"https:\/\/medclinics.com\/tr\/klasik-kozmetoloji\/\" target=\"_blank\" rel=\"noreferrer noopener\">klasik kozmetoloji<\/a> hakk\u0131nda bilmeniz gereken her \u015fey veya <a href=\"#requestform\">bizimle ileti\u015fime<\/a> ge\u00e7in!<\/h3>\n\n<h3 class=\"wp-block-heading\">SSS<\/h3>\n<div id=\"rank-math-faq\" class=\"rank-math-block\">\n<div class=\"rank-math-list \">\n<div id=\"faq-question-1685693601504\" class=\"rank-math-list-item\">\n<h3 class=\"rank-math-question \">Parafin tedavisi nedir?<\/h3>\n<div class=\"rank-math-answer \">\n\n<p>Parafin tedavisi bir t\u00fcr \u0131s\u0131 terapisidir. Ellere, ayaklara veya di\u011fer v\u00fccut b\u00f6lgelerine s\u0131cak parafin mumu uygulanmas\u0131n\u0131 i\u00e7erir.<\/p>\n\n<\/div>\n<\/div>\n<div id=\"faq-question-1685693681527\" class=\"rank-math-list-item\">\n<h3 class=\"rank-math-question \">Parafin tedavisi i\u015fe yarar m\u0131?<\/h3>\n<div class=\"rank-math-answer \">\n\n<p>Evet, \u00e7e\u015fitli faydalar sa\u011flamada etkili olabilir. S\u0131cak parafin mumundan gelen \u0131s\u0131 kan dola\u015f\u0131m\u0131n\u0131 iyile\u015ftirmeye, kaslar\u0131 gev\u015fetmeye ve eklem sertli\u011fini hafifletmeye yard\u0131mc\u0131 olur.<\/p>\n\n<\/div>\n<\/div>\n<div id=\"faq-question-1685693827314\" class=\"rank-math-list-item\">\n<h3 class=\"rank-math-question \">Parafin cilde ger\u00e7ekten yard\u0131mc\u0131 olur mu?<\/h3>\n<div class=\"rank-math-answer \">\n\n<p>Evet, derinlemesine nemlendirme sa\u011flayarak, p\u00fcr\u00fczleri yumu\u015fatarak cildin durumunu iyile\u015ftirmeye yard\u0131mc\u0131 olabilir.<\/p>\n\n<\/div>\n<\/div>\n<\/div>\n<\/div>\n<p><\/p>\n\n<h3 class=\"wp-block-heading\">Herhangi bir sorunuz olmas\u0131 durumunda hemen bizimle ileti\u015fime ge\u00e7in!<\/h3>\n","protected":false},"excerpt":{"rendered":"<p>Kelimenin tam anlam\u0131yla &#8220;kadifemsi&#8221; bir cilt ar\u0131yorsan\u0131z, Parafin terapisi v\u00fccudunuzu m\u00fckemmel bir \u015fekilde nemlendirir ve yumu\u015fat\u0131r. Ho\u015f, rahatlat\u0131c\u0131 bir \u0131s\u0131l [&hellip;]<\/p>\n","protected":false},"author":4,"featured_media":161727,"parent":0,"menu_order":0,"comment_status":"closed","ping_status":"closed","template":"","meta":{"site-sidebar-layout":"default","site-content-layout":"","ast-site-content-layout":"default","site-content-style":"default","site-sidebar-style":"default","ast-global-header-display":"","ast-banner-title-visibility":"","ast-main-header-display":"","ast-hfb-above-header-display":"","ast-hfb-below-header-display":"","ast-hfb-mobile-header-display":"","site-post-title":"","ast-breadcrumbs-content":"","ast-featured-img":"","footer-sml-layout":"","ast-disable-related-posts":"","theme-transparent-header-meta":"","adv-header-id-meta":"","stick-header-meta":"","header-above-stick-meta":"","header-main-stick-meta":"","header-below-stick-meta":"","astra-migrate-meta-layouts":"default","ast-page-background-enabled":"default","ast-page-background-meta":{"desktop":{"background-color":"var(--ast-global-color-4)","background-image":"","background-repeat":"repeat","background-position":"center center","background-size":"auto","background-attachment":"scroll","background-type":"","background-media":"","overlay-type":"","overlay-color":"","overlay-opacity":"","overlay-gradient":""},"tablet":{"background-color":"","background-image":"","background-repeat":"repeat","background-position":"center center","background-size":"auto","background-attachment":"scroll","background-type":"","background-media":"","overlay-type":"","overlay-color":"","overlay-opacity":"","overlay-gradient":""},"mobile":{"background-color":"","background-image":"","background-repeat":"repeat","background-position":"center center","background-size":"auto","background-attachment":"scroll","background-type":"","background-media":"","overlay-type":"","overlay-color":"","overlay-opacity":"","overlay-gradient":""}},"ast-content-background-meta":{"desktop":{"background-color":"var(--ast-global-color-5)","background-image":"","background-repeat":"repeat","background-position":"center center","background-size":"auto","background-attachment":"scroll","background-type":"","background-media":"","overlay-type":"","overlay-color":"","overlay-opacity":"","overlay-gradient":""},"tablet":{"background-color":"var(--ast-global-color-5)","background-image":"","background-repeat":"repeat","background-position":"center center","background-size":"auto","background-attachment":"scroll","background-type":"","background-media":"","overlay-type":"","overlay-color":"","overlay-opacity":"","overlay-gradient":""},"mobile":{"background-color":"var(--ast-global-color-5)","background-image":"","background-repeat":"repeat","background-position":"center center","background-size":"auto","background-attachment":"scroll","background-type":"","background-media":"","overlay-type":"","overlay-color":"","overlay-opacity":"","overlay-gradient":""}},"footnotes":""},"class_list":["post-147886","page","type-page","status-publish","has-post-thumbnail","hentry"],"_links":{"self":[{"href":"https:\/\/medclinics.com\/tr\/wp-json\/wp\/v2\/pages\/147886","targetHints":{"allow":["GET"]}}],"collection":[{"href":"https:\/\/medclinics.com\/tr\/wp-json\/wp\/v2\/pages"}],"about":[{"href":"https:\/\/medclinics.com\/tr\/wp-json\/wp\/v2\/types\/page"}],"author":[{"embeddable":true,"href":"https:\/\/medclinics.com\/tr\/wp-json\/wp\/v2\/users\/4"}],"replies":[{"embeddable":true,"href":"https:\/\/medclinics.com\/tr\/wp-json\/wp\/v2\/comments?post=147886"}],"version-history":[{"count":0,"href":"https:\/\/medclinics.com\/tr\/wp-json\/wp\/v2\/pages\/147886\/revisions"}],"wp:featuredmedia":[{"embeddable":true,"href":"https:\/\/medclinics.com\/tr\/wp-json\/wp\/v2\/media\/161727"}],"wp:attachment":[{"href":"https:\/\/medclinics.com\/tr\/wp-json\/wp\/v2\/media?parent=147886"}],"curies":[{"name":"wp","href":"https:\/\/api.w.org\/{rel}","templated":true}]}}