{"id":147852,"date":"2023-06-02T07:38:09","date_gmt":"2023-06-02T04:38:09","guid":{"rendered":"https:\/\/medclinics.com\/cilt-maskeleri\/"},"modified":"2024-04-14T23:03:35","modified_gmt":"2024-04-14T20:03:35","slug":"cilt-maskeleri","status":"publish","type":"page","link":"https:\/\/medclinics.com\/tr\/cilt-maskeleri\/","title":{"rendered":"Cilt maskeleri"},"content":{"rendered":"\n<h2 class=\"wp-block-heading\">Parlak ve kusursuz bir cilt ar\u0131yorsan\u0131z, cilt maskeleri y\u00fcz\u00fcn\u00fcz\u00fcn do\u011fal \u0131\u015f\u0131lt\u0131s\u0131n\u0131 art\u0131rmak i\u00e7in ideal bir \u00e7\u00f6z\u00fcm sunabilir.<\/h2>\n\n<p>Cilt maskeleri en yayg\u0131n y\u00fcz cilt bak\u0131m prosed\u00fcr\u00fcd\u00fcr. Di\u011fer prosed\u00fcrlerle birlikte, profesyonel kozmetik kullan\u0131m\u0131 prosed\u00fcr\u00fcn sonu\u00e7lar\u0131n\u0131 birka\u00e7 kat art\u0131r\u0131r.<\/p>\n\n<p>G\u00fczel kokulu preparatlar\u0131n kullan\u0131ld\u0131\u011f\u0131 ho\u015f bir prosed\u00fcr cildinizi tam anlam\u0131yla &#8220;\u00e7i\u00e7eklendirecektir&#8221;. B\u00fct\u00fcn s\u0131r, do\u011fru kozmetik uygulama tekni\u011finde ve bireysel ve do\u011fru ila\u00e7 se\u00e7imindedir.<\/p>\n\n<p>\u00c7ok say\u0131da kozmetik maske vard\u0131r:<\/p>\n\n<ul class=\"wp-block-list\">\n<li>Temizleme maskesi;<\/li>\n\n\n\n<li>nemlendirici maske;<\/li>\n\n\n\n<li>Besleyici maske;<\/li>\n\n\n\n<li>beyazlat\u0131c\u0131 maske;<\/li>\n\n\n\n<li>Vitamin maskesi;<\/li>\n\n\n\n<li>Kald\u0131rma maskesi;<\/li>\n\n\n\n<li>Kolajen maskesi;<\/li>\n\n\n\n<li>G\u00f6z maskeleri;<\/li>\n\n\n\n<li>ampul serumlarla yo\u011fun cilt bak\u0131m\u0131.<\/li>\n<\/ul>\n\n<figure class=\"wp-block-image size-full\"><img fetchpriority=\"high\" decoding=\"async\" width=\"780\" height=\"488\" src=\"https:\/\/medclinics.com\/wp-content\/uploads\/2024\/04\/skin-masks-baeuty-salon-near-me.jpg\" alt=\"cilt-maskeleri-baeuty-salon-near-me\" class=\"wp-image-161689\" srcset=\"https:\/\/medclinics.com\/wp-content\/uploads\/2024\/04\/skin-masks-baeuty-salon-near-me.jpg 780w, https:\/\/medclinics.com\/wp-content\/uploads\/2024\/04\/skin-masks-baeuty-salon-near-me-300x188.jpg 300w, https:\/\/medclinics.com\/wp-content\/uploads\/2024\/04\/skin-masks-baeuty-salon-near-me-768x480.jpg 768w\" sizes=\"(max-width: 780px) 100vw, 780px\" \/><\/figure>\n\n<h3 class=\"wp-block-heading\">Fiyat ve daha fazlas\u0131 dahil olmak \u00fczere <a href=\"https:\/\/medclinics.com\/tr\/klasik-kozmetoloji\/\" target=\"_blank\" rel=\"noreferrer noopener\">klasik kozmetoloji<\/a> hakk\u0131nda bilmeniz gereken her \u015fey, <a href=\"#requestform\">bize ula\u015f\u0131n<\/a>!<\/h3>\n\n<h2 class=\"wp-block-heading\">SSS  <\/h2>\n<div id=\"rank-math-faq\" class=\"rank-math-block\">\n<div class=\"rank-math-list \">\n<div id=\"faq-question-1685691000832\" class=\"rank-math-list-item\">\n<h3 class=\"rank-math-question \">Cilt maskeleri etkili midir?<\/h3>\n<div class=\"rank-math-answer \">\n\n<p>Evet, cilt maskeleri hem kad\u0131nlar hem de erkekler i\u00e7in etkili olabilir. Cilde nemlendirme, besleme, derinlemesine temizleme gibi \u00e7e\u015fitli faydalar sa\u011flar.<\/p>\n\n<\/div>\n<\/div>\n<div id=\"faq-question-1685691003578\" class=\"rank-math-list-item\">\n<h3 class=\"rank-math-question \">Y\u00fcz maskesini ne s\u0131kl\u0131kla kullanmal\u0131s\u0131n\u0131z?<\/h3>\n<div class=\"rank-math-answer \">\n\n<p>Genellikle haftada 1-3 kez uygulanmas\u0131 sa\u011fl\u0131kl\u0131 ve tazelenmi\u015f bir cilt i\u00e7in etkili olabilir.<\/p>\n\n<\/div>\n<\/div>\n<div id=\"faq-question-1685691004410\" class=\"rank-math-list-item\">\n<h3 class=\"rank-math-question \">Cilt maskelerinin faydalar\u0131 nelerdir?<\/h3>\n<div class=\"rank-math-answer \">\n\n<p>Cildi derinlemesine temizler, nemlendirir ve besler. Ayr\u0131ca \u00e7e\u015fitli cilt sorunlar\u0131 i\u00e7in eksfoliasyon ve hedef tedavisi sunar. Ayr\u0131ca, y\u00fcz maskesi kullanmak rahatlat\u0131c\u0131 ve keyifli bir ki\u015fisel bak\u0131m uygulamas\u0131 olabilir.  <\/p>\n\n<\/div>\n<\/div>\n<\/div>\n<\/div>\n<p><\/p>\n\n<h3 class=\"wp-block-heading\">Herhangi bir sorunuz olmas\u0131 durumunda hemen bizimle ileti\u015fime ge\u00e7in!<\/h3>\n","protected":false},"excerpt":{"rendered":"<p>Parlak ve kusursuz bir cilt ar\u0131yorsan\u0131z, cilt maskeleri y\u00fcz\u00fcn\u00fcz\u00fcn do\u011fal \u0131\u015f\u0131lt\u0131s\u0131n\u0131 art\u0131rmak i\u00e7in ideal bir \u00e7\u00f6z\u00fcm sunabilir. Cilt maskeleri en [&hellip;]<\/p>\n","protected":false},"author":4,"featured_media":161695,"parent":0,"menu_order":0,"comment_status":"closed","ping_status":"closed","template":"","meta":{"site-sidebar-layout":"default","site-content-layout":"","ast-site-content-layout":"default","site-content-style":"default","site-sidebar-style":"default","ast-global-header-display":"","ast-banner-title-visibility":"","ast-main-header-display":"","ast-hfb-above-header-display":"","ast-hfb-below-header-display":"","ast-hfb-mobile-header-display":"","site-post-title":"","ast-breadcrumbs-content":"","ast-featured-img":"","footer-sml-layout":"","ast-disable-related-posts":"","theme-transparent-header-meta":"","adv-header-id-meta":"","stick-header-meta":"","header-above-stick-meta":"","header-main-stick-meta":"","header-below-stick-meta":"","astra-migrate-meta-layouts":"default","ast-page-background-enabled":"default","ast-page-background-meta":{"desktop":{"background-color":"var(--ast-global-color-4)","background-image":"","background-repeat":"repeat","background-position":"center center","background-size":"auto","background-attachment":"scroll","background-type":"","background-media":"","overlay-type":"","overlay-color":"","overlay-opacity":"","overlay-gradient":""},"tablet":{"background-color":"","background-image":"","background-repeat":"repeat","background-position":"center center","background-size":"auto","background-attachment":"scroll","background-type":"","background-media":"","overlay-type":"","overlay-color":"","overlay-opacity":"","overlay-gradient":""},"mobile":{"background-color":"","background-image":"","background-repeat":"repeat","background-position":"center center","background-size":"auto","background-attachment":"scroll","background-type":"","background-media":"","overlay-type":"","overlay-color":"","overlay-opacity":"","overlay-gradient":""}},"ast-content-background-meta":{"desktop":{"background-color":"var(--ast-global-color-5)","background-image":"","background-repeat":"repeat","background-position":"center center","background-size":"auto","background-attachment":"scroll","background-type":"","background-media":"","overlay-type":"","overlay-color":"","overlay-opacity":"","overlay-gradient":""},"tablet":{"background-color":"var(--ast-global-color-5)","background-image":"","background-repeat":"repeat","background-position":"center center","background-size":"auto","background-attachment":"scroll","background-type":"","background-media":"","overlay-type":"","overlay-color":"","overlay-opacity":"","overlay-gradient":""},"mobile":{"background-color":"var(--ast-global-color-5)","background-image":"","background-repeat":"repeat","background-position":"center center","background-size":"auto","background-attachment":"scroll","background-type":"","background-media":"","overlay-type":"","overlay-color":"","overlay-opacity":"","overlay-gradient":""}},"footnotes":""},"class_list":["post-147852","page","type-page","status-publish","has-post-thumbnail","hentry"],"_links":{"self":[{"href":"https:\/\/medclinics.com\/tr\/wp-json\/wp\/v2\/pages\/147852","targetHints":{"allow":["GET"]}}],"collection":[{"href":"https:\/\/medclinics.com\/tr\/wp-json\/wp\/v2\/pages"}],"about":[{"href":"https:\/\/medclinics.com\/tr\/wp-json\/wp\/v2\/types\/page"}],"author":[{"embeddable":true,"href":"https:\/\/medclinics.com\/tr\/wp-json\/wp\/v2\/users\/4"}],"replies":[{"embeddable":true,"href":"https:\/\/medclinics.com\/tr\/wp-json\/wp\/v2\/comments?post=147852"}],"version-history":[{"count":0,"href":"https:\/\/medclinics.com\/tr\/wp-json\/wp\/v2\/pages\/147852\/revisions"}],"wp:featuredmedia":[{"embeddable":true,"href":"https:\/\/medclinics.com\/tr\/wp-json\/wp\/v2\/media\/161695"}],"wp:attachment":[{"href":"https:\/\/medclinics.com\/tr\/wp-json\/wp\/v2\/media?parent=147852"}],"curies":[{"name":"wp","href":"https:\/\/api.w.org\/{rel}","templated":true}]}}