{"id":147848,"date":"2023-06-02T12:53:23","date_gmt":"2023-06-02T09:53:23","guid":{"rendered":"https:\/\/medclinics.com\/lazer-donanim-kozmetolojisi\/"},"modified":"2024-04-04T19:31:01","modified_gmt":"2024-04-04T16:31:01","slug":"lazer-donanim-kozmetolojisi","status":"publish","type":"page","link":"https:\/\/medclinics.com\/tr\/lazer-donanim-kozmetolojisi\/","title":{"rendered":"Lazer Donan\u0131m Kozmetolojisi"},"content":{"rendered":"\n<h2 class=\"wp-block-heading\">Siyah noktalardan kurtulman\u0131n ve p\u00fcr\u00fczs\u00fcz bir cilde sahip olman\u0131n yollar\u0131n\u0131 ar\u0131yorsan\u0131z, lazer donan\u0131m kozmetolojisi en iyisidir.<\/h2>\n\n<p><strong>Fotorejuvenasyon \/ Lumecca<\/strong><\/p>\n\n<p>Cildi foto gen\u00e7le\u015ftirmek ve ya\u015fl\u0131l\u0131k lekelerini ve vask\u00fcler bozukluklar\u0131 gidermek i\u00e7in y\u00fcksek yo\u011funluklu \u0131\u015f\u0131k darbeleri yayan bir makine kullanan bir <a href=\"https:\/\/en.wikipedia.org\/wiki\/Photorejuvenation\" target=\"_blank\" rel=\"noreferrer noopener\">IPL<\/a> teknolojisidir. Bu minimal invaziv prosed\u00fcr, kahverengi lekeler, g\u00fcne\u015f hasar\u0131, d\u00fczensiz cilt tonu, rosacea veya k\u0131zar\u0131kl\u0131k gibi bir dizi estetik sorunu tedavi etmek i\u00e7in kullan\u0131labilir. Sadece bir tedaviden sonra hastalar cilt, cilt berrakl\u0131\u011f\u0131, tonu, s\u0131k\u0131l\u0131\u011f\u0131 ve elastikiyetinde \u00f6nemli geli\u015fmeler ya\u015farlar.<\/p>\n\n<h3 class=\"wp-block-heading\">Fiyat ve daha fazlas\u0131 dahil olmak \u00fczere <a href=\"https:\/\/medclinics.com\/tr\/donanim-kozmetolojisi\/\" target=\"_blank\" rel=\"noreferrer noopener\">donan\u0131m kozmetolojisi<\/a> hakk\u0131nda bilmeniz gereken her \u015fey, hemen \u015fimdi <a href=\"#requestform\">bizimle ileti\u015fime<\/a> ge\u00e7in!<\/h3>\n\n<h3 class=\"wp-block-heading\">SSS<\/h3>\n<div id=\"rank-math-faq\" class=\"rank-math-block\">\n<div class=\"rank-math-list \">\n<div id=\"faq-question-1685709878645\" class=\"rank-math-list-item\">\n<h3 class=\"rank-math-question \">Lazer donan\u0131m kozmetolojisi nedir?<\/h3>\n<div class=\"rank-math-answer \">\n\n<p>Lazer donan\u0131m kozmetolojisi, \u00e7e\u015fitli cilt sorunlar\u0131n\u0131 ele almak ve istenen estetik sonu\u00e7lar\u0131 elde etmek i\u00e7in kozmetik tedavilerde ve prosed\u00fcrlerde lazer teknolojisinin kullan\u0131lmas\u0131 anlam\u0131na gelir. Lazer cihazlar\u0131, pigmentler veya kan damarlar\u0131 gibi ciltteki belirli kromoforlar\u0131 hedef alan belirli dalga boylar\u0131nda odaklanm\u0131\u015f \u0131\u015f\u0131k \u0131\u015f\u0131nlar\u0131 yayar.<\/p>\n\n<\/div>\n<\/div>\n<div id=\"faq-question-1685709894487\" class=\"rank-math-list-item\">\n<h3 class=\"rank-math-question \">IPL nedir?<\/h3>\n<div class=\"rank-math-answer \">\n\n<p>Teknik olarak bir lazer olmasa da IPL, pigmentasyon d\u00fczensizlikleri, g\u00fcne\u015f hasar\u0131 ve vask\u00fcler lezyonlar gibi cilt sorunlar\u0131n\u0131 ele almak i\u00e7in geni\u015f spektrumlu \u0131\u015f\u0131k enerjisi kullan\u0131r.<\/p>\n\n<\/div>\n<\/div>\n<div id=\"faq-question-1685709971683\" class=\"rank-math-list-item\">\n<h3 class=\"rank-math-question \">Lumecca nedir?<\/h3>\n<div class=\"rank-math-answer \">\n\n<p>Lumecca, kozmetik tedavilerde kullan\u0131lan \u00f6zel bir marka ve yo\u011fun at\u0131ml\u0131 \u0131\u015f\u0131k (IPL) terapisi t\u00fcr\u00fcd\u00fcr. \u00c7e\u015fitli cilt sorunlar\u0131n\u0131 hedeflemek ve cilt gen\u00e7le\u015fmesini te\u015fvik etmek i\u00e7in geni\u015f spektrumlu \u0131\u015f\u0131k kullanan invazif olmayan bir prosed\u00fcrd\u00fcr.<\/p>\n\n<\/div>\n<\/div>\n<div id=\"faq-question-1685710002571\" class=\"rank-math-list-item\">\n<h3 class=\"rank-math-question \">Lumecca g\u00fcvenli mi?<\/h3>\n<div class=\"rank-math-answer \">\n\n<p>Evet, e\u011fitimli ve deneyimli bir profesyonel taraf\u0131ndan uyguland\u0131\u011f\u0131nda g\u00fcvenli ve etkili bir tedavidir<\/p>\n\n<\/div>\n<\/div>\n<\/div>\n<\/div>\n<p><\/p>\n\n<h3 class=\"wp-block-heading\">Herhangi bir sorunuz olmas\u0131 durumunda hemen bizimle ileti\u015fime ge\u00e7in!<\/h3>\n","protected":false},"excerpt":{"rendered":"<p>Siyah noktalardan kurtulman\u0131n ve p\u00fcr\u00fczs\u00fcz bir cilde sahip olman\u0131n yollar\u0131n\u0131 ar\u0131yorsan\u0131z, lazer donan\u0131m kozmetolojisi en iyisidir. Fotorejuvenasyon \/ Lumecca Cildi [&hellip;]<\/p>\n","protected":false},"author":4,"featured_media":93512,"parent":0,"menu_order":0,"comment_status":"closed","ping_status":"closed","template":"","meta":{"site-sidebar-layout":"default","site-content-layout":"","ast-site-content-layout":"default","site-content-style":"default","site-sidebar-style":"default","ast-global-header-display":"","ast-banner-title-visibility":"","ast-main-header-display":"","ast-hfb-above-header-display":"","ast-hfb-below-header-display":"","ast-hfb-mobile-header-display":"","site-post-title":"","ast-breadcrumbs-content":"","ast-featured-img":"","footer-sml-layout":"","ast-disable-related-posts":"","theme-transparent-header-meta":"","adv-header-id-meta":"","stick-header-meta":"","header-above-stick-meta":"","header-main-stick-meta":"","header-below-stick-meta":"","astra-migrate-meta-layouts":"default","ast-page-background-enabled":"default","ast-page-background-meta":{"desktop":{"background-color":"var(--ast-global-color-4)","background-image":"","background-repeat":"repeat","background-position":"center center","background-size":"auto","background-attachment":"scroll","background-type":"","background-media":"","overlay-type":"","overlay-color":"","overlay-opacity":"","overlay-gradient":""},"tablet":{"background-color":"","background-image":"","background-repeat":"repeat","background-position":"center center","background-size":"auto","background-attachment":"scroll","background-type":"","background-media":"","overlay-type":"","overlay-color":"","overlay-opacity":"","overlay-gradient":""},"mobile":{"background-color":"","background-image":"","background-repeat":"repeat","background-position":"center center","background-size":"auto","background-attachment":"scroll","background-type":"","background-media":"","overlay-type":"","overlay-color":"","overlay-opacity":"","overlay-gradient":""}},"ast-content-background-meta":{"desktop":{"background-color":"var(--ast-global-color-5)","background-image":"","background-repeat":"repeat","background-position":"center center","background-size":"auto","background-attachment":"scroll","background-type":"","background-media":"","overlay-type":"","overlay-color":"","overlay-opacity":"","overlay-gradient":""},"tablet":{"background-color":"var(--ast-global-color-5)","background-image":"","background-repeat":"repeat","background-position":"center center","background-size":"auto","background-attachment":"scroll","background-type":"","background-media":"","overlay-type":"","overlay-color":"","overlay-opacity":"","overlay-gradient":""},"mobile":{"background-color":"var(--ast-global-color-5)","background-image":"","background-repeat":"repeat","background-position":"center center","background-size":"auto","background-attachment":"scroll","background-type":"","background-media":"","overlay-type":"","overlay-color":"","overlay-opacity":"","overlay-gradient":""}},"footnotes":""},"class_list":["post-147848","page","type-page","status-publish","has-post-thumbnail","hentry"],"_links":{"self":[{"href":"https:\/\/medclinics.com\/tr\/wp-json\/wp\/v2\/pages\/147848","targetHints":{"allow":["GET"]}}],"collection":[{"href":"https:\/\/medclinics.com\/tr\/wp-json\/wp\/v2\/pages"}],"about":[{"href":"https:\/\/medclinics.com\/tr\/wp-json\/wp\/v2\/types\/page"}],"author":[{"embeddable":true,"href":"https:\/\/medclinics.com\/tr\/wp-json\/wp\/v2\/users\/4"}],"replies":[{"embeddable":true,"href":"https:\/\/medclinics.com\/tr\/wp-json\/wp\/v2\/comments?post=147848"}],"version-history":[{"count":0,"href":"https:\/\/medclinics.com\/tr\/wp-json\/wp\/v2\/pages\/147848\/revisions"}],"wp:featuredmedia":[{"embeddable":true,"href":"https:\/\/medclinics.com\/tr\/wp-json\/wp\/v2\/media\/93512"}],"wp:attachment":[{"href":"https:\/\/medclinics.com\/tr\/wp-json\/wp\/v2\/media?parent=147848"}],"curies":[{"name":"wp","href":"https:\/\/api.w.org\/{rel}","templated":true}]}}