{"id":147844,"date":"2023-06-02T11:13:47","date_gmt":"2023-06-02T08:13:47","guid":{"rendered":"https:\/\/medclinics.com\/donanim-kozmetolojisi\/"},"modified":"2024-04-14T23:05:01","modified_gmt":"2024-04-14T20:05:01","slug":"donanim-kozmetolojisi","status":"publish","type":"page","link":"https:\/\/medclinics.com\/tr\/donanim-kozmetolojisi\/","title":{"rendered":"Donan\u0131m Kozmetolojisi"},"content":{"rendered":"\n<p><strong>Donan\u0131m kozmetolojisi, nitelikli dermatokozmetologlar taraf\u0131ndan \u00f6zel ekipmanlar kullan\u0131larak ger\u00e7ekle\u015ftirilen gen\u00e7le\u015ftirici ve iyile\u015ftirici prosed\u00fcrlerdir.<\/strong><\/p>\n\n<div class=\"wp-block-rank-math-toc-block\" id=\"rank-math-toc\"><h2>\u0130\u00e7indekiler Tablosu<\/h2><nav><ul><li><a href=\"#before-after-hardware-cosmetology\">Donan\u0131m Kozmetolojisinden \u00d6nce &amp; Sonra<\/a><\/li><li><a href=\"#so-what-is\">Peki Nedir<\/a><\/li><li><a href=\"#types-and-methods\">T\u00fcrler ve Y\u00f6ntemler<\/a><\/li><li><a href=\"#treatment-plan\">Tedavi Plan\u0131<\/a><\/li><li><a href=\"#aftercare\">Bak\u0131m Sonras\u0131<\/a><\/li><li><a href=\"#top-hardware-cosmetology-costs-by-country\">\u00dclkelere g\u00f6re En \u0130yi Donan\u0131m Kozmetoloji maliyetleri<\/a><\/li><li><a href=\"#types-of-hardware-cosmetology\">Donan\u0131m Kozmetolojisi T\u00fcrleri<\/a><\/li><li><a href=\"#faq\">SSS<\/a><\/li><li><a href=\"#history\">Tarih<\/a><\/li><\/ul><\/nav><\/div>\n\n<h2 class=\"wp-block-heading\" id=\"before-after-hardware-cosmetology\">Donan\u0131m Kozmetolojisinden \u00d6nce &amp; Sonra<\/h2>\n\n<h2 class=\"wp-block-heading\" id=\"so-what-is\">Peki Nedir<\/h2>\n\n<ul class=\"wp-block-list\">\n<li>Bu, <a href=\"https:\/\/en.wikipedia.org\/wiki\/Exfoliation_(cosmetology)\" target=\"_blank\" rel=\"noreferrer noopener\">estetik kozmetoloji<\/a> ve fizyoterapinin birle\u015fti\u011fi noktada olu\u015fan bir y\u00f6nd\u00fcr.  <\/li>\n\n\n\n<li>Donan\u0131m tekni\u011finin temel avantaj\u0131, cerrahi m\u00fcdahale olmaks\u0131z\u0131n cildin durumunu \u00f6nemli \u00f6l\u00e7\u00fcde iyile\u015ftirebilmesidir. <\/li>\n\n\n\n<li>Doktorlar ve hastalar, bu prosed\u00fcrlerin iyi tolere edilebilirli\u011fi ve geni\u015f olanaklar\u0131ndan etkilenmektedir.<\/li>\n<\/ul>\n\n<h2 class=\"wp-block-heading\" id=\"types-and-methods\">T\u00fcrler ve Y\u00f6ntemler<\/h2>\n\n<h3 class=\"wp-block-heading\" id=\"there-are-several-types-and-techniques-of-mammoplasty\">Donan\u0131m kozmetolojisinin \u00e7e\u015fitli t\u00fcrleri ve teknikleri vard\u0131r:<\/h3>\n\n<ul class=\"wp-block-list\">\n<li><a href=\"https:\/\/medclinics.com\/tr\/mekanik-donanim-kozmetoloji\/\" target=\"_blank\" rel=\"noreferrer noopener\">Mekanik<\/a><\/li>\n\n\n\n<li><a href=\"https:\/\/medclinics.com\/tr\/vakum-donanimi-kozmetoloji\/\" target=\"_blank\" rel=\"noreferrer noopener\">Vakum<\/a><\/li>\n\n\n\n<li><a href=\"https:\/\/medclinics.com\/tr\/ultrasonik-donanim-kozmetoloji\/\" target=\"_blank\" data-type=\"URL\" data-id=\"https:\/\/medclinics.com\/ultrasonic-hardware-cosmetology\/\" rel=\"noreferrer noopener\">Ultrasonik<\/a><\/li>\n\n\n\n<li><a href=\"https:\/\/medclinics.com\/tr\/elektrik-donanimi-kozmetoloji\/\" target=\"_blank\" rel=\"noreferrer noopener\">Elektrik<\/a><\/li>\n\n\n\n<li><a href=\"https:\/\/medclinics.com\/tr\/lazer-donanim-kozmetolojisi\/\" target=\"_blank\" rel=\"noreferrer noopener\">Lazer<\/a><\/li>\n\n\n\n<li><a href=\"https:\/\/medclinics.com\/tr\/radyo-frekans-ile-cilt-sikilastirma\/\" target=\"_blank\" rel=\"noreferrer noopener\">Radyo Frekans\u0131<\/a><\/li>\n\n\n\n<li><a href=\"https:\/\/medclinics.com\/tr\/ozon-terapisi\/\" target=\"_blank\" rel=\"noreferrer noopener\">Ozon Terapisi<\/a><\/li>\n<\/ul>\n\n<figure class=\"wp-block-image size-full\"><img fetchpriority=\"high\" decoding=\"async\" width=\"960\" height=\"550\" src=\"https:\/\/medclinics.com\/wp-content\/uploads\/2023\/02\/lumecca-ipl-laser-skin-rejuvenantion-in-istanbul-in-turkey.jpg\" alt=\"Donan&#x131;m kozmetoloji cilt lazeri\" class=\"wp-image-27273\" srcset=\"https:\/\/medclinics.com\/wp-content\/uploads\/2023\/02\/lumecca-ipl-laser-skin-rejuvenantion-in-istanbul-in-turkey.jpg 960w, https:\/\/medclinics.com\/wp-content\/uploads\/2023\/02\/lumecca-ipl-laser-skin-rejuvenantion-in-istanbul-in-turkey-300x172.jpg 300w, https:\/\/medclinics.com\/wp-content\/uploads\/2023\/02\/lumecca-ipl-laser-skin-rejuvenantion-in-istanbul-in-turkey-280x160.jpg 280w, https:\/\/medclinics.com\/wp-content\/uploads\/2023\/02\/lumecca-ipl-laser-skin-rejuvenantion-in-istanbul-in-turkey-768x440.jpg 768w, https:\/\/medclinics.com\/wp-content\/uploads\/2023\/02\/lumecca-ipl-laser-skin-rejuvenantion-in-istanbul-in-turkey-600x344.jpg 600w\" sizes=\"(max-width: 960px) 100vw, 960px\" \/><\/figure>\n\n<h2 class=\"wp-block-heading\" id=\"treatment-plan\">Tedavi Plan\u0131<\/h2>\n\n<ul class=\"wp-block-list\">\n<li>Donan\u0131m kozmetolojisi i\u00e7in tedavi plan\u0131, nitelikli bir g\u00fczellik uzman\u0131 veya estetisyen ile kapsaml\u0131 bir kons\u00fcltasyonla ba\u015flar. Bu kons\u00fcltasyon s\u0131ras\u0131nda cilt durumunuz de\u011ferlendirilecek ve hedefleriniz ve endi\u015feleriniz tart\u0131\u015f\u0131lacakt\u0131r.  <\/li>\n\n\n\n<li>Ard\u0131ndan, \u00f6zel ihtiya\u00e7lar\u0131n\u0131za g\u00f6re ki\u015fiselle\u015ftirilmi\u015f bir tedavi plan\u0131 olu\u015fturulacakt\u0131r.  <\/li>\n\n\n\n<li>Ger\u00e7ek tedavi seanslar\u0131 lazer tedavisi, radyofrekans tedavileri, ultrason tedavisi, mikrodermabrazyon veya di\u011fer teknikler gibi donan\u0131m tabanl\u0131 prosed\u00fcrleri i\u00e7erecektir.<\/li>\n\n\n\n<li>  Gerekli seans say\u0131s\u0131, endi\u015felerin ciddiyetine ve istenen sonu\u00e7lara ba\u011fl\u0131 olacakt\u0131r.  <\/li>\n\n\n\n<li>\u0130lk tedavi seanslar\u0131ndan sonra, ilerlemeyi izlemek, gerekli ayarlamalar\u0131 yapmak ve tedavi sonras\u0131 bak\u0131m konusunda rehberlik sa\u011flamak i\u00e7in takip randevular\u0131 planlanabilir.  <\/li>\n\n\n\n<li>Buna ek olarak, g\u00fczellik uzman\u0131 zaman i\u00e7inde sonu\u00e7lar\u0131n korunmas\u0131na yard\u0131mc\u0131 olmak i\u00e7in bak\u0131m tedavileri \u00f6nerebilir.  <\/li>\n<\/ul>\n\n<h3 class=\"wp-block-heading\" id=\"mammoplasty-for\">Donan\u0131m Kozmetolojisi i\u00e7in:<\/h3>\n\n<ul class=\"wp-block-list\">\n<li>Cilt gen\u00e7le\u015ftirme isteyen ki\u015filer<\/li>\n\n\n\n<li>Akne veya akne izi ile u\u011fra\u015fan ki\u015filer<\/li>\n\n\n\n<li>Cilt s\u0131k\u0131la\u015ft\u0131rma isteyen ki\u015filer<\/li>\n\n\n\n<li>Hiperpigmentasyon veya g\u00fcne\u015f hasar\u0131 ile u\u011fra\u015fan ki\u015filer<\/li>\n\n\n\n<li>Epilasyon yapt\u0131rmak isteyen ki\u015filer<\/li>\n\n\n\n<li>V\u00fccut \u015fekillendirme isteyen ki\u015filer<\/li>\n<\/ul>\n\n<h3 class=\"wp-block-heading\" id=\"mammoplasty-duration\">Donan\u0131m Kozmetolojisi S\u00fcre:<\/h3>\n\n<ul class=\"wp-block-list\">\n<li>Lazer tedavisi veya mikrodermabrazyon gibi cilt gen\u00e7le\u015ftirme tedavileri genellikle seans ba\u015f\u0131na yakla\u015f\u0131k 30 dakika ila bir saat s\u00fcrer.  <\/li>\n\n\n\n<li>Lazer tedavisi veya \u0131\u015f\u0131k bazl\u0131 tedaviler gibi akne ve akne izi tedavileri genellikle seans ba\u015f\u0131na 15-30 dakika s\u00fcrer.  <\/li>\n\n\n\n<li>Radyofrekans veya ultrason tedavileri gibi cilt s\u0131k\u0131la\u015ft\u0131rma prosed\u00fcrleri seans ba\u015f\u0131na 30 dakika ila bir saat aras\u0131nda de\u011fi\u015febilir.  <\/li>\n\n\n\n<li>Lazer tedavisi veya yo\u011fun at\u0131ml\u0131 \u0131\u015f\u0131k (IPL) gibi hiperpigmentasyon ve g\u00fcne\u015f hasar\u0131 tedavileri seans ba\u015f\u0131na 15-30 dakika s\u00fcrebilir.  <\/li>\n\n\n\n<li>Lazer epilasyon s\u00fcreleri, tedavi alan\u0131na ba\u011fl\u0131 olarak, daha k\u00fc\u00e7\u00fck alanlar i\u00e7in 15-30 dakika ile daha b\u00fcy\u00fck alanlar i\u00e7in 30 dakika ila bir saat aras\u0131nda de\u011fi\u015fir.  <\/li>\n\n\n\n<li>Radyofrekans veya ultrason tedavisi gibi non-invaziv v\u00fccut \u015fekillendirme tedavileri genellikle seans ba\u015f\u0131na 30 dakika ila bir saat s\u00fcrer.<\/li>\n<\/ul>\n\n<h3 class=\"wp-block-heading\" id=\"mammoplasty-recovery-timeline\">Donan\u0131m Kozmetolojisi Kurtarma Zaman \u00c7izelgesi:<\/h3>\n\n<ul class=\"wp-block-list\">\n<li>Lazer tedavisi, mikrodermabrazyon veya \u0131\u015f\u0131k bazl\u0131 terapiler gibi tedavilerden sonra, bireyler tedavi edilen b\u00f6lgede k\u0131zar\u0131kl\u0131k, \u015fi\u015fme veya hassasiyet gibi hafif yan etkiler ya\u015fayabilir. Bu etkiler tipik olarak birka\u00e7 saat ila birka\u00e7 g\u00fcn i\u00e7inde azal\u0131r.  <\/li>\n\n\n\n<li>Cilt s\u0131k\u0131la\u015ft\u0131rma i\u00e7eren tedavilerde, tedavi edilen b\u00f6lgede hafif k\u0131zar\u0131kl\u0131k, \u015fi\u015flik veya s\u0131cakl\u0131k olabilir ve bu genellikle birka\u00e7 saat ila birka\u00e7 g\u00fcn i\u00e7inde d\u00fczelir.  <\/li>\n\n\n\n<li>Hiperpigmentasyon ve g\u00fcne\u015f hasar\u0131 i\u00e7in lazer tedavisi veya yo\u011fun darbeli \u0131\u015f\u0131k tedavileri ge\u00e7ici k\u0131zar\u0131kl\u0131k veya koyula\u015fmaya neden olabilir ve birka\u00e7 g\u00fcn ila birka\u00e7 hafta i\u00e7inde d\u00fczelir.  <\/li>\n\n\n\n<li>Lazer epilasyon ve non-invaziv v\u00fccut \u015fekillendirme tedavileri genellikle minimum kesinti s\u00fcresine sahiptir ve olas\u0131 yan etkileri hafif k\u0131zar\u0131kl\u0131k veya ge\u00e7ici cilt s\u0131k\u0131la\u015fmas\u0131d\u0131r.  <\/li>\n<\/ul>\n\n<h3 class=\"wp-block-heading\" id=\"possible-risks-for-mammoplasty\">Donan\u0131m Kozmetolojisi i\u00e7in Olas\u0131 Riskler:<\/h3>\n\n<ul class=\"wp-block-list\">\n<li>Cilt Tahri\u015fi ve Hassasiyeti<\/li>\n\n\n\n<li>K\u0131zar\u0131kl\u0131k ve \u015ei\u015flik<\/li>\n\n\n\n<li>Hiperpigmentasyon veya Hipopigmentasyon<\/li>\n\n\n\n<li>Ge\u00e7ici Rahats\u0131zl\u0131k veya A\u011fr\u0131<\/li>\n\n\n\n<li>Cilt Yan\u0131klar\u0131 veya Kabarmas\u0131<\/li>\n\n\n\n<li>Yara izi<\/li>\n\n\n\n<li>Enfeksiyon (nadir durumlarda)<\/li>\n\n\n\n<li>Tedavi \u00dcr\u00fcnlerine veya Ekipmanlar\u0131na Alerjik Reaksiyonlar<\/li>\n\n\n\n<li>Tatmin Edici Olmayan Sonu\u00e7lar<\/li>\n<\/ul>\n\n<h2 class=\"wp-block-heading\" id=\"aftercare\">Bak\u0131m Sonras\u0131  <\/h2>\n\n<h3 class=\"wp-block-heading\" id=\"of-course-we-will-also-take-care-of-you-after-your-treatment\">Tabii ki tedavinizden sonra da sizinle ilgilenece\u011fiz!<\/h3>\n\n<p>Ameliyattan sonraki 1 y\u0131l boyunca t\u0131bbi dan\u0131\u015fmanlar\u0131m\u0131z sizinle ilgilenecektir.<br\/>Herhangi bir yard\u0131ma ihtiyac\u0131n\u0131z olursa, sorular\u0131n\u0131z varsa, personelimizle ileti\u015fime ge\u00e7ebilirsiniz.<\/p>\n\n<h3 class=\"wp-block-heading\" id=\"breast-aesthetic-surgery-healing-process\">Donan\u0131m Kozmetolojisi \u0130yile\u015fme S\u00fcreci<\/h3>\n\n<h4 class=\"wp-block-heading\" id=\"the-healing-process-as-a-whole-takes-between-6-and-12-months\">\u0130yile\u015fme s\u00fcreci bir b\u00fct\u00fcn olarak birka\u00e7 hafta ile aylar aras\u0131nda s\u00fcrer.  <\/h4>\n\n<p>\u0130\u015flemden sonra, tedavi edilen b\u00f6lgede k\u0131zar\u0131kl\u0131k, \u015fi\u015fme veya hassasiyet gibi ge\u00e7ici yan etkiler ya\u015fayabilirsiniz. Bu etkiler tipik olarak hafiftir ve birka\u00e7 saat ila birka\u00e7 g\u00fcn i\u00e7inde azal\u0131r.<\/p>\n\n<p>\u0130lk birka\u00e7 g\u00fcn ila bir hafta boyunca, tedavi edilen b\u00f6lge iyile\u015fmeye devam eder ve ba\u015flang\u0131\u00e7taki yan etkiler yava\u015f yava\u015f azal\u0131r. Tedavi sonras\u0131 bak\u0131m talimatlar\u0131na uyulmas\u0131 \u00f6nemlidir.<\/p>\n\n<p>Zaman ilerledik\u00e7e, cildinizin dokusunda, tonunda veya hedeflenen endi\u015felerinde iyile\u015fmeler fark etmeye ba\u015flayacaks\u0131n\u0131z.<\/p>\n\n<p>G\u00fczellik uzman\u0131n\u0131z veya estetisyeniniz, ilerlemenizi de\u011ferlendirmek ve tedavi plan\u0131n\u0131z\u0131 yapmak i\u00e7in takip randevular\u0131 planlayabilir.<\/p>\n\n<p>Her ki\u015finin iyile\u015fme s\u00fcreci kendine \u00f6zg\u00fcd\u00fcr ve farkl\u0131 fakt\u00f6rlerden etkilenebilir. Bu y\u00fczden profesyonel bir g\u00fczellik uzman\u0131na veya g\u00fczellik uzman\u0131na dan\u0131\u015fmal\u0131s\u0131n\u0131z.<\/p>\n\n<figure class=\"wp-block-image size-full\"><img decoding=\"async\" width=\"960\" height=\"550\" src=\"https:\/\/medclinics.com\/wp-content\/uploads\/2023\/02\/lumecca-ipl-laser-skin-rejuvenantion-in-istanbul-2.jpg\" alt=\"Donan&#x131;m Kozmetoloji cilt lazeri T&#xFC;rkiye'de &#x130;stanbul'da\" class=\"wp-image-27272\" srcset=\"https:\/\/medclinics.com\/wp-content\/uploads\/2023\/02\/lumecca-ipl-laser-skin-rejuvenantion-in-istanbul-2.jpg 960w, https:\/\/medclinics.com\/wp-content\/uploads\/2023\/02\/lumecca-ipl-laser-skin-rejuvenantion-in-istanbul-2-300x172.jpg 300w, https:\/\/medclinics.com\/wp-content\/uploads\/2023\/02\/lumecca-ipl-laser-skin-rejuvenantion-in-istanbul-2-280x160.jpg 280w, https:\/\/medclinics.com\/wp-content\/uploads\/2023\/02\/lumecca-ipl-laser-skin-rejuvenantion-in-istanbul-2-768x440.jpg 768w, https:\/\/medclinics.com\/wp-content\/uploads\/2023\/02\/lumecca-ipl-laser-skin-rejuvenantion-in-istanbul-2-600x344.jpg 600w\" sizes=\"(max-width: 960px) 100vw, 960px\" \/><\/figure>\n\n<h2 class=\"wp-block-heading\" id=\"top-hardware-cosmetology-costs-by-country\">\u00dclkelere g\u00f6re En \u0130yi Donan\u0131m Kozmetoloji maliyetleri<\/h2>\n\n<p>Donan\u0131m kozmetolojisinin maliyeti cerrah\u0131n deneyimine, kullan\u0131lan tekni\u011fe, se\u00e7ti\u011finiz klinik veya hastaneye ve ki\u015fisel sa\u011fl\u0131k durumunuza ba\u011fl\u0131d\u0131r.<br\/>A\u015fa\u011f\u0131da listelenen fiyatlar size yakla\u015f\u0131k bir fikir vermeyi ama\u00e7lamaktad\u0131r ve nihai bir fiyat teklifi de\u011fildir. <a href=\"https:\/\/medclinics.com\/tr\/\" target=\"_blank\" rel=\"noreferrer noopener\">MedClincs dan\u0131\u015fman\u0131n\u0131z<\/a> size ayr\u0131nt\u0131lar\u0131 vermekten mutluluk duyacakt\u0131r.<\/p>\n\n<figure class=\"wp-block-table\"><table><thead><tr><th>\u00dclke  <\/th><th>Fiyat  <\/th><th>De\u011ferlendirme<\/th><\/tr><\/thead><tbody><tr><td>T\u00fcrkiye (Turkey)<\/td><td>~ 50\u20ac &#8211; 200\u20ac<\/td><td>\u2605\u2605\u2605\u2605\u2605<\/td><\/tr><tr><td>Tayland<\/td><td>~ 60\u20ac &#8211; 200\u20ac<\/td><td>\u2605\u2605\u2605<\/td><\/tr><tr><td>Polonya<\/td><td>~ 40\u20ac &#8211; 200\u20ac<\/td><td>\u2605\u2605<\/td><\/tr><tr><td>ABD<\/td><td>~ 80\u20ac &#8211; 300\u20ac<\/td><td>\u2605\u2605\u2605<\/td><\/tr><tr><td>Almanya<\/td><td>~ 80\u20ac &#8211; 300\u20ac<\/td><td>\u2605\u2605\u2605<\/td><\/tr><\/tbody><\/table><\/figure>\n\n<h2 class=\"wp-block-heading\" id=\"types-of-hardware-cosmetology\">Donan\u0131m Kozmetolojisi T\u00fcrleri<\/h2>\n<div class=\"jet-listing-grid--blocks   jet-sm-gb-wrapper jet-sm-gb-a641eb84-16e5-4b21-8b65-f90af9143cb0\"data-element-id=\"a641eb84-16e5-4b21-8b65-f90af9143cb0\"data-listing-type=\"blocks\"data-is-block=\"jet-engine\/listing-grid\"><div class=\"jet-listing-notice\">Please select listing to show.<\/div><\/div>\n<h2 class=\"wp-block-heading\" id=\"faq\">SSS<\/h2>\n<div id=\"rank-math-faq\" class=\"rank-math-block\">\n<div class=\"rank-math-list \">\n<div id=\"faq-question-1685703039576\" class=\"rank-math-list-item\">\n<h3 class=\"rank-math-question \">Donan\u0131m kozmetolojisi nedir?<\/h3>\n<div class=\"rank-math-answer \">\n\n<p>Donan\u0131m kozmetolojisi, cerrahi olmayan estetik tedaviler ve prosed\u00fcrler i\u00e7in ileri teknolojik cihazlar\u0131n ve ekipmanlar\u0131n kullan\u0131lmas\u0131n\u0131 ifade eder.<\/p>\n\n<\/div>\n<\/div>\n<div id=\"faq-question-1685703054726\" class=\"rank-math-list-item\">\n<h3 class=\"rank-math-question \">Donan\u0131m kozmetolojisi t\u00fcrleri nelerdir?<\/h3>\n<div class=\"rank-math-answer \">\n\n<p>Mekanik, Vakum, Ultrasonik, Elektrik, Lazer, Radyo Frekans, Ozon Terapi gibi \u00e7e\u015fitleri vard\u0131r.<\/p>\n\n<\/div>\n<\/div>\n<div id=\"faq-question-1685703274811\" class=\"rank-math-list-item\">\n<h3 class=\"rank-math-question \">Donan\u0131m kozmetolojisi ac\u0131 verici midir?<\/h3>\n<div class=\"rank-math-answer \">\n\n<p>Donan\u0131m kozmetolojisi tedavileri s\u0131ras\u0131nda ya\u015fanan a\u011fr\u0131 seviyesi, minimal invaziv olacak ve minimum rahats\u0131zl\u0131\u011fa neden olacak \u015fekilde tasarlanm\u0131\u015ft\u0131r.<\/p>\n\n<\/div>\n<\/div>\n<div id=\"faq-question-1685703532440\" class=\"rank-math-list-item\">\n<h3 class=\"rank-math-question \">Elmas mikrodermabrazyon nedir?<\/h3>\n<div class=\"rank-math-answer \">\n\n<p>Elmas mikrodermabrazyon, cildin en d\u0131\u015f katman\u0131n\u0131 pul pul d\u00f6kmek ve yeniden y\u00fczeye \u00e7\u0131karmak i\u00e7in elmas u\u00e7lu bir \u00e7ubu\u011fa sahip bir el cihaz\u0131 kullanan, invazif olmayan bir kozmetik prosed\u00fcrd\u00fcr.<\/p>\n\n<\/div>\n<\/div>\n<div id=\"faq-question-1685703534020\" class=\"rank-math-list-item\">\n<h3 class=\"rank-math-question \">Y\u00fcz vakum temizli\u011fi nedir?<\/h3>\n<div class=\"rank-math-answer \">\n\n<p>Y\u00fcz vakum temizli\u011fi, cildin g\u00f6zeneklerindeki kir, ya\u011f ve kal\u0131nt\u0131lar gibi kirleri temizlemek i\u00e7in bir emme cihaz\u0131 kullanan kozmetik bir prosed\u00fcrd\u00fcr.<\/p>\n\n<\/div>\n<\/div>\n<div id=\"faq-question-1685703535265\" class=\"rank-math-list-item\">\n<h3 class=\"rank-math-question \">Ultrasonik temizlik nedir?<\/h3>\n<div class=\"rank-math-answer \">\n\n<p>Ultrasonik temizleme, cildi temizlemek ve pul pul d\u00f6kmek i\u00e7in d\u00fc\u015f\u00fck frekansl\u0131 ses dalgalar\u0131n\u0131 kullanan, invazif olmayan bir estetik tedavidir.<\/p>\n\n<\/div>\n<\/div>\n<div id=\"faq-question-1685703536954\" class=\"rank-math-list-item\">\n<h3 class=\"rank-math-question \">Mikro ak\u0131m tedavisi nedir?<\/h3>\n<div class=\"rank-math-answer \">\n\n<p>Mikro ak\u0131m tedavisi, y\u00fcz kaslar\u0131n\u0131 uyarmak ve cilt tonunu ve dokusunu iyile\u015ftirmek i\u00e7in d\u00fc\u015f\u00fck seviyeli elektrik ak\u0131mlar\u0131 kullanan, invazif olmayan bir kozmetik tedavidir.<\/p>\n\n<\/div>\n<\/div>\n<div id=\"faq-question-1685703538765\" class=\"rank-math-list-item\">\n<h3 class=\"rank-math-question \">Fotorejuvenasyon \/ Lumecca nedir?<\/h3>\n<div class=\"rank-math-answer \">\n\n<p>Lumecca veya yo\u011fun at\u0131ml\u0131 \u0131\u015f\u0131k (IPL) tedavisi olarak da bilinen fotorejuvenasyon, \u00e7e\u015fitli cilt sorunlar\u0131n\u0131 hedeflemek ve cilt gen\u00e7le\u015fmesini te\u015fvik etmek i\u00e7in geni\u015f spektrumlu \u0131\u015f\u0131k kullanan, invazif olmayan bir kozmetik prosed\u00fcrd\u00fcr.<\/p>\n\n<\/div>\n<\/div>\n<div id=\"faq-question-1685703539828\" class=\"rank-math-list-item\">\n<h3 class=\"rank-math-question \">RF-lifting \/ Morpheus 8 nedir?<\/h3>\n<div class=\"rank-math-answer \">\n\n<p>Morpheus 8, radyofrekans enerjisini mikroi\u011fneleme ile birle\u015ftiren \u00f6zel bir RF-lifting tedavisi t\u00fcr\u00fcd\u00fcr.<\/p>\n\n<\/div>\n<\/div>\n<div id=\"faq-question-1685703540955\" class=\"rank-math-list-item\">\n<h3 class=\"rank-math-question \">Ozon tedavisi nedir?<\/h3>\n<div class=\"rank-math-answer \">\n\n<p>Ozon tedavisi, ozon gaz\u0131n\u0131n terap\u00f6tik kullan\u0131m\u0131n\u0131 i\u00e7eren bir alternatif t\u0131bbi tedavi \u015feklidir. Ozon terapisinin faydalar\u0131 aras\u0131nda dokulara oksijen iletiminin iyile\u015ftirilmesi, ba\u011f\u0131\u015f\u0131kl\u0131k sisteminin g\u00fc\u00e7lendirilmesi, iltihaplanman\u0131n azalt\u0131lmas\u0131 ve iyile\u015fmenin desteklenmesi yer al\u0131r.<\/p>\n\n<\/div>\n<\/div>\n<\/div>\n<\/div>\n<h2 class=\"wp-block-heading\" id=\"history\">Tarih<\/h2>\n\n<h3 class=\"wp-block-heading\" id=\"breast-surgeries-have-been-documented-for-centuries-although-mostly-on-men\">Donan\u0131m kozmetolojisinin ge\u00e7mi\u015fi onlarca y\u0131l \u00f6ncesine dayanmaktad\u0131r ve teknolojideki \u00f6nemli geli\u015fmeler bu alan\u0131 \u015fekillendirmektedir.<\/h3>\n\n<p>Elektrik ak\u0131mlar\u0131n\u0131n ve y\u00fcksek frekansl\u0131 dalgalar\u0131n ilk kullan\u0131m\u0131ndan lazerlerin, yo\u011fun darbeli \u0131\u015f\u0131\u011f\u0131n, radyofrekans\u0131n, ultrasonun ve robotik ve dijital teknolojilerin entegrasyonuna kadar, donan\u0131m kozmetolojisi \u00e7ok \u00e7e\u015fitli cerrahi olmayan estetik tedaviler sunacak \u015fekilde geli\u015fmi\u015ftir. Bu geli\u015fmeler, g\u00fczelli\u011fi artt\u0131rmak ve \u00e7e\u015fitli cilt sorunlar\u0131n\u0131 ele almak i\u00e7in etkili ve minimal invaziv se\u00e7enekler sunarak bu alanda devrim yaratm\u0131\u015ft\u0131r.<\/p>\n","protected":false},"excerpt":{"rendered":"<p>Donan\u0131m kozmetolojisi, nitelikli dermatokozmetologlar taraf\u0131ndan \u00f6zel ekipmanlar kullan\u0131larak ger\u00e7ekle\u015ftirilen gen\u00e7le\u015ftirici ve iyile\u015ftirici prosed\u00fcrlerdir. Donan\u0131m Kozmetolojisinden \u00d6nce &amp; Sonra Peki Nedir [&hellip;]<\/p>\n","protected":false},"author":4,"featured_media":93396,"parent":0,"menu_order":0,"comment_status":"closed","ping_status":"closed","template":"","meta":{"site-sidebar-layout":"default","site-content-layout":"","ast-site-content-layout":"default","site-content-style":"default","site-sidebar-style":"default","ast-global-header-display":"","ast-banner-title-visibility":"","ast-main-header-display":"","ast-hfb-above-header-display":"","ast-hfb-below-header-display":"","ast-hfb-mobile-header-display":"","site-post-title":"","ast-breadcrumbs-content":"","ast-featured-img":"","footer-sml-layout":"","ast-disable-related-posts":"","theme-transparent-header-meta":"","adv-header-id-meta":"","stick-header-meta":"","header-above-stick-meta":"","header-main-stick-meta":"","header-below-stick-meta":"","astra-migrate-meta-layouts":"default","ast-page-background-enabled":"default","ast-page-background-meta":{"desktop":{"background-color":"var(--ast-global-color-4)","background-image":"","background-repeat":"repeat","background-position":"center center","background-size":"auto","background-attachment":"scroll","background-type":"","background-media":"","overlay-type":"","overlay-color":"","overlay-opacity":"","overlay-gradient":""},"tablet":{"background-color":"","background-image":"","background-repeat":"repeat","background-position":"center center","background-size":"auto","background-attachment":"scroll","background-type":"","background-media":"","overlay-type":"","overlay-color":"","overlay-opacity":"","overlay-gradient":""},"mobile":{"background-color":"","background-image":"","background-repeat":"repeat","background-position":"center center","background-size":"auto","background-attachment":"scroll","background-type":"","background-media":"","overlay-type":"","overlay-color":"","overlay-opacity":"","overlay-gradient":""}},"ast-content-background-meta":{"desktop":{"background-color":"var(--ast-global-color-5)","background-image":"","background-repeat":"repeat","background-position":"center center","background-size":"auto","background-attachment":"scroll","background-type":"","background-media":"","overlay-type":"","overlay-color":"","overlay-opacity":"","overlay-gradient":""},"tablet":{"background-color":"var(--ast-global-color-5)","background-image":"","background-repeat":"repeat","background-position":"center center","background-size":"auto","background-attachment":"scroll","background-type":"","background-media":"","overlay-type":"","overlay-color":"","overlay-opacity":"","overlay-gradient":""},"mobile":{"background-color":"var(--ast-global-color-5)","background-image":"","background-repeat":"repeat","background-position":"center center","background-size":"auto","background-attachment":"scroll","background-type":"","background-media":"","overlay-type":"","overlay-color":"","overlay-opacity":"","overlay-gradient":""}},"footnotes":""},"class_list":["post-147844","page","type-page","status-publish","has-post-thumbnail","hentry"],"_links":{"self":[{"href":"https:\/\/medclinics.com\/tr\/wp-json\/wp\/v2\/pages\/147844","targetHints":{"allow":["GET"]}}],"collection":[{"href":"https:\/\/medclinics.com\/tr\/wp-json\/wp\/v2\/pages"}],"about":[{"href":"https:\/\/medclinics.com\/tr\/wp-json\/wp\/v2\/types\/page"}],"author":[{"embeddable":true,"href":"https:\/\/medclinics.com\/tr\/wp-json\/wp\/v2\/users\/4"}],"replies":[{"embeddable":true,"href":"https:\/\/medclinics.com\/tr\/wp-json\/wp\/v2\/comments?post=147844"}],"version-history":[{"count":0,"href":"https:\/\/medclinics.com\/tr\/wp-json\/wp\/v2\/pages\/147844\/revisions"}],"wp:featuredmedia":[{"embeddable":true,"href":"https:\/\/medclinics.com\/tr\/wp-json\/wp\/v2\/media\/93396"}],"wp:attachment":[{"href":"https:\/\/medclinics.com\/tr\/wp-json\/wp\/v2\/media?parent=147844"}],"curies":[{"name":"wp","href":"https:\/\/api.w.org\/{rel}","templated":true}]}}