{"id":147842,"date":"2023-06-02T13:15:07","date_gmt":"2023-06-02T10:15:07","guid":{"rendered":"https:\/\/medclinics.com\/radyo-frekans-ile-cilt-sikilastirma\/"},"modified":"2024-04-14T23:03:34","modified_gmt":"2024-04-14T20:03:34","slug":"radyo-frekans-ile-cilt-sikilastirma","status":"publish","type":"page","link":"https:\/\/medclinics.com\/tr\/radyo-frekans-ile-cilt-sikilastirma\/","title":{"rendered":"Radyo Frekans ile Cilt S\u0131k\u0131la\u015ft\u0131rma"},"content":{"rendered":"\n<h2 class=\"wp-block-heading\">Doktorunuz, \u00f6zel ihtiya\u00e7lar\u0131n\u0131z i\u00e7in uygun radyo frekans\u0131 donan\u0131m kozmetolojisini se\u00e7ecektir.<\/h2>\n\n<ul class=\"wp-block-list\">\n<li><strong>RF-lifting \/ Morpheus8<\/strong><\/li>\n<\/ul>\n\n<p>Son teknoloji \u00fcr\u00fcn\u00fc fraksiyone RF <a href=\"https:\/\/en.wikipedia.org\/wiki\/Rhytidectomy\" target=\"_blank\" rel=\"noreferrer noopener\">y\u00fcz <\/a>germe tedavisidir. Radyofrekans darbeleri \u00e7ok ince i\u011fneler kullan\u0131larak cilde iletilir. Lokalize nokta \u0131s\u0131tma, kolajen ve elastin liflerinin \u00fcretimini uyar\u0131r. Di\u011fer cihazlardan farkl\u0131 olarak Morpheus 8, ilk seanstan sonra g\u00f6zle g\u00f6r\u00fcl\u00fcr sonu\u00e7lar sa\u011flar, programlanabilir ve t\u00fcm fraksiyonel teknolojiler aras\u0131nda en y\u00fcksek pozlama derinli\u011fine sahiptir. <\/p>\n\n<p>Microneedle RF-lifting Morpheus8 birka\u00e7 y\u0131ld\u0131r ABD&#8217;de en pop\u00fcler mekanik prosed\u00fcr olmu\u015ftur. Morpheus8, y\u00fcz ve v\u00fccut tonu kayb\u0131, y\u00fcz kontur de\u011fi\u015fiklikleri, doku sarkmas\u0131, k\u0131r\u0131\u015f\u0131kl\u0131klar ve sark\u0131k \u00fcst g\u00f6z kapaklar\u0131, d\u00fczensiz cilt rahatlamas\u0131, b\u00fcy\u00fck g\u00f6zenekler, d\u00fczensiz cilt tonu, vask\u00fcler bozukluklar, yara izi, akne sonras\u0131, \u00e7atlaklar ve hamilelik sonras\u0131 cilt sarkmas\u0131 dahil olmak \u00fczere \u00e7ok \u00e7e\u015fitli cilt sorunlar\u0131n\u0131n tedavisine yard\u0131mc\u0131 olabilir.<\/p>\n\n<figure class=\"wp-block-image size-full\"><img fetchpriority=\"high\" decoding=\"async\" width=\"780\" height=\"488\" src=\"https:\/\/medclinics.com\/wp-content\/uploads\/2024\/04\/Radio-Frequency-Hardware-Cosmetology-therapy-hardware.jpg\" alt=\"Radyo-Frekans-Donan&#x131;m-Kozmetoloji-terapi-donan&#x131;m\" class=\"wp-image-161413\" srcset=\"https:\/\/medclinics.com\/wp-content\/uploads\/2024\/04\/Radio-Frequency-Hardware-Cosmetology-therapy-hardware.jpg 780w, https:\/\/medclinics.com\/wp-content\/uploads\/2024\/04\/Radio-Frequency-Hardware-Cosmetology-therapy-hardware-300x188.jpg 300w, https:\/\/medclinics.com\/wp-content\/uploads\/2024\/04\/Radio-Frequency-Hardware-Cosmetology-therapy-hardware-768x480.jpg 768w\" sizes=\"(max-width: 780px) 100vw, 780px\" \/><\/figure>\n\n<h3 class=\"wp-block-heading\">Fiyat, bak\u0131m sonras\u0131 ve iyile\u015fme s\u00fcreci de dahil olmak \u00fczere <a href=\"https:\/\/medclinics.com\/tr\/donanim-kozmetolojisi\/\" target=\"_blank\" rel=\"noreferrer noopener\">donan\u0131m kozmetolojisi<\/a> hakk\u0131nda bilmeniz gereken her \u015fey veya <a href=\"#requestform\">bizimle ileti\u015fime<\/a> ge\u00e7in!<\/h3>\n\n<h3 class=\"wp-block-heading\">SSS<\/h3>\n<div id=\"rank-math-faq\" class=\"rank-math-block\">\n<div class=\"rank-math-list \">\n<div id=\"faq-question-1685711138768\" class=\"rank-math-list-item\">\n<h3 class=\"rank-math-question \">Radyo frekans ile cilt s\u0131k\u0131la\u015ft\u0131rma nedir?<\/h3>\n<div class=\"rank-math-answer \">\n\n<p>Radyo frekans\u0131 (RF) donan\u0131m kozmetolojisi, cildin g\u00f6r\u00fcn\u00fcm\u00fcn\u00fc iyile\u015ftirmek ve \u00e7e\u015fitli endi\u015feleri gidermek i\u00e7in kozmetik tedavilerde ve prosed\u00fcrlerde radyofrekans enerjisinin kullan\u0131lmas\u0131 anlam\u0131na gelir.<\/p>\n\n<\/div>\n<\/div>\n<div id=\"faq-question-1685711176016\" class=\"rank-math-list-item\">\n<h3 class=\"rank-math-question \">Morpheus 8 nedir?<\/h3>\n<div class=\"rank-math-answer \">\n\n<p>Morpheus 8, kozmetik tedavilerde kullan\u0131lan \u00f6zel bir radyofrekans (RF) mikroi\u011fneleme cihaz\u0131 markas\u0131 ve t\u00fcr\u00fcd\u00fcr. \u00c7e\u015fitli cilt sorunlar\u0131n\u0131 ele almak ve cilt gen\u00e7le\u015ftirme sa\u011flamak i\u00e7in mikroi\u011fneleme ve radyofrekans teknolojisinin faydalar\u0131n\u0131 birle\u015ftirir.<\/p>\n\n<\/div>\n<\/div>\n<div id=\"faq-question-1685711190415\" class=\"rank-math-list-item\">\n<h3 class=\"rank-math-question \">Morpheus 8 buna de\u011fer mi?<\/h3>\n<div class=\"rank-math-answer \">\n\n<p>Evet, Morpheus8 \u00f6yle. Bir\u00e7ok ki\u015fi cilt gen\u00e7le\u015ftirme, k\u0131r\u0131\u015f\u0131kl\u0131k azaltma ve cilt s\u0131k\u0131la\u015ft\u0131rma a\u00e7\u0131s\u0131ndan olumlu sonu\u00e7lar elde etmi\u015ftir.<\/p>\n\n<\/div>\n<\/div>\n<\/div>\n<\/div>\n<h3 class=\"wp-block-heading\">Herhangi bir sorunuz olmas\u0131 durumunda hemen bizimle ileti\u015fime ge\u00e7in!<\/h3>\n\n<p><\/p>\n","protected":false},"excerpt":{"rendered":"<p>Doktorunuz, \u00f6zel ihtiya\u00e7lar\u0131n\u0131z i\u00e7in uygun radyo frekans\u0131 donan\u0131m kozmetolojisini se\u00e7ecektir. Son teknoloji \u00fcr\u00fcn\u00fc fraksiyone RF y\u00fcz germe tedavisidir. Radyofrekans darbeleri [&hellip;]<\/p>\n","protected":false},"author":4,"featured_media":161412,"parent":0,"menu_order":0,"comment_status":"closed","ping_status":"closed","template":"","meta":{"site-sidebar-layout":"default","site-content-layout":"","ast-site-content-layout":"default","site-content-style":"default","site-sidebar-style":"default","ast-global-header-display":"","ast-banner-title-visibility":"","ast-main-header-display":"","ast-hfb-above-header-display":"","ast-hfb-below-header-display":"","ast-hfb-mobile-header-display":"","site-post-title":"","ast-breadcrumbs-content":"","ast-featured-img":"","footer-sml-layout":"","ast-disable-related-posts":"","theme-transparent-header-meta":"","adv-header-id-meta":"","stick-header-meta":"","header-above-stick-meta":"","header-main-stick-meta":"","header-below-stick-meta":"","astra-migrate-meta-layouts":"default","ast-page-background-enabled":"default","ast-page-background-meta":{"desktop":{"background-color":"var(--ast-global-color-4)","background-image":"","background-repeat":"repeat","background-position":"center center","background-size":"auto","background-attachment":"scroll","background-type":"","background-media":"","overlay-type":"","overlay-color":"","overlay-opacity":"","overlay-gradient":""},"tablet":{"background-color":"","background-image":"","background-repeat":"repeat","background-position":"center center","background-size":"auto","background-attachment":"scroll","background-type":"","background-media":"","overlay-type":"","overlay-color":"","overlay-opacity":"","overlay-gradient":""},"mobile":{"background-color":"","background-image":"","background-repeat":"repeat","background-position":"center center","background-size":"auto","background-attachment":"scroll","background-type":"","background-media":"","overlay-type":"","overlay-color":"","overlay-opacity":"","overlay-gradient":""}},"ast-content-background-meta":{"desktop":{"background-color":"var(--ast-global-color-5)","background-image":"","background-repeat":"repeat","background-position":"center center","background-size":"auto","background-attachment":"scroll","background-type":"","background-media":"","overlay-type":"","overlay-color":"","overlay-opacity":"","overlay-gradient":""},"tablet":{"background-color":"var(--ast-global-color-5)","background-image":"","background-repeat":"repeat","background-position":"center center","background-size":"auto","background-attachment":"scroll","background-type":"","background-media":"","overlay-type":"","overlay-color":"","overlay-opacity":"","overlay-gradient":""},"mobile":{"background-color":"var(--ast-global-color-5)","background-image":"","background-repeat":"repeat","background-position":"center center","background-size":"auto","background-attachment":"scroll","background-type":"","background-media":"","overlay-type":"","overlay-color":"","overlay-opacity":"","overlay-gradient":""}},"footnotes":""},"class_list":["post-147842","page","type-page","status-publish","has-post-thumbnail","hentry"],"_links":{"self":[{"href":"https:\/\/medclinics.com\/tr\/wp-json\/wp\/v2\/pages\/147842","targetHints":{"allow":["GET"]}}],"collection":[{"href":"https:\/\/medclinics.com\/tr\/wp-json\/wp\/v2\/pages"}],"about":[{"href":"https:\/\/medclinics.com\/tr\/wp-json\/wp\/v2\/types\/page"}],"author":[{"embeddable":true,"href":"https:\/\/medclinics.com\/tr\/wp-json\/wp\/v2\/users\/4"}],"replies":[{"embeddable":true,"href":"https:\/\/medclinics.com\/tr\/wp-json\/wp\/v2\/comments?post=147842"}],"version-history":[{"count":0,"href":"https:\/\/medclinics.com\/tr\/wp-json\/wp\/v2\/pages\/147842\/revisions"}],"wp:featuredmedia":[{"embeddable":true,"href":"https:\/\/medclinics.com\/tr\/wp-json\/wp\/v2\/media\/161412"}],"wp:attachment":[{"href":"https:\/\/medclinics.com\/tr\/wp-json\/wp\/v2\/media?parent=147842"}],"curies":[{"name":"wp","href":"https:\/\/api.w.org\/{rel}","templated":true}]}}