{"id":147808,"date":"2023-06-02T11:33:08","date_gmt":"2023-06-02T08:33:08","guid":{"rendered":"https:\/\/medclinics.com\/mekanik-donanim-kozmetoloji\/"},"modified":"2024-04-14T23:03:34","modified_gmt":"2024-04-14T20:03:34","slug":"mekanik-donanim-kozmetoloji","status":"publish","type":"page","link":"https:\/\/medclinics.com\/tr\/mekanik-donanim-kozmetoloji\/","title":{"rendered":"Mekanik Donan\u0131m Kozmetoloji"},"content":{"rendered":"\n<h2 class=\"wp-block-heading\">\u00d6zel ihtiya\u00e7lar\u0131n\u0131z i\u00e7in mekanik donan\u0131m kozmetoloji teknikleri vard\u0131r.<\/h2>\n\n<ul class=\"wp-block-list\">\n<li><strong>Brossage<\/strong><br\/>Cildin \u00fcst tabakas\u0131n\u0131 temizleyen bir i\u015flemdir. D\u00f6nen nozullara sahip \u00f6zel bir otomatik cihaz kullan\u0131r. Kural olarak, bu t\u00fcr cihazlar bir ponza ta\u015f\u0131, bir s\u00fcnger ve do\u011fal k\u0131llardan, kau\u00e7uktan veya plastikten yap\u0131lm\u0131\u015f \u00e7e\u015fitli f\u0131r\u00e7alarla donat\u0131lm\u0131\u015ft\u0131r. \u0130\u015flem s\u0131ras\u0131nda \u00f6l\u00fc deri h\u00fccreleri cildin \u00fcst tabakas\u0131ndan uzakla\u015ft\u0131r\u0131l\u0131r ve ayn\u0131 zamanda bir masaj yap\u0131l\u0131r. Sadece kan dola\u015f\u0131m\u0131n\u0131 iyile\u015ftirmekle kalmaz, ayn\u0131 zamanda epidermisin yenilenmesini de uyar\u0131r.<\/li>\n\n\n\n<li><strong>Elmas mikrodermabrazyon (peeling)<\/strong><br\/>Cilt \u00fczerinde ciddi bir etki yaratmadan belirgin bir sonu\u00e7 elde etmenizi sa\u011flayan modern gen\u00e7le\u015ftirme y\u00f6ntemlerinden biridir. Bu prosed\u00fcr, epidermisin \u00fcst tabakas\u0131n\u0131 nazik\u00e7e kald\u0131ran ve epidermisi derinlemesine temizleyen \u00f6zel kaplamal\u0131 u\u00e7lar kullan\u0131larak ger\u00e7ekle\u015ftirilir.<\/li>\n<\/ul>\n\n<p><a href=\"https:\/\/medclinics.com\/tr\/istanbul-turkiyede-dermatoloji-en-iyi-dermatologlar-fiyatlar-klinikler\/\" target=\"_blank\" data-type=\"post\" data-id=\"146967\" rel=\"noreferrer noopener\">Mikrodermabrazyon<\/a>, her biri k\u00fc\u00e7\u00fck elmas tozu kristalleri ile kapl\u0131 nozullara sahip \u00f6zel bir makinede ger\u00e7ekle\u015ftirilir. Cildin durumuna ba\u011fl\u0131 olarak gerekli a\u015f\u0131nd\u0131rma derecesine sahip nozul se\u00e7ilir. Ek olarak, i\u015flem s\u0131ras\u0131nda cilt vakuma maruz kal\u0131r, bu da dokulardaki kan dola\u015f\u0131m\u0131n\u0131 ve metabolik s\u00fcre\u00e7leri iyile\u015ftirir.<\/p>\n\n<figure class=\"wp-block-image size-full\"><img fetchpriority=\"high\" decoding=\"async\" width=\"780\" height=\"488\" src=\"https:\/\/medclinics.com\/wp-content\/uploads\/2024\/04\/mechanical-hardware-cosmetology-beauty-salon.jpg\" alt=\"\" class=\"wp-image-161671\" srcset=\"https:\/\/medclinics.com\/wp-content\/uploads\/2024\/04\/mechanical-hardware-cosmetology-beauty-salon.jpg 780w, https:\/\/medclinics.com\/wp-content\/uploads\/2024\/04\/mechanical-hardware-cosmetology-beauty-salon-300x188.jpg 300w, https:\/\/medclinics.com\/wp-content\/uploads\/2024\/04\/mechanical-hardware-cosmetology-beauty-salon-768x480.jpg 768w\" sizes=\"(max-width: 780px) 100vw, 780px\" \/><\/figure>\n\n<h3 class=\"wp-block-heading\"><a href=\"https:\/\/medclinics.com\/tr\/donanim-kozmetolojisi\/\" target=\"_blank\" rel=\"noreferrer noopener\">Donan\u0131m kozmetolojisi<\/a> hakk\u0131nda her \u015fey dahil bilmeniz gereken her \u015fey veya <a href=\"#requestform\">bizimle ileti\u015fime<\/a> ge\u00e7in!<\/h3>\n\n<h3 class=\"wp-block-heading\">SSS<\/h3>\n<div id=\"rank-math-faq\" class=\"rank-math-block\">\n<div class=\"rank-math-list \">\n<div id=\"faq-question-1685704851192\" class=\"rank-math-list-item\">\n<h3 class=\"rank-math-question \">Mekanik kozmetoloji t\u00fcrleri nelerdir?<\/h3>\n<div class=\"rank-math-answer \">\n\n<p>Brossage ve Diamond mikrodermabrazyon bunun \u00e7e\u015fitleridir.<\/p>\n\n<\/div>\n<\/div>\n<div id=\"faq-question-1685704902606\" class=\"rank-math-list-item\">\n<h3 class=\"rank-math-question \">Brossage nedir?<\/h3>\n<div class=\"rank-math-answer \">\n\n<p>Yumu\u015fak k\u0131ll\u0131 bir f\u0131r\u00e7a ile nazik f\u0131r\u00e7alama hareketlerinin kullan\u0131ld\u0131\u011f\u0131 bir y\u00fcz masaj\u0131 tekni\u011fini ifade edebilir.<\/p>\n\n<\/div>\n<\/div>\n<div id=\"faq-question-1685704916566\" class=\"rank-math-list-item\">\n<h3 class=\"rank-math-question \">Mikrodermabrazyon nedir?<\/h3>\n<div class=\"rank-math-answer \">\n\n<p>Elmas u\u00e7lu \u00e7ubuk \u00f6l\u00fc cilt h\u00fccrelerini nazik\u00e7e temizler ve kolajen \u00fcretimini uyar\u0131r. Cilt dokusunda iyile\u015fme ve daha gen\u00e7 bir g\u00f6r\u00fcn\u00fcm sa\u011flar.<\/p>\n\n<\/div>\n<\/div>\n<\/div>\n<\/div>\n<p><\/p>\n\n<h3 class=\"wp-block-heading\">Herhangi bir sorunuz olmas\u0131 durumunda hemen bizimle ileti\u015fime ge\u00e7in!<\/h3>\n","protected":false},"excerpt":{"rendered":"<p>\u00d6zel ihtiya\u00e7lar\u0131n\u0131z i\u00e7in mekanik donan\u0131m kozmetoloji teknikleri vard\u0131r. Mikrodermabrazyon, her biri k\u00fc\u00e7\u00fck elmas tozu kristalleri ile kapl\u0131 nozullara sahip \u00f6zel [&hellip;]<\/p>\n","protected":false},"author":4,"featured_media":161677,"parent":0,"menu_order":0,"comment_status":"closed","ping_status":"closed","template":"","meta":{"site-sidebar-layout":"default","site-content-layout":"","ast-site-content-layout":"default","site-content-style":"default","site-sidebar-style":"default","ast-global-header-display":"","ast-banner-title-visibility":"","ast-main-header-display":"","ast-hfb-above-header-display":"","ast-hfb-below-header-display":"","ast-hfb-mobile-header-display":"","site-post-title":"","ast-breadcrumbs-content":"","ast-featured-img":"","footer-sml-layout":"","ast-disable-related-posts":"","theme-transparent-header-meta":"","adv-header-id-meta":"","stick-header-meta":"","header-above-stick-meta":"","header-main-stick-meta":"","header-below-stick-meta":"","astra-migrate-meta-layouts":"default","ast-page-background-enabled":"default","ast-page-background-meta":{"desktop":{"background-color":"var(--ast-global-color-4)","background-image":"","background-repeat":"repeat","background-position":"center center","background-size":"auto","background-attachment":"scroll","background-type":"","background-media":"","overlay-type":"","overlay-color":"","overlay-opacity":"","overlay-gradient":""},"tablet":{"background-color":"","background-image":"","background-repeat":"repeat","background-position":"center center","background-size":"auto","background-attachment":"scroll","background-type":"","background-media":"","overlay-type":"","overlay-color":"","overlay-opacity":"","overlay-gradient":""},"mobile":{"background-color":"","background-image":"","background-repeat":"repeat","background-position":"center center","background-size":"auto","background-attachment":"scroll","background-type":"","background-media":"","overlay-type":"","overlay-color":"","overlay-opacity":"","overlay-gradient":""}},"ast-content-background-meta":{"desktop":{"background-color":"var(--ast-global-color-5)","background-image":"","background-repeat":"repeat","background-position":"center center","background-size":"auto","background-attachment":"scroll","background-type":"","background-media":"","overlay-type":"","overlay-color":"","overlay-opacity":"","overlay-gradient":""},"tablet":{"background-color":"var(--ast-global-color-5)","background-image":"","background-repeat":"repeat","background-position":"center center","background-size":"auto","background-attachment":"scroll","background-type":"","background-media":"","overlay-type":"","overlay-color":"","overlay-opacity":"","overlay-gradient":""},"mobile":{"background-color":"var(--ast-global-color-5)","background-image":"","background-repeat":"repeat","background-position":"center center","background-size":"auto","background-attachment":"scroll","background-type":"","background-media":"","overlay-type":"","overlay-color":"","overlay-opacity":"","overlay-gradient":""}},"footnotes":""},"class_list":["post-147808","page","type-page","status-publish","has-post-thumbnail","hentry"],"_links":{"self":[{"href":"https:\/\/medclinics.com\/tr\/wp-json\/wp\/v2\/pages\/147808","targetHints":{"allow":["GET"]}}],"collection":[{"href":"https:\/\/medclinics.com\/tr\/wp-json\/wp\/v2\/pages"}],"about":[{"href":"https:\/\/medclinics.com\/tr\/wp-json\/wp\/v2\/types\/page"}],"author":[{"embeddable":true,"href":"https:\/\/medclinics.com\/tr\/wp-json\/wp\/v2\/users\/4"}],"replies":[{"embeddable":true,"href":"https:\/\/medclinics.com\/tr\/wp-json\/wp\/v2\/comments?post=147808"}],"version-history":[{"count":0,"href":"https:\/\/medclinics.com\/tr\/wp-json\/wp\/v2\/pages\/147808\/revisions"}],"wp:featuredmedia":[{"embeddable":true,"href":"https:\/\/medclinics.com\/tr\/wp-json\/wp\/v2\/media\/161677"}],"wp:attachment":[{"href":"https:\/\/medclinics.com\/tr\/wp-json\/wp\/v2\/media?parent=147808"}],"curies":[{"name":"wp","href":"https:\/\/api.w.org\/{rel}","templated":true}]}}