{"id":147796,"date":"2023-06-02T11:57:44","date_gmt":"2023-06-02T08:57:44","guid":{"rendered":"https:\/\/medclinics.com\/vakum-donanimi-kozmetoloji\/"},"modified":"2024-04-14T23:03:35","modified_gmt":"2024-04-14T20:03:35","slug":"vakum-donanimi-kozmetoloji","status":"publish","type":"page","link":"https:\/\/medclinics.com\/tr\/vakum-donanimi-kozmetoloji\/","title":{"rendered":"Vakum Donan\u0131m\u0131 Kozmetoloji"},"content":{"rendered":"\n<h2 class=\"wp-block-heading\">\u0130stekleriniz i\u00e7in vakum donan\u0131m kozmetolojisi t\u00fcrleri vard\u0131r.<\/h2>\n\n<ul class=\"wp-block-list\">\n<li><strong>Vakum masaj\u0131<\/strong><br\/>Sel\u00fclit, a\u015f\u0131r\u0131 ya\u011f birikimi, \u015fi\u015flik ve cilt gev\u015fekli\u011finin azalt\u0131lmas\u0131nda etkili olan makine destekli bir v\u00fccut \u015fekillendirme y\u00f6ntemidir. Cildin elastikiyetini ve s\u0131k\u0131l\u0131\u011f\u0131n\u0131 \u00f6nemli \u00f6l\u00e7\u00fcde art\u0131r\u0131r. \u00c7al\u0131\u015fma s\u0131ras\u0131nda, pn\u00f6matik masaj ba\u015fl\u0131klar\u0131nda bir vakum olu\u015fturulur, bu da bir emme etkisi yarat\u0131r ve cildi s\u0131k\u0131la\u015ft\u0131r\u0131r.<br\/>Bu, daha derin dokular \u00fczerinde <a href=\"https:\/\/en.wikipedia.org\/wiki\/Massage\" target=\"_blank\" rel=\"noreferrer noopener\">manuel masaj<\/a> gibi di\u011fer y\u00f6ntemlerle elde edilemeyen mekanik bir etki sa\u011flar. Etkisi, tedavi edilecek b\u00f6lgedeki kan ve lenfatik dola\u015f\u0131m\u0131 iyile\u015ftirmektir. Vakum masaj\u0131, sorunlu b\u00f6lgelere taze, oksijenli kan ak\u0131\u015f\u0131na yard\u0131mc\u0131 olur ve ayn\u0131 zamanda ven\u00f6z kan ve lenf \u00e7\u0131k\u0131\u015f\u0131n\u0131 te\u015fvik eder.<\/li>\n\n\n\n<li><strong>Y\u00fcz vakum temizli\u011fi<\/strong><br\/>Vakum cihaz\u0131 kullan\u0131larak ger\u00e7ekle\u015ftirilen makine tabanl\u0131 bir y\u00fcz temizleme prosed\u00fcr\u00fcd\u00fcr. Prosed\u00fcr, manuel y\u00fcz bak\u0131m\u0131 ile tamamen ayn\u0131d\u0131r, ancak temizlik, \u00f6zel bir nozuldan havay\u0131 zorlayarak negatif bas\u0131n\u00e7 alt\u0131nda ger\u00e7ekle\u015ftirilir. Vakumlu y\u00fcz bak\u0131m\u0131n\u0131n avantaj\u0131, manuel y\u00fcz bak\u0131m\u0131na k\u0131yasla tamamen a\u011fr\u0131s\u0131z olmas\u0131d\u0131r, ancak dezavantaj\u0131 vakum tedavisinin olduk\u00e7a y\u00fczeysel olmas\u0131d\u0131r.<\/li>\n<\/ul>\n\n<figure class=\"wp-block-image size-full\"><img fetchpriority=\"high\" decoding=\"async\" width=\"780\" height=\"488\" src=\"https:\/\/medclinics.com\/wp-content\/uploads\/2024\/04\/vacuum-hardware-cosmetology-beauty-salon-istanbul.jpg\" alt=\"vakum-donan&#x131;m-kozmetoloji-g&#xFC;zellik salonu--istanbul\" class=\"wp-image-161605\" srcset=\"https:\/\/medclinics.com\/wp-content\/uploads\/2024\/04\/vacuum-hardware-cosmetology-beauty-salon-istanbul.jpg 780w, https:\/\/medclinics.com\/wp-content\/uploads\/2024\/04\/vacuum-hardware-cosmetology-beauty-salon-istanbul-300x188.jpg 300w, https:\/\/medclinics.com\/wp-content\/uploads\/2024\/04\/vacuum-hardware-cosmetology-beauty-salon-istanbul-768x480.jpg 768w\" sizes=\"(max-width: 780px) 100vw, 780px\" \/><\/figure>\n\n<h3 class=\"wp-block-heading\">Fiyat da dahil olmak \u00fczere <a href=\"https:\/\/medclinics.com\/tr\/donanim-kozmetolojisi\/\" target=\"_blank\" rel=\"noreferrer noopener\">donan\u0131m kozmetolojisi<\/a> hakk\u0131nda bilmeniz gereken her \u015fey veya <a href=\"#requestform\">bizimle ileti\u015fime<\/a> ge\u00e7in!<\/h3>\n\n<h2 class=\"wp-block-heading\">SSS  <\/h2>\n<div id=\"rank-math-faq\" class=\"rank-math-block\">\n<div class=\"rank-math-list \">\n<div id=\"faq-question-1685706393946\" class=\"rank-math-list-item\">\n<h3 class=\"rank-math-question \">Vakum donan\u0131m kozmetolojisi nedir?<\/h3>\n<div class=\"rank-math-answer \">\n\n<p>Cildi ve alttaki dokular\u0131 uyarmak i\u00e7in emme cihazlar\u0131n\u0131 kullanan kozmetik prosed\u00fcrleri ifade eder.<\/p>\n\n<\/div>\n<\/div>\n<div id=\"faq-question-1685706396940\" class=\"rank-math-list-item\">\n<h3 class=\"rank-math-question \">Vakum masaj\u0131 nedir?<\/h3>\n<div class=\"rank-math-answer \">\n\n<p>Emme masaj\u0131 veya kupa masaj\u0131 olarak da bilinen bu teknik, vakum etkisi yaratmak i\u00e7in cilt \u00fczerinde vantuzlar\u0131n kullan\u0131lmas\u0131n\u0131 i\u00e7eren tedavi edici bir tekniktir.<\/p>\n\n<\/div>\n<\/div>\n<div id=\"faq-question-1685706397946\" class=\"rank-math-list-item\">\n<h3 class=\"rank-math-question \">Y\u00fcz vakum temizli\u011fi nedir?<\/h3>\n<div class=\"rank-math-answer \">\n\n<p>G\u00f6zenek temizli\u011fi olarak da bilinen bu teknik, cildin g\u00f6zeneklerindeki kir, ya\u011f ve kal\u0131nt\u0131 gibi kirleri temizlemek i\u00e7in bir emme cihaz\u0131 kullanan bir cilt bak\u0131m tekni\u011fidir.<\/p>\n\n<\/div>\n<\/div>\n<\/div>\n<\/div>\n<p><\/p>\n\n<h3 class=\"wp-block-heading\">Herhangi bir sorunuz olmas\u0131 durumunda hemen bizimle ileti\u015fime ge\u00e7in!<\/h3>\n","protected":false},"excerpt":{"rendered":"<p>\u0130stekleriniz i\u00e7in vakum donan\u0131m kozmetolojisi t\u00fcrleri vard\u0131r. Fiyat da dahil olmak \u00fczere donan\u0131m kozmetolojisi hakk\u0131nda bilmeniz gereken her \u015fey veya [&hellip;]<\/p>\n","protected":false},"author":4,"featured_media":161611,"parent":0,"menu_order":0,"comment_status":"closed","ping_status":"closed","template":"","meta":{"site-sidebar-layout":"default","site-content-layout":"","ast-site-content-layout":"default","site-content-style":"default","site-sidebar-style":"default","ast-global-header-display":"","ast-banner-title-visibility":"","ast-main-header-display":"","ast-hfb-above-header-display":"","ast-hfb-below-header-display":"","ast-hfb-mobile-header-display":"","site-post-title":"","ast-breadcrumbs-content":"","ast-featured-img":"","footer-sml-layout":"","ast-disable-related-posts":"","theme-transparent-header-meta":"","adv-header-id-meta":"","stick-header-meta":"","header-above-stick-meta":"","header-main-stick-meta":"","header-below-stick-meta":"","astra-migrate-meta-layouts":"default","ast-page-background-enabled":"default","ast-page-background-meta":{"desktop":{"background-color":"var(--ast-global-color-4)","background-image":"","background-repeat":"repeat","background-position":"center center","background-size":"auto","background-attachment":"scroll","background-type":"","background-media":"","overlay-type":"","overlay-color":"","overlay-opacity":"","overlay-gradient":""},"tablet":{"background-color":"","background-image":"","background-repeat":"repeat","background-position":"center center","background-size":"auto","background-attachment":"scroll","background-type":"","background-media":"","overlay-type":"","overlay-color":"","overlay-opacity":"","overlay-gradient":""},"mobile":{"background-color":"","background-image":"","background-repeat":"repeat","background-position":"center center","background-size":"auto","background-attachment":"scroll","background-type":"","background-media":"","overlay-type":"","overlay-color":"","overlay-opacity":"","overlay-gradient":""}},"ast-content-background-meta":{"desktop":{"background-color":"var(--ast-global-color-5)","background-image":"","background-repeat":"repeat","background-position":"center center","background-size":"auto","background-attachment":"scroll","background-type":"","background-media":"","overlay-type":"","overlay-color":"","overlay-opacity":"","overlay-gradient":""},"tablet":{"background-color":"var(--ast-global-color-5)","background-image":"","background-repeat":"repeat","background-position":"center center","background-size":"auto","background-attachment":"scroll","background-type":"","background-media":"","overlay-type":"","overlay-color":"","overlay-opacity":"","overlay-gradient":""},"mobile":{"background-color":"var(--ast-global-color-5)","background-image":"","background-repeat":"repeat","background-position":"center center","background-size":"auto","background-attachment":"scroll","background-type":"","background-media":"","overlay-type":"","overlay-color":"","overlay-opacity":"","overlay-gradient":""}},"footnotes":""},"class_list":["post-147796","page","type-page","status-publish","has-post-thumbnail","hentry"],"_links":{"self":[{"href":"https:\/\/medclinics.com\/tr\/wp-json\/wp\/v2\/pages\/147796","targetHints":{"allow":["GET"]}}],"collection":[{"href":"https:\/\/medclinics.com\/tr\/wp-json\/wp\/v2\/pages"}],"about":[{"href":"https:\/\/medclinics.com\/tr\/wp-json\/wp\/v2\/types\/page"}],"author":[{"embeddable":true,"href":"https:\/\/medclinics.com\/tr\/wp-json\/wp\/v2\/users\/4"}],"replies":[{"embeddable":true,"href":"https:\/\/medclinics.com\/tr\/wp-json\/wp\/v2\/comments?post=147796"}],"version-history":[{"count":0,"href":"https:\/\/medclinics.com\/tr\/wp-json\/wp\/v2\/pages\/147796\/revisions"}],"wp:featuredmedia":[{"embeddable":true,"href":"https:\/\/medclinics.com\/tr\/wp-json\/wp\/v2\/media\/161611"}],"wp:attachment":[{"href":"https:\/\/medclinics.com\/tr\/wp-json\/wp\/v2\/media?parent=147796"}],"curies":[{"name":"wp","href":"https:\/\/api.w.org\/{rel}","templated":true}]}}