{"id":147786,"date":"2023-06-02T12:22:00","date_gmt":"2023-06-02T09:22:00","guid":{"rendered":"https:\/\/medclinics.com\/ultrasonik-donanim-kozmetoloji\/"},"modified":"2024-04-04T19:31:10","modified_gmt":"2024-04-04T16:31:10","slug":"ultrasonik-donanim-kozmetoloji","status":"publish","type":"page","link":"https:\/\/medclinics.com\/tr\/ultrasonik-donanim-kozmetoloji\/","title":{"rendered":"Ultrasonik Donan\u0131m Kozmetoloji"},"content":{"rendered":"\n<h2 class=\"wp-block-heading\">Ultrasonik donan\u0131m kozmetolojisi birka\u00e7 t\u00fcre ayr\u0131l\u0131r.<\/h2>\n\n<ul class=\"wp-block-list\">\n<li><strong>Ultrasonik temizlik<\/strong><\/li>\n<\/ul>\n\n<p>Y\u00fcksek frekansl\u0131 ultrason dalgalar\u0131 kullanan bir makine temizleme prosed\u00fcr\u00fcd\u00fcr. G\u00fcn\u00fcm\u00fczde ultrason, cildi temizlemenin en g\u00fcvenli, en etkili ve pop\u00fcler y\u00f6ntemlerinden biridir. Y\u00fcz\u00fcn yan\u0131 s\u0131ra dekolte b\u00f6lgesi, s\u0131rt ve boyun gibi v\u00fccudun di\u011fer b\u00f6lgelerinde de kullan\u0131labilir. Ultrason temizli\u011finin etkinli\u011fi, ultrason dalgalar\u0131n\u0131n cildin derinliklerine n\u00fcfuz etme kabiliyetinden kaynaklanmaktad\u0131r. Mikro masaj yaparak kirleri yumu\u015fat\u0131r ve y\u00fczeye \u00e7\u0131kar\u0131r.<\/p>\n\n<ul class=\"wp-block-list\">\n<li><strong>Ultrason masaj\u0131<\/strong><\/li>\n<\/ul>\n\n<p>Belirli bir uzunlukta ultrason dalgalar\u0131 uygulayan <a href=\"https:\/\/en.wikipedia.org\/wiki\/Therapeutic_ultrasound\" target=\"_blank\" rel=\"noreferrer noopener\">fizyoterapik bir masaj<\/a> tekni\u011fidir. Tedavinin g\u00fcc\u00fc, tedavi edilecek b\u00f6lgeye ve sorunun niteli\u011fine ba\u011fl\u0131d\u0131r ve doktor taraf\u0131ndan d\u00fczenlenir. Ultrasonik v\u00fccut masaj\u0131 kan ve lenfatik sistemi uyar\u0131r, doku metabolizmas\u0131n\u0131 art\u0131r\u0131r, h\u00fccreleri oksijenlendirir ve \u015fi\u015fli\u011fi azalt\u0131r. Tedavinin etkinli\u011fi, belirtilen sorunlar\u0131 (yara izleri, \u00e7atlaklar, yara izi, sel\u00fclit, lifli kitleler, gev\u015fek veya sarkm\u0131\u015f cilt, \u015fi\u015flik) ele alan kozmetik \u00fcr\u00fcnlerin e\u015fzamanl\u0131 kullan\u0131m\u0131 ile art\u0131r\u0131l\u0131r.<\/p>\n\n<ul class=\"wp-block-list\">\n<li><strong>Fonoforez<\/strong><\/li>\n<\/ul>\n\n<p>Bu (sonoforez veya ultra-fonoforez), ila\u00e7 kullan\u0131m\u0131 ile ultrasonik y\u00fcksek frekansl\u0131 dalgalara maruz kalmay\u0131 birle\u015ftiren bir fizyoterapi y\u00f6ntemidir. Bu, geli\u015fmi\u015f bir etki sa\u011flar: hem ilac\u0131n aktif bile\u015fenleri hem de ultrasonik dalgalar\u0131n kendisi \u00e7al\u0131\u015f\u0131r. Ultrason cihaz\u0131 hastan\u0131n cildine dokundu\u011funda titre\u015fimler yarat\u0131l\u0131r, mekanik enerji termal enerjiye d\u00f6n\u00fc\u015ft\u00fcr\u00fcl\u00fcr ve rejeneratif s\u00fcre\u00e7ler uyar\u0131l\u0131r. Ultrason fonoforezi i\u00e7in preparat se\u00e7imi ki\u015fiye \u00f6zeldir: doktor endikasyona ba\u011fl\u0131 olarak \u00fcr\u00fcn\u00fc, dozu ve tedavi s\u00fcresini se\u00e7er. Hem kozmetolojide (yara izi tedavisi) hem de t\u0131pta (intervertebral f\u0131t\u0131k, artrit vb. tedavisi) kullan\u0131l\u0131r.<\/p>\n\n<h3 class=\"wp-block-heading\">Fiyat, bak\u0131m ve daha fazlas\u0131 dahil olmak \u00fczere <a href=\"https:\/\/medclinics.com\/tr\/donanim-kozmetolojisi\/\" target=\"_blank\" rel=\"noreferrer noopener\">donan\u0131m kozmetolojisi<\/a> hakk\u0131nda bilmeniz gereken her \u015fey veya <a href=\"#requestform\">bizimle ileti\u015fime<\/a> ge\u00e7in!<\/h3>\n\n<h2 class=\"wp-block-heading\">SSS <\/h2>\n<div id=\"rank-math-faq\" class=\"rank-math-block\">\n<div class=\"rank-math-list \">\n<div id=\"faq-question-1685707412021\" class=\"rank-math-list-item\">\n<h3 class=\"rank-math-question \">Ultrasonik donan\u0131m kozmetolojisi nedir?<\/h3>\n<div class=\"rank-math-answer \">\n\n<p>Ultrasonik donan\u0131m kozmetolojisi, kozmetik tedavilerde ve prosed\u00fcrlerde ultrasonik teknolojinin kullan\u0131m\u0131n\u0131 ifade eder. Kozmetoloji ba\u011flam\u0131nda bu cihazlar derinlemesine temizlik, peeling, cilt s\u0131k\u0131la\u015ft\u0131rma ve \u00fcr\u00fcn penetrasyonunu art\u0131rma gibi \u00e7e\u015fitli ama\u00e7lar i\u00e7in kullan\u0131lmaktad\u0131r.<\/p>\n\n<\/div>\n<\/div>\n<div id=\"faq-question-1685707434177\" class=\"rank-math-list-item\">\n<h3 class=\"rank-math-question \">Ultrasonik donan\u0131m kozmetoloji t\u00fcrleri nelerdir?<\/h3>\n<div class=\"rank-math-answer \">\n\n<p>Ultrasonik donan\u0131m kozmetolojisi t\u00fcrleri ultrasonik temizlik, ultrason masaj\u0131, fonoforezdir.<\/p>\n\n<\/div>\n<\/div>\n<\/div>\n<\/div>\n<p><\/p>\n\n<h3 class=\"wp-block-heading\">Herhangi bir sorunuz olmas\u0131 durumunda hemen bizimle ileti\u015fime ge\u00e7in!<\/h3>\n","protected":false},"excerpt":{"rendered":"<p>Ultrasonik donan\u0131m kozmetolojisi birka\u00e7 t\u00fcre ayr\u0131l\u0131r. Y\u00fcksek frekansl\u0131 ultrason dalgalar\u0131 kullanan bir makine temizleme prosed\u00fcr\u00fcd\u00fcr. G\u00fcn\u00fcm\u00fczde ultrason, cildi temizlemenin en [&hellip;]<\/p>\n","protected":false},"author":4,"featured_media":93475,"parent":0,"menu_order":0,"comment_status":"closed","ping_status":"closed","template":"","meta":{"site-sidebar-layout":"default","site-content-layout":"","ast-site-content-layout":"default","site-content-style":"default","site-sidebar-style":"default","ast-global-header-display":"","ast-banner-title-visibility":"","ast-main-header-display":"","ast-hfb-above-header-display":"","ast-hfb-below-header-display":"","ast-hfb-mobile-header-display":"","site-post-title":"","ast-breadcrumbs-content":"","ast-featured-img":"","footer-sml-layout":"","ast-disable-related-posts":"","theme-transparent-header-meta":"","adv-header-id-meta":"","stick-header-meta":"","header-above-stick-meta":"","header-main-stick-meta":"","header-below-stick-meta":"","astra-migrate-meta-layouts":"default","ast-page-background-enabled":"default","ast-page-background-meta":{"desktop":{"background-color":"var(--ast-global-color-4)","background-image":"","background-repeat":"repeat","background-position":"center center","background-size":"auto","background-attachment":"scroll","background-type":"","background-media":"","overlay-type":"","overlay-color":"","overlay-opacity":"","overlay-gradient":""},"tablet":{"background-color":"","background-image":"","background-repeat":"repeat","background-position":"center center","background-size":"auto","background-attachment":"scroll","background-type":"","background-media":"","overlay-type":"","overlay-color":"","overlay-opacity":"","overlay-gradient":""},"mobile":{"background-color":"","background-image":"","background-repeat":"repeat","background-position":"center center","background-size":"auto","background-attachment":"scroll","background-type":"","background-media":"","overlay-type":"","overlay-color":"","overlay-opacity":"","overlay-gradient":""}},"ast-content-background-meta":{"desktop":{"background-color":"var(--ast-global-color-5)","background-image":"","background-repeat":"repeat","background-position":"center center","background-size":"auto","background-attachment":"scroll","background-type":"","background-media":"","overlay-type":"","overlay-color":"","overlay-opacity":"","overlay-gradient":""},"tablet":{"background-color":"var(--ast-global-color-5)","background-image":"","background-repeat":"repeat","background-position":"center center","background-size":"auto","background-attachment":"scroll","background-type":"","background-media":"","overlay-type":"","overlay-color":"","overlay-opacity":"","overlay-gradient":""},"mobile":{"background-color":"var(--ast-global-color-5)","background-image":"","background-repeat":"repeat","background-position":"center center","background-size":"auto","background-attachment":"scroll","background-type":"","background-media":"","overlay-type":"","overlay-color":"","overlay-opacity":"","overlay-gradient":""}},"footnotes":""},"class_list":["post-147786","page","type-page","status-publish","has-post-thumbnail","hentry"],"_links":{"self":[{"href":"https:\/\/medclinics.com\/tr\/wp-json\/wp\/v2\/pages\/147786","targetHints":{"allow":["GET"]}}],"collection":[{"href":"https:\/\/medclinics.com\/tr\/wp-json\/wp\/v2\/pages"}],"about":[{"href":"https:\/\/medclinics.com\/tr\/wp-json\/wp\/v2\/types\/page"}],"author":[{"embeddable":true,"href":"https:\/\/medclinics.com\/tr\/wp-json\/wp\/v2\/users\/4"}],"replies":[{"embeddable":true,"href":"https:\/\/medclinics.com\/tr\/wp-json\/wp\/v2\/comments?post=147786"}],"version-history":[{"count":0,"href":"https:\/\/medclinics.com\/tr\/wp-json\/wp\/v2\/pages\/147786\/revisions"}],"wp:featuredmedia":[{"embeddable":true,"href":"https:\/\/medclinics.com\/tr\/wp-json\/wp\/v2\/media\/93475"}],"wp:attachment":[{"href":"https:\/\/medclinics.com\/tr\/wp-json\/wp\/v2\/media?parent=147786"}],"curies":[{"name":"wp","href":"https:\/\/api.w.org\/{rel}","templated":true}]}}