{"id":147740,"date":"2023-06-02T13:41:02","date_gmt":"2023-06-02T10:41:02","guid":{"rendered":"https:\/\/medclinics.com\/ozon-terapisi\/"},"modified":"2024-04-14T23:03:34","modified_gmt":"2024-04-14T20:03:34","slug":"ozon-terapisi","status":"publish","type":"page","link":"https:\/\/medclinics.com\/tr\/ozon-terapisi\/","title":{"rendered":"Ozon Terapisi"},"content":{"rendered":"\n<h2 class=\"wp-block-heading\">Doktorunuz, uygun tedavinin ozon tedavisi olmas\u0131 halinde bunu se\u00e7ecektir.<\/h2>\n\n<p>Ozon terapisi, dokular\u0131 oksijenle doyuran, ba\u011f\u0131\u015f\u0131kl\u0131k sistemini g\u00fc\u00e7lendiren, v\u00fccudun savunma mekanizmalar\u0131n\u0131 harekete ge\u00e7iren, metabolizmay\u0131 iyile\u015ftiren ve a\u011fr\u0131y\u0131 hafifleten fizyoterap\u00f6tik bir prosed\u00fcrd\u00fcr. Diyabet, ast\u0131m, eklem ve s\u0131rt rahats\u0131zl\u0131klar\u0131n\u0131 giderir.  <\/p>\n\n<p>Mevsimsel viral hastal\u0131klar\u0131n \u00f6nlenmesine yard\u0131mc\u0131 olur. Dezenfektan olarak haricen, eklemlere ve deri alt\u0131 dokuya saf halde enjekte edilerek ve tuzlu su ve\/veya hastan\u0131n kan\u0131yla kar\u0131\u015ft\u0131r\u0131larak kan dola\u015f\u0131m\u0131na dahil edilerek kullan\u0131l\u0131r.  <\/p>\n\n<p>Kozmetolojide yayg\u0131n olarak kullan\u0131l\u0131r. Ama\u00e7, ciltteki \u00e7atlaklar\u0131n tedavisi, y\u00fczdeki k\u0131r\u0131\u015f\u0131kl\u0131klar\u0131n azalt\u0131lmas\u0131, sorunlu cildin tedavisi, sel\u00fclit veya fazla ya\u011f\u0131n giderilmesi olabilir.<\/p>\n\n<figure class=\"wp-block-image size-full\"><img fetchpriority=\"high\" decoding=\"async\" width=\"780\" height=\"488\" src=\"https:\/\/medclinics.com\/wp-content\/uploads\/2024\/04\/ozone-therapy-treatmen-beauty-salon.jpg\" alt=\"ozon-terapi-tedavi-g&#xFC;zellik-salonu &#x130;stanbul\" class=\"wp-image-161255\" srcset=\"https:\/\/medclinics.com\/wp-content\/uploads\/2024\/04\/ozone-therapy-treatmen-beauty-salon.jpg 780w, https:\/\/medclinics.com\/wp-content\/uploads\/2024\/04\/ozone-therapy-treatmen-beauty-salon-300x188.jpg 300w, https:\/\/medclinics.com\/wp-content\/uploads\/2024\/04\/ozone-therapy-treatmen-beauty-salon-768x480.jpg 768w\" sizes=\"(max-width: 780px) 100vw, 780px\" \/><\/figure>\n\n<h3 class=\"wp-block-heading\">Bak\u0131m sonras\u0131 s\u00fcre\u00e7 ve daha fazlas\u0131 dahil olmak \u00fczere <a href=\"https:\/\/medclinics.com\/tr\/donanim-kozmetolojisi\/\" target=\"_blank\" rel=\"noreferrer noopener\">donan\u0131m kozmetolojisi<\/a> hakk\u0131nda bilmeniz gereken her \u015fey veya <a href=\"#requestform\">bizimle ileti\u015fime<\/a> ge\u00e7in!<\/h3>\n\n<h3 class=\"wp-block-heading\">SSS<\/h3>\n<div id=\"rank-math-faq\" class=\"rank-math-block\">\n<div class=\"rank-math-list \">\n<div id=\"faq-question-1685712036238\" class=\"rank-math-list-item\">\n<h3 class=\"rank-math-question \">Ozon tedavisi nedir?<\/h3>\n<div class=\"rank-math-answer \">\n\n<p><a href=\"\/\/en.wikipedia.org\/wiki\/Ozone_therapyu0022\">Ozon tedavisi<\/a>, \u00e7e\u015fitli terap\u00f6tik etkileri te\u015fvik etmek i\u00e7in v\u00fccuda ozon gaz\u0131 verilmesini i\u00e7eren t\u0131bbi bir tedavidir. Oksijen kullan\u0131m\u0131n\u0131 iyile\u015ftirdi\u011fine, dola\u015f\u0131m\u0131 art\u0131rd\u0131\u011f\u0131na, ba\u011f\u0131\u015f\u0131kl\u0131k sistemini g\u00fc\u00e7lendirdi\u011fine ve h\u00fccresel i\u015flevi uyard\u0131\u011f\u0131na inan\u0131lmaktad\u0131r.<\/p>\n\n<\/div>\n<\/div>\n<div id=\"faq-question-1685712060848\" class=\"rank-math-list-item\">\n<h3 class=\"rank-math-question \">Ozon tedavisi ne i\u00e7in kullan\u0131l\u0131r?<\/h3>\n<div class=\"rank-math-answer \">\n\n<p>Sa\u011fl\u0131k alan\u0131nda \u00e7e\u015fitli ama\u00e7lar i\u00e7in kullan\u0131lmaktad\u0131r. Bunlar aras\u0131nda yara iyile\u015fmesi, enfeksiyonlar, a\u011fr\u0131 y\u00f6netimi, ba\u011f\u0131\u015f\u0131kl\u0131k sistemi deste\u011fi, kronik hastal\u0131klar ve di\u015f hekimli\u011fi uygulamalar\u0131 yer almaktad\u0131r.<\/p>\n\n<\/div>\n<\/div>\n<div id=\"faq-question-1685712268589\" class=\"rank-math-list-item\">\n<h3 class=\"rank-math-question \">Ozon tedavisi g\u00fcvenli midir?<\/h3>\n<div class=\"rank-math-answer \">\n\n<p>Evet, ancak her t\u0131bbi tedavide oldu\u011fu gibi, potansiyel riskler ve yan etkiler vard\u0131r. Baz\u0131 ki\u015filer \u00f6ks\u00fcr\u00fck, bo\u011faz tahri\u015fi veya k\u00fc\u00e7\u00fck cilt reaksiyonlar\u0131 gibi k\u00fc\u00e7\u00fck yan etkiler ya\u015fayabilir.<\/p>\n\n<\/div>\n<\/div>\n<div id=\"faq-question-1685712306178\" class=\"rank-math-list-item\">\n<h3 class=\"rank-math-question \">Ozon tedavisi etkili midir?<\/h3>\n<div class=\"rank-math-answer \">\n\n<p>Yara iyile\u015fmesi, baz\u0131 enfeksiyonlar\u0131n tedavisi ve a\u011fr\u0131n\u0131n giderilmesi gibi baz\u0131 durumlarda umut verici sonu\u00e7lar g\u00f6stermi\u015ftir. Oksijen seviyelerini art\u0131rarak, ba\u011f\u0131\u015f\u0131kl\u0131k sistemini uyararak ve iltihaplanmay\u0131 azaltarak i\u015fe yarad\u0131\u011f\u0131na inan\u0131lmaktad\u0131r.<\/p>\n\n<\/div>\n<\/div>\n<\/div>\n<\/div>\n<p><\/p>\n\n<h3 class=\"wp-block-heading\">Herhangi bir sorunuz olmas\u0131 durumunda hemen bizimle ileti\u015fime ge\u00e7in!<\/h3>\n","protected":false},"excerpt":{"rendered":"<p>Doktorunuz, uygun tedavinin ozon tedavisi olmas\u0131 halinde bunu se\u00e7ecektir. Ozon terapisi, dokular\u0131 oksijenle doyuran, ba\u011f\u0131\u015f\u0131kl\u0131k sistemini g\u00fc\u00e7lendiren, v\u00fccudun savunma mekanizmalar\u0131n\u0131 [&hellip;]<\/p>\n","protected":false},"author":4,"featured_media":161261,"parent":0,"menu_order":0,"comment_status":"closed","ping_status":"closed","template":"","meta":{"site-sidebar-layout":"default","site-content-layout":"","ast-site-content-layout":"default","site-content-style":"default","site-sidebar-style":"default","ast-global-header-display":"","ast-banner-title-visibility":"","ast-main-header-display":"","ast-hfb-above-header-display":"","ast-hfb-below-header-display":"","ast-hfb-mobile-header-display":"","site-post-title":"","ast-breadcrumbs-content":"","ast-featured-img":"","footer-sml-layout":"","ast-disable-related-posts":"","theme-transparent-header-meta":"","adv-header-id-meta":"","stick-header-meta":"","header-above-stick-meta":"","header-main-stick-meta":"","header-below-stick-meta":"","astra-migrate-meta-layouts":"default","ast-page-background-enabled":"default","ast-page-background-meta":{"desktop":{"background-color":"var(--ast-global-color-4)","background-image":"","background-repeat":"repeat","background-position":"center center","background-size":"auto","background-attachment":"scroll","background-type":"","background-media":"","overlay-type":"","overlay-color":"","overlay-opacity":"","overlay-gradient":""},"tablet":{"background-color":"","background-image":"","background-repeat":"repeat","background-position":"center center","background-size":"auto","background-attachment":"scroll","background-type":"","background-media":"","overlay-type":"","overlay-color":"","overlay-opacity":"","overlay-gradient":""},"mobile":{"background-color":"","background-image":"","background-repeat":"repeat","background-position":"center center","background-size":"auto","background-attachment":"scroll","background-type":"","background-media":"","overlay-type":"","overlay-color":"","overlay-opacity":"","overlay-gradient":""}},"ast-content-background-meta":{"desktop":{"background-color":"var(--ast-global-color-5)","background-image":"","background-repeat":"repeat","background-position":"center center","background-size":"auto","background-attachment":"scroll","background-type":"","background-media":"","overlay-type":"","overlay-color":"","overlay-opacity":"","overlay-gradient":""},"tablet":{"background-color":"var(--ast-global-color-5)","background-image":"","background-repeat":"repeat","background-position":"center center","background-size":"auto","background-attachment":"scroll","background-type":"","background-media":"","overlay-type":"","overlay-color":"","overlay-opacity":"","overlay-gradient":""},"mobile":{"background-color":"var(--ast-global-color-5)","background-image":"","background-repeat":"repeat","background-position":"center center","background-size":"auto","background-attachment":"scroll","background-type":"","background-media":"","overlay-type":"","overlay-color":"","overlay-opacity":"","overlay-gradient":""}},"footnotes":""},"class_list":["post-147740","page","type-page","status-publish","has-post-thumbnail","hentry"],"_links":{"self":[{"href":"https:\/\/medclinics.com\/tr\/wp-json\/wp\/v2\/pages\/147740","targetHints":{"allow":["GET"]}}],"collection":[{"href":"https:\/\/medclinics.com\/tr\/wp-json\/wp\/v2\/pages"}],"about":[{"href":"https:\/\/medclinics.com\/tr\/wp-json\/wp\/v2\/types\/page"}],"author":[{"embeddable":true,"href":"https:\/\/medclinics.com\/tr\/wp-json\/wp\/v2\/users\/4"}],"replies":[{"embeddable":true,"href":"https:\/\/medclinics.com\/tr\/wp-json\/wp\/v2\/comments?post=147740"}],"version-history":[{"count":0,"href":"https:\/\/medclinics.com\/tr\/wp-json\/wp\/v2\/pages\/147740\/revisions"}],"wp:featuredmedia":[{"embeddable":true,"href":"https:\/\/medclinics.com\/tr\/wp-json\/wp\/v2\/media\/161261"}],"wp:attachment":[{"href":"https:\/\/medclinics.com\/tr\/wp-json\/wp\/v2\/media?parent=147740"}],"curies":[{"name":"wp","href":"https:\/\/api.w.org\/{rel}","templated":true}]}}