{"id":147738,"date":"2023-06-02T14:37:03","date_gmt":"2023-06-02T11:37:03","guid":{"rendered":"https:\/\/medclinics.com\/lasik-lazer-keratomileusis\/"},"modified":"2025-01-02T16:34:51","modified_gmt":"2025-01-02T13:34:51","slug":"lasik-lazer-keratomileusis","status":"publish","type":"page","link":"https:\/\/medclinics.com\/tr\/lasik-lazer-keratomileusis\/","title":{"rendered":"LASIK (Lazer Keratomileusis)"},"content":{"rendered":"\n<h2 class=\"wp-block-heading\">Her \u015feyi net g\u00f6rmenin bir yolunu ar\u0131yorsan\u0131z, LASIK (Lazer Keratomileusis) m\u00fckemmel bir \u00e7\u00f6z\u00fcm olabilir.<\/h2>\n\n<p>Bu i\u015flem sadece 10-15 dakika s\u00fcrer. \u0130lk a\u015famada, \u00f6zel bir mekanik mikrokeratom kullan\u0131larak, bir t\u00fcr korneal flep olan kornean\u0131n y\u00fczey tabakas\u0131 ayr\u0131l\u0131r, ard\u0131ndan excimer lazer kornean\u0131n i\u00e7 katmanlar\u0131na etki ederek \u015feklini de\u011fi\u015ftirir. <\/p>\n\n<p>Her darbede, bir insan sa\u00e7\u0131n\u0131n kal\u0131nl\u0131\u011f\u0131n\u0131n yakla\u015f\u0131k 1\/500&#8217;\u00fc kadar bir tabakay\u0131 kald\u0131r\u0131r &#8211; bu hassasiyet m\u00fckemmel d\u00fczeltme sonucunu elde etmenizi sa\u011flar. Prosed\u00fcr\u00fcn sonunda, kornea flebi yerine yerle\u015ftirilir ve istenen e\u011frili\u011fi alarak g\u00fcvenilir bir \u015fekilde kendili\u011finden m\u00fch\u00fcrlenir. <\/p>\n\n<p>Y\u00f6ntemin avantajlar\u0131: Bu tekni\u011fin icad\u0131ndan \u00f6nce, lazer d\u00fczeltme flep ayr\u0131m\u0131 olmadan ger\u00e7ekle\u015ftiriliyordu, doku buharla\u015fmas\u0131 kornean\u0131n d\u0131\u015f tabakas\u0131ndan yap\u0131l\u0131yordu. Bu t\u00fcr i\u015flemlerden sonra iyile\u015fme s\u00fcreci olduk\u00e7a uzun ve ac\u0131 vericiydi. <\/p>\n\n<p><a href=\"https:\/\/tr.wikipedia.org\/wiki\/LASIK\" target=\"_blank\" rel=\"noreferrer noopener\">LASIK<\/a> lazer d\u00fczeltmesinin avantajlar\u0131: sonu\u00e7lar m\u00fckemmel \u00f6ng\u00f6r\u00fclebilir ve istikrarl\u0131d\u0131r, rehabilitasyon s\u00fcresi k\u0131sad\u0131r, prosed\u00fcr neredeyse a\u011fr\u0131s\u0131zd\u0131r, iyile\u015fme d\u00f6neminde rahats\u0131zl\u0131k minimumdur. LASIK tekni\u011fine g\u00f6re lazer d\u00fczeltme ilk olarak 1989 y\u0131l\u0131nda yap\u0131ld\u0131 ve bug\u00fcne kadar t\u00fcm d\u00fcnyada en pop\u00fcler olan\u0131 olmaya devam ediyor.<\/p>\n\n<h3 class=\"wp-block-heading\">Bak\u0131m sonras\u0131 ve iyile\u015fme s\u00fcreci de dahil olmak \u00fczere <a href=\"https:\/\/medclinics.com\/tr\/lazer-goz-tedavisi\/\" target=\"_blank\" rel=\"noreferrer noopener\">g\u00f6z lazeri<\/a> hakk\u0131nda bilmeniz gereken her \u015fey veya <a href=\"#requestform\">bizimle ileti\u015fime<\/a> ge\u00e7in!<\/h3>\n\n<figure class=\"wp-block-image size-full\"><img fetchpriority=\"high\" decoding=\"async\" width=\"960\" height=\"540\" src=\"https:\/\/medclinics.com\/wp-content\/uploads\/2023\/07\/lasik-laser-keratomileusis-near-me.jpg\" alt=\"Yak&#x131;n&#x131;mdaki LASIK (Lazer Keratomileusis) &#x130;stanbul T&#xFC;rkiye\" class=\"wp-image-98346\" srcset=\"https:\/\/medclinics.com\/wp-content\/uploads\/2023\/07\/lasik-laser-keratomileusis-near-me.jpg 960w, https:\/\/medclinics.com\/wp-content\/uploads\/2023\/07\/lasik-laser-keratomileusis-near-me-500x281.jpg 500w, https:\/\/medclinics.com\/wp-content\/uploads\/2023\/07\/lasik-laser-keratomileusis-near-me-768x432.jpg 768w, https:\/\/medclinics.com\/wp-content\/uploads\/2023\/07\/lasik-laser-keratomileusis-near-me-24x14.jpg 24w, https:\/\/medclinics.com\/wp-content\/uploads\/2023\/07\/lasik-laser-keratomileusis-near-me-36x20.jpg 36w, https:\/\/medclinics.com\/wp-content\/uploads\/2023\/07\/lasik-laser-keratomileusis-near-me-48x27.jpg 48w\" sizes=\"(max-width: 960px) 100vw, 960px\" \/><\/figure>\n\n<h2 class=\"wp-block-heading\">SSS  <\/h2>\n<div id=\"rank-math-faq\" class=\"rank-math-block\">\n<div class=\"rank-math-list \">\n<div id=\"faq-question-1685715802101\" class=\"rank-math-list-item\">\n<h3 class=\"rank-math-question \">LASIK g\u00f6z ameliyat\u0131 nedir?<\/h3>\n<div class=\"rank-math-answer \">\n\n<p>Lazer Destekli \u0130n Situ Keratomileusis, miyopluk, hipermetropluk ve astigmatizm gibi g\u00f6rme sorunlar\u0131n\u0131 d\u00fczeltmek i\u00e7in kullan\u0131lan cerrahi bir prosed\u00fcrd\u00fcr. I\u015f\u0131\u011f\u0131n g\u00f6ze girme ve retinaya odaklanma \u015feklini iyile\u015ftirmek i\u00e7in g\u00f6z\u00fcn \u015feffaf \u00f6n y\u00fczeyi olan korneay\u0131 yeniden \u015fekillendirmek i\u00e7in bir lazer kullan\u0131lmas\u0131n\u0131 i\u00e7erir.<\/p>\n\n<\/div>\n<\/div>\n<div id=\"faq-question-1685715800769\" class=\"rank-math-list-item\">\n<h3 class=\"rank-math-question \">LASIK ameliyat\u0131 nas\u0131l yap\u0131l\u0131r?<\/h3>\n<div class=\"rank-math-answer \">\n\n<p>LASIK ameliyat\u0131, g\u00f6z\u00fcn damlalarla uyu\u015fturulmas\u0131n\u0131, ince bir kornea flebi olu\u015fturulmas\u0131n\u0131, korneay\u0131 yeniden \u015fekillendirmek i\u00e7in bir lazer kullan\u0131lmas\u0131n\u0131 ve flebin yeniden konumland\u0131r\u0131lmas\u0131n\u0131 i\u00e7erir. Prosed\u00fcr tipik olarak g\u00f6z ba\u015f\u0131na yakla\u015f\u0131k 10 ila 15 dakika s\u00fcrer.<\/p>\n\n<\/div>\n<\/div>\n<div id=\"faq-question-1685715644895\" class=\"rank-math-list-item\">\n<h3 class=\"rank-math-question \">Lasik ameliyat\u0131 g\u00fcvenli midir?<\/h3>\n<div class=\"rank-math-answer \">\n\n<p>LASIK ameliyat\u0131 genellikle g\u00fcvenli kabul edilir ve y\u00fcksek bir ba\u015far\u0131 oran\u0131na sahiptir.<\/p>\n\n<\/div>\n<\/div>\n<div id=\"faq-question-1685715705877\" class=\"rank-math-list-item\">\n<h3 class=\"rank-math-question \">LASIK ameliyat\u0131 risk almaya de\u011fer mi?<\/h3>\n<div class=\"rank-math-answer \">\n\n<p>Evet, prosed\u00fcr\u00fc g\u00f6z doktorlar\u0131yla iyice tart\u0131\u015fan ki\u015filer i\u00e7in risk almaya de\u011fer olabilir. \u0130lgili potansiyel riskleri anlamal\u0131 ve g\u00f6zl\u00fck veya kontakt lenslere olan ba\u011f\u0131ml\u0131l\u0131klar\u0131n\u0131 azaltmak veya ortadan kald\u0131rmak i\u00e7in g\u00fc\u00e7l\u00fc bir istek duymal\u0131d\u0131rlar.<\/p>\n\n<\/div>\n<\/div>\n<\/div>\n<\/div>\n<p><\/p>\n\n<h3 class=\"wp-block-heading\">Herhangi bir sorunuz olmas\u0131 durumunda hemen bizimle ileti\u015fime ge\u00e7in!<\/h3>\n","protected":false},"excerpt":{"rendered":"<p>Her \u015feyi net g\u00f6rmenin bir yolunu ar\u0131yorsan\u0131z, LASIK (Lazer Keratomileusis) m\u00fckemmel bir \u00e7\u00f6z\u00fcm olabilir. Bu i\u015flem sadece 10-15 dakika s\u00fcrer. [&hellip;]<\/p>\n","protected":false},"author":4,"featured_media":93684,"parent":0,"menu_order":0,"comment_status":"closed","ping_status":"closed","template":"","meta":{"site-sidebar-layout":"default","site-content-layout":"","ast-site-content-layout":"default","site-content-style":"default","site-sidebar-style":"default","ast-global-header-display":"","ast-banner-title-visibility":"","ast-main-header-display":"","ast-hfb-above-header-display":"","ast-hfb-below-header-display":"","ast-hfb-mobile-header-display":"","site-post-title":"","ast-breadcrumbs-content":"","ast-featured-img":"","footer-sml-layout":"","ast-disable-related-posts":"","theme-transparent-header-meta":"","adv-header-id-meta":"","stick-header-meta":"","header-above-stick-meta":"","header-main-stick-meta":"","header-below-stick-meta":"","astra-migrate-meta-layouts":"default","ast-page-background-enabled":"default","ast-page-background-meta":{"desktop":{"background-color":"var(--ast-global-color-4)","background-image":"","background-repeat":"repeat","background-position":"center center","background-size":"auto","background-attachment":"scroll","background-type":"","background-media":"","overlay-type":"","overlay-color":"","overlay-opacity":"","overlay-gradient":""},"tablet":{"background-color":"","background-image":"","background-repeat":"repeat","background-position":"center center","background-size":"auto","background-attachment":"scroll","background-type":"","background-media":"","overlay-type":"","overlay-color":"","overlay-opacity":"","overlay-gradient":""},"mobile":{"background-color":"","background-image":"","background-repeat":"repeat","background-position":"center center","background-size":"auto","background-attachment":"scroll","background-type":"","background-media":"","overlay-type":"","overlay-color":"","overlay-opacity":"","overlay-gradient":""}},"ast-content-background-meta":{"desktop":{"background-color":"var(--ast-global-color-5)","background-image":"","background-repeat":"repeat","background-position":"center center","background-size":"auto","background-attachment":"scroll","background-type":"","background-media":"","overlay-type":"","overlay-color":"","overlay-opacity":"","overlay-gradient":""},"tablet":{"background-color":"var(--ast-global-color-5)","background-image":"","background-repeat":"repeat","background-position":"center center","background-size":"auto","background-attachment":"scroll","background-type":"","background-media":"","overlay-type":"","overlay-color":"","overlay-opacity":"","overlay-gradient":""},"mobile":{"background-color":"var(--ast-global-color-5)","background-image":"","background-repeat":"repeat","background-position":"center center","background-size":"auto","background-attachment":"scroll","background-type":"","background-media":"","overlay-type":"","overlay-color":"","overlay-opacity":"","overlay-gradient":""}},"footnotes":""},"class_list":["post-147738","page","type-page","status-publish","has-post-thumbnail","hentry"],"_links":{"self":[{"href":"https:\/\/medclinics.com\/tr\/wp-json\/wp\/v2\/pages\/147738","targetHints":{"allow":["GET"]}}],"collection":[{"href":"https:\/\/medclinics.com\/tr\/wp-json\/wp\/v2\/pages"}],"about":[{"href":"https:\/\/medclinics.com\/tr\/wp-json\/wp\/v2\/types\/page"}],"author":[{"embeddable":true,"href":"https:\/\/medclinics.com\/tr\/wp-json\/wp\/v2\/users\/4"}],"replies":[{"embeddable":true,"href":"https:\/\/medclinics.com\/tr\/wp-json\/wp\/v2\/comments?post=147738"}],"version-history":[{"count":0,"href":"https:\/\/medclinics.com\/tr\/wp-json\/wp\/v2\/pages\/147738\/revisions"}],"wp:featuredmedia":[{"embeddable":true,"href":"https:\/\/medclinics.com\/tr\/wp-json\/wp\/v2\/media\/93684"}],"wp:attachment":[{"href":"https:\/\/medclinics.com\/tr\/wp-json\/wp\/v2\/media?parent=147738"}],"curies":[{"name":"wp","href":"https:\/\/api.w.org\/{rel}","templated":true}]}}