{"id":147728,"date":"2023-06-02T19:46:39","date_gmt":"2023-06-02T16:46:39","guid":{"rendered":"https:\/\/medclinics.com\/prk-fotorefraktif-keratektomi\/"},"modified":"2025-01-03T00:04:01","modified_gmt":"2025-01-02T21:04:01","slug":"prk-fotorefraktif-keratektomi","status":"publish","type":"page","link":"https:\/\/medclinics.com\/tr\/prk-fotorefraktif-keratektomi\/","title":{"rendered":"PRK (Fotorefraktif Keratektomi)"},"content":{"rendered":"\n<h2 class=\"wp-block-heading\">Her ayr\u0131nt\u0131y\u0131 net bir \u015fekilde g\u00f6rmeyi \u00f6zlediyseniz, fotorefraktif keratektomi (PRK) ihtiyac\u0131n\u0131z olan \u015feydir.<\/h2>\n\n<p>Kornea flebi ayr\u0131lmadan, kornean\u0131n d\u0131\u015f tabakalar\u0131nda g\u00f6rme d\u00fczeltmesi yap\u0131l\u0131r. Bu i\u015flemden sonra kornea dokusunun iyile\u015fme s\u00fcreci olduk\u00e7a a\u011fr\u0131l\u0131d\u0131r. Hasta uzun s\u00fcre g\u00f6z damlas\u0131 kullanmak, \u00f6zel koruyucu kontakt lensler takmak zorunda kal\u0131r. <\/p>\n\n<p>Y\u00f6ntemin avantajlar\u0131 &#8211; \u015fu anda bu t\u00fcr m\u00fcdahaleler yaln\u0131zca t\u0131bbi nedenlerle yap\u0131lmaktad\u0131r. <a href=\"https:\/\/en.wikipedia.org\/wiki\/Photorefractive_keratectomy\" target=\"_blank\" rel=\"noreferrer noopener\">PRK<\/a> y\u00f6ntemine g\u00f6re ger\u00e7ekle\u015ftirilen lazer d\u00fczeltme, LASIK prosed\u00fcr\u00fc i\u00e7in kontrendike olan ince korneal\u0131 hastalarda g\u00f6rsel i\u015flevlerin geri kazan\u0131lmas\u0131n\u0131 m\u00fcmk\u00fcn k\u0131lar.<\/p>\n\n<figure class=\"wp-block-image size-full\"><img fetchpriority=\"high\" decoding=\"async\" width=\"780\" height=\"488\" src=\"https:\/\/medclinics.com\/wp-content\/uploads\/2024\/04\/PRK-Photorefractive-Keratectomy-surgenst.jpg\" alt=\"PRK-Photorefractive-Keratectomy-surgenst\" class=\"wp-image-161198\" srcset=\"https:\/\/medclinics.com\/wp-content\/uploads\/2024\/04\/PRK-Photorefractive-Keratectomy-surgenst.jpg 780w, https:\/\/medclinics.com\/wp-content\/uploads\/2024\/04\/PRK-Photorefractive-Keratectomy-surgenst-300x188.jpg 300w, https:\/\/medclinics.com\/wp-content\/uploads\/2024\/04\/PRK-Photorefractive-Keratectomy-surgenst-768x480.jpg 768w\" sizes=\"(max-width: 780px) 100vw, 780px\" \/><\/figure>\n\n<h3 class=\"wp-block-heading\">Bak\u0131m sonras\u0131 s\u00fcre\u00e7 de dahil olmak \u00fczere <a href=\"https:\/\/medclinics.com\/tr\/lazer-goz-tedavisi\/\" target=\"_blank\" rel=\"noreferrer noopener\">g\u00f6z lazeri<\/a> hakk\u0131nda bilmeniz gereken her \u015fey veya daha fazlas\u0131 i\u00e7in <a href=\"#requestform\">bize ula\u015f\u0131n<\/a>!<\/h3>\n\n<h2 class=\"wp-block-heading\">SSS  <\/h2>\n<div id=\"rank-math-faq\" class=\"rank-math-block\">\n<div class=\"rank-math-list \">\n<div id=\"faq-question-1685734209848\" class=\"rank-math-list-item\">\n<h3 class=\"rank-math-question \">PRK g\u00f6z ameliyat\u0131 nedir?<\/h3>\n<div class=\"rank-math-answer \">\n\n<p>Yak\u0131n g\u00f6r\u00fc\u015fl\u00fcl\u00fck (miyopi), uzak g\u00f6r\u00fc\u015fl\u00fcl\u00fck (hipermetropi) ve astigmatizma gibi g\u00f6zdeki k\u0131rma kusurlar\u0131n\u0131 d\u00fczeltmek i\u00e7in kullan\u0131lan bir lazer g\u00f6z ameliyat\u0131 t\u00fcr\u00fcd\u00fcr.<\/p>\n\n<\/div>\n<\/div>\n<div id=\"faq-question-1685734270289\" class=\"rank-math-list-item\">\n<h3 class=\"rank-math-question \">PRK ameliyat\u0131 LASIK&#8217;ten daha m\u0131 iyidir?<\/h3>\n<div class=\"rank-math-answer \">\n\n<p>Uzun vadede LASIK&#8217;ten \u00e7ok daha etkili ve g\u00fcvenlidir. Ancak her durum hastan\u0131n ihtiya\u00e7lar\u0131na g\u00f6re de\u011ferlendirilmelidir.<\/p>\n\n<\/div>\n<\/div>\n<div id=\"faq-question-1685734363172\" class=\"rank-math-list-item\">\n<h3 class=\"rank-math-question \">PRK g\u00f6z ameliyat\u0131 ne kadar ac\u0131 verir?<\/h3>\n<div class=\"rank-math-answer \">\n\n<p>Bu ameliyat s\u0131ras\u0131nda g\u00f6z, anestezik g\u00f6z damlalar\u0131 kullan\u0131larak uyu\u015fturulur, bu nedenle i\u015flem s\u0131ras\u0131nda herhangi bir a\u011fr\u0131 hissetmemeniz gerekir. Bununla birlikte, iyile\u015fme d\u00f6nemi baz\u0131 rahats\u0131zl\u0131klar i\u00e7erebilir. Elbette hastadan hastaya farkl\u0131l\u0131k g\u00f6sterir. Baz\u0131 insanlar iyile\u015fmeyi rahats\u0131z edici olarak tan\u0131mlayabilirken, di\u011ferleri minimal a\u011fr\u0131 ya\u015fayabilir<\/p>\n\n<\/div>\n<\/div>\n<\/div>\n<\/div>\n<p><\/p>\n\n<h3 class=\"wp-block-heading\">Herhangi bir sorunuz olmas\u0131 durumunda hemen bizimle ileti\u015fime ge\u00e7in!<\/h3>\n","protected":false},"excerpt":{"rendered":"<p>Her ayr\u0131nt\u0131y\u0131 net bir \u015fekilde g\u00f6rmeyi \u00f6zlediyseniz, fotorefraktif keratektomi (PRK) ihtiyac\u0131n\u0131z olan \u015feydir. Kornea flebi ayr\u0131lmadan, kornean\u0131n d\u0131\u015f tabakalar\u0131nda g\u00f6rme [&hellip;]<\/p>\n","protected":false},"author":4,"featured_media":93865,"parent":0,"menu_order":0,"comment_status":"closed","ping_status":"closed","template":"","meta":{"site-sidebar-layout":"default","site-content-layout":"","ast-site-content-layout":"default","site-content-style":"default","site-sidebar-style":"default","ast-global-header-display":"","ast-banner-title-visibility":"","ast-main-header-display":"","ast-hfb-above-header-display":"","ast-hfb-below-header-display":"","ast-hfb-mobile-header-display":"","site-post-title":"","ast-breadcrumbs-content":"","ast-featured-img":"","footer-sml-layout":"","ast-disable-related-posts":"","theme-transparent-header-meta":"","adv-header-id-meta":"","stick-header-meta":"","header-above-stick-meta":"","header-main-stick-meta":"","header-below-stick-meta":"","astra-migrate-meta-layouts":"default","ast-page-background-enabled":"default","ast-page-background-meta":{"desktop":{"background-color":"var(--ast-global-color-4)","background-image":"","background-repeat":"repeat","background-position":"center center","background-size":"auto","background-attachment":"scroll","background-type":"","background-media":"","overlay-type":"","overlay-color":"","overlay-opacity":"","overlay-gradient":""},"tablet":{"background-color":"","background-image":"","background-repeat":"repeat","background-position":"center center","background-size":"auto","background-attachment":"scroll","background-type":"","background-media":"","overlay-type":"","overlay-color":"","overlay-opacity":"","overlay-gradient":""},"mobile":{"background-color":"","background-image":"","background-repeat":"repeat","background-position":"center center","background-size":"auto","background-attachment":"scroll","background-type":"","background-media":"","overlay-type":"","overlay-color":"","overlay-opacity":"","overlay-gradient":""}},"ast-content-background-meta":{"desktop":{"background-color":"var(--ast-global-color-5)","background-image":"","background-repeat":"repeat","background-position":"center center","background-size":"auto","background-attachment":"scroll","background-type":"","background-media":"","overlay-type":"","overlay-color":"","overlay-opacity":"","overlay-gradient":""},"tablet":{"background-color":"var(--ast-global-color-5)","background-image":"","background-repeat":"repeat","background-position":"center center","background-size":"auto","background-attachment":"scroll","background-type":"","background-media":"","overlay-type":"","overlay-color":"","overlay-opacity":"","overlay-gradient":""},"mobile":{"background-color":"var(--ast-global-color-5)","background-image":"","background-repeat":"repeat","background-position":"center center","background-size":"auto","background-attachment":"scroll","background-type":"","background-media":"","overlay-type":"","overlay-color":"","overlay-opacity":"","overlay-gradient":""}},"footnotes":""},"class_list":["post-147728","page","type-page","status-publish","has-post-thumbnail","hentry"],"_links":{"self":[{"href":"https:\/\/medclinics.com\/tr\/wp-json\/wp\/v2\/pages\/147728","targetHints":{"allow":["GET"]}}],"collection":[{"href":"https:\/\/medclinics.com\/tr\/wp-json\/wp\/v2\/pages"}],"about":[{"href":"https:\/\/medclinics.com\/tr\/wp-json\/wp\/v2\/types\/page"}],"author":[{"embeddable":true,"href":"https:\/\/medclinics.com\/tr\/wp-json\/wp\/v2\/users\/4"}],"replies":[{"embeddable":true,"href":"https:\/\/medclinics.com\/tr\/wp-json\/wp\/v2\/comments?post=147728"}],"version-history":[{"count":0,"href":"https:\/\/medclinics.com\/tr\/wp-json\/wp\/v2\/pages\/147728\/revisions"}],"wp:featuredmedia":[{"embeddable":true,"href":"https:\/\/medclinics.com\/tr\/wp-json\/wp\/v2\/media\/93865"}],"wp:attachment":[{"href":"https:\/\/medclinics.com\/tr\/wp-json\/wp\/v2\/media?parent=147728"}],"curies":[{"name":"wp","href":"https:\/\/api.w.org\/{rel}","templated":true}]}}