{"id":147714,"date":"2023-06-02T14:52:35","date_gmt":"2023-06-02T11:52:35","guid":{"rendered":"https:\/\/medclinics.com\/femto-lasik-femto-lazer-duzeltme\/"},"modified":"2025-01-02T14:43:02","modified_gmt":"2025-01-02T11:43:02","slug":"femto-lasik-femto-lazer-duzeltme","status":"publish","type":"page","link":"https:\/\/medclinics.com\/tr\/femto-lasik-femto-lazer-duzeltme\/","title":{"rendered":"Femto LASIK (Femto-Lazer D\u00fczeltme)"},"content":{"rendered":"\n<h2 class=\"wp-block-heading\">Kristal berrakl\u0131\u011f\u0131nda bir g\u00f6r\u00fc\u015f elde etmenin bir yolunu ar\u0131yorsan\u0131z, Femto LASIK (Femto-Lazer D\u00fczeltme) m\u00fckemmel bir \u00e7\u00f6z\u00fcm olabilir.<\/h2>\n\n<p>M\u00fcdahale prensibi <a href=\"https:\/\/en.wikipedia.org\/wiki\/LASIK\" target=\"_blank\" rel=\"noreferrer noopener\">LASIK<\/a> d\u00fczeltmesi ile ayn\u0131d\u0131r, etki kornean\u0131n i\u00e7 katmanlar\u0131 \u00fczerindedir. Aradaki fark, bu teknolojiyi kullanan korneal flebin mekanik bir mikrokeratom de\u011fil, femtosaniye lazer \u0131\u015f\u0131n\u0131 kullan\u0131larak olu\u015fturulmas\u0131d\u0131r. <\/p>\n\n<p>Aksi takdirde, bu teknik &#8220;T\u00fcm Lazer LASIK&#8221; (&#8220;All Laser LASIK&#8221;) olarak adland\u0131r\u0131l\u0131r. Y\u00f6ntemin avantajlar\u0131: Lazerle g\u00f6rme d\u00fczeltmesi s\u0131ras\u0131nda femtosaniye lazer kullan\u0131lmas\u0131, prosed\u00fcr\u00fc olabildi\u011fince nazik ve pratik olarak temass\u0131z hale getirir ve iyile\u015fme s\u00fcresini k\u0131salt\u0131r. <\/p>\n\n<p>Bu teknolojinin ortaya \u00e7\u0131kmas\u0131yla, daha \u00f6nce prosed\u00fcre kontrendikasyon olu\u015fturan kornean\u0131n bu t\u00fcr yap\u0131sal \u00f6zelliklerine sahip hastalar i\u00e7in lazer g\u00f6rme d\u00fczeltmesi yapmak m\u00fcmk\u00fcn hale gelmi\u015ftir. <\/p>\n\n<p>Femtosaniye lazerin benzeri g\u00f6r\u00fclmemi\u015f hassasiyeti, yaln\u0131zca g\u00f6rme keskinli\u011finde de\u011fil, ayn\u0131 zamanda parlakl\u0131k, kontrast ve alacakaranl\u0131k g\u00f6r\u00fc\u015f\u00fc gibi parametrelerde de maksimum performans elde etmeyi m\u00fcmk\u00fcn k\u0131lar.<\/p>\n\n<h3 class=\"wp-block-heading\">Fiyat, ameliyat sonras\u0131 bak\u0131m ve iyile\u015fme s\u00fcreci de dahil olmak \u00fczere <a href=\"https:\/\/medclinics.com\/tr\/lazer-goz-tedavisi\/\" target=\"_blank\" rel=\"noreferrer noopener\">g\u00f6z ameliyat\u0131<\/a> hakk\u0131nda bilmeniz gereken her \u015fey veya <a href=\"#requestform\">bizimle ileti\u015fime<\/a> ge\u00e7in!<\/h3>\n\n<figure class=\"wp-block-image size-full\"><img fetchpriority=\"high\" decoding=\"async\" width=\"960\" height=\"540\" src=\"https:\/\/medclinics.com\/wp-content\/uploads\/2023\/07\/Femto-lasik-femto-laser-correction-near-me.jpg\" alt=\"Femto LASIK \/ Femto-Lazer D&#xFC;zeltme Yak&#x131;n&#x131;mdaki &#x130;stanbul\" class=\"wp-image-98337\" srcset=\"https:\/\/medclinics.com\/wp-content\/uploads\/2023\/07\/Femto-lasik-femto-laser-correction-near-me.jpg 960w, https:\/\/medclinics.com\/wp-content\/uploads\/2023\/07\/Femto-lasik-femto-laser-correction-near-me-500x281.jpg 500w, https:\/\/medclinics.com\/wp-content\/uploads\/2023\/07\/Femto-lasik-femto-laser-correction-near-me-768x432.jpg 768w, https:\/\/medclinics.com\/wp-content\/uploads\/2023\/07\/Femto-lasik-femto-laser-correction-near-me-24x14.jpg 24w, https:\/\/medclinics.com\/wp-content\/uploads\/2023\/07\/Femto-lasik-femto-laser-correction-near-me-36x20.jpg 36w, https:\/\/medclinics.com\/wp-content\/uploads\/2023\/07\/Femto-lasik-femto-laser-correction-near-me-48x27.jpg 48w\" sizes=\"(max-width: 960px) 100vw, 960px\" \/><\/figure>\n\n<h2 class=\"wp-block-heading\">SSS  <\/h2>\n<div id=\"rank-math-faq\" class=\"rank-math-block\">\n<div class=\"rank-math-list \">\n<div id=\"faq-question-1685717054935\" class=\"rank-math-list-item\">\n<h3 class=\"rank-math-question \">Femto LASIK g\u00fcvenli midir?<\/h3>\n<div class=\"rank-math-answer \">\n\n<p>Geleneksel LASIK gibi Femto-LASIK de genellikle g\u00fcvenli kabul edilir ve y\u00fcksek bir ba\u015far\u0131 oran\u0131na sahiptir.<\/p>\n\n<\/div>\n<\/div>\n<div id=\"faq-question-1685717099962\" class=\"rank-math-list-item\">\n<h3 class=\"rank-math-question \">Femto LASIK nedir?<\/h3>\n<div class=\"rank-math-answer \">\n\n<p>Femto-LASIK, yak\u0131n g\u00f6r\u00fc\u015fl\u00fcl\u00fck, uzak g\u00f6r\u00fc\u015fl\u00fcl\u00fck ve astigmatizm gibi yayg\u0131n g\u00f6rme sorunlar\u0131n\u0131 d\u00fczeltmek i\u00e7in kullan\u0131lan bir refraktif g\u00f6z ameliyat\u0131 t\u00fcr\u00fcd\u00fcr. Geleneksel LASIK ameliyat\u0131na k\u0131yasla daha geli\u015fmi\u015f bir tekniktir.<\/p>\n\n<\/div>\n<\/div>\n<div id=\"faq-question-1685717123905\" class=\"rank-math-list-item\">\n<h3 class=\"rank-math-question \">Femto LASIK nedir?<\/h3>\n<div class=\"rank-math-answer \">\n\n<p>FemtoLASIK ameliyat\u0131, anestezi ve uyu\u015fturucu g\u00f6z damlas\u0131 kullan\u0131m\u0131 nedeniyle tipik olarak a\u011fr\u0131l\u0131 de\u011fildir.<\/p>\n\n<\/div>\n<\/div>\n<\/div>\n<\/div>\n<p><\/p>\n\n<h3 class=\"wp-block-heading\">Herhangi bir sorunuz olmas\u0131 durumunda hemen bizimle ileti\u015fime ge\u00e7in!<\/h3>\n","protected":false},"excerpt":{"rendered":"<p>Kristal berrakl\u0131\u011f\u0131nda bir g\u00f6r\u00fc\u015f elde etmenin bir yolunu ar\u0131yorsan\u0131z, Femto LASIK (Femto-Lazer D\u00fczeltme) m\u00fckemmel bir \u00e7\u00f6z\u00fcm olabilir. M\u00fcdahale prensibi LASIK [&hellip;]<\/p>\n","protected":false},"author":4,"featured_media":93703,"parent":0,"menu_order":0,"comment_status":"closed","ping_status":"closed","template":"","meta":{"site-sidebar-layout":"default","site-content-layout":"","ast-site-content-layout":"default","site-content-style":"default","site-sidebar-style":"default","ast-global-header-display":"","ast-banner-title-visibility":"","ast-main-header-display":"","ast-hfb-above-header-display":"","ast-hfb-below-header-display":"","ast-hfb-mobile-header-display":"","site-post-title":"","ast-breadcrumbs-content":"","ast-featured-img":"","footer-sml-layout":"","ast-disable-related-posts":"","theme-transparent-header-meta":"","adv-header-id-meta":"","stick-header-meta":"","header-above-stick-meta":"","header-main-stick-meta":"","header-below-stick-meta":"","astra-migrate-meta-layouts":"default","ast-page-background-enabled":"default","ast-page-background-meta":{"desktop":{"background-color":"var(--ast-global-color-4)","background-image":"","background-repeat":"repeat","background-position":"center center","background-size":"auto","background-attachment":"scroll","background-type":"","background-media":"","overlay-type":"","overlay-color":"","overlay-opacity":"","overlay-gradient":""},"tablet":{"background-color":"","background-image":"","background-repeat":"repeat","background-position":"center center","background-size":"auto","background-attachment":"scroll","background-type":"","background-media":"","overlay-type":"","overlay-color":"","overlay-opacity":"","overlay-gradient":""},"mobile":{"background-color":"","background-image":"","background-repeat":"repeat","background-position":"center center","background-size":"auto","background-attachment":"scroll","background-type":"","background-media":"","overlay-type":"","overlay-color":"","overlay-opacity":"","overlay-gradient":""}},"ast-content-background-meta":{"desktop":{"background-color":"var(--ast-global-color-5)","background-image":"","background-repeat":"repeat","background-position":"center center","background-size":"auto","background-attachment":"scroll","background-type":"","background-media":"","overlay-type":"","overlay-color":"","overlay-opacity":"","overlay-gradient":""},"tablet":{"background-color":"var(--ast-global-color-5)","background-image":"","background-repeat":"repeat","background-position":"center center","background-size":"auto","background-attachment":"scroll","background-type":"","background-media":"","overlay-type":"","overlay-color":"","overlay-opacity":"","overlay-gradient":""},"mobile":{"background-color":"var(--ast-global-color-5)","background-image":"","background-repeat":"repeat","background-position":"center center","background-size":"auto","background-attachment":"scroll","background-type":"","background-media":"","overlay-type":"","overlay-color":"","overlay-opacity":"","overlay-gradient":""}},"footnotes":""},"class_list":["post-147714","page","type-page","status-publish","has-post-thumbnail","hentry"],"_links":{"self":[{"href":"https:\/\/medclinics.com\/tr\/wp-json\/wp\/v2\/pages\/147714","targetHints":{"allow":["GET"]}}],"collection":[{"href":"https:\/\/medclinics.com\/tr\/wp-json\/wp\/v2\/pages"}],"about":[{"href":"https:\/\/medclinics.com\/tr\/wp-json\/wp\/v2\/types\/page"}],"author":[{"embeddable":true,"href":"https:\/\/medclinics.com\/tr\/wp-json\/wp\/v2\/users\/4"}],"replies":[{"embeddable":true,"href":"https:\/\/medclinics.com\/tr\/wp-json\/wp\/v2\/comments?post=147714"}],"version-history":[{"count":0,"href":"https:\/\/medclinics.com\/tr\/wp-json\/wp\/v2\/pages\/147714\/revisions"}],"wp:featuredmedia":[{"embeddable":true,"href":"https:\/\/medclinics.com\/tr\/wp-json\/wp\/v2\/media\/93703"}],"wp:attachment":[{"href":"https:\/\/medclinics.com\/tr\/wp-json\/wp\/v2\/media?parent=147714"}],"curies":[{"name":"wp","href":"https:\/\/api.w.org\/{rel}","templated":true}]}}