{"id":147712,"date":"2023-06-02T20:06:43","date_gmt":"2023-06-02T17:06:43","guid":{"rendered":"https:\/\/medclinics.com\/lasek-lazer-epitelyal-keratomileusis\/"},"modified":"2025-01-02T16:33:10","modified_gmt":"2025-01-02T13:33:10","slug":"lasek-lazer-epitelyal-keratomileusis","status":"publish","type":"page","link":"https:\/\/medclinics.com\/tr\/lasek-lazer-epitelyal-keratomileusis\/","title":{"rendered":"LASEK (Lazer epitelyal keratomileusis)"},"content":{"rendered":"\n<h2 class=\"wp-block-heading\">Etraf\u0131m\u0131zdaki her \u015feyi \u00f6zg\u00fcrce g\u00f6rmeyi \u00f6zlediyseniz, LASEK (Lazer epitelyal keratomileusis) en iyi \u00e7\u00f6z\u00fcm olabilir.<\/h2>\n\n<p>Bu prosed\u00fcr s\u0131ras\u0131nda epitel, korneal flep g\u00f6revi g\u00f6ren \u00f6zel bir sol\u00fcsyon kullan\u0131larak ayr\u0131l\u0131r ve kald\u0131r\u0131l\u0131r. Epitel tabakas\u0131n\u0131n sinir u\u00e7lar\u0131nda hasar g\u00f6z ard\u0131 edilmez, bu da ameliyat sonras\u0131 d\u00f6nemde a\u011fr\u0131ya yol a\u00e7abilir. <\/p>\n\n<p>\u0130yile\u015fme d\u00f6neminde (m\u00fcdahaleden 4-5 g\u00fcn sonra) hasta \u00f6zel bir koruyucu kontakt lens takar. Y\u00f6ntemin avantajlar\u0131: \u015eu anda, bu y\u00f6ntemle g\u00f6rme d\u00fczeltmesi sadece t\u0131bbi nedenlerle ger\u00e7ekle\u015ftirilmektedir. <\/p>\n\n<p>LASEK yard\u0131m\u0131yla, <a href=\"https:\/\/en.wikipedia.org\/wiki\/LASIK\" target=\"_blank\" rel=\"noreferrer noopener\">LASIK<\/a> y\u00f6ntemiyle d\u00fczeltme i\u00e7in kontrendikasyonlar\u0131 olan hastalar &#8211; kornean\u0131n \u00e7ok k\u00fc\u00e7\u00fck kal\u0131nl\u0131\u011f\u0131 veya g\u00f6z\u00fcn optik sisteminin bu do\u011fal merce\u011finin \u015feklinin belirli \u00f6zellikleri, iyi bir g\u00f6r\u00fc\u015f kazanma f\u0131rsat\u0131 elde ederler.<\/p>\n\n<h3 class=\"wp-block-heading\">Fiyat, bak\u0131m sonras\u0131 ve iyile\u015fme s\u00fcreci de dahil olmak \u00fczere <a href=\"https:\/\/medclinics.com\/tr\/lazer-goz-tedavisi\/\" target=\"_blank\" rel=\"noreferrer noopener\">g\u00f6z lazeri<\/a> hakk\u0131nda bilmeniz gereken her \u015fey i\u00e7in hemen <a href=\"#requestform\">bize ula\u015f\u0131n<\/a>!<\/h3>\n\n<figure class=\"wp-block-image size-full\"><img fetchpriority=\"high\" decoding=\"async\" width=\"960\" height=\"540\" src=\"https:\/\/medclinics.com\/wp-content\/uploads\/2023\/07\/lasek-near-me-laser-epithelial-keratomileusis.jpg\" alt=\"Yak&#x131;n&#x131;mdaki LASEK (Lazer epitelyal keratomileusis) &#x130;stanbul T&#xFC;rkiye\" class=\"wp-image-98313\" srcset=\"https:\/\/medclinics.com\/wp-content\/uploads\/2023\/07\/lasek-near-me-laser-epithelial-keratomileusis.jpg 960w, https:\/\/medclinics.com\/wp-content\/uploads\/2023\/07\/lasek-near-me-laser-epithelial-keratomileusis-500x281.jpg 500w, https:\/\/medclinics.com\/wp-content\/uploads\/2023\/07\/lasek-near-me-laser-epithelial-keratomileusis-768x432.jpg 768w, https:\/\/medclinics.com\/wp-content\/uploads\/2023\/07\/lasek-near-me-laser-epithelial-keratomileusis-24x14.jpg 24w, https:\/\/medclinics.com\/wp-content\/uploads\/2023\/07\/lasek-near-me-laser-epithelial-keratomileusis-36x20.jpg 36w, https:\/\/medclinics.com\/wp-content\/uploads\/2023\/07\/lasek-near-me-laser-epithelial-keratomileusis-48x27.jpg 48w\" sizes=\"(max-width: 960px) 100vw, 960px\" \/><\/figure>\n\n<h2 class=\"wp-block-heading\">SSS  <\/h2>\n<div id=\"rank-math-faq\" class=\"rank-math-block\">\n<div class=\"rank-math-list \">\n<div id=\"faq-question-1685735557560\" class=\"rank-math-list-item\">\n<h3 class=\"rank-math-question \">LASEK kal\u0131c\u0131 m\u0131d\u0131r?<\/h3>\n<div class=\"rank-math-answer \">\n\n<p>G\u00f6rme problemleri i\u00e7in kal\u0131c\u0131 \u00e7\u00f6z\u00fcm olarak kabul edilir.<\/p>\n\n<\/div>\n<\/div>\n<div id=\"faq-question-1685735616679\" class=\"rank-math-list-item\">\n<h3 class=\"rank-math-question \">LASEK mi yoksa LASIK mi daha iyidir?<\/h3>\n<div class=\"rank-math-answer \">\n\n<p>Uzman bir g\u00f6z cerrah\u0131, LASEK veya LASIK \u00f6nermeden \u00f6nce kapsaml\u0131 bir de\u011ferlendirme yapmal\u0131d\u0131r. Sizin i\u00e7in en iyi hareket tarz\u0131n\u0131 \u00f6nermek i\u00e7in ya\u015fam tarz\u0131n\u0131z\u0131, ki\u015fisel tercihlerinizi ve kornea ve g\u00f6z sa\u011fl\u0131\u011f\u0131n\u0131z\u0131 de\u011ferlendireceklerdir.<\/p>\n\n<\/div>\n<\/div>\n<div id=\"faq-question-1685735670107\" class=\"rank-math-list-item\">\n<h3 class=\"rank-math-question \">LASEK, LASIK&#8217;ten daha m\u0131 ucuz?<\/h3>\n<div class=\"rank-math-answer \">\n\n<p>Genel olarak, LASEK ve LASIK&#8217;in maliyeti genellikle benzer bir fiyat aral\u0131\u011f\u0131ndad\u0131r.<\/p>\n\n<\/div>\n<\/div>\n<div id=\"faq-question-1685735692863\" class=\"rank-math-list-item\">\n<h3 class=\"rank-math-question \">LASIK ne kadar s\u00fcrer?<\/h3>\n<div class=\"rank-math-answer \">\n\n<p>Lazer Destekli \u0130n Situ Keratomileusis kal\u0131c\u0131 bir g\u00f6rme d\u00fczeltme prosed\u00fcr\u00fc olarak kabul edilir. Bu ameliyat s\u0131ras\u0131nda korneada yap\u0131lan de\u011fi\u015fikliklerin uzun \u00f6m\u00fcrl\u00fc olmas\u0131 ama\u00e7lanmaktad\u0131r. G\u00f6zl\u00fck veya kontakt lense ihtiya\u00e7 duymadan net g\u00f6r\u00fc\u015f sa\u011flar.<\/p>\n\n<\/div>\n<\/div>\n<\/div>\n<\/div>\n<p><\/p>\n\n<h3 class=\"wp-block-heading\">Herhangi bir sorunuz olmas\u0131 durumunda hemen bizimle ileti\u015fime ge\u00e7in!<\/h3>\n","protected":false},"excerpt":{"rendered":"<p>Etraf\u0131m\u0131zdaki her \u015feyi \u00f6zg\u00fcrce g\u00f6rmeyi \u00f6zlediyseniz, LASEK (Lazer epitelyal keratomileusis) en iyi \u00e7\u00f6z\u00fcm olabilir. Bu prosed\u00fcr s\u0131ras\u0131nda epitel, korneal flep [&hellip;]<\/p>\n","protected":false},"author":4,"featured_media":93881,"parent":0,"menu_order":0,"comment_status":"closed","ping_status":"closed","template":"","meta":{"site-sidebar-layout":"default","site-content-layout":"","ast-site-content-layout":"default","site-content-style":"default","site-sidebar-style":"default","ast-global-header-display":"","ast-banner-title-visibility":"","ast-main-header-display":"","ast-hfb-above-header-display":"","ast-hfb-below-header-display":"","ast-hfb-mobile-header-display":"","site-post-title":"","ast-breadcrumbs-content":"","ast-featured-img":"","footer-sml-layout":"","ast-disable-related-posts":"","theme-transparent-header-meta":"","adv-header-id-meta":"","stick-header-meta":"","header-above-stick-meta":"","header-main-stick-meta":"","header-below-stick-meta":"","astra-migrate-meta-layouts":"default","ast-page-background-enabled":"default","ast-page-background-meta":{"desktop":{"background-color":"var(--ast-global-color-4)","background-image":"","background-repeat":"repeat","background-position":"center center","background-size":"auto","background-attachment":"scroll","background-type":"","background-media":"","overlay-type":"","overlay-color":"","overlay-opacity":"","overlay-gradient":""},"tablet":{"background-color":"","background-image":"","background-repeat":"repeat","background-position":"center center","background-size":"auto","background-attachment":"scroll","background-type":"","background-media":"","overlay-type":"","overlay-color":"","overlay-opacity":"","overlay-gradient":""},"mobile":{"background-color":"","background-image":"","background-repeat":"repeat","background-position":"center center","background-size":"auto","background-attachment":"scroll","background-type":"","background-media":"","overlay-type":"","overlay-color":"","overlay-opacity":"","overlay-gradient":""}},"ast-content-background-meta":{"desktop":{"background-color":"var(--ast-global-color-5)","background-image":"","background-repeat":"repeat","background-position":"center center","background-size":"auto","background-attachment":"scroll","background-type":"","background-media":"","overlay-type":"","overlay-color":"","overlay-opacity":"","overlay-gradient":""},"tablet":{"background-color":"var(--ast-global-color-5)","background-image":"","background-repeat":"repeat","background-position":"center center","background-size":"auto","background-attachment":"scroll","background-type":"","background-media":"","overlay-type":"","overlay-color":"","overlay-opacity":"","overlay-gradient":""},"mobile":{"background-color":"var(--ast-global-color-5)","background-image":"","background-repeat":"repeat","background-position":"center center","background-size":"auto","background-attachment":"scroll","background-type":"","background-media":"","overlay-type":"","overlay-color":"","overlay-opacity":"","overlay-gradient":""}},"footnotes":""},"class_list":["post-147712","page","type-page","status-publish","has-post-thumbnail","hentry"],"_links":{"self":[{"href":"https:\/\/medclinics.com\/tr\/wp-json\/wp\/v2\/pages\/147712","targetHints":{"allow":["GET"]}}],"collection":[{"href":"https:\/\/medclinics.com\/tr\/wp-json\/wp\/v2\/pages"}],"about":[{"href":"https:\/\/medclinics.com\/tr\/wp-json\/wp\/v2\/types\/page"}],"author":[{"embeddable":true,"href":"https:\/\/medclinics.com\/tr\/wp-json\/wp\/v2\/users\/4"}],"replies":[{"embeddable":true,"href":"https:\/\/medclinics.com\/tr\/wp-json\/wp\/v2\/comments?post=147712"}],"version-history":[{"count":0,"href":"https:\/\/medclinics.com\/tr\/wp-json\/wp\/v2\/pages\/147712\/revisions"}],"wp:featuredmedia":[{"embeddable":true,"href":"https:\/\/medclinics.com\/tr\/wp-json\/wp\/v2\/media\/93881"}],"wp:attachment":[{"href":"https:\/\/medclinics.com\/tr\/wp-json\/wp\/v2\/media?parent=147712"}],"curies":[{"name":"wp","href":"https:\/\/api.w.org\/{rel}","templated":true}]}}