{"id":147686,"date":"2023-06-02T20:33:17","date_gmt":"2023-06-02T17:33:17","guid":{"rendered":"https:\/\/medclinics.com\/relex-smile-kucuk-insizyonlu-lentikul-ekstraksiyonu\/"},"modified":"2025-01-03T00:04:03","modified_gmt":"2025-01-02T21:04:03","slug":"relex-smile-kucuk-insizyonlu-lentikul-ekstraksiyonu","status":"publish","type":"page","link":"https:\/\/medclinics.com\/tr\/relex-smile-kucuk-insizyonlu-lentikul-ekstraksiyonu\/","title":{"rendered":"ReLEx SMILE (K\u00fc\u00e7\u00fck \u0130nsizyonlu Lentik\u00fcl Ekstraksiyonu)"},"content":{"rendered":"\n<h2 class=\"wp-block-heading\">Lens kullanmadan her detay\u0131 g\u00f6rebilece\u011finiz bir tedavi ar\u0131yorsan\u0131z, ReLEx SMILE (Small Incision Lenticule Extraction) tam da ihtiyac\u0131n\u0131z olan \u015fey.<\/h2>\n\n<p><a href=\"https:\/\/en.wikipedia.org\/wiki\/Small_incision_lenticule_extraction\" target=\"_blank\" data-type=\"URL\" data-id=\"https:\/\/en.wikipedia.org\/wiki\/Small_incision_lenticule_extraction\" rel=\"noreferrer noopener\">ReLEx SMILE<\/a> prosed\u00fcr\u00fcnde cerrah, kornea i\u00e7inde k\u00fc\u00e7\u00fck, lens \u015feklinde bir doku par\u00e7as\u0131 (lentik\u00fcl) olu\u015fturmak i\u00e7in femtosaniye lazer kullan\u0131r. <\/p>\n\n<p>Daha sonra ayn\u0131 lazer ile kornea y\u00fczeyinde yay \u015feklinde k\u00fc\u00e7\u00fck bir kesi yap\u0131l\u0131r. Cerrah bu kesiden lentik\u00fcl\u00fc \u00e7\u0131kar\u0131r ve atar. <\/p>\n\n<p>Y\u00f6ntemin avantajlar\u0131: Bu operasyon LASIK yapamayanlar, kuru g\u00f6z sendromu olan hastalar i\u00e7in bile endikedir. Tek bir kesinin boyutu 2-4 mm&#8217;dir. <\/p>\n\n<p>Lazerin \u00e7al\u0131\u015fma s\u00fcresi 25 saniyedir ve operasyon sonras\u0131 iyile\u015fme 24 saattir.<\/p>\n\n<h3 class=\"wp-block-heading\"><a href=\"https:\/\/medclinics.com\/tr\/lazer-goz-tedavisi\/\" target=\"_blank\" rel=\"noreferrer noopener\">G\u00f6z lazeri<\/a> hakk\u0131nda bilmeniz gereken her \u015feyi \u00f6\u011frenmek i\u00e7in <a href=\"https:\/\/medclinics.com\/wp-admin\/post.php?post=93896&amp;action=edit#requestform\">bize ula\u015f\u0131n<\/a>!<\/h3>\n\n<figure class=\"wp-block-image size-full\"><img fetchpriority=\"high\" decoding=\"async\" width=\"960\" height=\"540\" src=\"https:\/\/medclinics.com\/wp-content\/uploads\/2023\/07\/relex-smile-small-incision-lenticule-extraction.jpg\" alt=\"ReLEx SMILE \/ Small Incision Lenticule Extraction Near Me &#x130;stanbul T&#xFC;rkiye\" class=\"wp-image-98305\" srcset=\"https:\/\/medclinics.com\/wp-content\/uploads\/2023\/07\/relex-smile-small-incision-lenticule-extraction.jpg 960w, https:\/\/medclinics.com\/wp-content\/uploads\/2023\/07\/relex-smile-small-incision-lenticule-extraction-500x281.jpg 500w, https:\/\/medclinics.com\/wp-content\/uploads\/2023\/07\/relex-smile-small-incision-lenticule-extraction-768x432.jpg 768w, https:\/\/medclinics.com\/wp-content\/uploads\/2023\/07\/relex-smile-small-incision-lenticule-extraction-24x14.jpg 24w, https:\/\/medclinics.com\/wp-content\/uploads\/2023\/07\/relex-smile-small-incision-lenticule-extraction-36x20.jpg 36w, https:\/\/medclinics.com\/wp-content\/uploads\/2023\/07\/relex-smile-small-incision-lenticule-extraction-48x27.jpg 48w\" sizes=\"(max-width: 960px) 100vw, 960px\" \/><\/figure>\n\n<h3 class=\"wp-block-heading\">SSS<\/h3>\n<div id=\"rank-math-faq\" class=\"rank-math-block\">\n<div class=\"rank-math-list \">\n<div id=\"faq-question-1685737109630\" class=\"rank-math-list-item\">\n<h3 class=\"rank-math-question \">K\u00fc\u00e7\u00fck kesiden lentik\u00fcl ekstraksiyonu nedir?<\/h3>\n<div class=\"rank-math-answer \">\n\n<p>SMILE, yak\u0131n g\u00f6r\u00fc\u015fl\u00fcl\u00fc\u011f\u00fc (miyopi) ve astigmatizmay\u0131 d\u00fczelten bir refraktif cerrahi t\u00fcr\u00fcd\u00fcr. LASIK ve PRK gibi prosed\u00fcrlere bir alternatiftir.<\/p>\n\n<\/div>\n<\/div>\n<div id=\"faq-question-1685737199515\" class=\"rank-math-list-item\">\n<h3 class=\"rank-math-question \">SMILE kesisinin iyile\u015fmesi ne kadar s\u00fcrer?<\/h3>\n<div class=\"rank-math-answer \">\n\n<p>SMILE (Small Incision Lenticule Extraction) prosed\u00fcr\u00fcn\u00fcn tamamen iyile\u015fmesi tipik olarak yakla\u015f\u0131k 3 ila 5 g\u00fcn s\u00fcrer. Bu s\u00fcre zarf\u0131nda, kornean\u0131n en d\u0131\u015f tabakas\u0131 (epitel) yenilenir ve herhangi bir rahats\u0131zl\u0131k veya hassasiyet yava\u015f yava\u015f azal\u0131r. \u00c7o\u011fu hasta ilk hafta i\u00e7inde g\u00f6rmede belirgin bir iyile\u015fme ya\u015far ve sonraki haftalarda g\u00f6rme art\u0131\u015f\u0131 devam eder. Kornea birka\u00e7 ay i\u00e7inde stabilize olur ve d\u00fczenli takip randevular\u0131 iyile\u015fme s\u00fcrecinin izlenmesine yard\u0131mc\u0131 olur.<\/p>\n\n<\/div>\n<\/div>\n<div id=\"faq-question-1685737200559\" class=\"rank-math-list-item\">\n<h3 class=\"rank-math-question \">SMILE ameliyat\u0131 yanl\u0131\u015f gidebilir mi?<\/h3>\n<div class=\"rank-math-answer \">\n\n<p>Her cerrahi prosed\u00fcr gibi, SMILE ameliyat\u0131n\u0131n da potansiyel riskleri ve komplikasyonlar\u0131 olabilir, ancak bunlar nadirdir. Riskleri en aza indirmek i\u00e7in deneyimli bir cerrah se\u00e7mek \u00f6nemlidir.<\/p>\n\n<\/div>\n<\/div>\n<div id=\"faq-question-1685737202194\" class=\"rank-math-list-item\">\n<h3 class=\"rank-math-question \">K\u00fc\u00e7\u00fck kesiden lentik\u00fcl \u00e7\u0131kar\u0131lmas\u0131 g\u00fcvenli midir?<\/h3>\n<div class=\"rank-math-answer \">\n\n<p>Evet, K\u00fc\u00e7\u00fck \u0130nsizyonlu Lentik\u00fcl Ekstraksiyonu (SMILE) genellikle g\u00fcvenli kabul edilir.<\/p>\n\n<\/div>\n<\/div>\n<\/div>\n<\/div>\n<p><\/p>\n\n<h3 class=\"wp-block-heading\">Herhangi bir sorunuz olmas\u0131 durumunda hemen bizimle ileti\u015fime ge\u00e7in!<\/h3>\n","protected":false},"excerpt":{"rendered":"<p>Lens kullanmadan her detay\u0131 g\u00f6rebilece\u011finiz bir tedavi ar\u0131yorsan\u0131z, ReLEx SMILE (Small Incision Lenticule Extraction) tam da ihtiyac\u0131n\u0131z olan \u015fey. ReLEx [&hellip;]<\/p>\n","protected":false},"author":4,"featured_media":93897,"parent":0,"menu_order":0,"comment_status":"closed","ping_status":"closed","template":"","meta":{"site-sidebar-layout":"default","site-content-layout":"","ast-site-content-layout":"default","site-content-style":"default","site-sidebar-style":"default","ast-global-header-display":"","ast-banner-title-visibility":"","ast-main-header-display":"","ast-hfb-above-header-display":"","ast-hfb-below-header-display":"","ast-hfb-mobile-header-display":"","site-post-title":"","ast-breadcrumbs-content":"","ast-featured-img":"","footer-sml-layout":"","ast-disable-related-posts":"","theme-transparent-header-meta":"","adv-header-id-meta":"","stick-header-meta":"","header-above-stick-meta":"","header-main-stick-meta":"","header-below-stick-meta":"","astra-migrate-meta-layouts":"default","ast-page-background-enabled":"default","ast-page-background-meta":{"desktop":{"background-color":"var(--ast-global-color-4)","background-image":"","background-repeat":"repeat","background-position":"center center","background-size":"auto","background-attachment":"scroll","background-type":"","background-media":"","overlay-type":"","overlay-color":"","overlay-opacity":"","overlay-gradient":""},"tablet":{"background-color":"","background-image":"","background-repeat":"repeat","background-position":"center center","background-size":"auto","background-attachment":"scroll","background-type":"","background-media":"","overlay-type":"","overlay-color":"","overlay-opacity":"","overlay-gradient":""},"mobile":{"background-color":"","background-image":"","background-repeat":"repeat","background-position":"center center","background-size":"auto","background-attachment":"scroll","background-type":"","background-media":"","overlay-type":"","overlay-color":"","overlay-opacity":"","overlay-gradient":""}},"ast-content-background-meta":{"desktop":{"background-color":"var(--ast-global-color-5)","background-image":"","background-repeat":"repeat","background-position":"center center","background-size":"auto","background-attachment":"scroll","background-type":"","background-media":"","overlay-type":"","overlay-color":"","overlay-opacity":"","overlay-gradient":""},"tablet":{"background-color":"var(--ast-global-color-5)","background-image":"","background-repeat":"repeat","background-position":"center center","background-size":"auto","background-attachment":"scroll","background-type":"","background-media":"","overlay-type":"","overlay-color":"","overlay-opacity":"","overlay-gradient":""},"mobile":{"background-color":"var(--ast-global-color-5)","background-image":"","background-repeat":"repeat","background-position":"center center","background-size":"auto","background-attachment":"scroll","background-type":"","background-media":"","overlay-type":"","overlay-color":"","overlay-opacity":"","overlay-gradient":""}},"footnotes":""},"class_list":["post-147686","page","type-page","status-publish","has-post-thumbnail","hentry"],"_links":{"self":[{"href":"https:\/\/medclinics.com\/tr\/wp-json\/wp\/v2\/pages\/147686","targetHints":{"allow":["GET"]}}],"collection":[{"href":"https:\/\/medclinics.com\/tr\/wp-json\/wp\/v2\/pages"}],"about":[{"href":"https:\/\/medclinics.com\/tr\/wp-json\/wp\/v2\/types\/page"}],"author":[{"embeddable":true,"href":"https:\/\/medclinics.com\/tr\/wp-json\/wp\/v2\/users\/4"}],"replies":[{"embeddable":true,"href":"https:\/\/medclinics.com\/tr\/wp-json\/wp\/v2\/comments?post=147686"}],"version-history":[{"count":0,"href":"https:\/\/medclinics.com\/tr\/wp-json\/wp\/v2\/pages\/147686\/revisions"}],"wp:featuredmedia":[{"embeddable":true,"href":"https:\/\/medclinics.com\/tr\/wp-json\/wp\/v2\/media\/93897"}],"wp:attachment":[{"href":"https:\/\/medclinics.com\/tr\/wp-json\/wp\/v2\/media?parent=147686"}],"curies":[{"name":"wp","href":"https:\/\/api.w.org\/{rel}","templated":true}]}}