{"id":147612,"date":"2023-06-15T13:38:42","date_gmt":"2023-06-15T10:38:42","guid":{"rendered":"https:\/\/medclinics.com\/termal-su\/"},"modified":"2025-01-03T01:51:48","modified_gmt":"2025-01-02T22:51:48","slug":"termal-su","status":"publish","type":"page","link":"https:\/\/medclinics.com\/tr\/termal-su\/","title":{"rendered":"Termal Su"},"content":{"rendered":"\n<h2 class=\"wp-block-heading\">Rahatlayarak tedavi olman\u0131n bir yolunu ar\u0131yorsan\u0131z, termal sular sizin i\u00e7in en iyi se\u00e7enek olabilir. Terap\u00f6tik su terapisi inan\u0131lmaz bir mucizedir.<\/h2>\n\n<p>Termal su <a href=\"https:\/\/en.wikipedia.org\/wiki\/Hot_spring\" target=\"_blank\" rel=\"noreferrer noopener\">kapl\u0131calardan<\/a> elde edilir. Bu suyun t\u0131bbi niteli\u011fi, her ikisi de \u00e7e\u015fitli sa\u011fl\u0131k avantajlar\u0131 sa\u011flayan mineral i\u00e7eri\u011finden ve \u0131s\u0131s\u0131ndan gelir.<\/p>\n\n<p>Cilt bak\u0131m\u0131ndan sindirim sistemine kadar termal sular\u0131n insanlar i\u00e7in \u00e7ok \u00f6nemli faydalar\u0131 vard\u0131r. Kan dola\u015f\u0131m\u0131n\u0131n artmas\u0131na yard\u0131mc\u0131 olur. Bu sayede insan v\u00fccudu hem daha sa\u011fl\u0131kl\u0131 hem de daha g\u00fc\u00e7l\u00fc hale gelir. Termal su, i\u00e7eri\u011findeki bile\u015fenlerle cildin beslenmesine yard\u0131mc\u0131 olur.<\/p>\n\n<p>Cildi nemlendirerek kurumas\u0131n\u0131 ve \u00e7atlamas\u0131n\u0131 \u00f6nler. Depresyon ve stres seviyelerini azaltabilir. Solunum yolu hastal\u0131klar\u0131n\u0131 \u00f6nlemeye yard\u0131mc\u0131 olur. Ortopedik rahats\u0131zl\u0131klar\u0131 ve romatizmay\u0131 tedavi edebilir. B\u00f6brek hastal\u0131klar\u0131ndan koruyabilir. Jinekolojik sorunlar\u0131 en aza indirmeye yard\u0131mc\u0131 olur.<\/p>\n\n<p>Selenyum ve magnezyum olarak bilinen iki mineral i\u00e7erir. Bu mineraller \u00f6zellikle romatizmal hastal\u0131klar ile egzama ve sedef hastal\u0131\u011f\u0131 gibi cilt rahats\u0131zl\u0131klar\u0131 i\u00e7in faydal\u0131d\u0131r.<\/p>\n\n<h3 class=\"wp-block-heading\">Fiyat, bak\u0131m sonras\u0131 ve iyile\u015fme s\u00fcreci de dahil olmak \u00fczere <a href=\"https:\/\/medclinics.com\/tr\/spa-termal-2\/\" target=\"_blank\" rel=\"noreferrer noopener\">spa uygulamalar\u0131<\/a> hakk\u0131nda bilmeniz gereken her \u015fey veya <a href=\"#requestform\">bizimle ileti\u015fime<\/a> ge\u00e7in!<\/h3>\n\n<figure class=\"wp-block-image size-full\"><img fetchpriority=\"high\" decoding=\"async\" width=\"960\" height=\"540\" src=\"https:\/\/medclinics.com\/wp-content\/uploads\/2023\/07\/thermal-water-in-turkey-1.jpg\" alt=\"T&#xFC;rkiye'de Termal Su\" class=\"wp-image-97206\" srcset=\"https:\/\/medclinics.com\/wp-content\/uploads\/2023\/07\/thermal-water-in-turkey-1.jpg 960w, https:\/\/medclinics.com\/wp-content\/uploads\/2023\/07\/thermal-water-in-turkey-1-500x281.jpg 500w, https:\/\/medclinics.com\/wp-content\/uploads\/2023\/07\/thermal-water-in-turkey-1-768x432.jpg 768w, https:\/\/medclinics.com\/wp-content\/uploads\/2023\/07\/thermal-water-in-turkey-1-24x14.jpg 24w, https:\/\/medclinics.com\/wp-content\/uploads\/2023\/07\/thermal-water-in-turkey-1-36x20.jpg 36w, https:\/\/medclinics.com\/wp-content\/uploads\/2023\/07\/thermal-water-in-turkey-1-48x27.jpg 48w\" sizes=\"(max-width: 960px) 100vw, 960px\" \/><\/figure>\n\n<h2 class=\"wp-block-heading\">SSS<\/h2>\n<div id=\"rank-math-faq\" class=\"rank-math-block\">\n<div class=\"rank-math-list \">\n<div id=\"faq-question-1686835280726\" class=\"rank-math-list-item\">\n<h3 class=\"rank-math-question \">Termal su nedir?<\/h3>\n<div class=\"rank-math-answer \">\n\n<p>Do\u011fal olarak \u0131s\u0131t\u0131lm\u0131\u015f sudur. Faydal\u0131 mineraller i\u00e7erir. Cilt i\u00e7in terap\u00f6tik etkiler sunar, dola\u015f\u0131m\u0131, rahatlamay\u0131 ve detoksifikasyonu destekler. \u0130yile\u015ftirici \u00f6zellikleri nedeniyle sa\u011fl\u0131k tedavilerinde yayg\u0131n olarak kullan\u0131l\u0131r.<\/p>\n\n<\/div>\n<\/div>\n<div id=\"faq-question-1686835275317\" class=\"rank-math-list-item\">\n<h3 class=\"rank-math-question \">Termal su nas\u0131l \u00e7al\u0131\u015f\u0131r?<\/h3>\n<div class=\"rank-math-answer \">\n\n<p>Yeralt\u0131 kaynaklar\u0131ndan gelen do\u011fal \u0131s\u0131y\u0131 e\u015fsiz mineral bile\u015fimiyle birle\u015ftirerek \u00e7al\u0131\u015f\u0131r. Mineraller cilt taraf\u0131ndan emildi\u011finde cilt sa\u011fl\u0131\u011f\u0131n\u0131 iyile\u015ftirmek, dola\u015f\u0131m\u0131 desteklemek ve rahatlamaya neden olmak gibi terap\u00f6tik faydalar sa\u011flar. S\u0131cakl\u0131k ayr\u0131ca kaslar\u0131 gev\u015fetmeye, v\u00fccudu detoksifiye etmeye ve stresi azaltmaya yard\u0131mc\u0131 olur. \u0130yile\u015ftirici \u00f6zellikleri onu \u00e7e\u015fitli sa\u011fl\u0131k tedavileri i\u00e7in pop\u00fcler bir se\u00e7im haline getirmektedir.<\/p>\n\n<\/div>\n<\/div>\n<div id=\"faq-question-1686835343147\" class=\"rank-math-list-item\">\n<h3 class=\"rank-math-question \">Termal su tedavisi olmaya de\u011fer mi?<\/h3>\n<div class=\"rank-math-answer \">\n\n<p>Evet, terap\u00f6tik faydalar\u0131na de\u011fer veren, deneyimden keyif alan ve sa\u011fl\u0131klar\u0131 i\u00e7in faydal\u0131 bulan bireyler i\u00e7in buna de\u011fer olabilir.<\/p>\n\n<\/div>\n<\/div>\n<div id=\"faq-question-1686835344580\" class=\"rank-math-list-item\">\n<h3 class=\"rank-math-question \">Termal su cilde iyi gelir mi?<\/h3>\n<div class=\"rank-math-answer \">\n\n<p>Evet, cilt i\u00e7in iyidir. Mineraller ve eser elementler i\u00e7erir. Bu unsurlar \u00e7e\u015fitli faydalar sa\u011flayabilir. Spesifik mineral bile\u015fimi kayna\u011fa ba\u011fl\u0131 olarak de\u011fi\u015febilir. Bununla birlikte, termal suda bulunan kalsiyum, magnezyum, s\u00fclf\u00fcr ve silika gibi yayg\u0131n mineraller cilt sa\u011fl\u0131\u011f\u0131 yararlar\u0131 ile ili\u015fkilendirilmi\u015ftir.<\/p>\n\n<\/div>\n<\/div>\n<div id=\"faq-question-1686835345514\" class=\"rank-math-list-item\">\n<h3 class=\"rank-math-question \">Termal su egzamaya iyi gelir mi?<\/h3>\n<div class=\"rank-math-answer \">\n\n<p>Evet, egzamas\u0131 olan bireyler i\u00e7in iyi olabilir. Mineral i\u00e7eri\u011fi ve yat\u0131\u015ft\u0131r\u0131c\u0131 \u00f6zellikleri, kuruluk, k\u0131zar\u0131kl\u0131k ve ka\u015f\u0131nt\u0131 gibi egzama ile ili\u015fkili semptomlar\u0131n hafifletilmesine yard\u0131mc\u0131 olabilir.<\/p>\n\n<\/div>\n<\/div>\n<\/div>\n<\/div>\n<p>\u00a0<\/p>\n\n<h3 class=\"wp-block-heading\">Herhangi bir sorunuz olmas\u0131 durumunda hemen bizimle ileti\u015fime ge\u00e7in!<\/h3>\n","protected":false},"excerpt":{"rendered":"<p>Rahatlayarak tedavi olman\u0131n bir yolunu ar\u0131yorsan\u0131z, termal sular sizin i\u00e7in en iyi se\u00e7enek olabilir. Terap\u00f6tik su terapisi inan\u0131lmaz bir mucizedir. [&hellip;]<\/p>\n","protected":false},"author":4,"featured_media":95063,"parent":0,"menu_order":0,"comment_status":"closed","ping_status":"closed","template":"","meta":{"site-sidebar-layout":"default","site-content-layout":"","ast-site-content-layout":"default","site-content-style":"default","site-sidebar-style":"default","ast-global-header-display":"","ast-banner-title-visibility":"","ast-main-header-display":"","ast-hfb-above-header-display":"","ast-hfb-below-header-display":"","ast-hfb-mobile-header-display":"","site-post-title":"","ast-breadcrumbs-content":"","ast-featured-img":"","footer-sml-layout":"","ast-disable-related-posts":"","theme-transparent-header-meta":"","adv-header-id-meta":"","stick-header-meta":"","header-above-stick-meta":"","header-main-stick-meta":"","header-below-stick-meta":"","astra-migrate-meta-layouts":"default","ast-page-background-enabled":"default","ast-page-background-meta":{"desktop":{"background-color":"var(--ast-global-color-4)","background-image":"","background-repeat":"repeat","background-position":"center center","background-size":"auto","background-attachment":"scroll","background-type":"","background-media":"","overlay-type":"","overlay-color":"","overlay-opacity":"","overlay-gradient":""},"tablet":{"background-color":"","background-image":"","background-repeat":"repeat","background-position":"center center","background-size":"auto","background-attachment":"scroll","background-type":"","background-media":"","overlay-type":"","overlay-color":"","overlay-opacity":"","overlay-gradient":""},"mobile":{"background-color":"","background-image":"","background-repeat":"repeat","background-position":"center center","background-size":"auto","background-attachment":"scroll","background-type":"","background-media":"","overlay-type":"","overlay-color":"","overlay-opacity":"","overlay-gradient":""}},"ast-content-background-meta":{"desktop":{"background-color":"var(--ast-global-color-5)","background-image":"","background-repeat":"repeat","background-position":"center center","background-size":"auto","background-attachment":"scroll","background-type":"","background-media":"","overlay-type":"","overlay-color":"","overlay-opacity":"","overlay-gradient":""},"tablet":{"background-color":"var(--ast-global-color-5)","background-image":"","background-repeat":"repeat","background-position":"center center","background-size":"auto","background-attachment":"scroll","background-type":"","background-media":"","overlay-type":"","overlay-color":"","overlay-opacity":"","overlay-gradient":""},"mobile":{"background-color":"var(--ast-global-color-5)","background-image":"","background-repeat":"repeat","background-position":"center center","background-size":"auto","background-attachment":"scroll","background-type":"","background-media":"","overlay-type":"","overlay-color":"","overlay-opacity":"","overlay-gradient":""}},"footnotes":""},"class_list":["post-147612","page","type-page","status-publish","has-post-thumbnail","hentry"],"_links":{"self":[{"href":"https:\/\/medclinics.com\/tr\/wp-json\/wp\/v2\/pages\/147612","targetHints":{"allow":["GET"]}}],"collection":[{"href":"https:\/\/medclinics.com\/tr\/wp-json\/wp\/v2\/pages"}],"about":[{"href":"https:\/\/medclinics.com\/tr\/wp-json\/wp\/v2\/types\/page"}],"author":[{"embeddable":true,"href":"https:\/\/medclinics.com\/tr\/wp-json\/wp\/v2\/users\/4"}],"replies":[{"embeddable":true,"href":"https:\/\/medclinics.com\/tr\/wp-json\/wp\/v2\/comments?post=147612"}],"version-history":[{"count":0,"href":"https:\/\/medclinics.com\/tr\/wp-json\/wp\/v2\/pages\/147612\/revisions"}],"wp:featuredmedia":[{"embeddable":true,"href":"https:\/\/medclinics.com\/tr\/wp-json\/wp\/v2\/media\/95063"}],"wp:attachment":[{"href":"https:\/\/medclinics.com\/tr\/wp-json\/wp\/v2\/media?parent=147612"}],"curies":[{"name":"wp","href":"https:\/\/api.w.org\/{rel}","templated":true}]}}