{"id":147584,"date":"2023-06-19T09:46:57","date_gmt":"2023-06-19T06:46:57","guid":{"rendered":"https:\/\/medclinics.com\/vitiligo-tedavisi\/"},"modified":"2024-04-01T12:16:49","modified_gmt":"2024-04-01T09:16:49","slug":"vitiligo-tedavisi","status":"publish","type":"page","link":"https:\/\/medclinics.com\/tr\/vitiligo-tedavisi\/","title":{"rendered":"Vitiligo Tedavisi"},"content":{"rendered":"\n<h2 class=\"wp-block-heading\">Vitiligo tedavisi ile pigmentasyon bozuklu\u011funa veda edin ve yeni hayat\u0131n\u0131za merhaba deyin!<\/h2>\n\n<p>Vitiligo, deride pigment kayb\u0131na ba\u011fl\u0131 olarak beyaz alanlar\u0131n ortaya \u00e7\u0131kt\u0131\u011f\u0131, nedeni bilinmeyen bir deri hastal\u0131\u011f\u0131d\u0131r. V\u00fccudun herhangi bir yerinde g\u00f6r\u00fclebilir, ancak en yayg\u0131n olarak y\u00fcz, dudaklar, eller, kollar, bacaklar ve genital b\u00f6lgelerde g\u00f6r\u00fcl\u00fcr.  <\/p>\n\n<p>Vitiligonun nedeni tam olarak anla\u015f\u0131lamam\u0131\u015ft\u0131r, ancak genetik, otoimm\u00fcn ve \u00e7evresel fakt\u00f6rlerin bir kombinasyonunu i\u00e7erdi\u011fine inan\u0131lmaktad\u0131r. Bula\u015f\u0131c\u0131 de\u011fildir ve herhangi bir do\u011frudan sa\u011fl\u0131k riski olu\u015fturmaz, ancak \u00f6zellikle g\u00f6r\u00fcn\u00fcmlerindeki g\u00f6r\u00fcn\u00fcr de\u011fi\u015fiklikler nedeniyle bireyler \u00fczerinde \u00f6nemli psikolojik ve duygusal etkileri olabilir.<\/p>\n\n<p>Vitiligo her ya\u015fta ortaya \u00e7\u0131kabilir, ancak genellikle \u00e7ocuklukta veya gen\u00e7 yeti\u015fkinlikte ba\u015flar. Vitiligonun birincil belirtisi beyaz lekelerin varl\u0131\u011f\u0131 olsa da, vitiligolu baz\u0131 ki\u015filer etkilenen b\u00f6lgelerde ka\u015f\u0131nt\u0131, kuruluk veya g\u00fcne\u015f yan\u0131\u011f\u0131 ya\u015fayabilir.<\/p>\n\n<p>\u015eu anda <a href=\"https:\/\/en.wikipedia.org\/wiki\/Vitiligo\" target=\"_blank\" rel=\"noopener\">vitiligo<\/a> i\u00e7in bir tedavi bulunmamakla birlikte, durumu y\u00f6netmek ve kozmetik g\u00f6r\u00fcn\u00fcm\u00fcn\u00fc iyile\u015ftirmek i\u00e7in \u00e7e\u015fitli tedavi se\u00e7enekleri mevcuttur. Bunlar topikal ila\u00e7lar, fototerapi, cerrahi prosed\u00fcrler ve kamuflaj tekniklerini i\u00e7erebilir.<\/p>\n\n<h3 class=\"wp-block-heading\">Bak\u0131m sonras\u0131 ve iyile\u015fme s\u00fcreci de dahil olmak \u00fczere <a href=\"https:\/\/medclinics.com\/tr\/dermatoloji\/\" target=\"_blank\" rel=\"noreferrer noopener\">dermatoloji<\/a> hakk\u0131nda bilmeniz gereken her \u015fey veya <a href=\"#requestform\">bizimle ileti\u015fime<\/a> ge\u00e7in!<\/h3>\n\n<figure class=\"wp-block-image size-full\"><img fetchpriority=\"high\" decoding=\"async\" width=\"960\" height=\"540\" src=\"https:\/\/medclinics.com\/wp-content\/uploads\/2023\/07\/vitiligo-treatment-near-me.jpg\" alt=\"T&#xFC;rkiye'de &#x130;stanbul'da Vitiligo Tedavisi\" class=\"wp-image-97266\" srcset=\"https:\/\/medclinics.com\/wp-content\/uploads\/2023\/07\/vitiligo-treatment-near-me.jpg 960w, https:\/\/medclinics.com\/wp-content\/uploads\/2023\/07\/vitiligo-treatment-near-me-500x281.jpg 500w, https:\/\/medclinics.com\/wp-content\/uploads\/2023\/07\/vitiligo-treatment-near-me-768x432.jpg 768w, https:\/\/medclinics.com\/wp-content\/uploads\/2023\/07\/vitiligo-treatment-near-me-24x14.jpg 24w, https:\/\/medclinics.com\/wp-content\/uploads\/2023\/07\/vitiligo-treatment-near-me-36x20.jpg 36w, https:\/\/medclinics.com\/wp-content\/uploads\/2023\/07\/vitiligo-treatment-near-me-48x27.jpg 48w\" sizes=\"(max-width: 960px) 100vw, 960px\" \/><\/figure>\n\n<h2 class=\"wp-block-heading\">SSS<\/h2>\n<div id=\"rank-math-faq\" class=\"rank-math-block\">\n<div class=\"rank-math-list \">\n<div id=\"faq-question-1687167318311\" class=\"rank-math-list-item\">\n<h3 class=\"rank-math-question \">Vitiligo nedir?<\/h3>\n<div class=\"rank-math-answer \">\n\n<p>Vitiligo, ciltte beyaz lekelerin geli\u015fmesiyle karakterize uzun s\u00fcreli bir cilt rahats\u0131zl\u0131\u011f\u0131d\u0131r. Melanin \u00fcretiminden sorumlu h\u00fccreler olan melanositler yok oldu\u011funda ya da i\u015flevini yitirdi\u011finde ortaya \u00e7\u0131kar.<\/p>\n\n<\/div>\n<\/div>\n<div id=\"faq-question-1687167288940\" class=\"rank-math-list-item\">\n<h3 class=\"rank-math-question \">Melanin nedir?<\/h3>\n<div class=\"rank-math-answer \">\n\n<p>\u0130nsan derisinin rengi melanin ad\u0131 verilen kahverengi bir pigmentten olu\u015fur. Soluk tenli insanlar \u00e7ok az melanin \u00fcretirken, koyu tenli insanlar daha y\u00fcksek miktarda melanin \u00fcretir. Yani iki t\u00fcr pigmentasyon vard\u0131r.  <br \/>V\u00fccudunuz \u00e7ok fazla melanin \u00fcretti\u011finde cildiniz koyula\u015facakt\u0131r. Hamilelik, Addison hastal\u0131\u011f\u0131 ve g\u00fcne\u015fe maruz kalma cildinizi koyula\u015ft\u0131ran fakt\u00f6rlerden baz\u0131lar\u0131d\u0131r. \u00d6te yandan, v\u00fccudunuz \u00e7ok az melanin \u00fcretti\u011finde, cildiniz normal cilt renginizden daha a\u00e7\u0131k alanlarla daha a\u00e7\u0131k hale gelecektir.<\/p>\n\n<\/div>\n<\/div>\n<div id=\"faq-question-1687167320190\" class=\"rank-math-list-item\">\n<h3 class=\"rank-math-question \">D\u00fcnya n\u00fcfusunda ka\u00e7 ki\u015fi Vitiligo hastal\u0131\u011f\u0131ndan etkilenmektedir?<\/h3>\n<div class=\"rank-math-answer \">\n\n<p>D\u00fcnya n\u00fcfusunun %1&#8217;ini etkileyen ve cinsiyet ayr\u0131m\u0131 g\u00f6zetmeksizin t\u00fcm \u0131rklar\u0131 e\u015fit derecede etkileyen bir hastal\u0131kt\u0131r.<\/p>\n\n<\/div>\n<\/div>\n<div id=\"faq-question-1687167321156\" class=\"rank-math-list-item\">\n<h3 class=\"rank-math-question \">Vitiligo tedavisi \u0130stanbul &#8211; T\u00fcrkiye&#8217;de neden daha ucuz?<\/h3>\n<div class=\"rank-math-answer \">\n\n<p>T\u00fcrkiye&#8217;de maa\u015flar ve ya\u015fam maliyetleri Avrupa&#8217;dan daha d\u00fc\u015f\u00fckt\u00fcr ve devlet sa\u011fl\u0131k sekt\u00f6r\u00fcn\u00fc s\u00fcbvanse etmektedir. Bu nedenle T\u00fcrkiye&#8217;de vitiligo tedavisi kalite ve standarttan \u00f6d\u00fcn vermeden \u00e7ok daha d\u00fc\u015f\u00fck maliyetlerle yap\u0131labilmektedir.<\/p>\n\n<\/div>\n<\/div>\n<div id=\"faq-question-1687167395826\" class=\"rank-math-list-item\">\n<h3 class=\"rank-math-question \">\u0130stanbul&#8217;da Vitiligo Tedavisinin avantajlar\u0131 nelerdir?  <\/h3>\n<div class=\"rank-math-answer \">\n\n<p>Para ve maliyetten tasarruf eder, uluslararas\u0131 kaliteden yararlan\u0131r ve uzun bekleme s\u00fcrelerinden ka\u00e7\u0131n\u0131rs\u0131n\u0131z. T\u00fcrkiye&#8217;de Vitiligo tedaviniz i\u00e7in k\u0131sa s\u00fcrede randevu alabiliyorsunuz, Almanya&#8217;da ise haftalarca beklemeniz gerekiyor. Avrupa&#8217;dan u\u00e7u\u015f s\u00fcresinin k\u0131sa olmas\u0131 da bir ba\u015fka avantaj.  <\/p>\n\n<\/div>\n<\/div>\n<div id=\"faq-question-1687167397272\" class=\"rank-math-list-item\">\n<h3 class=\"rank-math-question \">\u0130stanbul&#8217;da Vitiligo Tedavisi yapt\u0131rmak g\u00fcvenli midir?<\/h3>\n<div class=\"rank-math-answer \">\n\n<p>Y\u0131lda 1,5 milyonu a\u015fk\u0131n sa\u011fl\u0131k turisti ile T\u00fcrkiye, sa\u011fl\u0131k turizminde d\u00fcnya lideri \u00fc\u00e7 \u00fclkeden biridir. T\u00fcrkiye&#8217;deki sa\u011fl\u0131k sistemi, tedavilerin en iyi kalitede ve en y\u00fcksek standartta olmas\u0131n\u0131 sa\u011flamak amac\u0131yla s\u0131k\u0131 bir \u015fekilde denetlenmekte ve d\u00fczenlenmektedir. Deneyimli doktorlar, profesyonel bir ekiple birlikte hastalarla profesyonel ve yetkin bir \u015fekilde ilgilenir. Vitiligo tedaviniz uluslararas\u0131 markalar kullan\u0131larak profesyonel bir dermatolog taraf\u0131ndan yap\u0131lacakt\u0131r. Bu nedenle \u0130stanbul&#8217;da vitiligo tedavisi yapt\u0131rmak g\u00fcvenlidir.<\/p>\n\n<\/div>\n<\/div>\n<div id=\"faq-question-1687167397943\" class=\"rank-math-list-item\">\n<h3 class=\"rank-math-question \">Vitiligo ba\u015flang\u0131c\u0131 nas\u0131l olur?<\/h3>\n<div class=\"rank-math-answer \">\n\n<p>Vitiligonun ilk ve en yayg\u0131n belirtisi ciltteki belirli bir noktan\u0131n aniden beyazlamas\u0131d\u0131r. Baz\u0131 durumlarda, k\u00fc\u00e7\u00fck bir beyaz nokta zamanla b\u00fcy\u00fcyebilir ve cildin \u00f6nemli bir b\u00f6l\u00fcm\u00fcn\u00fc kaplayan bir boyuta ula\u015fabilir.<\/p>\n\n<\/div>\n<\/div>\n<div id=\"faq-question-1687167452939\" class=\"rank-math-list-item\">\n<h3 class=\"rank-math-question \">Vitiligo i\u00e7 organ hastal\u0131\u011f\u0131 m\u0131d\u0131r? Bula\u015f\u0131c\u0131 m\u0131?<\/h3>\n<div class=\"rank-math-answer \">\n\n<p>Vitiligo herhangi bir i\u00e7 organ hastal\u0131\u011f\u0131ndan kaynaklanmaz, bu nedenle bir\u00e7ok hastan\u0131n genel sa\u011fl\u0131k durumu iyidir. Vitiligo bula\u015f\u0131c\u0131 de\u011fildir.<\/p>\n\n<\/div>\n<\/div>\n<div id=\"faq-question-1687167453659\" class=\"rank-math-list-item\">\n<h3 class=\"rank-math-question \">Vitiligo tedavisi olan bir hastal\u0131k m\u0131d\u0131r?<\/h3>\n<div class=\"rank-math-answer \">\n\n<p>Vitiligo tedavi edilebilir bir hastal\u0131kt\u0131r, ancak vitiligonun kesin nedeni bilinmedi\u011finden, tedavi sonu\u00e7lar\u0131 bireysel olarak de\u011fi\u015febilir. Farkl\u0131 tedavi se\u00e7enekleri vard\u0131r; baz\u0131lar\u0131 en az 3 ay s\u00fcrer. Tedavi se\u00e7imine bir dermatolog ile karar verilmelidir.<\/p>\n\n<\/div>\n<\/div>\n<div id=\"faq-question-1687167471518\" class=\"rank-math-list-item\">\n<h3 class=\"rank-math-question \">Vitiligoyu tedavi edebilecek kremler var m\u0131?<\/h3>\n<div class=\"rank-math-answer \">\n\n<p>Vitiligonun ilk basamak tedavilerine topikal kremler ile ba\u015flan\u0131r. Antioksidan maddeler i\u00e7eren bitkisel Vitiligo kremleri de bulunmaktad\u0131r. Bitkisel de olsa (hap veya krem) Sa\u011fl\u0131k Bakanl\u0131\u011f\u0131 taraf\u0131ndan onaylanmam\u0131\u015f hi\u00e7bir tedaviyi uygulamay\u0131n.<\/p>\n\n<\/div>\n<\/div>\n<div id=\"faq-question-1687167472296\" class=\"rank-math-list-item\">\n<h3 class=\"rank-math-question \">Puva Vitiligo tedavisi nas\u0131l yap\u0131l\u0131r?<\/h3>\n<div class=\"rank-math-answer \">\n\n<p>Puva terapi kontroll\u00fc ultraviyole \u0131\u015f\u0131k cihazlar\u0131 ile kullan\u0131l\u0131r. Genel Puva tedavisi solaryum gibi kapal\u0131 bir kabinde yap\u0131l\u0131r. \u0130\u015flemden \u00f6nce hastaya fotosensitize edici bir ila\u00e7 verilir. Puva \u0131\u015f\u0131n\u0131, rengini kaybetmi\u015f dokularda cilde renk veren h\u00fccreleri yani melanositleri harekete ge\u00e7irir ve Vitiligo olan b\u00f6lgelere renk veren h\u00fccrelerin g\u00f6\u00e7\u00fcn\u00fc destekler.  <\/p>\n\n<\/div>\n<\/div>\n<div id=\"faq-question-1687167546382\" class=\"rank-math-list-item\">\n<h3 class=\"rank-math-question \">Vitiligo i\u00e7in cerrahi bir tedavi var m\u0131d\u0131r?<\/h3>\n<div class=\"rank-math-answer \">\n\n<p>Vitiligo i\u00e7in cerrahi bir tedavi vard\u0131r. Punch Greft y\u00f6ntemi ad\u0131 verilen bir y\u00f6ntemle, derinin rengini kaybetti\u011fi b\u00f6lgelere v\u00fccudun ba\u015fka bir b\u00f6lgesinden al\u0131nan deri yerle\u015ftirilerek renk kayb\u0131 olan b\u00f6lgenin yeniden renklendirilmesi sa\u011flanabilir.<\/p>\n\n<\/div>\n<\/div>\n<div id=\"faq-question-1687167554938\" class=\"rank-math-list-item\">\n<h3 class=\"rank-math-question \">De-pigmentasyon tedavisi nedir?<\/h3>\n<div class=\"rank-math-answer \">\n\n<p>Bu y\u00f6ntemle t\u00fcm v\u00fccut beyazlat\u0131l\u0131r ve cilt rengi e\u015fitlenir. Bu i\u015flemden sonra cildin renk kayb\u0131 kal\u0131c\u0131d\u0131r ve hastalar her zaman g\u00fcne\u015ften \u00e7ok iyi korunmal\u0131d\u0131r. D\u00fcnyaca \u00fcnl\u00fc \u015fark\u0131c\u0131 Michael Jackson depigmentasyon tedavisini kullanm\u0131\u015ft\u0131r.<\/p>\n\n<\/div>\n<\/div>\n<div id=\"faq-question-1687167587882\" class=\"rank-math-list-item\">\n<h3 class=\"rank-math-question \">Vitiligo tedavimi bir gezi turu ile birle\u015ftirebilir miyim?<\/h3>\n<div class=\"rank-math-answer \">\n\n<p>Elbette, ho\u015f olan\u0131 faydal\u0131 olanla birle\u015ftirebilirsiniz ve hatta birle\u015ftirmelisiniz de! Vitiligo tedavisi uzun zaman almaz. \u0130stanbul&#8217;daki ke\u015fif turunuza k\u0131sa bir mola veriyorsunuz. Tedaviden sonra herhangi bir endi\u015fe duymadan gezinize devam edebilirsiniz.<\/p>\n\n<\/div>\n<\/div>\n<div id=\"faq-question-1687167588662\" class=\"rank-math-list-item\">\n<h3 class=\"rank-math-question \">Vitiligo hastalar\u0131 nelere dikkat etmelidir?<\/h3>\n<div class=\"rank-math-answer \">\n\n<p>Vitiligolu hastalar normal cilt ile vitiligolu cilt aras\u0131ndaki renk fark\u0131n\u0131n belirgin olmamas\u0131 i\u00e7in kendilerini kese, sert masaj, g\u00fcne\u015f yan\u0131\u011f\u0131 gibi cilt travmalar\u0131ndan korumal\u0131, g\u00fcne\u015ften iyi korunmal\u0131 ve stresi azaltmal\u0131d\u0131r.<br \/>Bunlar\u0131n d\u0131\u015f\u0131nda uzmanlar g\u00fcne\u015fli b\u00f6lgelerde ya\u015fayan ki\u015filerin yeterli miktarda A, B ve E vitaminleri almalar\u0131n\u0131 \u00f6nermektedir. Bu vitaminleri i\u00e7eren besin gruplar\u0131ndan bolca t\u00fcketmeniz \u00f6nerilir.<\/p>\n\n<\/div>\n<\/div>\n<div id=\"faq-question-1687167623470\" class=\"rank-math-list-item\">\n<h3 class=\"rank-math-question \">Eve d\u00f6nd\u00fc\u011f\u00fcmde doktorumla ileti\u015fime ge\u00e7ebilir miyim?<\/h3>\n<div class=\"rank-math-answer \">\n\n<p>Elbette, eve d\u00f6nd\u00fc\u011f\u00fcn\u00fczde de, akl\u0131n\u0131za gelebilecek her t\u00fcrl\u00fc soruyu yan\u0131tlamaya haz\u0131r olan doktorunuzla ileti\u015fime ge\u00e7ebilirsiniz.  <\/p>\n\n<\/div>\n<\/div>\n<\/div>\n<\/div>\n<p>\u00a0<\/p>\n\n<h3 class=\"wp-block-heading\">Herhangi bir sorunuz olmas\u0131 durumunda hemen bizimle ileti\u015fime ge\u00e7in!<\/h3>\n","protected":false},"excerpt":{"rendered":"<p>Vitiligo tedavisi ile pigmentasyon bozuklu\u011funa veda edin ve yeni hayat\u0131n\u0131za merhaba deyin! Vitiligo, deride pigment kayb\u0131na ba\u011fl\u0131 olarak beyaz alanlar\u0131n [&hellip;]<\/p>\n","protected":false},"author":4,"featured_media":95330,"parent":0,"menu_order":0,"comment_status":"closed","ping_status":"closed","template":"","meta":{"site-sidebar-layout":"default","site-content-layout":"","ast-site-content-layout":"default","site-content-style":"default","site-sidebar-style":"default","ast-global-header-display":"","ast-banner-title-visibility":"","ast-main-header-display":"","ast-hfb-above-header-display":"","ast-hfb-below-header-display":"","ast-hfb-mobile-header-display":"","site-post-title":"","ast-breadcrumbs-content":"","ast-featured-img":"","footer-sml-layout":"","ast-disable-related-posts":"","theme-transparent-header-meta":"","adv-header-id-meta":"","stick-header-meta":"","header-above-stick-meta":"","header-main-stick-meta":"","header-below-stick-meta":"","astra-migrate-meta-layouts":"default","ast-page-background-enabled":"default","ast-page-background-meta":{"desktop":{"background-color":"var(--ast-global-color-4)","background-image":"","background-repeat":"repeat","background-position":"center center","background-size":"auto","background-attachment":"scroll","background-type":"","background-media":"","overlay-type":"","overlay-color":"","overlay-opacity":"","overlay-gradient":""},"tablet":{"background-color":"","background-image":"","background-repeat":"repeat","background-position":"center center","background-size":"auto","background-attachment":"scroll","background-type":"","background-media":"","overlay-type":"","overlay-color":"","overlay-opacity":"","overlay-gradient":""},"mobile":{"background-color":"","background-image":"","background-repeat":"repeat","background-position":"center center","background-size":"auto","background-attachment":"scroll","background-type":"","background-media":"","overlay-type":"","overlay-color":"","overlay-opacity":"","overlay-gradient":""}},"ast-content-background-meta":{"desktop":{"background-color":"var(--ast-global-color-5)","background-image":"","background-repeat":"repeat","background-position":"center center","background-size":"auto","background-attachment":"scroll","background-type":"","background-media":"","overlay-type":"","overlay-color":"","overlay-opacity":"","overlay-gradient":""},"tablet":{"background-color":"var(--ast-global-color-5)","background-image":"","background-repeat":"repeat","background-position":"center center","background-size":"auto","background-attachment":"scroll","background-type":"","background-media":"","overlay-type":"","overlay-color":"","overlay-opacity":"","overlay-gradient":""},"mobile":{"background-color":"var(--ast-global-color-5)","background-image":"","background-repeat":"repeat","background-position":"center center","background-size":"auto","background-attachment":"scroll","background-type":"","background-media":"","overlay-type":"","overlay-color":"","overlay-opacity":"","overlay-gradient":""}},"footnotes":""},"class_list":["post-147584","page","type-page","status-publish","has-post-thumbnail","hentry"],"_links":{"self":[{"href":"https:\/\/medclinics.com\/tr\/wp-json\/wp\/v2\/pages\/147584","targetHints":{"allow":["GET"]}}],"collection":[{"href":"https:\/\/medclinics.com\/tr\/wp-json\/wp\/v2\/pages"}],"about":[{"href":"https:\/\/medclinics.com\/tr\/wp-json\/wp\/v2\/types\/page"}],"author":[{"embeddable":true,"href":"https:\/\/medclinics.com\/tr\/wp-json\/wp\/v2\/users\/4"}],"replies":[{"embeddable":true,"href":"https:\/\/medclinics.com\/tr\/wp-json\/wp\/v2\/comments?post=147584"}],"version-history":[{"count":0,"href":"https:\/\/medclinics.com\/tr\/wp-json\/wp\/v2\/pages\/147584\/revisions"}],"wp:featuredmedia":[{"embeddable":true,"href":"https:\/\/medclinics.com\/tr\/wp-json\/wp\/v2\/media\/95330"}],"wp:attachment":[{"href":"https:\/\/medclinics.com\/tr\/wp-json\/wp\/v2\/media?parent=147584"}],"curies":[{"name":"wp","href":"https:\/\/api.w.org\/{rel}","templated":true}]}}