{"id":147564,"date":"2023-06-19T13:56:25","date_gmt":"2023-06-19T10:56:25","guid":{"rendered":"https:\/\/medclinics.com\/sedef-hastaligi\/"},"modified":"2025-01-03T00:04:01","modified_gmt":"2025-01-02T21:04:01","slug":"sedef-hastaligi","status":"publish","type":"page","link":"https:\/\/medclinics.com\/tr\/sedef-hastaligi\/","title":{"rendered":"Sedef Hastal\u0131\u011f\u0131"},"content":{"rendered":"\n<h2 class=\"wp-block-heading\">Sedef hastal\u0131\u011f\u0131n\u0131z oldu\u011fundan \u015f\u00fcpheleniyorsan\u0131z veya ilgili cilt semptomlar\u0131 ya\u015f\u0131yorsan\u0131z, i\u015fte size do\u011fru te\u015fhis ve uygun bir tedavi plan\u0131 i\u00e7in f\u0131rsat!<\/h2>\n\n<p>Cilt h\u00fccrelerinin ya\u015fam d\u00f6ng\u00fcs\u00fcn\u00fc etkileyen kronik bir otoimm\u00fcn cilt rahats\u0131zl\u0131\u011f\u0131d\u0131r. Normalde cilt h\u00fccreleri cildin derinliklerinde b\u00fcy\u00fcr ve birka\u00e7 hafta i\u00e7inde y\u00fczeye \u00e7\u0131kar. Ancak bu durumda, bu s\u00fcre\u00e7 \u00f6nemli \u00f6l\u00e7\u00fcde h\u0131zlan\u0131r ve h\u00fccrelerin cilt y\u00fczeyinde h\u0131zla birikmesine neden olur.<\/p>\n\n<p>Kesin nedeni tam olarak anla\u015f\u0131lamam\u0131\u015ft\u0131r, ancak genetik ve \u00e7evresel fakt\u00f6rlerin bir kombinasyonunu i\u00e7erdi\u011fine inan\u0131lmaktad\u0131r. Bula\u015f\u0131c\u0131 de\u011fildir. Bu da insandan insana yay\u0131lamayaca\u011f\u0131 anlam\u0131na gelir.<\/p>\n\n<p>En yayg\u0131n formu g\u00fcm\u00fc\u015fi pullarla kapl\u0131 k\u0131rm\u0131z\u0131 deri lekeleriyle karakterize plak <a href=\"https:\/\/en.wikipedia.org\/wiki\/Psoriasis\" target=\"_blank\" rel=\"noreferrer noopener\">sedef hastal\u0131\u011f\u0131d\u0131r<\/a>. Plak olarak bilinen bu yamalar v\u00fccudun herhangi bir yerinde g\u00f6r\u00fclebilir, ancak genellikle kafa derisinde, dirseklerde, dizlerde ve s\u0131rt\u0131n alt k\u0131sm\u0131nda bulunur. Di\u011fer tipler aras\u0131nda guttat sedef hastal\u0131\u011f\u0131 (k\u00fc\u00e7\u00fck, leke benzeri lezyonlar), ters sedef hastal\u0131\u011f\u0131 (deri k\u0131vr\u0131mlar\u0131n\u0131 etkileyen), p\u00fcst\u00fcler (irinle dolu) ve eritrodermik sedef hastal\u0131\u011f\u0131 (yayg\u0131n iltihaplanma) bulunur.<\/p>\n\n<p>Ka\u015f\u0131nt\u0131, a\u011fr\u0131 ve rahats\u0131zl\u0131k gibi \u00e7e\u015fitli semptomlara neden olabilir. Fiziksel g\u00f6r\u00fcn\u00fcmlerini etkileyebilece\u011fi ve duygusal s\u0131k\u0131nt\u0131ya neden olabilece\u011fi i\u00e7in ki\u015finin ya\u015fam kalitesi \u00fczerinde de \u00f6nemli bir etkiye sahip olabilir.<\/p>\n\n<p>Tedavisi olmamakla birlikte, semptomlar\u0131 y\u00f6netmek ve alevlenmelerin s\u0131kl\u0131\u011f\u0131n\u0131 ve \u015fiddetini azaltmak i\u00e7in \u00e7e\u015fitli tedavi se\u00e7enekleri mevcuttur. Bu tedaviler topikal kremler, a\u011f\u0131zdan al\u0131nan ila\u00e7lar, \u0131\u015f\u0131k tedavisi (fototerapi) ve sistemik ila\u00e7lar\u0131 i\u00e7erebilir. Tedavi se\u00e7imi, hastal\u0131\u011f\u0131n t\u00fcr\u00fc ve ciddiyetinin yan\u0131 s\u0131ra bireysel fakt\u00f6rlere ve tercihlere de ba\u011fl\u0131d\u0131r.<\/p>\n\n<h3 class=\"wp-block-heading\"><a href=\"https:\/\/medclinics.com\/tr\/dermatoloji\/\" target=\"_blank\" rel=\"noreferrer noopener\">Dermatoloji<\/a> hakk\u0131nda bilmek istedi\u011finiz her \u015fey i\u00e7in <a href=\"#requestform\">bizimle ileti\u015fime ge\u00e7<\/a>meniz yeterli!<\/h3>\n\n<figure class=\"wp-block-image size-full\"><img fetchpriority=\"high\" decoding=\"async\" width=\"960\" height=\"540\" src=\"https:\/\/medclinics.com\/wp-content\/uploads\/2023\/07\/psoriasis-treatment-near-me.jpg\" alt=\"Yak&#x131;n&#x131;mda Sedef Hastal&#x131;&#x11F;&#x131; Tedavisi &#x130;stanbul\" class=\"wp-image-97231\" srcset=\"https:\/\/medclinics.com\/wp-content\/uploads\/2023\/07\/psoriasis-treatment-near-me.jpg 960w, https:\/\/medclinics.com\/wp-content\/uploads\/2023\/07\/psoriasis-treatment-near-me-500x281.jpg 500w, https:\/\/medclinics.com\/wp-content\/uploads\/2023\/07\/psoriasis-treatment-near-me-768x432.jpg 768w, https:\/\/medclinics.com\/wp-content\/uploads\/2023\/07\/psoriasis-treatment-near-me-24x14.jpg 24w, https:\/\/medclinics.com\/wp-content\/uploads\/2023\/07\/psoriasis-treatment-near-me-36x20.jpg 36w, https:\/\/medclinics.com\/wp-content\/uploads\/2023\/07\/psoriasis-treatment-near-me-48x27.jpg 48w\" sizes=\"(max-width: 960px) 100vw, 960px\" \/><\/figure>\n\n<h2 class=\"wp-block-heading\">SSS<\/h2>\n<div id=\"rank-math-faq\" class=\"rank-math-block\">\n<div class=\"rank-math-list \">\n<div id=\"faq-question-1687181319859\" class=\"rank-math-list-item\">\n<h3 class=\"rank-math-question \">Sedef hastal\u0131\u011f\u0131 ve egzama ili\u015fkili midir?<\/h3>\n<div class=\"rank-math-answer \">\n\n<p>Bunlar, baz\u0131 benzerlikleri payla\u015fan ancak belirgin farkl\u0131l\u0131klar\u0131 olan kronik cilt rahats\u0131zl\u0131klar\u0131d\u0131r. Sedef hastal\u0131\u011f\u0131, kal\u0131n, pullu yamalara yol a\u00e7an h\u0131zl\u0131 cilt h\u00fccresi d\u00f6ng\u00fcs\u00fc ile otoimm\u00fcn bir durumdur. Egzama kuru, ka\u015f\u0131nt\u0131l\u0131 ve iltihapl\u0131 ciltle sonu\u00e7lanan bir ba\u011f\u0131\u015f\u0131kl\u0131k sistemi a\u015f\u0131r\u0131 duyarl\u0131l\u0131k reaksiyonudur. Tedavi yakla\u015f\u0131mlar\u0131 farkl\u0131d\u0131r ve bir arada bulunabilmelerine ra\u011fmen do\u011frudan ili\u015fkili de\u011fildirler.<\/p>\n\n<\/div>\n<\/div>\n<div id=\"faq-question-1687181325234\" class=\"rank-math-list-item\">\n<h3 class=\"rank-math-question \">Sedef hastal\u0131\u011f\u0131 yay\u0131labilir mi?<\/h3>\n<div class=\"rank-math-answer \">\n\n<p>\u0130nsandan insana bula\u015fmas\u0131 m\u00fcmk\u00fcn de\u011fildir.<\/p>\n\n<\/div>\n<\/div>\n<div id=\"faq-question-1687181326503\" class=\"rank-math-list-item\">\n<h3 class=\"rank-math-question \">Sedef hastal\u0131\u011f\u0131 ya\u015fla birlikte k\u00f6t\u00fcle\u015fir mi?<\/h3>\n<div class=\"rank-math-answer \">\n\n<p>Sedef hastal\u0131\u011f\u0131n\u0131n ya\u015fla birlikte nas\u0131l ilerleyece\u011fi kesin olmamakla birlikte, baz\u0131 ki\u015filerde zamanla k\u00f6t\u00fcle\u015fen belirtiler g\u00f6r\u00fclebilir.<\/p>\n\n<\/div>\n<\/div>\n<div id=\"faq-question-1687181328212\" class=\"rank-math-list-item\">\n<h3 class=\"rank-math-question \">Sedef hastal\u0131\u011f\u0131 sa\u00e7 d\u00f6k\u00fclmesine neden olabilir mi?<\/h3>\n<div class=\"rank-math-answer \">\n\n<p>Etkilenen b\u00f6lgelerde ge\u00e7ici sa\u00e7 d\u00f6k\u00fclmesine neden olabilir. Ancak kal\u0131c\u0131 veya tam sa\u00e7 d\u00f6k\u00fclmesinin do\u011frudan bir nedeni de\u011fildir. Kafa derisini etkiledi\u011finde pullanma, k\u0131zar\u0131kl\u0131k ve ka\u015f\u0131nt\u0131ya yol a\u00e7abilir, bu da sa\u00e7\u0131n k\u0131r\u0131lganla\u015fmas\u0131na ve kopmas\u0131na neden olabilir. Baz\u0131 durumlarda, etkilenen b\u00f6lgelerde sa\u00e7 d\u00f6k\u00fclmesi meydana gelebilir.<\/p>\n\n<\/div>\n<\/div>\n<div id=\"faq-question-1687181329353\" class=\"rank-math-list-item\">\n<h3 class=\"rank-math-question \">Sedef hastal\u0131\u011f\u0131 nas\u0131l olu\u015fur?<\/h3>\n<div class=\"rank-math-answer \">\n\n<p>Genetik, ba\u011f\u0131\u015f\u0131kl\u0131k ve \u00e7evresel fakt\u00f6rlerin bir kombinasyonundan kaynakland\u0131\u011f\u0131 d\u00fc\u015f\u00fcn\u00fclmektedir. Genetik yatk\u0131nl\u0131k, ba\u011f\u0131\u015f\u0131kl\u0131k sistemi disfonksiyonu ve enfeksiyonlar, travma, ila\u00e7lar, stres, sigara ve alkol t\u00fcketimi gibi tetikleyiciler geli\u015fim ve alevlenmeye katk\u0131da bulunabilir.<\/p>\n\n<\/div>\n<\/div>\n<\/div>\n<\/div>\n<p>\u00a0<\/p>\n\n<h3 class=\"wp-block-heading\">Herhangi bir sorunuz olmas\u0131 durumunda hemen bizimle ileti\u015fime ge\u00e7in!<\/h3>\n","protected":false},"excerpt":{"rendered":"<p>Sedef hastal\u0131\u011f\u0131n\u0131z oldu\u011fundan \u015f\u00fcpheleniyorsan\u0131z veya ilgili cilt semptomlar\u0131 ya\u015f\u0131yorsan\u0131z, i\u015fte size do\u011fru te\u015fhis ve uygun bir tedavi plan\u0131 i\u00e7in f\u0131rsat! [&hellip;]<\/p>\n","protected":false},"author":4,"featured_media":95451,"parent":0,"menu_order":0,"comment_status":"closed","ping_status":"closed","template":"","meta":{"site-sidebar-layout":"default","site-content-layout":"","ast-site-content-layout":"default","site-content-style":"default","site-sidebar-style":"default","ast-global-header-display":"","ast-banner-title-visibility":"","ast-main-header-display":"","ast-hfb-above-header-display":"","ast-hfb-below-header-display":"","ast-hfb-mobile-header-display":"","site-post-title":"","ast-breadcrumbs-content":"","ast-featured-img":"","footer-sml-layout":"","ast-disable-related-posts":"","theme-transparent-header-meta":"","adv-header-id-meta":"","stick-header-meta":"","header-above-stick-meta":"","header-main-stick-meta":"","header-below-stick-meta":"","astra-migrate-meta-layouts":"default","ast-page-background-enabled":"default","ast-page-background-meta":{"desktop":{"background-color":"var(--ast-global-color-4)","background-image":"","background-repeat":"repeat","background-position":"center center","background-size":"auto","background-attachment":"scroll","background-type":"","background-media":"","overlay-type":"","overlay-color":"","overlay-opacity":"","overlay-gradient":""},"tablet":{"background-color":"","background-image":"","background-repeat":"repeat","background-position":"center center","background-size":"auto","background-attachment":"scroll","background-type":"","background-media":"","overlay-type":"","overlay-color":"","overlay-opacity":"","overlay-gradient":""},"mobile":{"background-color":"","background-image":"","background-repeat":"repeat","background-position":"center center","background-size":"auto","background-attachment":"scroll","background-type":"","background-media":"","overlay-type":"","overlay-color":"","overlay-opacity":"","overlay-gradient":""}},"ast-content-background-meta":{"desktop":{"background-color":"var(--ast-global-color-5)","background-image":"","background-repeat":"repeat","background-position":"center center","background-size":"auto","background-attachment":"scroll","background-type":"","background-media":"","overlay-type":"","overlay-color":"","overlay-opacity":"","overlay-gradient":""},"tablet":{"background-color":"var(--ast-global-color-5)","background-image":"","background-repeat":"repeat","background-position":"center center","background-size":"auto","background-attachment":"scroll","background-type":"","background-media":"","overlay-type":"","overlay-color":"","overlay-opacity":"","overlay-gradient":""},"mobile":{"background-color":"var(--ast-global-color-5)","background-image":"","background-repeat":"repeat","background-position":"center center","background-size":"auto","background-attachment":"scroll","background-type":"","background-media":"","overlay-type":"","overlay-color":"","overlay-opacity":"","overlay-gradient":""}},"footnotes":""},"class_list":["post-147564","page","type-page","status-publish","has-post-thumbnail","hentry"],"_links":{"self":[{"href":"https:\/\/medclinics.com\/tr\/wp-json\/wp\/v2\/pages\/147564","targetHints":{"allow":["GET"]}}],"collection":[{"href":"https:\/\/medclinics.com\/tr\/wp-json\/wp\/v2\/pages"}],"about":[{"href":"https:\/\/medclinics.com\/tr\/wp-json\/wp\/v2\/types\/page"}],"author":[{"embeddable":true,"href":"https:\/\/medclinics.com\/tr\/wp-json\/wp\/v2\/users\/4"}],"replies":[{"embeddable":true,"href":"https:\/\/medclinics.com\/tr\/wp-json\/wp\/v2\/comments?post=147564"}],"version-history":[{"count":0,"href":"https:\/\/medclinics.com\/tr\/wp-json\/wp\/v2\/pages\/147564\/revisions"}],"wp:featuredmedia":[{"embeddable":true,"href":"https:\/\/medclinics.com\/tr\/wp-json\/wp\/v2\/media\/95451"}],"wp:attachment":[{"href":"https:\/\/medclinics.com\/tr\/wp-json\/wp\/v2\/media?parent=147564"}],"curies":[{"name":"wp","href":"https:\/\/api.w.org\/{rel}","templated":true}]}}