{"id":147542,"date":"2023-06-20T11:33:00","date_gmt":"2023-06-20T08:33:00","guid":{"rendered":"https:\/\/medclinics.com\/multipl-skleroz-ms\/"},"modified":"2025-01-02T17:12:25","modified_gmt":"2025-01-02T14:12:25","slug":"multipl-skleroz-ms","status":"publish","type":"page","link":"https:\/\/medclinics.com\/tr\/multipl-skleroz-ms\/","title":{"rendered":"Multipl Skleroz (MS)"},"content":{"rendered":"\n<h2 class=\"wp-block-heading\">Bu bizim Multipl Skleroz K\u0131lavuzumuzdur. Tedaviniz i\u00e7in do\u011fru yerdesiniz!  <\/h2>\n\n<p>Beyin ve omurilik dahil olmak \u00fczere merkezi sinir sistemini etkileyen kronik bir n\u00f6rolojik bozukluktur. Ba\u011f\u0131\u015f\u0131kl\u0131k sistemi yanl\u0131\u015fl\u0131kla miyelin ad\u0131 verilen sinir liflerinin koruyucu \u00f6rt\u00fcs\u00fcne sald\u0131rd\u0131\u011f\u0131nda ortaya \u00e7\u0131kar. Bu da iltihaplanmaya ve hasara neden olur. Bu durum, sinirler boyunca elektriksel uyar\u0131lar\u0131n normal ak\u0131\u015f\u0131n\u0131 bozarak semptomlara neden olur.<\/p>\n\n<p>Kesin nedeni bilinmemekle birlikte genetik ve \u00e7evresel fakt\u00f6r kombinasyonlar\u0131n\u0131 i\u00e7erir. <a href=\"https:\/\/en.wikipedia.org\/wiki\/Multiple_sclerosis\" target=\"_blank\" rel=\"noreferrer noopener\">MS<\/a> her ya\u015ftan insan\u0131 etkileyebilir, ancak en s\u0131k gen\u00e7 yeti\u015fkinlerde te\u015fhis edilir.<\/p>\n\n<p>Belirtiler b\u00fcy\u00fck \u00f6l\u00e7\u00fcde de\u011fi\u015febilir ve yorgunluk, y\u00fcr\u00fcme zorlu\u011fu, kas zay\u0131fl\u0131\u011f\u0131 veya sertli\u011fi, koordinasyon ve denge sorunu, duyusal bozukluklar, bili\u015fsel de\u011fi\u015fiklikler ve duygusal rahats\u0131zl\u0131klar\u0131 i\u00e7erir. Seyir olduk\u00e7a de\u011fi\u015fkendir, baz\u0131 bireyler hafif semptomlar ya\u015farken di\u011ferleri daha ciddi engellilik ya\u015far.<\/p>\n\n<p>\u015eu anda bir tedavisi yoktur, ancak semptomlar\u0131 y\u00f6netmek, hastal\u0131\u011f\u0131n ilerlemesini yava\u015flatmak ve ya\u015fam kalitesini art\u0131rmak i\u00e7in tedaviler ve terapiler mevcuttur. Bunlar aras\u0131nda iltihab\u0131 azaltmaya, semptomlar\u0131 y\u00f6netmeye ve hastal\u0131\u011f\u0131n seyrini de\u011fi\u015ftirmeye y\u00f6nelik ila\u00e7lar\u0131n yan\u0131 s\u0131ra rehabilitasyon terapileri, ya\u015fam tarz\u0131 de\u011fi\u015fiklikleri ve destek hizmetleri yer alabilir. Tedavi yakla\u015f\u0131m\u0131, her bir ki\u015finin \u00f6zel ihtiya\u00e7lar\u0131na ve ko\u015fullar\u0131na g\u00f6re bireyselle\u015ftirilir.<\/p>\n\n<p>MedClinics olarak, multipl skleroz tedavisi i\u00e7in en iyi \u00fclkeyi bulmak i\u00e7in buraday\u0131z. Bizimle ileti\u015fime ge\u00e7ebilirsiniz!<\/p>\n\n<h3 class=\"wp-block-heading\">Tedavi se\u00e7enekleri ve iyile\u015fme s\u00fcreci de dahil olmak \u00fczere <a href=\"https:\/\/medclinics.com\/tr\/noroloji\/\" target=\"_blank\" rel=\"noreferrer noopener\">n\u00f6roloji<\/a> hakk\u0131nda bilmeniz gereken her \u015fey veya <a href=\"#requestform\">bizimle ileti\u015fime<\/a> ge\u00e7in!<\/h3>\n\n<h2 class=\"wp-block-heading\">SSS<\/h2>\n<div id=\"rank-math-faq\" class=\"rank-math-block\">\n<div class=\"rank-math-list \">\n<div id=\"faq-question-1687259361877\" class=\"rank-math-list-item\">\n<h3 class=\"rank-math-question \">MS hastal\u0131\u011f\u0131 nedir?<\/h3>\n<div class=\"rank-math-answer \">\n\n<p>Merkezi sinir sistemini etkileyen kronik bir otoimm\u00fcn hastal\u0131kt\u0131r. Sinir liflerinin koruyucu \u00f6rt\u00fcs\u00fcnde iltihaplanmaya ve hasara neden olarak beyin ile v\u00fccudun geri kalan\u0131 aras\u0131ndaki normal ileti\u015fimi bozar.<\/p>\n\n<\/div>\n<\/div>\n<div id=\"faq-question-1687259487908\" class=\"rank-math-list-item\">\n<h3 class=\"rank-math-question \">MS hastal\u0131\u011f\u0131 belirtileri nelerdir?<\/h3>\n<div class=\"rank-math-answer \">\n\n<p>Yorgunluk<br \/>Kas zay\u0131fl\u0131\u011f\u0131<br \/>Koordinasyon ve denge g\u00fc\u00e7l\u00fc\u011f\u00fc<br \/>Duyusal de\u011fi\u015fiklikler (uyu\u015fma, kar\u0131ncalanma veya i\u011fnelenme hissi)<br \/>G\u00f6rme sorunlar\u0131 (bulan\u0131k g\u00f6rme, \u00e7ift g\u00f6rme veya g\u00f6rme kayb\u0131)<br \/>Bili\u015fsel de\u011fi\u015fiklikler (haf\u0131za sorunlar\u0131, konsantrasyon ve dikkat g\u00fc\u00e7l\u00fckleri)<br \/>Duygusal de\u011fi\u015fiklikler (ruh hali de\u011fi\u015fimleri, depresyon, anksiyete)<br \/>Ba\u011f\u0131rsak ve mesane disfonksiyonu<br \/>Konu\u015fma g\u00fc\u00e7l\u00fckleri<br \/>Cinsel i\u015flev bozuklu\u011fu<br \/>A\u011fr\u0131 (ba\u015f a\u011fr\u0131s\u0131, y\u00fcz a\u011fr\u0131s\u0131 veya di\u011fer kronik a\u011fr\u0131 t\u00fcrleri)<br \/>Kar\u0131ncalanma veya yanma hissi<br \/>Is\u0131 hassasiyeti (s\u0131ca\u011fa maruz kal\u0131nd\u0131\u011f\u0131nda semptomlar\u0131n \u015fiddetlenmesi)<br \/>Ba\u015f d\u00f6nmesi veya vertigo<br \/>Titreme veya istemsiz kas hareketleri<br \/>Yutma g\u00fc\u00e7l\u00fckleri<br \/>Ka\u015f\u0131nt\u0131 veya kar\u0131ncalanma hissi<br \/>Bacaklarda g\u00fc\u00e7s\u00fczl\u00fck veya yorgunluk<br \/>\u0130nce motor becerilerinde zorluk (yaz\u0131 yazma, g\u00f6mlek ilikleme vb.)<br \/>Huzursuz bacak sendromu<\/p>\n\n<\/div>\n<\/div>\n<div id=\"faq-question-1687259574352\" class=\"rank-math-list-item\">\n<h3 class=\"rank-math-question \">MS hastal\u0131\u011f\u0131 tehlikeli midir?<\/h3>\n<div class=\"rank-math-answer \">\n\n<p>Multipl skleroz (MS), bireyin sa\u011fl\u0131\u011f\u0131 ve g\u00fcnl\u00fck i\u015flevselli\u011fi \u00fczerinde farkl\u0131 d\u00fczeylerde etkiye sahip olabilen kronik bir durumdur. Tipik olarak kendi ba\u015f\u0131na ya\u015fam\u0131 tehdit edici olarak kabul edilmese de, MS yine de ki\u015finin ya\u015fam kalitesini etkileyebilecek \u00f6nemli zorluklar ve komplikasyonlar olu\u015fturabilir.<\/p>\n\n<\/div>\n<\/div>\n<div id=\"faq-question-1687259680015\" class=\"rank-math-list-item\">\n<h3 class=\"rank-math-question \">MS hastal\u0131\u011f\u0131 nas\u0131l ba\u015flar?<\/h3>\n<div class=\"rank-math-answer \">\n\n<p>Multipl sklerozun (MS) kesin nedeni hen\u00fcz tam olarak anla\u015f\u0131lamam\u0131\u015ft\u0131r. Genetik, \u00e7evresel ve imm\u00fcnolojik fakt\u00f6rlerin bir kombinasyonunu i\u00e7erdi\u011fine inan\u0131lmaktad\u0131r. MS&#8217;in ba\u015flang\u0131c\u0131 bireyler aras\u0131nda farkl\u0131l\u0131k g\u00f6sterebilir ve tipik olarak erken yeti\u015fkinlik d\u00f6neminde, 20 ila 40 ya\u015flar\u0131 aras\u0131nda ba\u015flar.<\/p>\n\n<\/div>\n<\/div>\n<div id=\"faq-question-1687259752594\" class=\"rank-math-list-item\">\n<h3 class=\"rank-math-question \">MS hastal\u0131\u011f\u0131 bula\u015f\u0131c\u0131 m\u0131d\u0131r?<\/h3>\n<div class=\"rank-math-answer \">\n\n<p>Hay\u0131r, multipl skleroz (MS) bula\u015f\u0131c\u0131 de\u011fildir. Fiziksel dokunma veya ki\u015fisel e\u015fyalar\u0131n payla\u015f\u0131lmas\u0131 gibi herhangi bir temas yoluyla ki\u015fiden ki\u015fiye yay\u0131lamaz.<\/p>\n\n<\/div>\n<\/div>\n<div id=\"faq-question-1687259882091\" class=\"rank-math-list-item\">\n<h3 class=\"rank-math-question \">MS hastal\u0131\u011f\u0131 nas\u0131l te\u015fhis edilir?<\/h3>\n<div class=\"rank-math-answer \">\n\n<p>Multipl skleroz (MS) tan\u0131s\u0131 t\u0131bbi ge\u00e7mi\u015f de\u011ferlendirmesi, n\u00f6rolojik muayene, manyetik rezonans g\u00f6r\u00fcnt\u00fcleme (MRI) taramalar\u0131 ve bazen beyin omurilik s\u0131v\u0131s\u0131 (BOS) analizinin bir kombinasyonu ile konur. Bu testler, MS&#8217;in g\u00f6stergesi olan merkezi sinir sistemindeki karakteristik anormalliklerin belirlenmesine yard\u0131mc\u0131 olur.<\/p>\n\n<\/div>\n<\/div>\n<div id=\"faq-question-1687259882794\" class=\"rank-math-list-item\">\n<h3 class=\"rank-math-question \">MS sizi \u00f6ld\u00fcrebilir mi?<\/h3>\n<div class=\"rank-math-answer \">\n\n<p>Multipl skleroz (MS) do\u011frudan \u00f6l\u00fcmc\u00fcl bir hastal\u0131k olarak kabul edilmez. Ancak \u00f6l\u00fcm riskini art\u0131rabilecek komplikasyonlara yol a\u00e7abilir. Bununla birlikte, uygun t\u0131bbi bak\u0131m ve y\u00f6netim ile MS&#8217;li bir\u00e7ok birey tatmin edici bir hayat ya\u015fayabilir.<\/p>\n\n<\/div>\n<\/div>\n<div id=\"faq-question-1687259885117\" class=\"rank-math-list-item\">\n<h3 class=\"rank-math-question \">MS hastal\u0131\u011f\u0131 nas\u0131l \u00f6nlenir?<\/h3>\n<div class=\"rank-math-answer \">\n\n<p>Multipl sklerozu (MS) \u00f6nlemenin bilinen bir yolu yoktur, \u00e7\u00fcnk\u00fc kesin nedeni belli de\u011fildir. Bununla birlikte, sa\u011fl\u0131kl\u0131 bir ya\u015fam tarz\u0131 s\u00fcrd\u00fcrmek ve sigara i\u00e7mekten ka\u00e7\u0131nmak, riski azaltmada veya ba\u015flang\u0131c\u0131n\u0131 geciktirmede faydal\u0131 olabilir.<\/p>\n\n<\/div>\n<\/div>\n<div id=\"faq-question-1687259886326\" class=\"rank-math-list-item\">\n<h3 class=\"rank-math-question \">MS riski en \u00e7ok kimlerde g\u00f6r\u00fcl\u00fcr?<\/h3>\n<div class=\"rank-math-answer \">\n\n<p>Kad\u0131n olmak, ailede MS \u00f6yk\u00fcs\u00fc bulunmak, belirli co\u011frafi b\u00f6lgelerde ya\u015famak ve Kuzey Avrupa k\u00f6kenli olmak gibi baz\u0131 fakt\u00f6rler multipl skleroz (MS) geli\u015fme riskini art\u0131rabilir. Bununla birlikte, MS her ya\u015ftan, cinsiyetten veya etnik k\u00f6kenden bireyi etkileyebilir ve hastal\u0131\u011f\u0131n kesin nedeni hala belirsizli\u011fini korumaktad\u0131r.<\/p>\n\n<\/div>\n<\/div>\n<div id=\"faq-question-1687259893143\" class=\"rank-math-list-item\">\n<h3 class=\"rank-math-question \">MS&#8217;i ne tetikler?<\/h3>\n<div class=\"rank-math-answer \">\n\n<p>Multipl sklerozun (MS) kesin tetikleyicileri bilinmemektedir, ancak genetik ve \u00e7evresel fakt\u00f6rlerin bir kombinasyonundan kaynakland\u0131\u011f\u0131na inan\u0131lmaktad\u0131r. Otoimm\u00fcn yan\u0131t, genetik yatk\u0131nl\u0131k ve viral enfeksiyonlar ve D vitamini eksikli\u011fi gibi \u00e7evresel etkiler gibi fakt\u00f6rler MS&#8217;e katk\u0131da bulunan potansiyel fakt\u00f6rler olarak \u00f6ne s\u00fcr\u00fclm\u00fc\u015ft\u00fcr. Ancak hastal\u0131\u011f\u0131n tetikleyicilerini tam olarak anlamak i\u00e7in daha fazla ara\u015ft\u0131rmaya ihtiya\u00e7 vard\u0131r.<\/p>\n\n<\/div>\n<\/div>\n<\/div>\n<\/div>\n<p>\u00a0<\/p>\n\n<h3 class=\"wp-block-heading\">Herhangi bir sorunuz olmas\u0131 durumunda hemen bizimle ileti\u015fime ge\u00e7in!<\/h3>\n","protected":false},"excerpt":{"rendered":"<p>Bu bizim Multipl Skleroz K\u0131lavuzumuzdur. Tedaviniz i\u00e7in do\u011fru yerdesiniz! Beyin ve omurilik dahil olmak \u00fczere merkezi sinir sistemini etkileyen kronik [&hellip;]<\/p>\n","protected":false},"author":4,"featured_media":95501,"parent":0,"menu_order":0,"comment_status":"closed","ping_status":"closed","template":"","meta":{"site-sidebar-layout":"default","site-content-layout":"","ast-site-content-layout":"default","site-content-style":"default","site-sidebar-style":"default","ast-global-header-display":"","ast-banner-title-visibility":"","ast-main-header-display":"","ast-hfb-above-header-display":"","ast-hfb-below-header-display":"","ast-hfb-mobile-header-display":"","site-post-title":"","ast-breadcrumbs-content":"","ast-featured-img":"","footer-sml-layout":"","ast-disable-related-posts":"","theme-transparent-header-meta":"","adv-header-id-meta":"","stick-header-meta":"","header-above-stick-meta":"","header-main-stick-meta":"","header-below-stick-meta":"","astra-migrate-meta-layouts":"default","ast-page-background-enabled":"default","ast-page-background-meta":{"desktop":{"background-color":"var(--ast-global-color-4)","background-image":"","background-repeat":"repeat","background-position":"center center","background-size":"auto","background-attachment":"scroll","background-type":"","background-media":"","overlay-type":"","overlay-color":"","overlay-opacity":"","overlay-gradient":""},"tablet":{"background-color":"","background-image":"","background-repeat":"repeat","background-position":"center center","background-size":"auto","background-attachment":"scroll","background-type":"","background-media":"","overlay-type":"","overlay-color":"","overlay-opacity":"","overlay-gradient":""},"mobile":{"background-color":"","background-image":"","background-repeat":"repeat","background-position":"center center","background-size":"auto","background-attachment":"scroll","background-type":"","background-media":"","overlay-type":"","overlay-color":"","overlay-opacity":"","overlay-gradient":""}},"ast-content-background-meta":{"desktop":{"background-color":"var(--ast-global-color-5)","background-image":"","background-repeat":"repeat","background-position":"center center","background-size":"auto","background-attachment":"scroll","background-type":"","background-media":"","overlay-type":"","overlay-color":"","overlay-opacity":"","overlay-gradient":""},"tablet":{"background-color":"var(--ast-global-color-5)","background-image":"","background-repeat":"repeat","background-position":"center center","background-size":"auto","background-attachment":"scroll","background-type":"","background-media":"","overlay-type":"","overlay-color":"","overlay-opacity":"","overlay-gradient":""},"mobile":{"background-color":"var(--ast-global-color-5)","background-image":"","background-repeat":"repeat","background-position":"center center","background-size":"auto","background-attachment":"scroll","background-type":"","background-media":"","overlay-type":"","overlay-color":"","overlay-opacity":"","overlay-gradient":""}},"footnotes":""},"class_list":["post-147542","page","type-page","status-publish","has-post-thumbnail","hentry"],"_links":{"self":[{"href":"https:\/\/medclinics.com\/tr\/wp-json\/wp\/v2\/pages\/147542","targetHints":{"allow":["GET"]}}],"collection":[{"href":"https:\/\/medclinics.com\/tr\/wp-json\/wp\/v2\/pages"}],"about":[{"href":"https:\/\/medclinics.com\/tr\/wp-json\/wp\/v2\/types\/page"}],"author":[{"embeddable":true,"href":"https:\/\/medclinics.com\/tr\/wp-json\/wp\/v2\/users\/4"}],"replies":[{"embeddable":true,"href":"https:\/\/medclinics.com\/tr\/wp-json\/wp\/v2\/comments?post=147542"}],"version-history":[{"count":0,"href":"https:\/\/medclinics.com\/tr\/wp-json\/wp\/v2\/pages\/147542\/revisions"}],"wp:featuredmedia":[{"embeddable":true,"href":"https:\/\/medclinics.com\/tr\/wp-json\/wp\/v2\/media\/95501"}],"wp:attachment":[{"href":"https:\/\/medclinics.com\/tr\/wp-json\/wp\/v2\/media?parent=147542"}],"curies":[{"name":"wp","href":"https:\/\/api.w.org\/{rel}","templated":true}]}}