{"id":147514,"date":"2023-06-20T09:07:21","date_gmt":"2023-06-20T06:07:21","guid":{"rendered":"https:\/\/medclinics.com\/parkinson-hastaligi\/"},"modified":"2025-01-02T17:27:31","modified_gmt":"2025-01-02T14:27:31","slug":"parkinson-hastaligi","status":"publish","type":"page","link":"https:\/\/medclinics.com\/tr\/parkinson-hastaligi\/","title":{"rendered":"Parkinson Hastal\u0131\u011f\u0131"},"content":{"rendered":"\n<h2 class=\"wp-block-heading\">Parkinson hastal\u0131\u011f\u0131, hareket kontrol\u00fcn\u00fc etkileyen kronik ve ilerleyici bir n\u00f6rolojik bozukluktur.<\/h2>\n\n<p>Ad\u0131n\u0131, bu durumu ilk kez 1817 y\u0131l\u0131nda tan\u0131mlayan Dr. James Parkinson&#8217;dan alm\u0131\u015ft\u0131r. Hastal\u0131k \u00f6ncelikle beynin substantia nigra ad\u0131 verilen bir b\u00f6lgesini etkiler. Bu, hareketin koordinasyonunda rol oynayan kimyasal bir haberci olan dopamin \u00fcretiminde kilit bir rol oynar.<\/p>\n\n<p>Parkinson hastal\u0131\u011f\u0131n\u0131n karakteristik belirtileri \u015funlard\u0131r:<\/p>\n\n<ul class=\"wp-block-list\">\n<li>Titreme: Tipik olarak bir elde ba\u015flayan istirahat titremesi, Parkinson hastal\u0131\u011f\u0131n\u0131n yayg\u0131n bir erken belirtisidir. Titreme genellikle ritmik bir ileri geri hareket \u015feklinde g\u00f6r\u00fcl\u00fcr.<\/li>\n\n\n\n<li>Bradikinezi: Hareket yava\u015fl\u0131\u011f\u0131 ve istemli hareketleri ba\u015flatma ve y\u00fcr\u00fctmede zorluk anlam\u0131na gelir. El becerisinin azalmas\u0131na, konu\u015fma bozuklu\u011funa ve genel bir g\u00fc\u00e7s\u00fczl\u00fck hissine yol a\u00e7abilir.<\/li>\n\n\n\n<li>Kas Sertli\u011fi: Parkinson hastal\u0131\u011f\u0131 kaslarda sertlik ve kat\u0131l\u0131\u011fa neden olarak d\u00fczg\u00fcn hareket etmeyi zorla\u015ft\u0131rabilir.<\/li>\n\n\n\n<li>Duru\u015f Dengesizli\u011fi: Hastal\u0131k ilerledik\u00e7e, Parkinsonlu bireyler denge ve koordinasyon bozuklu\u011fu ya\u015fayabilir ve bu da e\u011filme, t\u00f6kezleme veya d\u00fc\u015fme e\u011filimine yol a\u00e7abilir.<\/li>\n<\/ul>\n\n<p><a href=\"https:\/\/en.wikipedia.org\/wiki\/Parkinson%27s_disease\" target=\"_blank\" rel=\"noreferrer noopener\">Parkinson hastal\u0131\u011f\u0131na<\/a> e\u015flik edebilecek di\u011fer motor d\u0131\u015f\u0131 semptomlar aras\u0131nda haf\u0131za ve d\u00fc\u015f\u00fcnme g\u00fc\u00e7l\u00fckleri gibi bili\u015fsel de\u011fi\u015fiklikler, depresyon ve anksiyete gibi ruh hali bozukluklar\u0131, uyku bozukluklar\u0131 ve kan bas\u0131nc\u0131 ve sindirimdeki de\u011fi\u015fiklikler gibi otonomik i\u015flev bozukluklar\u0131 yer al\u0131r.<\/p>\n\n<p>Parkinson hastal\u0131\u011f\u0131n\u0131n kesin nedeni hala tam olarak anla\u015f\u0131lamam\u0131\u015ft\u0131r, ancak muhtemelen genetik ve \u00e7evresel fakt\u00f6rlerin bir kombinasyonunu i\u00e7erir. \u015eu anda Parkinson&#8217;un tedavisi yoktur, ancak semptomlar\u0131 y\u00f6netmek ve ya\u015fam kalitesini art\u0131rmak i\u00e7in \u00e7e\u015fitli tedaviler mevcuttur. Bu tedaviler ila\u00e7lar\u0131, fizik tedaviyi, mesleki terapiyi, konu\u015fma terapisini ve baz\u0131 durumlarda derin beyin stim\u00fclasyonu (DBS) ameliyat\u0131n\u0131 i\u00e7erebilir.<\/p>\n\n<h3 class=\"wp-block-heading\">Fiyat, bak\u0131m sonras\u0131 ve iyile\u015fme s\u00fcreci de dahil olmak \u00fczere <a href=\"https:\/\/medclinics.com\/tr\/noroloji\/\" target=\"_blank\" rel=\"noreferrer noopener\">n\u00f6roloji<\/a> hakk\u0131nda bilmeniz gereken her \u015fey veya <a href=\"#requestform\">bizimle ileti\u015fime<\/a> ge\u00e7in!<\/h3>\n\n<h2 class=\"wp-block-heading\">SSS<\/h2>\n<div id=\"rank-math-faq\" class=\"rank-math-block\">\n<div class=\"rank-math-list \">\n<div id=\"faq-question-1687249804418\" class=\"rank-math-list-item\">\n<h3 class=\"rank-math-question \">Parkinson hastal\u0131\u011f\u0131 nedir?<\/h3>\n<div class=\"rank-math-answer \">\n\n<p>Parkinson hastal\u0131\u011f\u0131, hareket kontrol\u00fcn\u00fc etkileyen ilerleyici bir n\u00f6rolojik bozukluktur. Titreme, hareket yava\u015fl\u0131\u011f\u0131, kas sertli\u011fi ve denge bozuklu\u011fu gibi semptomlarla karakterizedir.<\/p>\n\n<\/div>\n<\/div>\n<div id=\"faq-question-1687249753800\" class=\"rank-math-list-item\">\n<h3 class=\"rank-math-question \">Parkinson belirtileri nelerdir?<\/h3>\n<div class=\"rank-math-answer \">\n\n<p><strong>Motor Belirtiler:<\/strong><br \/>Tremor (istirahat tremoru)<br \/>Bradikinezi (hareket yava\u015fl\u0131\u011f\u0131)<br \/>Rijidite (kas sertli\u011fi)<br \/>Postural instabilite<br \/>Akinezi (hareketleri ba\u015flatmada zorluk)<br \/><strong>Motor Olmayan Belirtiler:<\/strong><br \/>Bili\u015fsel de\u011fi\u015fiklikler (haf\u0131za, dikkat ve d\u00fc\u015f\u00fcnme g\u00fc\u00e7l\u00fckleri)<br \/>Duygudurum bozukluklar\u0131 (depresyon, anksiyete, ilgisizlik)<br \/>Uyku bozukluklar\u0131 (uykusuzluk, canl\u0131 r\u00fcyalar, G\u00fcnd\u00fcz a\u015f\u0131r\u0131 uyku hali)<br \/>Otonomik disfonksiyon (ortostatik hipotansiyon, kab\u0131zl\u0131k, idrar sorunlar\u0131)<br \/>Duyusal semptomlar (hiposmi, a\u011fr\u0131, kar\u0131ncalanma hissi)<br \/>Konu\u015fma ve yutma g\u00fc\u00e7l\u00fckleri<\/p>\n\n<\/div>\n<\/div>\n<div id=\"faq-question-1687249801192\" class=\"rank-math-list-item\">\n<h3 class=\"rank-math-question \">Parkinson hastal\u0131\u011f\u0131n\u0131 ne k\u00f6t\u00fcle\u015ftirir?<\/h3>\n<div class=\"rank-math-answer \">\n\n<p>Parkinson hastal\u0131\u011f\u0131n\u0131 k\u00f6t\u00fcle\u015ftirebilecek fakt\u00f6rler aras\u0131nda yetersiz ila\u00e7 y\u00f6netimi, y\u00fcksek d\u00fczeyde stres, enfeksiyonlar, egzersiz eksikli\u011fi, yetersiz uyku, di\u011fer sa\u011fl\u0131k ko\u015fullar\u0131 ve do\u011fal ya\u015flanma s\u00fcreci yer al\u0131r.<\/p>\n\n<\/div>\n<\/div>\n<div id=\"faq-question-1687249805795\" class=\"rank-math-list-item\">\n<h3 class=\"rank-math-question \">Parkinson hastal\u0131\u011f\u0131 a\u011fr\u0131l\u0131 m\u0131d\u0131r?<\/h3>\n<div class=\"rank-math-answer \">\n\n<p>Parkinson hastal\u0131\u011f\u0131n\u0131n kendisi tipik olarak birincil semptom olarak a\u011fr\u0131 ile ili\u015fkili de\u011fildir. Bununla birlikte, baz\u0131 hastalar ikincil fakt\u00f6rler veya ili\u015fkili durumlar nedeniyle a\u011fr\u0131 veya rahats\u0131zl\u0131k ya\u015fayabilir. Bunlar, kas kramplar\u0131na veya rahats\u0131zl\u0131\u011f\u0131na yol a\u00e7abilen kas sertli\u011fi ve kat\u0131l\u0131\u011f\u0131n\u0131 i\u00e7erebilir. Buna ek olarak, baz\u0131 hastalarda kas-iskelet sistemi sorunlar\u0131 geli\u015febilir veya eklem sertli\u011fi, duru\u015f de\u011fi\u015fiklikleri veya d\u00fc\u015fmeye ba\u011fl\u0131 a\u011fr\u0131lar g\u00f6r\u00fclebilir.<\/p>\n\n<\/div>\n<\/div>\n<div id=\"faq-question-1687249806594\" class=\"rank-math-list-item\">\n<h3 class=\"rank-math-question \">Parkinson hastal\u0131\u011f\u0131 tedavi edilebilir mi?<\/h3>\n<div class=\"rank-math-answer \">\n\n<p>Parkinson hastal\u0131\u011f\u0131n\u0131n \u015fu anda bilinen bir tedavisi yoktur. Parkinson kronik ve ilerleyici bir n\u00f6rolojik hastal\u0131kt\u0131r, yani zaman i\u00e7inde k\u00f6t\u00fcle\u015fir. Bununla birlikte, Parkinson hastal\u0131\u011f\u0131 olan bireyler i\u00e7in semptomlar\u0131 y\u00f6netmeye ve ya\u015fam kalitesini art\u0131rmaya yard\u0131mc\u0131 olabilecek \u00e7e\u015fitli tedavi se\u00e7enekleri mevcuttur.<\/p>\n\n<\/div>\n<\/div>\n<div id=\"faq-question-1687250166573\" class=\"rank-math-list-item\">\n<h3 class=\"rank-math-question \">Parkinson hastal\u0131\u011f\u0131 \u00f6l\u00fcmc\u00fcl m\u00fcd\u00fcr?<\/h3>\n<div class=\"rank-math-answer \">\n\n<p>Parkinson hastal\u0131\u011f\u0131n\u0131n kendisi do\u011frudan \u00f6l\u00fcmc\u00fcl olarak kabul edilmez. Bununla birlikte, zamanla komplikasyonlara yol a\u00e7abilen ilerleyici bir n\u00f6rolojik bozukluktur. Bu da ya\u015fam s\u00fcresinin k\u0131salmas\u0131na neden olabilir. Parkinson hastal\u0131\u011f\u0131n\u0131n ilerlemesi ve etkisi bireyler aras\u0131nda farkl\u0131l\u0131k g\u00f6sterebilir ve ilerleme h\u0131z\u0131 da de\u011fi\u015fkenlik g\u00f6sterir.<\/p>\n\n<\/div>\n<\/div>\n<div id=\"faq-question-1687250315313\" class=\"rank-math-list-item\">\n<h3 class=\"rank-math-question \">Parkinson hastal\u0131\u011f\u0131 nas\u0131l te\u015fhis edilir?<\/h3>\n<div class=\"rank-math-answer \">\n\n<p>Parkinson hastal\u0131\u011f\u0131n\u0131n te\u015fhisi, t\u0131bbi ge\u00e7mi\u015f, klinik semptomlar ve n\u00f6rolojik muayenenin kapsaml\u0131 bir de\u011ferlendirmesine dayan\u0131r. Te\u015fhis i\u00e7in belirli bir test yoktur ve s\u00fcre\u00e7 di\u011fer olas\u0131 nedenlerin elenmesini i\u00e7erir. Bir n\u00f6rolog veya hareket bozuklu\u011fu uzman\u0131 tipik olarak ayr\u0131nt\u0131l\u0131 bir t\u0131bbi ge\u00e7mi\u015f, motor fonksiyonu de\u011ferlendirmek i\u00e7in bir n\u00f6rolojik muayene ve bazen beyin g\u00f6r\u00fcnt\u00fcleme gibi ek testler i\u00e7eren de\u011ferlendirmeyi ger\u00e7ekle\u015ftirir. Parkinson ila\u00e7lar\u0131na verilen yan\u0131t da tan\u0131da g\u00f6z \u00f6n\u00fcnde bulundurulabilir.<\/p>\n\n<\/div>\n<\/div>\n<div id=\"faq-question-1687250476121\" class=\"rank-math-list-item\">\n<h3 class=\"rank-math-question \">Parkinson hastal\u0131\u011f\u0131 kal\u0131tsal m\u0131d\u0131r?<\/h3>\n<div class=\"rank-math-answer \">\n\n<p>Parkinson hastal\u0131\u011f\u0131 vakalar\u0131n\u0131n \u00e7o\u011fu sporadiktir ve do\u011frudan kal\u0131tsal de\u011fildir, ancak vakalar\u0131n yakla\u015f\u0131k %5-10&#8217;unda genetik bir bile\u015fen vard\u0131r. Baz\u0131 genetik mutasyonlar Parkinson&#8217;a yakalanma riskini art\u0131rabilir, ancak aile \u00f6yk\u00fcs\u00fc hastal\u0131\u011f\u0131n geli\u015fimini garanti etmez.<\/p>\n\n<\/div>\n<\/div>\n<div id=\"faq-question-1687250700014\" class=\"rank-math-list-item\">\n<h3 class=\"rank-math-question \">Parkinson hastal\u0131\u011f\u0131na ne sebep olur?<\/h3>\n<div class=\"rank-math-answer \">\n\n<p>Parkinson hastal\u0131\u011f\u0131n\u0131n kesin nedeni tam olarak anla\u015f\u0131lamam\u0131\u015ft\u0131r, ancak genetik ve \u00e7evresel fakt\u00f6rlerin bir kombinasyonunu i\u00e7erdi\u011fine inan\u0131lmaktad\u0131r. Genetik mutasyonlar ve baz\u0131 \u00e7evresel fakt\u00f6rlere maruz kalma hastal\u0131\u011f\u0131n geli\u015fimine katk\u0131da bulunabilir.<\/p>\n\n<\/div>\n<\/div>\n<div id=\"faq-question-1687250701001\" class=\"rank-math-list-item\">\n<h3 class=\"rank-math-question \">Parkinson hastal\u0131\u011f\u0131 i\u00e7in dopamin i\u00e7eri\u011fi y\u00fcksek g\u0131dalar hangileridir?<\/h3>\n<div class=\"rank-math-answer \">\n\n<p>Dopamin \u00fcretimini ve beyin sa\u011fl\u0131\u011f\u0131n\u0131 destekleyebilecek g\u0131dalar aras\u0131nda protein a\u00e7\u0131s\u0131ndan zengin g\u0131dalar (\u00f6rne\u011fin, ya\u011fs\u0131z et, k\u00fcmes hayvanlar\u0131, bal\u0131k, yumurta), meyve ve sebzeler (\u00f6zellikle antioksidan a\u00e7\u0131s\u0131ndan zengin olanlar), f\u0131nd\u0131k ve tohumlar, bitter \u00e7ikolata ve ye\u015fil \u00e7ay bulunur.<\/p>\n\n<\/div>\n<\/div>\n<\/div>\n<\/div>\n<p>\u00a0<\/p>\n\n<h3 class=\"wp-block-heading\">Herhangi bir sorunuz olmas\u0131 durumunda hemen bizimle ileti\u015fime ge\u00e7in!<\/h3>\n","protected":false},"excerpt":{"rendered":"<p>Parkinson hastal\u0131\u011f\u0131, hareket kontrol\u00fcn\u00fc etkileyen kronik ve ilerleyici bir n\u00f6rolojik bozukluktur. Ad\u0131n\u0131, bu durumu ilk kez 1817 y\u0131l\u0131nda tan\u0131mlayan Dr. [&hellip;]<\/p>\n","protected":false},"author":4,"featured_media":95435,"parent":0,"menu_order":0,"comment_status":"closed","ping_status":"closed","template":"","meta":{"site-sidebar-layout":"default","site-content-layout":"","ast-site-content-layout":"default","site-content-style":"default","site-sidebar-style":"default","ast-global-header-display":"","ast-banner-title-visibility":"","ast-main-header-display":"","ast-hfb-above-header-display":"","ast-hfb-below-header-display":"","ast-hfb-mobile-header-display":"","site-post-title":"","ast-breadcrumbs-content":"","ast-featured-img":"","footer-sml-layout":"","ast-disable-related-posts":"","theme-transparent-header-meta":"","adv-header-id-meta":"","stick-header-meta":"","header-above-stick-meta":"","header-main-stick-meta":"","header-below-stick-meta":"","astra-migrate-meta-layouts":"default","ast-page-background-enabled":"default","ast-page-background-meta":{"desktop":{"background-color":"var(--ast-global-color-4)","background-image":"","background-repeat":"repeat","background-position":"center center","background-size":"auto","background-attachment":"scroll","background-type":"","background-media":"","overlay-type":"","overlay-color":"","overlay-opacity":"","overlay-gradient":""},"tablet":{"background-color":"","background-image":"","background-repeat":"repeat","background-position":"center center","background-size":"auto","background-attachment":"scroll","background-type":"","background-media":"","overlay-type":"","overlay-color":"","overlay-opacity":"","overlay-gradient":""},"mobile":{"background-color":"","background-image":"","background-repeat":"repeat","background-position":"center center","background-size":"auto","background-attachment":"scroll","background-type":"","background-media":"","overlay-type":"","overlay-color":"","overlay-opacity":"","overlay-gradient":""}},"ast-content-background-meta":{"desktop":{"background-color":"var(--ast-global-color-5)","background-image":"","background-repeat":"repeat","background-position":"center center","background-size":"auto","background-attachment":"scroll","background-type":"","background-media":"","overlay-type":"","overlay-color":"","overlay-opacity":"","overlay-gradient":""},"tablet":{"background-color":"var(--ast-global-color-5)","background-image":"","background-repeat":"repeat","background-position":"center center","background-size":"auto","background-attachment":"scroll","background-type":"","background-media":"","overlay-type":"","overlay-color":"","overlay-opacity":"","overlay-gradient":""},"mobile":{"background-color":"var(--ast-global-color-5)","background-image":"","background-repeat":"repeat","background-position":"center center","background-size":"auto","background-attachment":"scroll","background-type":"","background-media":"","overlay-type":"","overlay-color":"","overlay-opacity":"","overlay-gradient":""}},"footnotes":""},"class_list":["post-147514","page","type-page","status-publish","has-post-thumbnail","hentry"],"_links":{"self":[{"href":"https:\/\/medclinics.com\/tr\/wp-json\/wp\/v2\/pages\/147514","targetHints":{"allow":["GET"]}}],"collection":[{"href":"https:\/\/medclinics.com\/tr\/wp-json\/wp\/v2\/pages"}],"about":[{"href":"https:\/\/medclinics.com\/tr\/wp-json\/wp\/v2\/types\/page"}],"author":[{"embeddable":true,"href":"https:\/\/medclinics.com\/tr\/wp-json\/wp\/v2\/users\/4"}],"replies":[{"embeddable":true,"href":"https:\/\/medclinics.com\/tr\/wp-json\/wp\/v2\/comments?post=147514"}],"version-history":[{"count":0,"href":"https:\/\/medclinics.com\/tr\/wp-json\/wp\/v2\/pages\/147514\/revisions"}],"wp:featuredmedia":[{"embeddable":true,"href":"https:\/\/medclinics.com\/tr\/wp-json\/wp\/v2\/media\/95435"}],"wp:attachment":[{"href":"https:\/\/medclinics.com\/tr\/wp-json\/wp\/v2\/media?parent=147514"}],"curies":[{"name":"wp","href":"https:\/\/api.w.org\/{rel}","templated":true}]}}