{"id":147472,"date":"2023-06-25T12:12:39","date_gmt":"2023-06-25T12:12:39","guid":{"rendered":"https:\/\/medclinics.com\/ortaklik\/"},"modified":"2024-03-18T14:33:36","modified_gmt":"2024-03-18T14:33:36","slug":"ortaklik","status":"publish","type":"page","link":"https:\/\/medclinics.com\/tr\/ortaklik\/","title":{"rendered":"Ortakl\u0131k"},"content":{"rendered":"\n<h2 class=\"wp-block-heading\">Biz pazarlaman\u0131z\u0131 halledelim, siz de hastalar\u0131n\u0131zla ilgilenin!<\/h2>\n\n<p>Web sitemizdeki ayr\u0131nt\u0131l\u0131 bilgiler sayesinde hastalar\u0131n\u0131z sizi yetkin bir profesyonel olarak tan\u0131yacakt\u0131r. B\u00f6ylece, hastalar\u0131n\u0131z sizinle ileti\u015fime ge\u00e7meden \u00f6nce bile onlar\u0131n ne bekledi\u011fini \u00f6\u011frenmi\u015f olursunuz.<\/p>\n\n<p>Rekabetin yo\u011fun oldu\u011fu \u00e7evrimi\u00e7i pazarda kendini h\u0131zla kabul ettiren dinamik ve gelecek vaat eden bir \u015firketin par\u00e7as\u0131 olun ve uluslararas\u0131 bir organizasyonun avantajlar\u0131ndan yararlan\u0131n.<\/p>\n\n<p>\u0130stanbul, Frankfurt ve Viyana&#8217;daki lokasyonlar\u0131, 150&#8217;den fazla anla\u015fmal\u0131 hastanesi, 100 klini\u011fi, 1100 doktoru ve say\u0131s\u0131z tedavisiyle MedClinics, T\u00fcrkiye&#8217;nin en b\u00fcy\u00fck sa\u011fl\u0131k platformlar\u0131ndan biri!<\/p>\n\n<p>\u0130ster doktor, ister klinik veya hastane olun, buras\u0131 tam size g\u00f6re! Gelece\u011fe giden bu yolculukta bize kat\u0131l\u0131n ve ba\u015far\u0131n\u0131n bir par\u00e7as\u0131 olun.<\/p>\n\n<h2 class=\"wp-block-heading\">Bizimle \u00c7al\u0131\u015fman\u0131n Avantajlar\u0131<\/h2>\n\n<div class=\"wp-block-columns is-layout-flex wp-container-core-columns-is-layout-28f84493 wp-block-columns-is-layout-flex\">\n<div class=\"wp-block-column is-vertically-aligned-center is-layout-flow wp-block-column-is-layout-flow\">\n<div class=\"wp-block-columns is-layout-flex wp-container-core-columns-is-layout-28f84493 wp-block-columns-is-layout-flex\">\n<div class=\"wp-block-column is-layout-flow wp-block-column-is-layout-flow\" style=\"flex-basis:25%\">\n<figure class=\"wp-block-image size-full\"><img decoding=\"async\" width=\"137\" height=\"104\" src=\"https:\/\/medclinics.com\/wp-content\/uploads\/2023\/06\/partnership_icon_1.jpg\" alt=\"100 Organik Trafik\" class=\"wp-image-95719\" srcset=\"https:\/\/medclinics.com\/wp-content\/uploads\/2023\/06\/partnership_icon_1.jpg 137w, https:\/\/medclinics.com\/wp-content\/uploads\/2023\/06\/partnership_icon_1-24x18.jpg 24w, https:\/\/medclinics.com\/wp-content\/uploads\/2023\/06\/partnership_icon_1-36x27.jpg 36w, https:\/\/medclinics.com\/wp-content\/uploads\/2023\/06\/partnership_icon_1-48x36.jpg 48w\" sizes=\"(max-width: 137px) 100vw, 137px\" \/><\/figure>\n<\/div>\n\n\n\n<div class=\"wp-block-column is-vertically-aligned-center is-layout-flow wp-block-column-is-layout-flow\" style=\"flex-basis:75%\">\n<p class=\"has-text-align-left\"><strong>100 Organik Trafik<\/strong><\/p>\n<\/div>\n<\/div>\n\n\n\n<div class=\"wp-block-columns is-layout-flex wp-container-core-columns-is-layout-28f84493 wp-block-columns-is-layout-flex\">\n<div class=\"wp-block-column is-layout-flow wp-block-column-is-layout-flow\" style=\"flex-basis:25%\">\n<figure class=\"wp-block-image size-full\"><img decoding=\"async\" width=\"137\" height=\"105\" src=\"https:\/\/medclinics.com\/wp-content\/uploads\/2023\/06\/partnership_icon_3.jpg\" alt=\"7\/24 &#xC7;a&#x11F;r&#x131; Merkezi\" class=\"wp-image-95733\" srcset=\"https:\/\/medclinics.com\/wp-content\/uploads\/2023\/06\/partnership_icon_3.jpg 137w, https:\/\/medclinics.com\/wp-content\/uploads\/2023\/06\/partnership_icon_3-24x18.jpg 24w, https:\/\/medclinics.com\/wp-content\/uploads\/2023\/06\/partnership_icon_3-36x28.jpg 36w, https:\/\/medclinics.com\/wp-content\/uploads\/2023\/06\/partnership_icon_3-48x37.jpg 48w\" sizes=\"(max-width: 137px) 100vw, 137px\" \/><\/figure>\n<\/div>\n\n\n\n<div class=\"wp-block-column is-vertically-aligned-center is-layout-flow wp-block-column-is-layout-flow\" style=\"flex-basis:75%\">\n<p class=\"has-text-align-left\"><strong>7\/24 \u00c7a\u011fr\u0131 Merkezi<\/strong><\/p>\n<\/div>\n<\/div>\n\n\n\n<div class=\"wp-block-columns is-layout-flex wp-container-core-columns-is-layout-28f84493 wp-block-columns-is-layout-flex\">\n<div class=\"wp-block-column is-layout-flow wp-block-column-is-layout-flow\" style=\"flex-basis:25%\">\n<figure class=\"wp-block-image size-full\"><img decoding=\"async\" width=\"136\" height=\"104\" src=\"https:\/\/medclinics.com\/wp-content\/uploads\/2023\/06\/partnership_icon_5.jpg\" alt=\"Sosyal Medya Hesap Y&#xF6;netimi\" class=\"wp-image-95747\" srcset=\"https:\/\/medclinics.com\/wp-content\/uploads\/2023\/06\/partnership_icon_5.jpg 136w, https:\/\/medclinics.com\/wp-content\/uploads\/2023\/06\/partnership_icon_5-24x18.jpg 24w, https:\/\/medclinics.com\/wp-content\/uploads\/2023\/06\/partnership_icon_5-36x28.jpg 36w, https:\/\/medclinics.com\/wp-content\/uploads\/2023\/06\/partnership_icon_5-48x37.jpg 48w\" sizes=\"(max-width: 136px) 100vw, 136px\" \/><\/figure>\n<\/div>\n\n\n\n<div class=\"wp-block-column is-vertically-aligned-center is-layout-flow wp-block-column-is-layout-flow\" style=\"flex-basis:75%\">\n<p class=\"has-text-align-left\"><strong>Trafi\u011finizi Art\u0131r\u0131n<\/strong><\/p>\n<\/div>\n<\/div>\n<\/div>\n\n\n\n<div class=\"wp-block-column is-layout-flow wp-block-column-is-layout-flow\">\n<div class=\"wp-block-columns is-layout-flex wp-container-core-columns-is-layout-28f84493 wp-block-columns-is-layout-flex\">\n<div class=\"wp-block-column is-layout-flow wp-block-column-is-layout-flow\" style=\"flex-basis:25%\">\n<figure class=\"wp-block-gallery aligncenter has-nested-images columns-default is-cropped wp-block-gallery-1 is-layout-flex wp-block-gallery-is-layout-flex\">\n<figure class=\"wp-block-image size-full\"><img loading=\"lazy\" decoding=\"async\" width=\"137\" height=\"105\" data-id=\"95726\" src=\"https:\/\/medclinics.com\/wp-content\/uploads\/2023\/06\/partnership_icon_2.jpg\" alt=\"Haz&#x131;r Web Sitesi\" class=\"wp-image-95726\" srcset=\"https:\/\/medclinics.com\/wp-content\/uploads\/2023\/06\/partnership_icon_2.jpg 137w, https:\/\/medclinics.com\/wp-content\/uploads\/2023\/06\/partnership_icon_2-24x18.jpg 24w, https:\/\/medclinics.com\/wp-content\/uploads\/2023\/06\/partnership_icon_2-36x28.jpg 36w, https:\/\/medclinics.com\/wp-content\/uploads\/2023\/06\/partnership_icon_2-48x37.jpg 48w\" sizes=\"(max-width: 137px) 100vw, 137px\" \/><\/figure>\n<\/figure>\n<\/div>\n\n\n\n<div class=\"wp-block-column is-vertically-aligned-center is-layout-flow wp-block-column-is-layout-flow\" style=\"flex-basis:75%\">\n<p class=\"has-text-align-left\"><strong>Haz\u0131r Web Sitesi<\/strong><\/p>\n<\/div>\n<\/div>\n\n\n\n<div class=\"wp-block-columns is-layout-flex wp-container-core-columns-is-layout-28f84493 wp-block-columns-is-layout-flex\">\n<div class=\"wp-block-column is-layout-flow wp-block-column-is-layout-flow\" style=\"flex-basis:25%\">\n<figure class=\"wp-block-gallery aligncenter has-nested-images columns-default is-cropped wp-block-gallery-2 is-layout-flex wp-block-gallery-is-layout-flex\">\n<figure class=\"wp-block-image size-full\"><img loading=\"lazy\" decoding=\"async\" width=\"137\" height=\"105\" data-id=\"95740\" src=\"https:\/\/medclinics.com\/wp-content\/uploads\/2023\/06\/partnership_icon_4.jpg\" alt=\"Yabanc&#x131; Dil Ekibi\" class=\"wp-image-95740\" srcset=\"https:\/\/medclinics.com\/wp-content\/uploads\/2023\/06\/partnership_icon_4.jpg 137w, https:\/\/medclinics.com\/wp-content\/uploads\/2023\/06\/partnership_icon_4-24x18.jpg 24w, https:\/\/medclinics.com\/wp-content\/uploads\/2023\/06\/partnership_icon_4-36x28.jpg 36w, https:\/\/medclinics.com\/wp-content\/uploads\/2023\/06\/partnership_icon_4-48x37.jpg 48w\" sizes=\"(max-width: 137px) 100vw, 137px\" \/><\/figure>\n<\/figure>\n<\/div>\n\n\n\n<div class=\"wp-block-column is-vertically-aligned-center is-layout-flow wp-block-column-is-layout-flow\" style=\"flex-basis:75%\">\n<p class=\"has-text-align-left\"><strong>Yabanc\u0131 Dil Ekibi<\/strong><\/p>\n<\/div>\n<\/div>\n\n\n\n<div class=\"wp-block-columns is-layout-flex wp-container-core-columns-is-layout-28f84493 wp-block-columns-is-layout-flex\">\n<div class=\"wp-block-column is-layout-flow wp-block-column-is-layout-flow\" style=\"flex-basis:25%\">\n<figure class=\"wp-block-gallery aligncenter has-nested-images columns-default is-cropped wp-block-gallery-3 is-layout-flex wp-block-gallery-is-layout-flex\">\n<figure class=\"wp-block-image size-full\"><img loading=\"lazy\" decoding=\"async\" width=\"137\" height=\"105\" data-id=\"95754\" src=\"https:\/\/medclinics.com\/wp-content\/uploads\/2023\/06\/partnership_icon_6.jpg\" alt=\"&#xDC;r&#xFC;nlerinizi Listeleyin\" class=\"wp-image-95754\" srcset=\"https:\/\/medclinics.com\/wp-content\/uploads\/2023\/06\/partnership_icon_6.jpg 137w, https:\/\/medclinics.com\/wp-content\/uploads\/2023\/06\/partnership_icon_6-24x18.jpg 24w, https:\/\/medclinics.com\/wp-content\/uploads\/2023\/06\/partnership_icon_6-36x28.jpg 36w, https:\/\/medclinics.com\/wp-content\/uploads\/2023\/06\/partnership_icon_6-48x37.jpg 48w\" sizes=\"(max-width: 137px) 100vw, 137px\" \/><\/figure>\n<\/figure>\n<\/div>\n\n\n\n<div class=\"wp-block-column is-vertically-aligned-center is-layout-flow wp-block-column-is-layout-flow\" style=\"flex-basis:75%\">\n<p class=\"has-text-align-left\"><strong>\u00dcr\u00fcnlerinizi Listeleyin<\/strong><\/p>\n<\/div>\n<\/div>\n<\/div>\n<\/div>\n\n<div class=\"wp-block-columns has-white-color has-text-color has-background is-layout-flex wp-container-core-columns-is-layout-28f84493 wp-block-columns-is-layout-flex\" style=\"background-color:#1e81a2\">\n<div class=\"wp-block-column is-layout-flow wp-block-column-is-layout-flow\">\n<div class=\"wp-block-columns is-layout-flex wp-container-core-columns-is-layout-28f84493 wp-block-columns-is-layout-flex\">\n<div class=\"wp-block-column is-layout-flow wp-block-column-is-layout-flow\" style=\"flex-basis:100%\">\n<figure class=\"wp-block-image size-full\"><img loading=\"lazy\" decoding=\"async\" width=\"122\" height=\"119\" src=\"https:\/\/medclinics.com\/wp-content\/uploads\/2023\/06\/partnership_n_1.png\" alt=\"Senin dile&#x11F;in\" class=\"wp-image-95765\" srcset=\"https:\/\/medclinics.com\/wp-content\/uploads\/2023\/06\/partnership_n_1.png 122w, https:\/\/medclinics.com\/wp-content\/uploads\/2023\/06\/partnership_n_1-24x24.png 24w, https:\/\/medclinics.com\/wp-content\/uploads\/2023\/06\/partnership_n_1-36x36.png 36w, https:\/\/medclinics.com\/wp-content\/uploads\/2023\/06\/partnership_n_1-48x48.png 48w\" sizes=\"(max-width: 122px) 100vw, 122px\" \/><\/figure>\n\n\n\n<h4 class=\"wp-block-heading has-white-color has-text-color\">Senin dile\u011fin<\/h4>\n\n\n\n<ul class=\"wp-block-list\">\n<li>Daha az stres ve size daha fazla zaman<\/li>\n\n\n\n<li>\u0130nternette daha iyi bulunabilirlik<\/li>\n\n\n\n<li>Ekip, hastalar\u0131n\u0131z\u0131n ihtiya\u00e7lar\u0131na daha iyi yan\u0131t verebilir<\/li>\n<\/ul>\n<\/div>\n<\/div>\n<\/div>\n\n\n\n<div class=\"wp-block-column is-layout-flow wp-block-column-is-layout-flow\">\n<div class=\"wp-block-columns is-layout-flex wp-container-core-columns-is-layout-28f84493 wp-block-columns-is-layout-flex\">\n<div class=\"wp-block-column is-layout-flow wp-block-column-is-layout-flow\" style=\"flex-basis:100%\">\n<figure class=\"wp-block-image size-full\"><img loading=\"lazy\" decoding=\"async\" width=\"122\" height=\"119\" src=\"https:\/\/medclinics.com\/wp-content\/uploads\/2023\/06\/partnership_n_2.png\" alt=\"Sizin sorununuz\" class=\"wp-image-95772\" srcset=\"https:\/\/medclinics.com\/wp-content\/uploads\/2023\/06\/partnership_n_2.png 122w, https:\/\/medclinics.com\/wp-content\/uploads\/2023\/06\/partnership_n_2-24x24.png 24w, https:\/\/medclinics.com\/wp-content\/uploads\/2023\/06\/partnership_n_2-36x36.png 36w, https:\/\/medclinics.com\/wp-content\/uploads\/2023\/06\/partnership_n_2-48x48.png 48w\" sizes=\"(max-width: 122px) 100vw, 122px\" \/><\/figure>\n\n\n\n<h4 class=\"wp-block-heading has-white-color has-text-color\">Sizin sorununuz<\/h4>\n\n\n\n<ul class=\"wp-block-list\">\n<li>Zaman\u0131n yok.<\/li>\n\n\n\n<li>\u0130yi pazarlama pahal\u0131d\u0131r<\/li>\n\n\n\n<li>SEO zahmetli bir i\u015ftir ve deneyim gerektirir<\/li>\n\n\n\n<li>\u00c7a\u011fr\u0131 merkezi kurman\u0131n zor olmas\u0131<\/li>\n<\/ul>\n<\/div>\n<\/div>\n<\/div>\n\n\n\n<div class=\"wp-block-column is-layout-flow wp-block-column-is-layout-flow\">\n<div class=\"wp-block-columns is-layout-flex wp-container-core-columns-is-layout-28f84493 wp-block-columns-is-layout-flex\">\n<div class=\"wp-block-column is-layout-flow wp-block-column-is-layout-flow\" style=\"flex-basis:100%\">\n<figure class=\"wp-block-image size-full\"><img loading=\"lazy\" decoding=\"async\" width=\"122\" height=\"119\" src=\"https:\/\/medclinics.com\/wp-content\/uploads\/2023\/06\/partnership_n_3.png\" alt=\"Bizim &#xE7;&#xF6;z&#xFC;m&#xFC;m&#xFC;z\" class=\"wp-image-95779\" srcset=\"https:\/\/medclinics.com\/wp-content\/uploads\/2023\/06\/partnership_n_3.png 122w, https:\/\/medclinics.com\/wp-content\/uploads\/2023\/06\/partnership_n_3-24x24.png 24w, https:\/\/medclinics.com\/wp-content\/uploads\/2023\/06\/partnership_n_3-36x36.png 36w, https:\/\/medclinics.com\/wp-content\/uploads\/2023\/06\/partnership_n_3-48x48.png 48w\" sizes=\"(max-width: 122px) 100vw, 122px\" \/><\/figure>\n\n\n\n<h4 class=\"wp-block-heading has-white-color has-text-color\">Bizim \u00e7\u00f6z\u00fcm\u00fcm\u00fcz<\/h4>\n\n\n\n<ul class=\"wp-block-list\">\n<li>T\u00fcm hizmetleri tek bir kaynaktan sunuyoruz<\/li>\n\n\n\n<li>Size geliyoruz ve sizin hakk\u0131n\u0131zda yaz\u0131yoruz.<\/li>\n\n\n\n<li>Foto\u011fraf ve videolar\u0131n\u0131z\u0131 internete koyuyoruz<\/li>\n\n\n\n<li>Sizi d\u00fcnya ile tan\u0131\u015ft\u0131r\u0131yoruz<\/li>\n<\/ul>\n<\/div>\n<\/div>\n<\/div>\n<\/div>\n\n<h2 class=\"wp-block-heading\">Bir video ile hastalar\u0131n\u0131za daha fazla g\u00fcven verin<\/h2>\n\n<div class=\"wp-block-columns is-layout-flex wp-container-core-columns-is-layout-28f84493 wp-block-columns-is-layout-flex\">\n<div class=\"wp-block-column is-layout-flow wp-block-column-is-layout-flow\">\n<figure class=\"wp-block-embed is-type-video is-provider-youtube wp-block-embed-youtube wp-embed-aspect-16-9 wp-has-aspect-ratio\"><div class=\"wp-block-embed__wrapper\">\n<iframe title=\"Obesity - Gastric Sleeve - Gastric Balloon, Interview with Prof. Dr. Ya\u015far \u00c7olak\" width=\"500\" height=\"281\" src=\"https:\/\/www.youtube.com\/embed\/yf9kZ36JhWM?feature=oembed\" frameborder=\"0\" allow=\"accelerometer; autoplay; clipboard-write; encrypted-media; gyroscope; picture-in-picture; web-share\" referrerpolicy=\"strict-origin-when-cross-origin\" allowfullscreen><\/iframe>\n<\/div><\/figure>\n<\/div>\n\n\n\n<div class=\"wp-block-column is-layout-flow wp-block-column-is-layout-flow\">\n<figure class=\"wp-block-embed is-type-video is-provider-youtube wp-block-embed-youtube wp-embed-aspect-16-9 wp-has-aspect-ratio\"><div class=\"wp-block-embed__wrapper\">\n<iframe title=\"Obesity - Diabetes, Interview with Op. Dr. Babek Tabandeh\" width=\"500\" height=\"281\" src=\"https:\/\/www.youtube.com\/embed\/VMWnoWZUvPA?feature=oembed\" frameborder=\"0\" allow=\"accelerometer; autoplay; clipboard-write; encrypted-media; gyroscope; picture-in-picture; web-share\" referrerpolicy=\"strict-origin-when-cross-origin\" allowfullscreen><\/iframe>\n<\/div><\/figure>\n<\/div>\n\n\n\n<div class=\"wp-block-column is-layout-flow wp-block-column-is-layout-flow\">\n<figure class=\"wp-block-embed is-type-video is-provider-youtube wp-block-embed-youtube wp-embed-aspect-16-9 wp-has-aspect-ratio\"><div class=\"wp-block-embed__wrapper\">\n<iframe title=\"Wrinkle Treatment - Filler, Interview with Dr. Ebru \u015eim\u015fek\" width=\"500\" height=\"281\" src=\"https:\/\/www.youtube.com\/embed\/KgkWDAasy_8?feature=oembed\" frameborder=\"0\" allow=\"accelerometer; autoplay; clipboard-write; encrypted-media; gyroscope; picture-in-picture; web-share\" referrerpolicy=\"strict-origin-when-cross-origin\" allowfullscreen><\/iframe>\n<\/div><\/figure>\n<\/div>\n<\/div>\n\n<h3 class=\"wp-block-heading\"><strong>Her g\u00fcn, her yerde, d\u00fcnya \u00e7ap\u0131nda k\u00f6pr\u00fcler kuruyoruz<\/strong><\/h3>\n\n<p>Biz arkan\u0131z\u0131 kollarken siz vizyonunuzu ger\u00e7ekle\u015ftirin. B\u00f6ylece hastalar\u0131n\u0131zla ilgilenebilir, d\u00fcnyan\u0131n her yerinde g\u00f6r\u00fclebilirsiniz ve dil bir s\u0131n\u0131r anlam\u0131na gelmez<\/p>\n\n<p><strong>MedClinics, G\u00fcvenilir ve K\u00fcresel Sa\u011fl\u0131k Hizmetlerine Ba\u011flan\u0131n &#8230;<\/strong><\/p>\n\n<h3 class=\"wp-block-heading\"><strong>Yetkinli\u011fi aktarmak i\u00e7in yetkin olmak<\/strong><\/h3>\n\n<p>MedClinics her zaman hastan\u0131n iyili\u011fini \u00f6n planda tutar. Sizin i\u00e7in de ayn\u0131 oldu\u011funu bildi\u011fimizden, sizi orta\u011f\u0131m\u0131z olmaya davet ediyoruz<\/p>\n\n<p>MedClinics&#8217;teki m\u00fc\u015fteri hizmetleri temsilcileri t\u0131p sekt\u00f6r\u00fcnde uzmand\u0131r. B\u00f6ylece, hasta sorular\u0131 ilk andan itibaren profesyonelce yan\u0131tlan\u0131r.<\/p>\n\n<p>Sadece yetkin olanlar yetkinliklerini iletebilirler &#8230;<\/p>\n\n<h3 class=\"wp-block-heading\"><strong>F\u0131rsat\u0131n\u0131z\u0131 g\u00f6r\u00fcn ve d\u00fcnya \u00e7ap\u0131nda g\u00f6r\u00fcn\u00fcn<\/strong><\/h3>\n\n<p>Yerel uzmanlar profilinizi uluslararas\u0131 pazara entegre etmekle ilgilenir. Yerelle\u015ftirme, hedef \u00fclkenin k\u00fclt\u00fcrel ihtiya\u00e7lar\u0131na g\u00f6re yap\u0131l\u0131r.<\/p>\n\n<p>T\u0131bbi e\u011fitim alm\u0131\u015f uzman \u00e7evirmenlerden olu\u015fan ekibimiz, belirli t\u0131bbi terimlerin bile hedef \u00fclkenin diline do\u011fru bir \u015fekilde \u00e7evrilmesini ve di\u011fer uluslar\u0131n yerel k\u00fclt\u00fcr\u00fcyle uyum i\u00e7inde olmas\u0131n\u0131 sa\u011flar.<\/p>\n\n<p><strong>G\u00f6r\u00fclmek istedi\u011finiz \u015fekilde g\u00f6r\u00fcld\u00fc\u011f\u00fcn\u00fczden emin olmak i\u00e7in &#8230;<\/strong><\/p>\n\n<h3 class=\"wp-block-heading\"><strong>G\u00f6sterin ve g\u00f6sterilin<\/strong><\/h3>\n\n<p>\u0130statistiksel olarak, her hasta bir i\u015flem yapt\u0131rmaya karar vermeden \u00f6nce 300 adet \u00f6ncesi\/sonras\u0131 foto\u011fraf\u0131na bakmaktad\u0131r. \u00d6ncesi ve sonras\u0131 resimlerden olu\u015fan repertuar\u0131m\u0131zdan yararlan\u0131n ve kendi resimlerinizle bunu geni\u015fletmeye yard\u0131mc\u0131 olun.<\/p>\n\n<p><strong>Ne yapabildi\u011finizi g\u00f6sterin ki biz de g\u00f6sterebilelim &#8230;<\/strong><\/p>\n\n<h3 class=\"wp-block-heading\"><strong>Diller aras\u0131nda s\u0131n\u0131r olmamal\u0131<\/strong><\/h3>\n\n<p>T\u00fcrkiye&#8217;ye her y\u0131l 1,5 milyon sa\u011fl\u0131k turisti geliyor ve bu say\u0131 giderek art\u0131yor.<\/p>\n\n<p>MedClinics, t\u00fcm t\u0131bbi konularda \u00fclkedeki yerel uzmand\u0131r. Hastalar\u0131m\u0131za \u0130ngilizce, Almanca, Frans\u0131zca, Arap\u00e7a ve Rus\u00e7a dillerinde online dan\u0131\u015fmanl\u0131k hizmeti sunuyor ve hastalara kendi ana dillerinde dan\u0131\u015fmanl\u0131k hizmeti veriyoruz.<\/p>\n\n<p><strong>Dilin s\u0131n\u0131r\u0131 yoktur &#8230;<\/strong><\/p>\n\n<h3 class=\"wp-block-heading\"><strong>G\u00fcven kazanmak i\u00e7in g\u00fcven verin<\/strong><\/h3>\n\n<p>MedClinics, T.C. Sa\u011fl\u0131k Bakanl\u0131\u011f\u0131 taraf\u0131ndan onaylanm\u0131\u015ft\u0131r.<\/p>\n\n<p>De\u011ferlendirmelerden sadece devletin de\u011fil hastalar\u0131n da bize g\u00fcvendi\u011fini ve bu g\u00fcveni bo\u015fa \u00e7\u0131karmad\u0131\u011f\u0131m\u0131z\u0131 g\u00f6rebilirsiniz.<\/p>\n\n<p><strong>MedClinics&#8217;e g\u00fcvenin, hastalar\u0131n\u0131z da size g\u00fcvensin.<\/strong><\/p>\n","protected":false},"excerpt":{"rendered":"<p>Biz pazarlaman\u0131z\u0131 halledelim, siz de hastalar\u0131n\u0131zla ilgilenin! Web sitemizdeki ayr\u0131nt\u0131l\u0131 bilgiler sayesinde hastalar\u0131n\u0131z sizi yetkin bir profesyonel olarak tan\u0131yacakt\u0131r. B\u00f6ylece, [&hellip;]<\/p>\n","protected":false},"author":4,"featured_media":95779,"parent":0,"menu_order":0,"comment_status":"closed","ping_status":"closed","template":"","meta":{"site-sidebar-layout":"default","site-content-layout":"","ast-site-content-layout":"default","site-content-style":"default","site-sidebar-style":"default","ast-global-header-display":"","ast-banner-title-visibility":"","ast-main-header-display":"","ast-hfb-above-header-display":"","ast-hfb-below-header-display":"","ast-hfb-mobile-header-display":"","site-post-title":"","ast-breadcrumbs-content":"","ast-featured-img":"","footer-sml-layout":"","ast-disable-related-posts":"","theme-transparent-header-meta":"","adv-header-id-meta":"","stick-header-meta":"","header-above-stick-meta":"","header-main-stick-meta":"","header-below-stick-meta":"","astra-migrate-meta-layouts":"default","ast-page-background-enabled":"default","ast-page-background-meta":{"desktop":{"background-color":"var(--ast-global-color-4)","background-image":"","background-repeat":"repeat","background-position":"center center","background-size":"auto","background-attachment":"scroll","background-type":"","background-media":"","overlay-type":"","overlay-color":"","overlay-opacity":"","overlay-gradient":""},"tablet":{"background-color":"","background-image":"","background-repeat":"repeat","background-position":"center center","background-size":"auto","background-attachment":"scroll","background-type":"","background-media":"","overlay-type":"","overlay-color":"","overlay-opacity":"","overlay-gradient":""},"mobile":{"background-color":"","background-image":"","background-repeat":"repeat","background-position":"center center","background-size":"auto","background-attachment":"scroll","background-type":"","background-media":"","overlay-type":"","overlay-color":"","overlay-opacity":"","overlay-gradient":""}},"ast-content-background-meta":{"desktop":{"background-color":"var(--ast-global-color-5)","background-image":"","background-repeat":"repeat","background-position":"center center","background-size":"auto","background-attachment":"scroll","background-type":"","background-media":"","overlay-type":"","overlay-color":"","overlay-opacity":"","overlay-gradient":""},"tablet":{"background-color":"var(--ast-global-color-5)","background-image":"","background-repeat":"repeat","background-position":"center center","background-size":"auto","background-attachment":"scroll","background-type":"","background-media":"","overlay-type":"","overlay-color":"","overlay-opacity":"","overlay-gradient":""},"mobile":{"background-color":"var(--ast-global-color-5)","background-image":"","background-repeat":"repeat","background-position":"center center","background-size":"auto","background-attachment":"scroll","background-type":"","background-media":"","overlay-type":"","overlay-color":"","overlay-opacity":"","overlay-gradient":""}},"footnotes":""},"class_list":["post-147472","page","type-page","status-publish","has-post-thumbnail","hentry"],"_links":{"self":[{"href":"https:\/\/medclinics.com\/tr\/wp-json\/wp\/v2\/pages\/147472","targetHints":{"allow":["GET"]}}],"collection":[{"href":"https:\/\/medclinics.com\/tr\/wp-json\/wp\/v2\/pages"}],"about":[{"href":"https:\/\/medclinics.com\/tr\/wp-json\/wp\/v2\/types\/page"}],"author":[{"embeddable":true,"href":"https:\/\/medclinics.com\/tr\/wp-json\/wp\/v2\/users\/4"}],"replies":[{"embeddable":true,"href":"https:\/\/medclinics.com\/tr\/wp-json\/wp\/v2\/comments?post=147472"}],"version-history":[{"count":0,"href":"https:\/\/medclinics.com\/tr\/wp-json\/wp\/v2\/pages\/147472\/revisions"}],"wp:featuredmedia":[{"embeddable":true,"href":"https:\/\/medclinics.com\/tr\/wp-json\/wp\/v2\/media\/95779"}],"wp:attachment":[{"href":"https:\/\/medclinics.com\/tr\/wp-json\/wp\/v2\/media?parent=147472"}],"curies":[{"name":"wp","href":"https:\/\/api.w.org\/{rel}","templated":true}]}}