{"id":147461,"date":"2023-06-25T16:02:32","date_gmt":"2023-06-25T13:02:32","guid":{"rendered":"https:\/\/medclinics.com\/zahnbehandlung-icin-sommerangebot\/"},"modified":"2024-03-20T12:04:59","modified_gmt":"2024-03-20T09:04:59","slug":"zahnbehandlung-icin-sommerangebot","status":"publish","type":"page","link":"https:\/\/medclinics.com\/tr\/zahnbehandlung-icin-sommerangebot\/","title":{"rendered":"Zahnbehandlung i\u00e7in Sommerangebot"},"content":{"rendered":"\n<h2 class=\"wp-block-heading\" style=\"font-style:normal;font-weight:500\">Bireysel bir \u00fcr\u00fcn elde etmek i\u00e7in bizimle ileti\u015fime ge\u00e7in!  <\/h2>\n\n<ul class=\"wp-block-list\">\n<li><strong>Zahnimplantate ab 270 Euro pro Zahn!  <\/strong><\/li>\n\n\n\n<li><strong>Zirkoniumkronen ab 140 Euro pro Krone!<\/strong><\/li>\n<\/ul>\n\n<p>Uluslararas\u0131 sa\u011fl\u0131k hizmetleri tedarik\u00e7isi olarak T\u00fcrkei&#8217;de 300&#8217;den fazla klinik ve uzmanla birlikte \u00e7al\u0131\u015f\u0131yoruz. Lassen Sie sich diese einmalige Gelegenheit nicht entgehen und holen Sie sich jetzt ein Angebot &#8211; kostenlos und unverbindlich! Angebote&#8217;un dem Dschungel&#8217;inde zurechtzufinden&#8217;de Ihnen&#8217;e yard\u0131mc\u0131 olaca\u011f\u0131z.<\/p>\n\n<figure class=\"wp-block-gallery has-nested-images columns-4 is-cropped wp-block-gallery-1 is-layout-flex wp-block-gallery-is-layout-flex\">\n<figure class=\"wp-block-image size-large\"><img fetchpriority=\"high\" decoding=\"async\" width=\"280\" height=\"210\" data-id=\"92370\" src=\"https:\/\/medclinics.com\/wp-content\/uploads\/2023\/05\/mini-dental-implants-in-istanbul.jpg\" alt=\"\" class=\"wp-image-92370\" srcset=\"https:\/\/medclinics.com\/wp-content\/uploads\/2023\/05\/mini-dental-implants-in-istanbul.jpg 280w, https:\/\/medclinics.com\/wp-content\/uploads\/2023\/05\/mini-dental-implants-in-istanbul-24x18.jpg 24w, https:\/\/medclinics.com\/wp-content\/uploads\/2023\/05\/mini-dental-implants-in-istanbul-36x27.jpg 36w, https:\/\/medclinics.com\/wp-content\/uploads\/2023\/05\/mini-dental-implants-in-istanbul-48x36.jpg 48w\" sizes=\"(max-width: 280px) 100vw, 280px\" \/><\/figure>\n\n\n\n<figure class=\"wp-block-image size-large\"><img decoding=\"async\" width=\"960\" height=\"550\" data-id=\"15590\" src=\"https:\/\/medclinics.com\/wp-content\/uploads\/2023\/01\/all-on-4-dental-implant-in-antalya-dentgroup-near-me-1.jpg\" alt=\"\" class=\"wp-image-15590\" srcset=\"https:\/\/medclinics.com\/wp-content\/uploads\/2023\/01\/all-on-4-dental-implant-in-antalya-dentgroup-near-me-1.jpg 960w, https:\/\/medclinics.com\/wp-content\/uploads\/2023\/01\/all-on-4-dental-implant-in-antalya-dentgroup-near-me-1-300x172.jpg 300w, https:\/\/medclinics.com\/wp-content\/uploads\/2023\/01\/all-on-4-dental-implant-in-antalya-dentgroup-near-me-1-280x160.jpg 280w, https:\/\/medclinics.com\/wp-content\/uploads\/2023\/01\/all-on-4-dental-implant-in-antalya-dentgroup-near-me-1-768x440.jpg 768w, https:\/\/medclinics.com\/wp-content\/uploads\/2023\/01\/all-on-4-dental-implant-in-antalya-dentgroup-near-me-1-600x344.jpg 600w\" sizes=\"(max-width: 960px) 100vw, 960px\" \/><\/figure>\n\n\n\n<figure class=\"wp-block-image size-large\"><img decoding=\"async\" width=\"280\" height=\"210\" data-id=\"92240\" src=\"https:\/\/medclinics.com\/wp-content\/uploads\/2023\/05\/dental-crown-in-istanbul.jpg\" alt=\"istanbul'da di&#x15F;-kuronu\" class=\"wp-image-92240\" srcset=\"https:\/\/medclinics.com\/wp-content\/uploads\/2023\/05\/dental-crown-in-istanbul.jpg 280w, https:\/\/medclinics.com\/wp-content\/uploads\/2023\/05\/dental-crown-in-istanbul-24x18.jpg 24w, https:\/\/medclinics.com\/wp-content\/uploads\/2023\/05\/dental-crown-in-istanbul-36x27.jpg 36w, https:\/\/medclinics.com\/wp-content\/uploads\/2023\/05\/dental-crown-in-istanbul-48x36.jpg 48w\" sizes=\"(max-width: 280px) 100vw, 280px\" \/><\/figure>\n\n\n\n<figure class=\"wp-block-image size-large\"><img loading=\"lazy\" decoding=\"async\" width=\"280\" height=\"210\" data-id=\"92248\" src=\"https:\/\/medclinics.com\/wp-content\/uploads\/2023\/01\/dental-implant-in-istanbul.jpg\" alt=\"dental-implant-in-istanbul\" class=\"wp-image-92248\"\/><\/figure>\n<\/figure>\n\n<p>En iyi <a href=\"https:\/\/medclinics.com\/tr\/dis-implanti\/\" target=\"_blank\" rel=\"noreferrer noopener\">Zahnimplantate<\/a> &#8216;i bulun ve <a href=\"https:\/\/medclinics.com\/tr\/hollywood-gulusu\/\" target=\"_blank\" rel=\"noreferrer noopener\">Hollywood<\/a> &#8216;da ge\u00e7irdi\u011finiz travmay\u0131 unutturun!  <\/p>\n\n<p>Lassen Sie sich diese einmalige Gelegenheit nicht entgehen und fordern Sie ein kostenloses und individuelles Angebot an!<\/p>\n\n<p>Ekibimiz sizi t\u00fcm s\u00fcre\u00e7 boyunca y\u00f6nlendirecektir. MedClinics ile birlikte, bireysel ihtiya\u00e7lar\u0131n\u0131za en uygun tedaviyi bulabilirsiniz. T\u00fcm detaylar\u0131 anlat\u0131yoruz ve her zaman sorular\u0131n\u0131z\u0131 yan\u0131tlamaya haz\u0131r\u0131z, \u00fcstelik bir Alman Dolmetscher ile birlikte.<\/p>\n\n<p><strong>MedClinics, uygun fiyatlara kaliteli ve y\u00fcksek kaliteli tedaviler sunar!<\/strong><br\/><strong>Hemen bizimle <a href=\"#requestform\">ileti\u015fime<\/a> ge\u00e7in ve bireysel bir dan\u0131\u015fmanl\u0131k hizmeti al\u0131n.  <\/strong><\/p>\n","protected":false},"excerpt":{"rendered":"<p>Bireysel bir \u00fcr\u00fcn elde etmek i\u00e7in bizimle ileti\u015fime ge\u00e7in! Uluslararas\u0131 sa\u011fl\u0131k hizmetleri tedarik\u00e7isi olarak T\u00fcrkei&#8217;de 300&#8217;den fazla klinik ve uzmanla [&hellip;]<\/p>\n","protected":false},"author":4,"featured_media":0,"parent":0,"menu_order":0,"comment_status":"closed","ping_status":"closed","template":"","meta":{"site-sidebar-layout":"default","site-content-layout":"","ast-site-content-layout":"default","site-content-style":"default","site-sidebar-style":"default","ast-global-header-display":"","ast-banner-title-visibility":"","ast-main-header-display":"","ast-hfb-above-header-display":"","ast-hfb-below-header-display":"","ast-hfb-mobile-header-display":"","site-post-title":"","ast-breadcrumbs-content":"","ast-featured-img":"","footer-sml-layout":"","ast-disable-related-posts":"","theme-transparent-header-meta":"","adv-header-id-meta":"","stick-header-meta":"","header-above-stick-meta":"","header-main-stick-meta":"","header-below-stick-meta":"","astra-migrate-meta-layouts":"default","ast-page-background-enabled":"default","ast-page-background-meta":{"desktop":{"background-color":"var(--ast-global-color-4)","background-image":"","background-repeat":"repeat","background-position":"center center","background-size":"auto","background-attachment":"scroll","background-type":"","background-media":"","overlay-type":"","overlay-color":"","overlay-opacity":"","overlay-gradient":""},"tablet":{"background-color":"","background-image":"","background-repeat":"repeat","background-position":"center center","background-size":"auto","background-attachment":"scroll","background-type":"","background-media":"","overlay-type":"","overlay-color":"","overlay-opacity":"","overlay-gradient":""},"mobile":{"background-color":"","background-image":"","background-repeat":"repeat","background-position":"center center","background-size":"auto","background-attachment":"scroll","background-type":"","background-media":"","overlay-type":"","overlay-color":"","overlay-opacity":"","overlay-gradient":""}},"ast-content-background-meta":{"desktop":{"background-color":"var(--ast-global-color-5)","background-image":"","background-repeat":"repeat","background-position":"center center","background-size":"auto","background-attachment":"scroll","background-type":"","background-media":"","overlay-type":"","overlay-color":"","overlay-opacity":"","overlay-gradient":""},"tablet":{"background-color":"var(--ast-global-color-5)","background-image":"","background-repeat":"repeat","background-position":"center center","background-size":"auto","background-attachment":"scroll","background-type":"","background-media":"","overlay-type":"","overlay-color":"","overlay-opacity":"","overlay-gradient":""},"mobile":{"background-color":"var(--ast-global-color-5)","background-image":"","background-repeat":"repeat","background-position":"center center","background-size":"auto","background-attachment":"scroll","background-type":"","background-media":"","overlay-type":"","overlay-color":"","overlay-opacity":"","overlay-gradient":""}},"footnotes":""},"class_list":["post-147461","page","type-page","status-publish","hentry"],"_links":{"self":[{"href":"https:\/\/medclinics.com\/tr\/wp-json\/wp\/v2\/pages\/147461","targetHints":{"allow":["GET"]}}],"collection":[{"href":"https:\/\/medclinics.com\/tr\/wp-json\/wp\/v2\/pages"}],"about":[{"href":"https:\/\/medclinics.com\/tr\/wp-json\/wp\/v2\/types\/page"}],"author":[{"embeddable":true,"href":"https:\/\/medclinics.com\/tr\/wp-json\/wp\/v2\/users\/4"}],"replies":[{"embeddable":true,"href":"https:\/\/medclinics.com\/tr\/wp-json\/wp\/v2\/comments?post=147461"}],"version-history":[{"count":0,"href":"https:\/\/medclinics.com\/tr\/wp-json\/wp\/v2\/pages\/147461\/revisions"}],"wp:attachment":[{"href":"https:\/\/medclinics.com\/tr\/wp-json\/wp\/v2\/media?parent=147461"}],"curies":[{"name":"wp","href":"https:\/\/api.w.org\/{rel}","templated":true}]}}