{"id":147401,"date":"2023-05-30T06:34:25","date_gmt":"2023-05-30T03:34:25","guid":{"rendered":"https:\/\/medclinics.com\/yuz-zayiflatma\/"},"modified":"2024-04-04T19:19:41","modified_gmt":"2024-04-04T16:19:41","slug":"yuz-zayiflatma","status":"publish","type":"page","link":"https:\/\/medclinics.com\/tr\/yuz-zayiflatma\/","title":{"rendered":"Y\u00fcz Zay\u0131flatma"},"content":{"rendered":"\n<h2 class=\"wp-block-heading\">Daha belirgin ve dengeli bir y\u00fcz g\u00f6r\u00fcn\u00fcm\u00fc elde etmek mi istiyorsunuz? Y\u00fcz Zay\u0131flama uygulamalar\u0131 sizin i\u00e7in m\u00fckemmel bir \u00e7\u00f6z\u00fcm!<\/h2>\n\n<p>Bu kozmetik prosed\u00fcrler, \u00e7ene \u00e7izgisi, yanaklar ve g\u0131d\u0131 gibi alanlar\u0131 hedef alarak y\u00fcz\u00fcn\u00fcz\u00fc \u015fekillendirmek ve inceltmek i\u00e7in \u00f6zel olarak tasarlanm\u0131\u015ft\u0131r. G\u00fcn\u00fcm\u00fczde \u00e7i\u011fnemeden sorumlu \u00e7ene kaslar\u0131n\u0131n belirli b\u00f6lgelerine gev\u015fetici enjekte etmek de dahil olmak \u00fczere bir\u00e7ok pop\u00fcler se\u00e7enek mevcuttur.  <\/p>\n\n<p>Bu tedaviler, bu kaslar\u0131n ge\u00e7ici olarak gev\u015femesine yard\u0131mc\u0131 olarak hem do\u011fal g\u00f6r\u00fcn\u00fcml\u00fc hem de istenen sonu\u00e7lara ula\u015fmada etkili olan daha ince bir g\u00f6r\u00fcn\u00fcm elde edilmesini sa\u011flayabilir. \u00d6yleyse, en kaliteli <a href=\"https:\/\/en.wikipedia.org\/wiki\/Facial_toning\" target=\"_blank\" rel=\"noreferrer noopener\">y\u00fcz zay\u0131flatma<\/a> hizmetlerimizle harika g\u00f6r\u00fcnme yolculu\u011funuza ba\u015flamak i\u00e7in bundan daha iyi bir zaman yokken neden daha fazla bekleyesiniz ki!<\/p>\n\n<h3 class=\"wp-block-heading\">Fiyatlar ve daha fazlas\u0131 dahil olmak \u00fczere <a href=\"https:\/\/medclinics.com\/tr\/guzellik\/\" target=\"_blank\" rel=\"noreferrer noopener\">g\u00fczellik bak\u0131mlar\u0131<\/a> hakk\u0131nda bilmeniz gereken her \u015fey veya <a href=\"#requestform\">bizimle ileti\u015fime<\/a> ge\u00e7in!<\/h3>\n\n<h2 class=\"wp-block-heading\">SSS <\/h2>\n<div id=\"rank-math-faq\" class=\"rank-math-block\">\n<div class=\"rank-math-list \">\n<div id=\"faq-question-1685428095682\" class=\"rank-math-list-item\">\n<h3 class=\"rank-math-question \">Y\u00fcz zay\u0131flatma nedir?<\/h3>\n<div class=\"rank-math-answer \">\n\n<p>Y\u00fcz zay\u0131flatma, y\u00fcze daha ince ve konturlu bir g\u00f6r\u00fcn\u00fcm kazand\u0131rma s\u00fcrecini ifade eder. Fazla ya\u011f\u0131 azaltmak, y\u00fcz hatlar\u0131n\u0131 yeniden tan\u0131mlamak ve daha dengeli ve orant\u0131l\u0131 bir g\u00f6r\u00fcn\u00fcm olu\u015fturmak i\u00e7in y\u00fcz\u00fcn belirli b\u00f6lgelerini hedef alan \u00e7e\u015fitli teknikler ve prosed\u00fcrler i\u00e7erir. Y\u00fcz zay\u0131flatman\u0131n amac\u0131 tipik olarak \u00e7ene \u00e7izgisi, yanaklar ve genel y\u00fcz \u015fekli gibi \u00f6zellikleri geli\u015ftirerek daha belirgin ve yontulmu\u015f bir g\u00f6r\u00fcn\u00fcm elde etmektir.<\/p>\n\n<\/div>\n<\/div>\n<div id=\"faq-question-1685428033274\" class=\"rank-math-list-item\">\n<h3 class=\"rank-math-question \">Y\u00fcz zay\u0131flatma prosed\u00fcrleri nelerdir?<\/h3>\n<div class=\"rank-math-answer \">\n\n<p>Y\u00fcz zay\u0131flatma prosed\u00fcrleri, y\u00fcze daha ince ve konturlu bir g\u00f6r\u00fcn\u00fcm kazand\u0131rmay\u0131 ama\u00e7layan kozmetik tedavilerdir. Bunlar aras\u0131nda Botox \u00e7ene k\u00fc\u00e7\u00fcltme, yanak ya\u011flar\u0131n\u0131n al\u0131nmas\u0131, \u00e7ene liposuction&#8217;\u0131, iplik kald\u0131rma ve ultrason veya radyofrekans ile cilt s\u0131k\u0131la\u015ft\u0131rma gibi teknikler bulunmaktad\u0131r. Bu prosed\u00fcrler \u00e7ene hatt\u0131 geni\u015fli\u011fini, yanak dolgunlu\u011funu azaltmak ve daha belirgin bir y\u00fcz \u015fekli olu\u015fturmak i\u00e7in kullan\u0131l\u0131r. \u0130stedi\u011finiz sonuca en uygun prosed\u00fcr\u00fc belirlemek i\u00e7in kalifiye bir profesyonele dan\u0131\u015fmak en iyisidir.<\/p>\n\n<\/div>\n<\/div>\n<div id=\"faq-question-1685428096841\" class=\"rank-math-list-item\">\n<h3 class=\"rank-math-question \">Y\u00fcz zay\u0131flatma buna de\u011fer mi?<\/h3>\n<div class=\"rank-math-answer \">\n\n<p>Kesinlikle buna de\u011fer. Ancak bu \u00f6zneldir ve bireysel tercihlere, hedeflere ve ki\u015fisel ko\u015fullara ba\u011fl\u0131d\u0131r. Bir karar vermeden \u00f6nce bu prosed\u00fcrlerle ili\u015fkili potansiyel faydalar\u0131, riskleri ve maliyetleri dikkatlice de\u011ferlendirmek \u00f6nemlidir.<\/p>\n\n<\/div>\n<\/div>\n<\/div>\n<\/div>\n<p><\/p>\n\n<h3 class=\"wp-block-heading\">Herhangi bir sorunuz olmas\u0131 durumunda hemen bizimle ileti\u015fime ge\u00e7in!<\/h3>\n","protected":false},"excerpt":{"rendered":"<p>Daha belirgin ve dengeli bir y\u00fcz g\u00f6r\u00fcn\u00fcm\u00fc elde etmek mi istiyorsunuz? Y\u00fcz Zay\u0131flama uygulamalar\u0131 sizin i\u00e7in m\u00fckemmel bir \u00e7\u00f6z\u00fcm! Bu [&hellip;]<\/p>\n","protected":false},"author":4,"featured_media":92794,"parent":0,"menu_order":0,"comment_status":"closed","ping_status":"closed","template":"","meta":{"site-sidebar-layout":"default","site-content-layout":"","ast-site-content-layout":"default","site-content-style":"default","site-sidebar-style":"default","ast-global-header-display":"","ast-banner-title-visibility":"","ast-main-header-display":"","ast-hfb-above-header-display":"","ast-hfb-below-header-display":"","ast-hfb-mobile-header-display":"","site-post-title":"","ast-breadcrumbs-content":"","ast-featured-img":"","footer-sml-layout":"","ast-disable-related-posts":"","theme-transparent-header-meta":"","adv-header-id-meta":"","stick-header-meta":"","header-above-stick-meta":"","header-main-stick-meta":"","header-below-stick-meta":"","astra-migrate-meta-layouts":"default","ast-page-background-enabled":"default","ast-page-background-meta":{"desktop":{"background-color":"var(--ast-global-color-4)","background-image":"","background-repeat":"repeat","background-position":"center center","background-size":"auto","background-attachment":"scroll","background-type":"","background-media":"","overlay-type":"","overlay-color":"","overlay-opacity":"","overlay-gradient":""},"tablet":{"background-color":"","background-image":"","background-repeat":"repeat","background-position":"center center","background-size":"auto","background-attachment":"scroll","background-type":"","background-media":"","overlay-type":"","overlay-color":"","overlay-opacity":"","overlay-gradient":""},"mobile":{"background-color":"","background-image":"","background-repeat":"repeat","background-position":"center center","background-size":"auto","background-attachment":"scroll","background-type":"","background-media":"","overlay-type":"","overlay-color":"","overlay-opacity":"","overlay-gradient":""}},"ast-content-background-meta":{"desktop":{"background-color":"var(--ast-global-color-5)","background-image":"","background-repeat":"repeat","background-position":"center center","background-size":"auto","background-attachment":"scroll","background-type":"","background-media":"","overlay-type":"","overlay-color":"","overlay-opacity":"","overlay-gradient":""},"tablet":{"background-color":"var(--ast-global-color-5)","background-image":"","background-repeat":"repeat","background-position":"center center","background-size":"auto","background-attachment":"scroll","background-type":"","background-media":"","overlay-type":"","overlay-color":"","overlay-opacity":"","overlay-gradient":""},"mobile":{"background-color":"var(--ast-global-color-5)","background-image":"","background-repeat":"repeat","background-position":"center center","background-size":"auto","background-attachment":"scroll","background-type":"","background-media":"","overlay-type":"","overlay-color":"","overlay-opacity":"","overlay-gradient":""}},"footnotes":""},"class_list":["post-147401","page","type-page","status-publish","has-post-thumbnail","hentry"],"_links":{"self":[{"href":"https:\/\/medclinics.com\/tr\/wp-json\/wp\/v2\/pages\/147401","targetHints":{"allow":["GET"]}}],"collection":[{"href":"https:\/\/medclinics.com\/tr\/wp-json\/wp\/v2\/pages"}],"about":[{"href":"https:\/\/medclinics.com\/tr\/wp-json\/wp\/v2\/types\/page"}],"author":[{"embeddable":true,"href":"https:\/\/medclinics.com\/tr\/wp-json\/wp\/v2\/users\/4"}],"replies":[{"embeddable":true,"href":"https:\/\/medclinics.com\/tr\/wp-json\/wp\/v2\/comments?post=147401"}],"version-history":[{"count":0,"href":"https:\/\/medclinics.com\/tr\/wp-json\/wp\/v2\/pages\/147401\/revisions"}],"wp:featuredmedia":[{"embeddable":true,"href":"https:\/\/medclinics.com\/tr\/wp-json\/wp\/v2\/media\/92794"}],"wp:attachment":[{"href":"https:\/\/medclinics.com\/tr\/wp-json\/wp\/v2\/media?parent=147401"}],"curies":[{"name":"wp","href":"https:\/\/api.w.org\/{rel}","templated":true}]}}