{"id":147393,"date":"2023-06-02T08:46:53","date_gmt":"2023-06-02T05:46:53","guid":{"rendered":"https:\/\/medclinics.com\/talassoterapi\/"},"modified":"2024-04-14T23:03:34","modified_gmt":"2024-04-14T20:03:34","slug":"talassoterapi","status":"publish","type":"page","link":"https:\/\/medclinics.com\/tr\/talassoterapi\/","title":{"rendered":"Talassoterapi"},"content":{"rendered":"\n<h2 class=\"wp-block-heading\">Talassoterapi, sel\u00fclitten, ya\u011f birikintilerinden kurtulmak, cildi gen\u00e7le\u015ftirmek, rahatlamak ve ger\u00e7ek bir zevk almak i\u00e7in harika bir yoldur.<\/h2>\n\n<p><a href=\"https:\/\/en.wikipedia.org\/wiki\/Thalassotherapy\" target=\"_blank\" rel=\"noreferrer noopener\">Talassoterapi<\/a>, do\u011fal deniz bile\u015fenlerine dayal\u0131 \u00f6zel kozmetiklerin yard\u0131m\u0131yla v\u00fccudun ho\u015f bir \u015fekilde iyile\u015ftirilmesidir: yosun, deniz suyu, \u00e7amur, kum, kil vb.<\/p>\n\n<p>Talassoterapide s\u0131cak ve so\u011fuk sarg\u0131 vard\u0131r:<\/p>\n\n<ul class=\"wp-block-list\">\n<li>S\u0131cak sarg\u0131 &#8211; aktif maddelerin cildin derinliklerine n\u00fcfuz etmesini sa\u011flayan &#8220;sauna&#8221; etkisi nedeniyle etki eder. \u0130\u015flem s\u0131ras\u0131nda kan damarlar\u0131 geni\u015fler, kan ak\u0131\u015f\u0131 artar ve metabolik s\u00fcre\u00e7ler iyile\u015fir. Toksinler ve c\u00fcruflar v\u00fccuttan at\u0131l\u0131r, sel\u00fclit belirtileri azal\u0131r, cilt p\u00fcr\u00fczs\u00fcz ve elastik hale gelir.<\/li>\n\n\n\n<li>So\u011fuk sarg\u0131 &#8211; lenfatik damarlar da dahil olmak \u00fczere damarlar \u00f6nce daral\u0131r ve sonra geni\u015fler. \u0130\u015flem s\u0131ras\u0131nda s\u0131v\u0131 \u00e7\u0131k\u0131\u015f\u0131 artar ve kontrast so\u011futma ya\u011f birikintilerinin par\u00e7alanmas\u0131n\u0131 uyar\u0131r (\u0131s\u0131y\u0131 korumak i\u00e7in enerji \u00fcretilmesi nedeniyle). So\u011fuk sarg\u0131dan sonra sel\u00fclit, ya\u011f birikintileri ve \u00f6dem belirtileri azal\u0131r.<\/li>\n<\/ul>\n\n<figure class=\"wp-block-image size-full\"><img fetchpriority=\"high\" decoding=\"async\" width=\"780\" height=\"488\" src=\"https:\/\/medclinics.com\/wp-content\/uploads\/2024\/04\/Wrapping-Thalassotherapy-Baeuty-Salon-Men-Woman.jpg\" alt=\"Sarg&#x131;-Terapi-Baeuty-Salon-Erkek-Kad&#x131;n\" class=\"wp-image-161354\" srcset=\"https:\/\/medclinics.com\/wp-content\/uploads\/2024\/04\/Wrapping-Thalassotherapy-Baeuty-Salon-Men-Woman.jpg 780w, https:\/\/medclinics.com\/wp-content\/uploads\/2024\/04\/Wrapping-Thalassotherapy-Baeuty-Salon-Men-Woman-300x188.jpg 300w, https:\/\/medclinics.com\/wp-content\/uploads\/2024\/04\/Wrapping-Thalassotherapy-Baeuty-Salon-Men-Woman-768x480.jpg 768w\" sizes=\"(max-width: 780px) 100vw, 780px\" \/><\/figure>\n\n<h3 class=\"wp-block-heading\">Fiyat ve daha fazlas\u0131 dahil olmak \u00fczere <a href=\"https:\/\/medclinics.com\/tr\/spa-termal-2\/\" target=\"_blank\" rel=\"noreferrer noopener\" data-type=\"page\" data-id=\"95079\">Spa<\/a> ve <a href=\"https:\/\/medclinics.com\/tr\/klasik-kozmetoloji\/\" target=\"_blank\" rel=\"noreferrer noopener\">Klasik Kozmetoloji<\/a> hakk\u0131nda bilmeniz gereken her \u015fey veya <a href=\"#requestform\">bizimle ileti\u015fime<\/a> ge\u00e7in!<\/h3>\n\n<h3 class=\"wp-block-heading\">SSS<\/h3>\n<div id=\"rank-math-faq\" class=\"rank-math-block\">\n<div class=\"rank-math-list \">\n<div id=\"faq-question-1685694763116\" class=\"rank-math-list-item\">\n<h3 class=\"rank-math-question \">Talassoterapi tedavisi nedir?<\/h3>\n<div class=\"rank-math-answer \">\n\n<p>Bu tedavi, sa\u011fl\u0131k ve esenli\u011fi desteklemek i\u00e7in deniz suyu, deniz \u00fcr\u00fcnleri ve okyanus elementlerini kullanan terap\u00f6tik bir yakla\u015f\u0131md\u0131r.<\/p>\n\n<\/div>\n<\/div>\n<div id=\"faq-question-1685694789920\" class=\"rank-math-list-item\">\n<h3 class=\"rank-math-question \">Talassoterapinin faydalar\u0131 nelerdir?<\/h3>\n<div class=\"rank-math-answer \">\n\n<p>Cildi beslemek, detoksifikasyonu desteklemek, rahatlama ve stresi azaltmak, dola\u015f\u0131m\u0131 iyile\u015ftirmek, eklem ve kas rahats\u0131zl\u0131klar\u0131n\u0131 gidermek ve potansiyel olarak solunum sa\u011fl\u0131\u011f\u0131na fayda sa\u011flamak gibi faydalar sunar<\/p>\n\n<\/div>\n<\/div>\n<div id=\"faq-question-1685694935378\" class=\"rank-math-list-item\">\n<h3 class=\"rank-math-question \">Talasso havuzu nedir?<\/h3>\n<div class=\"rank-math-answer \">\n\n<p>Deniz suyu havuzu olarak da bilinen talasso havuzu, tedavi ama\u00e7l\u0131 olarak filtrelenmi\u015f ve \u0131s\u0131t\u0131lm\u0131\u015f deniz suyu kullanan \u00f6zel olarak tasarlanm\u0131\u015f bir havuzdur. Tipik olarak hijyen standartlar\u0131n\u0131 korumak ve rahat bir s\u0131cakl\u0131k sa\u011flamak i\u00e7in i\u015flenmi\u015f mineral bak\u0131m\u0131ndan zengin deniz suyu i\u00e7erir<\/p>\n\n<\/div>\n<\/div>\n<\/div>\n<\/div>\n<p>\u00a0<\/p>\n\n<h3 class=\"wp-block-heading\">Herhangi bir sorunuz olmas\u0131 durumunda hemen bizimle ileti\u015fime ge\u00e7in!<\/h3>\n","protected":false},"excerpt":{"rendered":"<p>Talassoterapi, sel\u00fclitten, ya\u011f birikintilerinden kurtulmak, cildi gen\u00e7le\u015ftirmek, rahatlamak ve ger\u00e7ek bir zevk almak i\u00e7in harika bir yoldur. Talassoterapi, do\u011fal deniz [&hellip;]<\/p>\n","protected":false},"author":4,"featured_media":161352,"parent":0,"menu_order":0,"comment_status":"closed","ping_status":"closed","template":"","meta":{"site-sidebar-layout":"default","site-content-layout":"","ast-site-content-layout":"default","site-content-style":"default","site-sidebar-style":"default","ast-global-header-display":"","ast-banner-title-visibility":"","ast-main-header-display":"","ast-hfb-above-header-display":"","ast-hfb-below-header-display":"","ast-hfb-mobile-header-display":"","site-post-title":"","ast-breadcrumbs-content":"","ast-featured-img":"","footer-sml-layout":"","ast-disable-related-posts":"","theme-transparent-header-meta":"","adv-header-id-meta":"","stick-header-meta":"","header-above-stick-meta":"","header-main-stick-meta":"","header-below-stick-meta":"","astra-migrate-meta-layouts":"default","ast-page-background-enabled":"default","ast-page-background-meta":{"desktop":{"background-color":"var(--ast-global-color-4)","background-image":"","background-repeat":"repeat","background-position":"center center","background-size":"auto","background-attachment":"scroll","background-type":"","background-media":"","overlay-type":"","overlay-color":"","overlay-opacity":"","overlay-gradient":""},"tablet":{"background-color":"","background-image":"","background-repeat":"repeat","background-position":"center center","background-size":"auto","background-attachment":"scroll","background-type":"","background-media":"","overlay-type":"","overlay-color":"","overlay-opacity":"","overlay-gradient":""},"mobile":{"background-color":"","background-image":"","background-repeat":"repeat","background-position":"center center","background-size":"auto","background-attachment":"scroll","background-type":"","background-media":"","overlay-type":"","overlay-color":"","overlay-opacity":"","overlay-gradient":""}},"ast-content-background-meta":{"desktop":{"background-color":"var(--ast-global-color-5)","background-image":"","background-repeat":"repeat","background-position":"center center","background-size":"auto","background-attachment":"scroll","background-type":"","background-media":"","overlay-type":"","overlay-color":"","overlay-opacity":"","overlay-gradient":""},"tablet":{"background-color":"var(--ast-global-color-5)","background-image":"","background-repeat":"repeat","background-position":"center center","background-size":"auto","background-attachment":"scroll","background-type":"","background-media":"","overlay-type":"","overlay-color":"","overlay-opacity":"","overlay-gradient":""},"mobile":{"background-color":"var(--ast-global-color-5)","background-image":"","background-repeat":"repeat","background-position":"center center","background-size":"auto","background-attachment":"scroll","background-type":"","background-media":"","overlay-type":"","overlay-color":"","overlay-opacity":"","overlay-gradient":""}},"footnotes":""},"class_list":["post-147393","page","type-page","status-publish","has-post-thumbnail","hentry"],"_links":{"self":[{"href":"https:\/\/medclinics.com\/tr\/wp-json\/wp\/v2\/pages\/147393","targetHints":{"allow":["GET"]}}],"collection":[{"href":"https:\/\/medclinics.com\/tr\/wp-json\/wp\/v2\/pages"}],"about":[{"href":"https:\/\/medclinics.com\/tr\/wp-json\/wp\/v2\/types\/page"}],"author":[{"embeddable":true,"href":"https:\/\/medclinics.com\/tr\/wp-json\/wp\/v2\/users\/4"}],"replies":[{"embeddable":true,"href":"https:\/\/medclinics.com\/tr\/wp-json\/wp\/v2\/comments?post=147393"}],"version-history":[{"count":0,"href":"https:\/\/medclinics.com\/tr\/wp-json\/wp\/v2\/pages\/147393\/revisions"}],"wp:featuredmedia":[{"embeddable":true,"href":"https:\/\/medclinics.com\/tr\/wp-json\/wp\/v2\/media\/161352"}],"wp:attachment":[{"href":"https:\/\/medclinics.com\/tr\/wp-json\/wp\/v2\/media?parent=147393"}],"curies":[{"name":"wp","href":"https:\/\/api.w.org\/{rel}","templated":true}]}}